{"id":269,"date":"2020-05-04T11:25:33","date_gmt":"2020-05-04T11:25:33","guid":{"rendered":"https:\/\/www.ull.es\/catedras\/catedra-blockchain-bigdata\/?page_id=269"},"modified":"2021-11-21T15:25:26","modified_gmt":"2021-11-21T15:25:26","slug":"investigacion-big-data","status":"publish","type":"page","link":"https:\/\/www.ull.es\/catedras\/catedrabob\/investigacion-big-data\/","title":{"rendered":"Investigaci\u00f3n Big Data"},"content":{"rendered":"<p>[vc_row full_width=\u00bbstretch_row_content\u00bb el_class=\u00bbprincipio-marcha\u00bb][vc_column css=\u00bb.vc_custom_1588939369209{padding-top: 40px !important;}\u00bb][vc_custom_heading text=\u00bbInvestigaci\u00f3n Big Data\u00bb font_container=\u00bbtag:h2|font_size:40px|text_align:left|color:%23ffffff\u00bb use_theme_fonts=\u00bbyes\u00bb css_animation=\u00bbnone\u00bb css=\u00bb.vc_custom_1615409682427{padding-left: 5% !important;}\u00bb][\/vc_column][\/vc_row][vc_row full_width=\u00bbstretch_row_content_no_spaces\u00bb][vc_column][vc_single_image image=\u00bb955&#8243; img_size=\u00bb2000&#215;400&#8243; alignment=\u00bbcenter\u00bb][\/vc_column][\/vc_row][vc_row css_animation=\u00bbnone\u00bb][vc_column][vc_empty_space][vc_column_text css_animation=\u00bbnone\u00bb]En esta secci\u00f3n se muestran los proyectos de investigaci\u00f3n de la C\u00e1tedra en materia de <span style=\"color: #5c068c\"><a style=\"color: #5c068c\" href=\"https:\/\/www.ull.es\/catedras\/catedrabob\/que-es-big-data\/\" target=\"_blank\" rel=\"noopener noreferrer\" target=\"_blank\" rel=\"noopener\">Big Data<\/a>.<\/span>[\/vc_column_text][vc_column_text css_animation=\u00bbnone\u00bb]<\/p>\n<h2><span style=\"color: #5c068c\">\u00cdndice<\/span><\/h2>\n<ul>\n<li><a href=\"#1615398410960-443ce55c-23b6\" target=\"_blank\" rel=\"noopener\"><span style=\"color: #5c068c\">Proyecto UDIGEN<\/span><\/a>: Big Data para el desarrollo de una Unidad de Diagn\u00f3stico Gen\u00f3mico<\/li>\n<li><a href=\"#1615399637629-4f806c1b-48b3\" target=\"_blank\" rel=\"noopener\"><span style=\"color: #5c068c\">Proyecto DATALAI<\/span><\/a>: Big Data para el control epidemiol\u00f3gico de la COVID-19<\/li>\n<\/ul>\n<p>[\/vc_column_text][vc_column_text css_animation=\u00bbnone\u00bb]<\/p>\n<h2><span style=\"color: #5c068c\">Proyectos<\/span><\/h2>\n<p>A continuaci\u00f3n se provee una descripci\u00f3n m\u00e1s detallada de cada proyecto[\/vc_column_text][\/vc_column][\/vc_row][vc_row][vc_column][vc_tta_tour style=\u00bboutline\u00bb color=\u00bbmulled-wine\u00bb active_section=\u00bb1&#8243; css_animation=\u00bbnone\u00bb][vc_tta_section i_icon_fontawesome=\u00bbfas fa-dna\u00bb add_icon=\u00bbtrue\u00bb title=\u00bbProyecto UDIGEN\u00bb tab_id=\u00bb1615398410960-443ce55c-23b6&#8243;][vc_column_text]<\/p>\n<h3 style=\"text-align: center\"><span style=\"color: #5c068c\">Proyecto UDIGEN<\/span><\/h3>\n<p>[\/vc_column_text][vc_separator][vc_column_text]<\/p>\n<div>El <span style=\"color: #5c068c\"><a style=\"color: #5c068c\" href=\"https:\/\/portalciencia.ull.es\/grupos\/6275\/detalle\" target=\"_blank\" rel=\"noopener noreferrer\" target=\"_blank\" rel=\"noopener\">Grupo de investigaci\u00f3n Taro<\/a><\/span> de la Universidad de La Laguna participa en el proyecto <span style=\"color: #5c068c\"><a style=\"color: #5c068c\" href=\"https:\/\/www.ull.es\/servicios\/otri\/proyectos\/proyectos-nacionales\/udigen\/\" target=\"_blank\" rel=\"noopener noreferrer\" target=\"_blank\" rel=\"noopener\">\u00abDesarrollo de una Unidad de Di\u00e1gn\u00f3stico Gen\u00f3mico (UDIGEN)\u00bb<\/a><\/span> de la convocatoria nacional Retos del Ministerio de Ciencia (RTC-2017-6471-1_UDIGEN) en colaboraci\u00f3n con el <span style=\"color: #5c068c\"><a style=\"color: #5c068c\" href=\"https:\/\/www.iter.es\/\" target=\"_blank\" rel=\"noopener noreferrer\" target=\"_blank\" rel=\"noopener\">Instituto Tecnol\u00f3gico y de Energ\u00edas Renovables (ITER)<\/a><\/span> y la <a href=\"https:\/\/fciisc.org\/\" target=\"_blank\" rel=\"noopener noreferrer\" target=\"_blank\" rel=\"noopener\"><span style=\"color: #5c068c\">Fundaci\u00f3n Canaria de Invesigaci\u00f3n Sanitaria (FUNCANIS)<\/span><\/a>.<\/div>\n<p>[\/vc_column_text][vc_column_text]<\/p>\n<div>El objetivo general del proyecto UDIGEN es el desarrollo de una plataforma de an\u00e1lisis gen\u00f3mico integrado, desde la secuencia hasta la interpretaci\u00f3n, para facilitar el consejo gen\u00e9tico, con el fin de reducir los tiempos entre la sospecha de enfermedad de causa gen\u00e9tica y un diagn\u00f3stico definitivo. Este objetivo permite promover el desarrollo tecnol\u00f3gico, la innovaci\u00f3n y una investigaci\u00f3n de calidad, tal y como se especifica en el objetivo tem\u00e1tico del programa operativo de la convocatoria del proyecto.<\/div>\n<p>[\/vc_column_text][vc_column_text]<\/p>\n<div>Como resultado de la experiencia, se espera introducir el uso rutinario de la secuenciaci\u00f3n de exomas como prueba de primera l\u00ednea para apoyar el diagn\u00f3stico de trastornos de base gen\u00e9tica y la consiguiente reducci\u00f3n de los tiempos y costes hasta la obtenci\u00f3n de un diagn\u00f3stico definitivo. Adem\u00e1s, se desarrollar\u00e1n herramientas bioinform\u00e1ticas de gesti\u00f3n, consulta e interpretaci\u00f3n de la variaci\u00f3n gen\u00e9tica, y su conexi\u00f3n con las enfermedades mediante procedimientos de an\u00e1lisis eficiente de Big Data.<\/div>\n<p>[\/vc_column_text][\/vc_tta_section][vc_tta_section i_icon_fontawesome=\u00bbfas fa-heartbeat\u00bb add_icon=\u00bbtrue\u00bb title=\u00bbProyecto DATALAI\u00bb tab_id=\u00bb1615399637629-4f806c1b-48b3&#8243;][vc_column_text]<\/p>\n<h3 style=\"text-align: center\"><span style=\"color: #5c068c\"><b>Proyecto DATALAI<\/b><\/span><\/h3>\n<p>[\/vc_column_text][vc_separator][vc_column_text]<span style=\"font-weight: 400\">El proyecto DATALAI se enmarca dentro del \u00e1mbito de la Inteligencia artificial y an\u00e1lisis masivo de datos integrados orientados al control epidemiol\u00f3gico de la enfermedad COVID-19. Consiste en una herramienta que genera informaci\u00f3n en tiempo real, capaz de erradicar la situaci\u00f3n actual provocada por la COVID-19 y de prevenir situaciones tan extremas de cara al futuro, evitando el colapso sanitario, social y econ\u00f3mico de una sociedad.<\/span><\/p>\n<p><span style=\"font-weight: 400\">El sistema de informaci\u00f3n propuesto se compone de los siguientes elementos, en el que cada uno de ellos constituye uno de los objetivos a obtener en el desarrollo del proyecto:<\/span><\/p>\n<ul>\n<li><span style=\"font-weight: 400\">Un repositorio de datos, o Data Lake, que se nutra de diferentes fuentes de datos y garantice la persistencia del dato.<\/span><\/li>\n<li><span style=\"font-weight: 400\">Un ecosistema de herramientas de procesamiento, basadas en IA, para el procesamiento de estos datos y que sean capaces de:<\/span>\n<ul>\n<li>Inferir los patrones de movilidad geogr\u00e1fica a trav\u00e9s de la telefon\u00eda m\u00f3vil, el transporte p\u00fablico, la calidad del aire y los datos de\u00a0 temperatura ambiente.<\/li>\n<li>Identificar los n\u00facleos urbanos de mayor riesgo en funci\u00f3n de la movilidad y la aparici\u00f3n de nuevos brotes de la COVID-19.<\/li>\n<\/ul>\n<\/li>\n<li><span style=\"font-weight: 400\">Cuadros de mando para la visualizaci\u00f3n y an\u00e1lisis de los resultados obtenidos, orientado a la toma de decisiones y con informaci\u00f3n en tiempo real.<\/span><\/li>\n<li><span style=\"font-weight: 400\">Generaci\u00f3n de alertas autom\u00e1ticas que adviertan a trav\u00e9s de mail o Telegram<\/span><\/li>\n<li><span style=\"font-weight: 400\">La integraci\u00f3n con App m\u00f3viles para la mejora de la comunicaci\u00f3n a la ciudadan\u00eda.<\/span><\/li>\n<\/ul>\n<p><span style=\"font-weight: 400\">Mediante la integraci\u00f3n de diversas fuentes de datos ya existentes y garantizando el cumplimiento de la GDPR, el proyecto DATALAI permitir\u00e1 detectar, en tiempo real, focos de infecci\u00f3n a trav\u00e9s de algoritmos basados en Inteligencia Artificial y Deep Learning que podr\u00e1n acceder de forma automatizada a los datos.<\/span><\/p>\n<p><span style=\"color: #5c068c\"><b>Desde el punto de vista de control preventivo<\/b><span style=\"font-weight: 400\">\u00a0<\/span><\/span><\/p>\n<ul>\n<li style=\"font-weight: 400\"><span style=\"font-weight: 400\">Identifica Zonas Afectadas donde se han dado casos positivos.<\/span><\/li>\n<li style=\"font-weight: 400\"><span style=\"font-weight: 400\">Identifica las Zonas y los Establecimientos por los que los residentes de las zonas afectadas han dejado un rastro.<\/span><\/li>\n<li style=\"font-weight: 400\"><span style=\"font-weight: 400\">Propone zonas a desinfectar.<\/span><\/li>\n<li style=\"font-weight: 400\"><span style=\"font-weight: 400\">Propone zonas donde realizar test r\u00e1pidos.\u00a0<\/span><\/li>\n<\/ul>\n<p><span style=\"color: #5c068c\"><b>Desde el punto de vista del Individuo<\/b><\/span><\/p>\n<ul>\n<li style=\"font-weight: 400\"><span style=\"font-weight: 400\">Identifica si los diferentes efectos que puede tener la enfermedad sobre un individuo atiende a ciertos patrones.<\/span><\/li>\n<li style=\"font-weight: 400\"><span style=\"font-weight: 400\">Detectar si existen patrones comunes que identifique a los asintom\u00e1ticos, o Personal Especialmente Sensibles (PES).<\/span><\/li>\n<li style=\"font-weight: 400\"><span style=\"font-weight: 400\">Realizar un seguimiento especial en zonas afectadas o de alto riesgo.<\/span><\/li>\n<\/ul>\n<p>[\/vc_column_text][\/vc_tta_section][\/vc_tta_tour][\/vc_column][\/vc_row][vc_row][vc_column][vc_raw_js]JTNDc2NyaXB0JTNFZnVuY3Rpb24lMjBsb2FkU2NyaXB0JTI4YSUyOSU3QnZhciUyMGIlM0Rkb2N1bWVudC5nZXRFbGVtZW50c0J5VGFnTmFtZSUyOCUyMmhlYWQlMjIlMjklNUIwJTVEJTJDYyUzRGRvY3VtZW50LmNyZWF0ZUVsZW1lbnQlMjglMjJzY3JpcHQlMjIlMjklM0JjLnR5cGUlM0QlMjJ0ZXh0JTJGamF2YXNjcmlwdCUyMiUyQ2Muc3JjJTNEJTIyaHR0cHMlM0ElMkYlMkZ0cmFja2VyLm1ldHJpY29vbC5jb20lMkZyZXNvdXJjZXMlMkZiZS5qcyUyMiUyQ2Mub25yZWFkeXN0YXRlY2hhbmdlJTNEYSUyQ2Mub25sb2FkJTNEYSUyQ2IuYXBwZW5kQ2hpbGQlMjhjJTI5JTdEbG9hZFNjcmlwdCUyOGZ1bmN0aW9uJTI4JTI5JTdCYmVUcmFja2VyLnQlMjglN0JoYXNoJTNBJTIyYjc3YjRhZTc0YTY0YTIzYmMxNTM0OWQ3YzM1NDIyMmIlMjIlN0QlMjklN0QlMjklM0IlM0MlMkZzY3JpcHQlM0U=[\/vc_raw_js][\/vc_column][\/vc_row]<\/p>\n","protected":false},"excerpt":{"rendered":"<p>[vc_row full_width=\u00bbstretch_row_content\u00bb el_class=\u00bbprincipio-marcha\u00bb][vc_column css=\u00bb.vc_custom_1588939369209{padding-top: 40px !important;}\u00bb][vc_custom_heading text=\u00bbInvestigaci\u00f3n Big Data\u00bb font_container=\u00bbtag:h2|font_size:40px|text_align:left|color:%23ffffff\u00bb use_theme_fonts=\u00bbyes\u00bb css_animation=\u00bbnone\u00bb css=\u00bb.vc_custom_1615409682427{padding-left: 5% !important;}\u00bb][\/vc_column][\/vc_row][vc_row full_width=\u00bbstretch_row_content_no_spaces\u00bb][vc_column][vc_single_image image=\u00bb955&#8243; img_size=\u00bb2000&#215;400&#8243; alignment=\u00bbcenter\u00bb][\/vc_column][\/vc_row][vc_row css_animation=\u00bbnone\u00bb][vc_column][vc_empty_space][vc_column_text css_animation=\u00bbnone\u00bb]En esta secci\u00f3n se muestran los proyectos de investigaci\u00f3n de la C\u00e1tedra en materia de Big Data.[\/vc_column_text][vc_column_text css_animation=\u00bbnone\u00bb] \u00cdndice Proyecto UDIGEN: Big Data para el desarrollo de una Unidad de Diagn\u00f3stico Gen\u00f3mico Proyecto DATALAI: Big&#8230;<\/p>\n","protected":false},"author":5,"featured_media":0,"parent":0,"menu_order":0,"comment_status":"closed","ping_status":"closed","template":"templates\/template-no-title.php","meta":[],"_links":{"self":[{"href":"https:\/\/www.ull.es\/catedras\/catedrabob\/wp-json\/wp\/v2\/pages\/269"}],"collection":[{"href":"https:\/\/www.ull.es\/catedras\/catedrabob\/wp-json\/wp\/v2\/pages"}],"about":[{"href":"https:\/\/www.ull.es\/catedras\/catedrabob\/wp-json\/wp\/v2\/types\/page"}],"author":[{"embeddable":true,"href":"https:\/\/www.ull.es\/catedras\/catedrabob\/wp-json\/wp\/v2\/users\/5"}],"replies":[{"embeddable":true,"href":"https:\/\/www.ull.es\/catedras\/catedrabob\/wp-json\/wp\/v2\/comments?post=269"}],"version-history":[{"count":25,"href":"https:\/\/www.ull.es\/catedras\/catedrabob\/wp-json\/wp\/v2\/pages\/269\/revisions"}],"predecessor-version":[{"id":1326,"href":"https:\/\/www.ull.es\/catedras\/catedrabob\/wp-json\/wp\/v2\/pages\/269\/revisions\/1326"}],"wp:attachment":[{"href":"https:\/\/www.ull.es\/catedras\/catedrabob\/wp-json\/wp\/v2\/media?parent=269"}],"curies":[{"name":"wp","href":"https:\/\/api.w.org\/{rel}","templated":true}]}}