{"id":309,"date":"2020-05-04T12:43:22","date_gmt":"2020-05-04T12:43:22","guid":{"rendered":"https:\/\/www.ull.es\/catedras\/catedra-blockchain-bigdata\/?page_id=309"},"modified":"2021-11-21T15:25:43","modified_gmt":"2021-11-21T15:25:43","slug":"investigacion-open-data","status":"publish","type":"page","link":"https:\/\/www.ull.es\/catedras\/catedrabob\/investigacion-open-data\/","title":{"rendered":"Investigaci\u00f3n Open Data"},"content":{"rendered":"<p>[vc_row full_width=\u00bbstretch_row_content\u00bb el_class=\u00bbprincipio-marcha\u00bb][vc_column css=\u00bb.vc_custom_1588939369209{padding-top: 40px !important;}\u00bb][vc_custom_heading text=\u00bbInvestigaci\u00f3n Open Data\u00bb font_container=\u00bbtag:h2|font_size:40px|text_align:left|color:%23ffffff\u00bb use_theme_fonts=\u00bbyes\u00bb css_animation=\u00bbfadeInDownBig\u00bb css=\u00bb.vc_custom_1595415893340{padding-left: 5% !important;}\u00bb][\/vc_column][\/vc_row][vc_row full_width=\u00bbstretch_row_content_no_spaces\u00bb][vc_column][vc_single_image image=\u00bb638&#8243; img_size=\u00bb2000&#215;400&#8243; alignment=\u00bbcenter\u00bb][\/vc_column][\/vc_row][vc_row css_animation=\u00bbfadeInUp\u00bb][vc_column][vc_empty_space][vc_column_text]<b>Proyecto DATALAI (Data Lake):<\/b><\/p>\n<p><span style=\"font-weight: 400\">Con el fin de centralizar el dato y la informaci\u00f3n cr\u00edtica para el proyecto DATALAI, se propone crear un repositorio o <\/span><b>Data Lake<\/b><span style=\"font-weight: 400\">. Este estar\u00e1 continuamente recibiendo datos actualizados, con lo que ser\u00e1 posible realizar adaptaciones en tiempo real, en escenarios de limitaci\u00f3n parcial de movimientos, que permitan ralentizar el desarrollo de brotes detectados entre la poblaci\u00f3n de la isla.<\/span><\/p>\n<p><span style=\"font-weight: 400\">Los consumidores ser\u00e1n tanto los ciudadanos, con informaci\u00f3n y recomendaciones, como los diferentes actores que precisen de informaci\u00f3n para la toma de decisiones.<\/span><\/p>\n<p><span style=\"font-weight: 400\">Este Data Lake ser\u00e1 accesible a trav\u00e9s de una APP, actualizada en tiempo real y que proporcionar\u00e1 informaci\u00f3n sobre:<\/span><\/p>\n<ul>\n<li><span style=\"font-weight: 400\">Niveles de riesgo existentes en determinadas zonas de la isla<\/span><\/li>\n<li><span style=\"font-weight: 400\">Zonas a evitar<\/span><\/li>\n<li><span style=\"font-weight: 400\">Zonas donde no estar<\/span><\/li>\n<li><span style=\"font-weight: 400\">Corte de carreteras<\/span><\/li>\n<li><span style=\"font-weight: 400\">Desv\u00edos del transporte p\u00fablico evitando esas zonas<\/span><\/li>\n<li><span style=\"font-weight: 400\">Limpieza de zonas p\u00fablicas de espera y tr\u00e1nsito, como paradas<\/span><\/li>\n<li><span style=\"font-weight: 400\">Recomendaciones dadas por las autoridades y organismos p\u00fablicos<\/span><\/li>\n<\/ul>\n<p><span style=\"font-weight: 400\">La informaci\u00f3n estar\u00e1 accesible a trav\u00e9s de APIs para que esta sea analizada por terceros (Universidad, grupos de investigaci\u00f3n, hospitales, institutos tecnol\u00f3gicos, etc). Tambi\u00e9n se pondr\u00e1n a disposici\u00f3n, no solo los datos en crudo, sino los resultados de los algoritmos de IA que est\u00e9n analizando la informaci\u00f3n.<\/span><\/p>\n<p><span style=\"font-weight: 400\">En una primer fase, se considera incorporar en este Data Lake las fuentes de datos de las que ya disponen las entidades participantes:<\/span><\/p>\n<ul>\n<li><span style=\"font-weight: 400\">Las c\u00e1maras de tr\u00e1fico, en cuanto a ubicaci\u00f3n, fecha, hora, veh\u00edculo y tipo de veh\u00edculo.<\/span><\/li>\n<li><span style=\"font-weight: 400\">Las matrices OD del transporte p\u00fablico.<\/span><\/li>\n<li><span style=\"font-weight: 400\">Datos de las Matrices OD de telefon\u00eda M\u00f3vil.<\/span><\/li>\n<li><span style=\"font-weight: 400\">Los datos recogidos por los radiales de las carreteras.<\/span><\/li>\n<li><span style=\"font-weight: 400\">Los datos de 51 estaciones meteorol\u00f3gicas de la Isla de Tenerife.<\/span><\/li>\n<li><span style=\"font-weight: 400\">Datos de calidad del aire.<\/span><\/li>\n<li><span style=\"font-weight: 400\">Datos anonimizados de los Hospitales de Referencia, y centros de Atenci\u00f3n Primaria.<\/span><\/li>\n<li><span style=\"font-weight: 400\">Trabajar para que, en caso de estar permitido por un Estado de Alerta, tener preparada la estructura para albergar:<\/span><\/li>\n<\/ul>\n<p><span style=\"font-weight: 400\">\u25e6<\/span> <span style=\"font-weight: 400\">Datos de Telefon\u00eda M\u00f3vil.<\/span><\/p>\n<p><span style=\"font-weight: 400\">\u25e6<\/span> <span style=\"font-weight: 400\">Rastro de uso tarjetas de cr\u00e9dito.<\/span>[\/vc_column_text][\/vc_column][\/vc_row][vc_row][vc_column][vc_raw_js]JTNDc2NyaXB0JTNFZnVuY3Rpb24lMjBsb2FkU2NyaXB0JTI4YSUyOSU3QnZhciUyMGIlM0Rkb2N1bWVudC5nZXRFbGVtZW50c0J5VGFnTmFtZSUyOCUyMmhlYWQlMjIlMjklNUIwJTVEJTJDYyUzRGRvY3VtZW50LmNyZWF0ZUVsZW1lbnQlMjglMjJzY3JpcHQlMjIlMjklM0JjLnR5cGUlM0QlMjJ0ZXh0JTJGamF2YXNjcmlwdCUyMiUyQ2Muc3JjJTNEJTIyaHR0cHMlM0ElMkYlMkZ0cmFja2VyLm1ldHJpY29vbC5jb20lMkZyZXNvdXJjZXMlMkZiZS5qcyUyMiUyQ2Mub25yZWFkeXN0YXRlY2hhbmdlJTNEYSUyQ2Mub25sb2FkJTNEYSUyQ2IuYXBwZW5kQ2hpbGQlMjhjJTI5JTdEbG9hZFNjcmlwdCUyOGZ1bmN0aW9uJTI4JTI5JTdCYmVUcmFja2VyLnQlMjglN0JoYXNoJTNBJTIyYjc3YjRhZTc0YTY0YTIzYmMxNTM0OWQ3YzM1NDIyMmIlMjIlN0QlMjklN0QlMjklM0IlM0MlMkZzY3JpcHQlM0U=[\/vc_raw_js][\/vc_column][\/vc_row]<\/p>\n","protected":false},"excerpt":{"rendered":"<p>[vc_row full_width=\u00bbstretch_row_content\u00bb el_class=\u00bbprincipio-marcha\u00bb][vc_column css=\u00bb.vc_custom_1588939369209{padding-top: 40px !important;}\u00bb][vc_custom_heading text=\u00bbInvestigaci\u00f3n Open Data\u00bb font_container=\u00bbtag:h2|font_size:40px|text_align:left|color:%23ffffff\u00bb use_theme_fonts=\u00bbyes\u00bb css_animation=\u00bbfadeInDownBig\u00bb css=\u00bb.vc_custom_1595415893340{padding-left: 5% !important;}\u00bb][\/vc_column][\/vc_row][vc_row full_width=\u00bbstretch_row_content_no_spaces\u00bb][vc_column][vc_single_image image=\u00bb638&#8243; img_size=\u00bb2000&#215;400&#8243; alignment=\u00bbcenter\u00bb][\/vc_column][\/vc_row][vc_row css_animation=\u00bbfadeInUp\u00bb][vc_column][vc_empty_space][vc_column_text]Proyecto DATALAI (Data Lake): Con el fin de centralizar el dato y la informaci\u00f3n cr\u00edtica para el proyecto DATALAI, se propone crear un repositorio o Data Lake. Este estar\u00e1 continuamente recibiendo datos actualizados, con lo que&#8230;<\/p>\n","protected":false},"author":5,"featured_media":0,"parent":0,"menu_order":0,"comment_status":"closed","ping_status":"closed","template":"templates\/template-no-title.php","meta":[],"_links":{"self":[{"href":"https:\/\/www.ull.es\/catedras\/catedrabob\/wp-json\/wp\/v2\/pages\/309"}],"collection":[{"href":"https:\/\/www.ull.es\/catedras\/catedrabob\/wp-json\/wp\/v2\/pages"}],"about":[{"href":"https:\/\/www.ull.es\/catedras\/catedrabob\/wp-json\/wp\/v2\/types\/page"}],"author":[{"embeddable":true,"href":"https:\/\/www.ull.es\/catedras\/catedrabob\/wp-json\/wp\/v2\/users\/5"}],"replies":[{"embeddable":true,"href":"https:\/\/www.ull.es\/catedras\/catedrabob\/wp-json\/wp\/v2\/comments?post=309"}],"version-history":[{"count":10,"href":"https:\/\/www.ull.es\/catedras\/catedrabob\/wp-json\/wp\/v2\/pages\/309\/revisions"}],"predecessor-version":[{"id":1327,"href":"https:\/\/www.ull.es\/catedras\/catedrabob\/wp-json\/wp\/v2\/pages\/309\/revisions\/1327"}],"wp:attachment":[{"href":"https:\/\/www.ull.es\/catedras\/catedrabob\/wp-json\/wp\/v2\/media?parent=309"}],"curies":[{"name":"wp","href":"https:\/\/api.w.org\/{rel}","templated":true}]}}