{"id":39,"date":"2020-04-22T11:32:50","date_gmt":"2020-04-22T11:32:50","guid":{"rendered":"https:\/\/www.ull.es\/catedras\/catedra-blockchain-bigdata\/?page_id=39"},"modified":"2021-11-21T15:26:28","modified_gmt":"2021-11-21T15:26:28","slug":"motivacion","status":"publish","type":"page","link":"https:\/\/www.ull.es\/catedras\/catedrabob\/motivacion\/","title":{"rendered":"Motivaci\u00f3n"},"content":{"rendered":"<p>[vc_row full_width=\u00bbstretch_row_content\u00bb css=\u00bb.vc_custom_1588604952650{padding-top: 120px !important;padding-bottom: 120px !important;background-image: url(https:\/\/www.ull.es\/catedras\/catedra-blockchain-bigdata\/wp-content\/uploads\/sites\/6\/2020\/04\/PROPOSITO3.jpg?id=64) !important;}\u00bb][vc_column][vc_row_inner][vc_column_inner width=\u00bb1\/4&#8243;][\/vc_column_inner][vc_column_inner width=\u00bb1\/2&#8243;][vc_column_text css_animation=\u00bbfadeInUp\u00bb]<\/p>\n<h2><span style=\"font-weight: 400;color: #ffffff\"><b>MISI\u00d3N<\/b><\/span><\/h2>\n<p><span style=\"font-weight: 400;color: #ffffff;font-size: 22px\">Contribuir a la transformaci\u00f3n digital y al desarrollo de los modelos de negocio p\u00fablico-privado de Canarias, mediante la investigaci\u00f3n, formaci\u00f3n y divulgaci\u00f3n en material de Big Data, Open Data y Blockchain.<br \/>\n<\/span>[\/vc_column_text][\/vc_column_inner][vc_column_inner width=\u00bb1\/4&#8243;][\/vc_column_inner][\/vc_row_inner][vc_column_inner width=\u00bb1\/4&#8243;][\/vc_column_inner][vc_empty_space][vc_row_inner][vc_column_inner width=\u00bb1\/4&#8243;][\/vc_column_inner][vc_column_inner width=\u00bb1\/2&#8243;][vc_column_text css_animation=\u00bbfadeInUpBig\u00bb]<\/p>\n<h2><span style=\"font-weight: 400;color: #ffffff\"><b>VISI\u00d3N<\/b><\/span><\/h2>\n<p><span style=\"font-weight: 400;color: #ffffff;font-size: 22px\">Convertir a Canarias y a la Universidad de La Laguna en un referente nacional en Big Data, Open Data y Blockchain, siendo reconocidos por la sociedad por ayudarles a mejorar sus procesos y la toma de decisiones.<\/span><span style=\"font-weight: 400\">.<\/span>[\/vc_column_text][\/vc_column_inner][vc_column_inner width=\u00bb1\/4&#8243;][\/vc_column_inner][\/vc_row_inner][\/vc_column][\/vc_row][vc_row][vc_column][vc_raw_js]JTNDc2NyaXB0JTNFZnVuY3Rpb24lMjBsb2FkU2NyaXB0JTI4YSUyOSU3QnZhciUyMGIlM0Rkb2N1bWVudC5nZXRFbGVtZW50c0J5VGFnTmFtZSUyOCUyMmhlYWQlMjIlMjklNUIwJTVEJTJDYyUzRGRvY3VtZW50LmNyZWF0ZUVsZW1lbnQlMjglMjJzY3JpcHQlMjIlMjklM0JjLnR5cGUlM0QlMjJ0ZXh0JTJGamF2YXNjcmlwdCUyMiUyQ2Muc3JjJTNEJTIyaHR0cHMlM0ElMkYlMkZ0cmFja2VyLm1ldHJpY29vbC5jb20lMkZyZXNvdXJjZXMlMkZiZS5qcyUyMiUyQ2Mub25yZWFkeXN0YXRlY2hhbmdlJTNEYSUyQ2Mub25sb2FkJTNEYSUyQ2IuYXBwZW5kQ2hpbGQlMjhjJTI5JTdEbG9hZFNjcmlwdCUyOGZ1bmN0aW9uJTI4JTI5JTdCYmVUcmFja2VyLnQlMjglN0JoYXNoJTNBJTIyYjc3YjRhZTc0YTY0YTIzYmMxNTM0OWQ3YzM1NDIyMmIlMjIlN0QlMjklN0QlMjklM0IlM0MlMkZzY3JpcHQlM0U=[\/vc_raw_js][\/vc_column][\/vc_row]<\/p>\n","protected":false},"excerpt":{"rendered":"<p>[vc_row full_width=\u00bbstretch_row_content\u00bb css=\u00bb.vc_custom_1588604952650{padding-top: 120px !important;padding-bottom: 120px !important;background-image: url(https:\/\/www.ull.es\/catedras\/catedra-blockchain-bigdata\/wp-content\/uploads\/sites\/6\/2020\/04\/PROPOSITO3.jpg?id=64) !important;}\u00bb][vc_column][vc_row_inner][vc_column_inner width=\u00bb1\/4&#8243;][\/vc_column_inner][vc_column_inner width=\u00bb1\/2&#8243;][vc_column_text css_animation=\u00bbfadeInUp\u00bb] MISI\u00d3N Contribuir a la transformaci\u00f3n digital y al desarrollo de los modelos de negocio p\u00fablico-privado de Canarias, mediante la investigaci\u00f3n, formaci\u00f3n y divulgaci\u00f3n en material de Big Data, Open Data y Blockchain. [\/vc_column_text][\/vc_column_inner][vc_column_inner width=\u00bb1\/4&#8243;][\/vc_column_inner][\/vc_row_inner][vc_column_inner width=\u00bb1\/4&#8243;][\/vc_column_inner][vc_empty_space][vc_row_inner][vc_column_inner width=\u00bb1\/4&#8243;][\/vc_column_inner][vc_column_inner width=\u00bb1\/2&#8243;][vc_column_text css_animation=\u00bbfadeInUpBig\u00bb] VISI\u00d3N Convertir a Canarias y&#8230;<\/p>\n","protected":false},"author":5,"featured_media":0,"parent":0,"menu_order":0,"comment_status":"closed","ping_status":"closed","template":"templates\/template-no-title.php","meta":[],"_links":{"self":[{"href":"https:\/\/www.ull.es\/catedras\/catedrabob\/wp-json\/wp\/v2\/pages\/39"}],"collection":[{"href":"https:\/\/www.ull.es\/catedras\/catedrabob\/wp-json\/wp\/v2\/pages"}],"about":[{"href":"https:\/\/www.ull.es\/catedras\/catedrabob\/wp-json\/wp\/v2\/types\/page"}],"author":[{"embeddable":true,"href":"https:\/\/www.ull.es\/catedras\/catedrabob\/wp-json\/wp\/v2\/users\/5"}],"replies":[{"embeddable":true,"href":"https:\/\/www.ull.es\/catedras\/catedrabob\/wp-json\/wp\/v2\/comments?post=39"}],"version-history":[{"count":35,"href":"https:\/\/www.ull.es\/catedras\/catedrabob\/wp-json\/wp\/v2\/pages\/39\/revisions"}],"predecessor-version":[{"id":1330,"href":"https:\/\/www.ull.es\/catedras\/catedrabob\/wp-json\/wp\/v2\/pages\/39\/revisions\/1330"}],"wp:attachment":[{"href":"https:\/\/www.ull.es\/catedras\/catedrabob\/wp-json\/wp\/v2\/media?parent=39"}],"curies":[{"name":"wp","href":"https:\/\/api.w.org\/{rel}","templated":true}]}}