{"id":455,"date":"2020-06-23T08:47:11","date_gmt":"2020-06-23T08:47:11","guid":{"rendered":"https:\/\/www.ull.es\/catedras\/catedrabob\/?page_id=455"},"modified":"2021-11-21T15:24:45","modified_gmt":"2021-11-21T15:24:45","slug":"empresas-y-administraciones-publicas","status":"publish","type":"page","link":"https:\/\/www.ull.es\/catedras\/catedrabob\/empresas-y-administraciones-publicas\/","title":{"rendered":"Empresas y Administraciones P\u00fablicas"},"content":{"rendered":"<p>[vc_row full_width=\u00bbstretch_row_content\u00bb el_class=\u00bbprincipio-marcha\u00bb][vc_column css=\u00bb.vc_custom_1588939369209{padding-top: 40px !important;}\u00bb][vc_custom_heading text=\u00bbEmpresas y Administraciones P\u00fablicas\u00bb font_container=\u00bbtag:h2|font_size:40px|text_align:left|color:%23ffffff\u00bb use_theme_fonts=\u00bbyes\u00bb css_animation=\u00bbfadeInDownBig\u00bb css=\u00bb.vc_custom_1595416375957{padding-left: 5% !important;}\u00bb][\/vc_column][\/vc_row][vc_row full_width=\u00bbstretch_row_content_no_spaces\u00bb][vc_column]<link href=\"https:\/\/fonts.googleapis.com\/css?family=Rubik:700%7CPoppins:500%7CRoboto:700italic\" rel=\"stylesheet\" property=\"stylesheet\" type=\"text\/css\" media=\"all\">\n<div id=\"rev_slider_7_1_wrapper\" class=\"rev_slider_wrapper fullwidthbanner-container\" data-source=\"gallery\" style=\"margin:0px auto;background:transparent;padding:0px;margin-top:0px;margin-bottom:0px;\">\n<!-- START REVOLUTION SLIDER 5.4.7.3 fullwidth mode -->\n\t<div id=\"rev_slider_7_1\" class=\"rev_slider fullwidthabanner\" style=\"display:none;\" data-version=\"5.4.7.3\">\n<ul>\t<!-- SLIDE  -->\n\t<li data-index=\"rs-183\" data-transition=\"fade\" data-slotamount=\"default\" data-hideafterloop=\"0\" data-hideslideonmobile=\"off\"  data-easein=\"default\" data-easeout=\"default\" data-masterspeed=\"300\"  data-rotate=\"0\"  data-saveperformance=\"off\"  data-title=\"Slide\" data-param1=\"\" data-param2=\"\" data-param3=\"\" data-param4=\"\" data-param5=\"\" data-param6=\"\" data-param7=\"\" data-param8=\"\" data-param9=\"\" data-param10=\"\" data-description=\"\">\n\t\t<!-- MAIN IMAGE -->\n\t\t<img src=\"https:\/\/www.ull.es\/catedras\/catedrabob\/wp-content\/uploads\/sites\/6\/2021\/05\/pexels-pixabay-164357-freshblue.jpg\"  alt=\"\" title=\"pexels-pixabay-164357-freshblue\"  width=\"2000\" height=\"400\" data-bgposition=\"center center\" data-kenburns=\"on\" data-duration=\"10000\" data-ease=\"Linear.easeNone\" data-scalestart=\"100\" data-scaleend=\"120\" data-rotatestart=\"0\" data-rotateend=\"0\" data-blurstart=\"0\" data-blurend=\"0\" data-offsetstart=\"0 0\" data-offsetend=\"0 0\" data-bgparallax=\"off\" class=\"rev-slidebg\" data-no-retina>\n\t\t<!-- LAYERS -->\n\n\t\t<!-- LAYER NR. 1 -->\n\t\t<div class=\"tp-caption   tp-resizeme\" \n\t\t\t id=\"slide-183-layer-17\" \n\t\t\t data-x=\"['left','left','left','left']\" data-hoffset=\"['-597','-680','-593','-633']\" \n\t\t\t data-y=\"['top','top','top','top']\" data-voffset=\"['35','61','40','-7']\" \n\t\t\t\t\t\tdata-width=\"none\"\n\t\t\tdata-height=\"none\"\n\t\t\tdata-whitespace=\"['normal','nowrap','nowrap','nowrap']\"\n \n\t\t\tdata-type=\"image\" \n\t\t\tdata-responsive_offset=\"on\" \n\n\t\t\tdata-frames='[{\"delay\":10,\"speed\":300,\"frame\":\"0\",\"from\":\"opacity:0;\",\"to\":\"o:0.6;\",\"ease\":\"Power3.easeInOut\"},{\"delay\":\"wait\",\"speed\":300,\"frame\":\"999\",\"to\":\"opacity:0;\",\"ease\":\"Power3.easeInOut\"}]'\n\t\t\tdata-textAlign=\"['inherit','inherit','inherit','inherit']\"\n\t\t\tdata-paddingtop=\"[0,0,0,0]\"\n\t\t\tdata-paddingright=\"[0,0,0,0]\"\n\t\t\tdata-paddingbottom=\"[0,0,0,0]\"\n\t\t\tdata-paddingleft=\"[0,0,0,0]\"\n\n\t\t\tstyle=\"z-index: 5;\"><img src=\"https:\/\/www.ull.es\/catedras\/catedrabob\/wp-content\/uploads\/sites\/6\/revslider\/inicio-ull\/shape-ULL-3-1.png\" alt=\"\" data-ww=\"['1209px','1209px','1002px','962px']\" data-hh=\"['333px','333px','276px','265px']\" width=\"1209\" height=\"333\" data-no-retina> <\/div>\n\n\t\t<!-- LAYER NR. 2 -->\n\t\t<div class=\"tp-caption   tp-resizeme\" \n\t\t\t id=\"slide-183-layer-19\" \n\t\t\t data-x=\"['left','left','left','left']\" data-hoffset=\"['-186','-270','-372','-449']\" \n\t\t\t data-y=\"['top','top','top','top']\" data-voffset=\"['43','68','46','-1']\" \n\t\t\t\t\t\tdata-width=\"none\"\n\t\t\tdata-height=\"none\"\n\t\t\tdata-whitespace=\"nowrap\"\n \n\t\t\tdata-type=\"image\" \n\t\t\tdata-responsive_offset=\"on\" \n\n\t\t\tdata-frames='[{\"delay\":10,\"speed\":300,\"frame\":\"0\",\"from\":\"opacity:0;\",\"to\":\"o:1;\",\"ease\":\"Power3.easeInOut\"},{\"delay\":\"wait\",\"speed\":300,\"frame\":\"999\",\"to\":\"opacity:0;\",\"ease\":\"Power3.easeInOut\"}]'\n\t\t\tdata-textAlign=\"['inherit','inherit','inherit','inherit']\"\n\t\t\tdata-paddingtop=\"[0,0,0,0]\"\n\t\t\tdata-paddingright=\"[0,0,0,0]\"\n\t\t\tdata-paddingbottom=\"[0,0,0,0]\"\n\t\t\tdata-paddingleft=\"[0,0,0,0]\"\n\n\t\t\tstyle=\"z-index: 6;\"><img src=\"https:\/\/www.ull.es\/catedras\/catedrabob\/wp-content\/uploads\/sites\/6\/revslider\/inicio-ull\/New-Project-1-1.png\" alt=\"\" data-ww=\"['705px','705px','705px','705px']\" data-hh=\"['32px','32px','32px','32px']\" width=\"1123\" height=\"51\" data-no-retina> <\/div>\n\n\t\t<!-- LAYER NR. 3 -->\n\t\t<div class=\"tp-caption   tp-resizeme\" \n\t\t\t id=\"slide-183-layer-3\" \n\t\t\t data-x=\"['left','left','left','left']\" data-hoffset=\"['16','21','14','14']\" \n\t\t\t data-y=\"['top','top','top','top']\" data-voffset=\"['117','117','93','51']\" \n\t\t\t\t\t\tdata-fontsize=\"['25','21','19','14']\"\n\t\t\tdata-lineheight=\"['28','26','21','16']\"\n\t\t\tdata-width=\"['482','402','319','207']\"\n\t\t\tdata-height=\"['59','53','47','33']\"\n\t\t\tdata-whitespace=\"normal\"\n \n\t\t\tdata-type=\"text\" \n\t\t\tdata-responsive_offset=\"on\" \n\n\t\t\tdata-frames='[{\"delay\":950,\"speed\":300,\"frame\":\"0\",\"from\":\"opacity:0;\",\"to\":\"o:1;\",\"ease\":\"Power2.easeInOut\"},{\"delay\":\"wait\",\"speed\":280,\"frame\":\"999\",\"to\":\"opacity:0;\",\"ease\":\"nothing\"}]'\n\t\t\tdata-textAlign=\"['left','left','left','left']\"\n\t\t\tdata-paddingtop=\"[0,0,0,0]\"\n\t\t\tdata-paddingright=\"[0,0,0,0]\"\n\t\t\tdata-paddingbottom=\"[0,0,0,0]\"\n\t\t\tdata-paddingleft=\"[0,0,0,0]\"\n\n\t\t\tstyle=\"z-index: 7; min-width: 482px; max-width: 482px; max-width: 59px; max-width: 59px; white-space: normal; font-size: 25px; line-height: 28px; font-weight: 700; color: #ffffff; letter-spacing: px;font-family:Rubik;\">Proyectos <\/div>\n\n\t\t<!-- LAYER NR. 4 -->\n\t\t<div class=\"tp-caption   tp-resizeme\" \n\t\t\t id=\"slide-183-layer-4\" \n\t\t\t data-x=\"['left','left','left','left']\" data-hoffset=\"['17','22','14','13']\" \n\t\t\t data-y=\"['top','top','top','top']\" data-voffset=\"['159','179','140','94']\" \n\t\t\t\t\t\tdata-fontsize=\"['17','15','14','12']\"\n\t\t\tdata-lineheight=\"['19','17','16','14']\"\n\t\t\tdata-width=\"['508','384','334','257']\"\n\t\t\tdata-height=\"['none','120','none','none']\"\n\t\t\tdata-whitespace=\"normal\"\n \n\t\t\tdata-type=\"text\" \n\t\t\tdata-responsive_offset=\"on\" \n\n\t\t\tdata-frames='[{\"delay\":1110,\"speed\":300,\"frame\":\"0\",\"from\":\"opacity:0;\",\"to\":\"o:1;\",\"ease\":\"Power2.easeInOut\"},{\"delay\":\"wait\",\"speed\":280,\"frame\":\"999\",\"to\":\"opacity:0;\",\"ease\":\"nothing\"}]'\n\t\t\tdata-textAlign=\"['left','left','left','left']\"\n\t\t\tdata-paddingtop=\"[0,0,0,0]\"\n\t\t\tdata-paddingright=\"[0,0,0,0]\"\n\t\t\tdata-paddingbottom=\"[0,0,0,0]\"\n\t\t\tdata-paddingleft=\"[0,0,0,0]\"\n\n\t\t\tstyle=\"z-index: 8; min-width: 508px; max-width: 508px; white-space: normal; font-size: 17px; line-height: 19px; font-weight: 500; color: #ffffff; letter-spacing: px;font-family:Poppins;\">En esta secci\u00f3n se muestran los proyectos de la C\u00e1tedra hechos en colaboraci\u00f3n con y para empresas y entidades p\u00fablicas <\/div>\n\n\t\t<!-- LAYER NR. 5 -->\n\t\t<div class=\"tp-caption   tp-resizeme\" \n\t\t\t id=\"slide-183-layer-9\" \n\t\t\t data-x=\"['left','left','left','left']\" data-hoffset=\"['17','15','14','15']\" \n\t\t\t data-y=\"['top','top','top','top']\" data-voffset=\"['49','74','53','9']\" \n\t\t\t\t\t\tdata-fontsize=\"['18','18','16','13']\"\n\t\t\tdata-lineheight=\"['20','20','18','15']\"\n\t\t\tdata-width=\"none\"\n\t\t\tdata-height=\"none\"\n\t\t\tdata-whitespace=\"nowrap\"\n \n\t\t\tdata-type=\"text\" \n\t\t\tdata-responsive_offset=\"on\" \n\n\t\t\tdata-frames='[{\"delay\":650,\"speed\":300,\"frame\":\"0\",\"from\":\"opacity:0;\",\"to\":\"o:1;\",\"ease\":\"Power3.easeInOut\"},{\"delay\":\"wait\",\"speed\":300,\"frame\":\"999\",\"to\":\"opacity:0;\",\"ease\":\"Power3.easeInOut\"}]'\n\t\t\tdata-textAlign=\"['inherit','inherit','inherit','inherit']\"\n\t\t\tdata-paddingtop=\"[0,0,0,0]\"\n\t\t\tdata-paddingright=\"[0,0,0,0]\"\n\t\t\tdata-paddingbottom=\"[0,0,0,0]\"\n\t\t\tdata-paddingleft=\"[0,0,0,0]\"\n\n\t\t\tstyle=\"z-index: 9; white-space: nowrap; font-size: 18px; line-height: 20px; font-weight: 700; color: #5c068c; letter-spacing: px;font-family:Roboto;font-style:italic;\"> <\/div>\n\t<\/li>\n<\/ul>\n<div class=\"tp-bannertimer\" style=\"height: 5px; background: rgba(0,0,0,0.15);\"><\/div>\t<\/div>\n<script>var htmlDiv = document.getElementById(\"rs-plugin-settings-inline-css\"); var htmlDivCss=\"\";\r\n\t\t\t\tif(htmlDiv) {\r\n\t\t\t\t\thtmlDiv.innerHTML = htmlDiv.innerHTML + htmlDivCss;\r\n\t\t\t\t}else{\r\n\t\t\t\t\tvar htmlDiv = document.createElement(\"div\");\r\n\t\t\t\t\thtmlDiv.innerHTML = \"<style>\" + htmlDivCss + \"<\/style>\";\r\n\t\t\t\t\tdocument.getElementsByTagName(\"head\")[0].appendChild(htmlDiv.childNodes[0]);\r\n\t\t\t\t}\r\n\t\t\t<\/script>\n\t\t<script type=\"text\/javascript\">\r\nif (setREVStartSize!==undefined) setREVStartSize(\r\n\t{c: '#rev_slider_7_1', responsiveLevels: [1240,1024,778,480], gridwidth: [1240,1024,778,480], gridheight: [400,450,350,250], sliderLayout: 'fullwidth'});\r\n\t\t\t\r\nvar revapi7,\r\n\ttpj;\t\r\n(function() {\t\t\t\r\n\tif (!\/loaded|interactive|complete\/.test(document.readyState)) document.addEventListener(\"DOMContentLoaded\",onLoad); else onLoad();\t\r\n\tfunction onLoad() {\t\t\t\t\r\n\t\tif (tpj===undefined) { tpj = jQuery; if(\"off\" == \"on\") tpj.noConflict();}\r\n\tif(tpj(\"#rev_slider_7_1\").revolution == undefined){\n\t\trevslider_showDoubleJqueryError(\"#rev_slider_7_1\");\n\t}else{\n\t\trevapi7 = tpj(\"#rev_slider_7_1\").show().revolution({\n\t\t\tsliderType:\"standard\",\n\t\t\tjsFileLocation:\"\/\/www.ull.es\/catedras\/catedrabob\/wp-content\/plugins\/revslider\/public\/assets\/js\/\",\n\t\t\tsliderLayout:\"fullwidth\",\n\t\t\tdottedOverlay:\"none\",\n\t\t\tdelay:9000,\n\t\t\tnavigation: {\n\t\t\t\tkeyboardNavigation:\"off\",\n\t\t\t\tkeyboard_direction: \"horizontal\",\n\t\t\t\tmouseScrollNavigation:\"off\",\n \t\t\t\t\t\t\tmouseScrollReverse:\"default\",\n\t\t\t\tonHoverStop:\"on\",\n\t\t\t\ttouch:{\n\t\t\t\t\ttouchenabled:\"on\",\n\t\t\t\t\ttouchOnDesktop:\"off\",\n\t\t\t\t\tswipe_threshold: 75,\n\t\t\t\t\tswipe_min_touches: 50,\n\t\t\t\t\tswipe_direction: \"horizontal\",\n\t\t\t\t\tdrag_block_vertical: false\n\t\t\t\t}\n\t\t\t},\n\t\t\tresponsiveLevels:[1240,1024,778,480],\n\t\t\tvisibilityLevels:[1240,1024,778,480],\n\t\t\tgridwidth:[1240,1024,778,480],\n\t\t\tgridheight:[400,450,350,250],\n\t\t\tlazyType:\"none\",\n\t\t\tparallax: {\n\t\t\t\ttype:\"mouse\",\n\t\t\t\torigo:\"slidercenter\",\n\t\t\t\tspeed:2000,\n\t\t\t\tspeedbg:0,\n\t\t\t\tspeedls:0,\n\t\t\t\tlevels:[2,3,4,5,6,7,12,16,10,50,47,48,49,50,51,55],\n\t\t\t},\n\t\t\tshadow:0,\n\t\t\tspinner:\"off\",\n\t\t\tstopLoop:\"off\",\n\t\t\tstopAfterLoops:-1,\n\t\t\tstopAtSlide:-1,\n\t\t\tshuffle:\"off\",\n\t\t\tautoHeight:\"off\",\n\t\t\thideThumbsOnMobile:\"off\",\n\t\t\thideSliderAtLimit:0,\n\t\t\thideCaptionAtLimit:0,\n\t\t\thideAllCaptionAtLilmit:0,\n\t\t\tdebugMode:false,\n\t\t\tfallbacks: {\n\t\t\t\tsimplifyAll:\"off\",\n\t\t\t\tnextSlideOnWindowFocus:\"off\",\n\t\t\t\tdisableFocusListener:false,\n\t\t\t}\n\t\t});\n\t}; \/* END OF revapi call *\/\n\t\n }; \/* END OF ON LOAD FUNCTION *\/\r\n}()); \/* END OF WRAPPING FUNCTION *\/\r\n<\/script>\r\n\t\t<\/div><!-- END REVOLUTION SLIDER -->[\/vc_column][\/vc_row][vc_row css_animation=\u00bbnone\u00bb][vc_column][vc_empty_space][vc_column_text]<\/p>\n<div class=\"wpb_text_column wpb_content_element \">\n<div class=\"wpb_wrapper\">\n<div class=\"wpb_text_column wpb_content_element \">\n<div class=\"wpb_wrapper\">\n<h2><span style=\"color: #5c068c\">\u00cdndice<\/span><\/h2>\n<ul>\n<li><a href=\"https:\/\/www.ull.es\/catedras\/catedrabob\/empresas-y-administraciones-publicas\/#1617739202862-b321253d-f267\" target=\"_blank\" rel=\"noopener\"><span style=\"color: #5c068c\">Introducci\u00f3n<\/span><\/a>: \u00bfQu\u00e9 valor aporta la C\u00e1tedra a las empresas?<\/li>\n<li><a href=\"https:\/\/www.ull.es\/catedras\/catedrabob\/empresas-y-administraciones-publicas\/#1617739202888-2db88114-2698\" target=\"_blank\" rel=\"noopener\"><span style=\"color: #5c068c\">Proyecto Mapa BOB<\/span><\/a>: Herramienta autodiagn\u00f3stica para evaluar el nivel de digitalizaci\u00f3n de empresas<\/li>\n<\/ul>\n<\/div>\n<\/div>\n<div class=\"wpb_text_column wpb_content_element \">\n<div class=\"wpb_wrapper\"><\/div>\n<\/div>\n<\/div>\n<\/div>\n<p>[\/vc_column_text][vc_empty_space][vc_tta_tour style=\u00bboutline\u00bb color=\u00bbmulled-wine\u00bb active_section=\u00bb1&#8243;][vc_tta_section i_icon_fontawesome=\u00bbfas fa-info-circle\u00bb add_icon=\u00bbtrue\u00bb title=\u00bbIntroducci\u00f3n\u00bb tab_id=\u00bb1617739202862-b321253d-f267&#8243;][vc_column_text]<\/p>\n<h2 style=\"text-align: center\"><span style=\"color: #5c068c\">Introducci\u00f3n<\/span><\/h2>\n<p>La C\u00e1tedra pretende servir de <strong><span style=\"color: #5c068c\">canal de comunicaci\u00f3n a trav\u00e9s del cual fluya el conocimiento<\/span><\/strong> y se formalicen colaboraciones s\u00f3lidas entre la Universidad, las empresas y las instituciones p\u00fablicas, aunando fuerzas y medios con el fin de realizar actividades de formaci\u00f3n, investigaci\u00f3n y transferencia del conocimiento.<\/p>\n<p>Entre las ventajas que obtiene el tejido empresarial con estos acuerdos destacan:<\/p>\n<ul>\n<li>La compa\u00f1\u00eda se enriquecer\u00e1 del <strong><span style=\"color: #5c068c\">acceso directo al n\u00facleo de la investigaci\u00f3n y del conocimiento<\/span><\/strong> de vanguardia que supone la creaci\u00f3n de la C\u00e1tedra. Esto implica un avance en el desarrollo de proyectos estrat\u00e9gicos y de mejora dentro de la empresa, trayendo consigo una mayor competitividad entre empresas de su mismo sector.<\/li>\n<li>Los beneficios de aplicar Big Data, Open Data y Blockchain en las empresas comprende, entre otros, la <strong><span style=\"color: #5c068c\">mejora en: eficacia de procesos y toma de decisiones<\/span><\/strong>, eficiencia y optimizaci\u00f3n de costes, segmentaci\u00f3n de clientes, seguridad en los datos, accesibilidad a la informaci\u00f3n dentro de la empresa, nuevas fuentes de ingresos y ventajas competitivas.<\/li>\n<\/ul>\n<p>Tambi\u00e9n el mundo acad\u00e9mico obtiene beneficios de esta relaci\u00f3n:<\/p>\n<ul>\n<li>La toma de\u00a0<strong><span style=\"color: #5c068c\">contacto real del alumnado universitario con el mundo laboral <\/span><\/strong>durante su carrera, ayudando a disminuir la brecha entre aquello que han estudiado y la realidad tras finalizar sus estudios. Esto les permitir\u00e1 una adaptaci\u00f3n al mundo empresarial mejor y m\u00e1s r\u00e1pida.<\/li>\n<li>Ventajas para el profesorado universitario, puesto que la C\u00e1tedra supone una oportunidad para\u00a0desarrollar y<strong><span style=\"color: #5c068c\"> enriquecer sus conocimientos sobre alg\u00fan aspecto pr\u00e1ctico aplicado a la empresa<\/span><\/strong>.<\/li>\n<\/ul>\n<p>[\/vc_column_text][\/vc_tta_section][vc_tta_section i_icon_fontawesome=\u00bbfas fa-map-marked-alt\u00bb add_icon=\u00bbtrue\u00bb title=\u00bbProyecto Mapa BOB\u00bb tab_id=\u00bb1617739202888-2db88114-2698&#8243;][vc_single_image image=\u00bb967&#8243; img_size=\u00bbfull\u00bb alignment=\u00bbcenter\u00bb][vc_column_text]<\/p>\n<h2 style=\"text-align: center\"><span style=\"color: #5c068c\">Proyecto Mapa BOB<\/span><\/h2>\n<h3><span style=\"color: #5c068c\">\u00bfQu\u00e9 es? \u00bfC\u00f3mo participar?<\/span><\/h3>\n<p>El Mapa BOB se trata de una\u00a0<strong><span style=\"color: #5c068c\">herramienta autodiagn\u00f3stica\u00a0para evaluar el nivel de digitalizaci\u00f3n<\/span><\/strong> de su empresa. Es decir, usted rellena un formulario que le llevar\u00e1 menos de 10 minutos y autom\u00e1ticamente tiene los resultados al d\u00eda siguiente.<\/p>\n<p>Este formulario le hace preguntas muy concretas que, como m\u00ednimo, le servir\u00e1 para cuestionarse aspectos de su actividad. Adem\u00e1s, el informe de resultados que se le provee es rico en detalle y puede compararse con empresas de su mismo sector, de su mismo tama\u00f1o y con el resto de empresas canarias.<\/p>\n<p><span style=\"color: #5c068c\"><a style=\"color: #5c068c\" href=\"https:\/\/bit.ly\/2Ypfi5Y\" target=\"_blank\" rel=\"noopener\" target=\"_blank\" rel=\"noopener\">Si desea participar puede acceder a este\u00a0enlace y rellenar el cuestionario cuando le venga mejor<\/a><\/span>, no le llevar\u00e1 m\u00e1s de 10 minutos.<\/p>\n<p>Si tiene cualquier comentario, duda o sugerencia puede mandar un correo a\u00a0<span style=\"color: #5c068c\"><strong>catedrabob@ull.edu.es<\/strong><\/span>.<\/p>\n<h3><span style=\"color: #5c068c\">\u00bfA qui\u00e9n est\u00e1 dirigida?<\/span><\/h3>\n<p>La herramienta se ha realizado de manera que las preguntas sean f\u00e1ciles de entender pues se pretende que sea v\u00e1lida para\u00a0<strong><span style=\"color: #5c068c\">todo tipo de empresas<\/span><\/strong>. Y se ha realizado de manera que\u00a0tenga\u00a0pocas preguntas pero suficientes para estimar el desempe\u00f1o de las actividades de las empresas.<\/p>\n<h3><span style=\"color: #5c068c\">\u00bfCu\u00e1l es el objetivo?<\/span><\/h3>\n<p>El objetivo de la herramienta es evaluar el estado de las empresas en materia de tecnolog\u00eda. Esto servir\u00e1 para dos prop\u00f3sitos:<\/p>\n<ul>\n<li>Para que la empresa tenga un\u00a0<strong><span style=\"color: #5c068c\">indicador de \u00abdesempe\u00f1o digital\u00bb<\/span><\/strong>. Y poder saber qu\u00e9 \u00e1reas mejorar, adem\u00e1s de tener un abanico de opciones de formaci\u00f3n y sugerencias para mejorar el desempe\u00f1o.<\/li>\n<li>Para tener una\u00a0<span style=\"color: #5c068c\"><strong>visi\u00f3n general del estado de las empresas canarias\u00a0<\/strong><\/span>en su totalidad y por sectores. Esto permitir\u00e1 saber en qu\u00e9 \u00e1mbitos de formaci\u00f3n e investigaci\u00f3n centrarse para lograr un mayor impacto en Canarias.<\/li>\n<\/ul>\n<p>El cuestionario y los resultados se dividen en dos partes. La primera parte est\u00e1\u00a0para\u00a0<strong><span style=\"color: #5c068c\">evaluar el desempe\u00f1o tecnol\u00f3gico<\/span><\/strong>\u00a0de la empresa, mientras que la segunda parte es opcional y es en relaci\u00f3n con\u00a0el inter\u00e9s y\/o uso de tecnolog\u00edas Big Data, Open Data, IoT y Blockchain.<\/p>\n<h3><span style=\"color: #5c068c\">\u00bfQui\u00e9n la ha dise\u00f1ado?<\/span><\/h3>\n<p>Esta herramienta ha sido dise\u00f1ada con la experiencia de nuestros expertos que forman parte del\u00a0<span style=\"color: #5c068c\"><a style=\"color: #5c068c\" href=\"https:\/\/www.ull.es\/catedras\/catedrabob\/consejo-de-direccion\/\" target=\"_blank\" rel=\"noopener\" target=\"_blank\" rel=\"noopener\">Consejo de Direcci\u00f3n de la C\u00e1tedra<\/a><\/span>\u00a0que llevan aplicando el an\u00e1lisis de datos durante muchos a\u00f1os, viendo crecer a las entidades para las que trabajan como consecuencia de ello. Tambi\u00e9n ha sido clave la colaboraci\u00f3n de los miembros de nuestro\u00a0<span style=\"color: #5c068c\"><a style=\"color: #5c068c\" href=\"https:\/\/www.ull.es\/catedras\/catedrabob\/consejo-asesor\/\" target=\"_blank\" rel=\"noopener\" target=\"_blank\" rel=\"noopener\">Consejo Asesor<\/a><\/span>, que han hecho posible que esta encuesta sea iniciada y adaptada para que pueda ser de utilidad a todo tipo de entidades.<\/p>\n<p>Como se ha expresado anteriormente, pretendemos que el Mapa\u00a0BOB sea de utilidad\u00a0para las entidades que las respondan. Por tanto, si tiene alguna sugerencia o comentario constructivo puede hac\u00e9rnoslo llegar a trav\u00e9s de nuestro correo:\u00a0<strong><span style=\"color: #5c068c\">catedrabob@ull.edu.es<\/span><\/strong><\/p>\n<h3><span style=\"color: #5c068c\">\u00bfC\u00f3mo se eval\u00faa el nivel de digitalizaci\u00f3n de una empresa?<\/span><\/h3>\n<p>Es una tarea compleja, por eso ha sido fundamental la visi\u00f3n de nuestros expertos. Se consider\u00f3\u00a0<strong><span style=\"color: #5c068c\">evaluar la digitalizaci\u00f3n en 12 dimensiones<\/span><\/strong>\u00a0(o \u00e1reas) tecnol\u00f3gicas que se han visto de vital importancia seg\u00fan la extensa experiencia de nuestros expertos.<\/p>\n<p>Para cada una de estas 12 dimensiones se dise\u00f1\u00f3 una pregunta con sus correspondientes respuestas, cada una con una puntuaci\u00f3n asociada. De esta manera se estima el\u00a0nivel de digitalizaci\u00f3n de la empresa en cada \u00e1rea.<\/p>\n<p><strong><span style=\"color: #5c068c\">Por \u00abnivel de digitalizaci\u00f3n\u00bb se entiende el porcentaje de la puntuaci\u00f3n\u00a0con respecto al m\u00e1ximo posible<\/span><\/strong>. Este nivel puede ser el general de una empresa o grupo de empresas, o puede ser el nivel de un \u00e1rea o grupo de \u00e1reas. Para visualizar de manera m\u00e1s amigable el nivel de las\u00a0empresas se muestra una clasificaci\u00f3n\u00a0de seis posibles: nivel muy bajo, bajo, medio, medio alto, alto y excelente.<\/p>\n<p>Por otro lado, para visualizar\u00a0de manera m\u00e1s amigable el nivel de digitalizaci\u00f3n de las \u00e1reas, se presenta\u00a0de manera separada\u00a0las \u00e1reas excelentes (nivel de digitalizaci\u00f3n\u00a0&gt;= 60%), las \u00e1reas que se pueden mejorar (40% &lt;= nivel de digitalizaci\u00f3n &lt;= 60%) y las \u00e1reas que se deber\u00edan\u00a0potenciar (nivel de digitalizaci\u00f3n &lt; 40%).<\/p>\n<p>Para tener una visi\u00f3n m\u00e1s general de las \u00e1reas de una empresa, se han definido 5 grandes bloques que engloban a las 12 dimensiones. Estos bloques tratan de An\u00e1lisis y Visualizaci\u00f3n de Datos, Presencia en Internet, la Formaci\u00f3n del Personal, Alertas y Controles para la Gesti\u00f3n de la Empresa y tambi\u00e9n se tiene\u00a0en cuenta informaci\u00f3n sobre los departamentos claves de una empresa bas\u00e1ndose en el modelo de la\u00a0<span style=\"color: #5c068c\"><a style=\"color: #5c068c\" href=\"https:\/\/www.ifm.eng.cam.ac.uk\/research\/dstools\/value-chain-\/\" target=\"_blank\" rel=\"noopener\" target=\"_blank\" rel=\"noopener\">Cadena de Valor de Michael Porter<\/a><\/span>.<\/p>\n<h3><span style=\"color: #5c068c\">Informe general del Mapa BOB<\/span><\/h3>\n<p>Para ver un informe general de las empresas canarias, <a href=\"https:\/\/ullbi.azurewebsites.net\/catedrabob\/\" target=\"_blank\" rel=\"noopener\" target=\"_blank\" rel=\"noopener\"><span style=\"color: #5c068c\">acceda a nuestro portal a trav\u00e9s de este enlace<\/span><\/a> e inicie sesi\u00f3n.<\/p>\n<h3><span style=\"color: #5c068c\">Informe particular del Mapa BOB<\/span><\/h3>\n<p>Para ver el informe de su empresa, <span style=\"color: #5c068c\"><a style=\"color: #5c068c\" href=\"https:\/\/ullbi.azurewebsites.net\/catedrabob\/Empresas\/Mapa-BOB-Informe-para-Empresas\" target=\"_blank\" rel=\"noopener\" target=\"_blank\" rel=\"noopener\">acceda a nuestro portal a trav\u00e9s de este enlace<\/a><\/span> e inicie sesi\u00f3n.[\/vc_column_text][\/vc_tta_section][\/vc_tta_tour][\/vc_column][\/vc_row][vc_row][vc_column][vc_raw_js]JTNDc2NyaXB0JTNFZnVuY3Rpb24lMjBsb2FkU2NyaXB0JTI4YSUyOSU3QnZhciUyMGIlM0Rkb2N1bWVudC5nZXRFbGVtZW50c0J5VGFnTmFtZSUyOCUyMmhlYWQlMjIlMjklNUIwJTVEJTJDYyUzRGRvY3VtZW50LmNyZWF0ZUVsZW1lbnQlMjglMjJzY3JpcHQlMjIlMjklM0JjLnR5cGUlM0QlMjJ0ZXh0JTJGamF2YXNjcmlwdCUyMiUyQ2Muc3JjJTNEJTIyaHR0cHMlM0ElMkYlMkZ0cmFja2VyLm1ldHJpY29vbC5jb20lMkZyZXNvdXJjZXMlMkZiZS5qcyUyMiUyQ2Mub25yZWFkeXN0YXRlY2hhbmdlJTNEYSUyQ2Mub25sb2FkJTNEYSUyQ2IuYXBwZW5kQ2hpbGQlMjhjJTI5JTdEbG9hZFNjcmlwdCUyOGZ1bmN0aW9uJTI4JTI5JTdCYmVUcmFja2VyLnQlMjglN0JoYXNoJTNBJTIyYjc3YjRhZTc0YTY0YTIzYmMxNTM0OWQ3YzM1NDIyMmIlMjIlN0QlMjklN0QlMjklM0IlM0MlMkZzY3JpcHQlM0U=[\/vc_raw_js][\/vc_column][\/vc_row]<\/p>\n","protected":false},"excerpt":{"rendered":"<p>[vc_row full_width=\u00bbstretch_row_content\u00bb el_class=\u00bbprincipio-marcha\u00bb][vc_column css=\u00bb.vc_custom_1588939369209{padding-top: 40px !important;}\u00bb][vc_custom_heading text=\u00bbEmpresas y Administraciones P\u00fablicas\u00bb font_container=\u00bbtag:h2|font_size:40px|text_align:left|color:%23ffffff\u00bb use_theme_fonts=\u00bbyes\u00bb css_animation=\u00bbfadeInDownBig\u00bb css=\u00bb.vc_custom_1595416375957{padding-left: 5% !important;}\u00bb][\/vc_column][\/vc_row][vc_row full_width=\u00bbstretch_row_content_no_spaces\u00bb][vc_column][\/vc_column][\/vc_row][vc_row css_animation=\u00bbnone\u00bb][vc_column][vc_empty_space][vc_column_text] \u00cdndice Introducci\u00f3n: \u00bfQu\u00e9 valor aporta la C\u00e1tedra a las empresas? Proyecto Mapa BOB: Herramienta autodiagn\u00f3stica para evaluar el nivel de digitalizaci\u00f3n de empresas [\/vc_column_text][vc_empty_space][vc_tta_tour style=\u00bboutline\u00bb color=\u00bbmulled-wine\u00bb active_section=\u00bb1&#8243;][vc_tta_section i_icon_fontawesome=\u00bbfas fa-info-circle\u00bb add_icon=\u00bbtrue\u00bb title=\u00bbIntroducci\u00f3n\u00bb tab_id=\u00bb1617739202862-b321253d-f267&#8243;][vc_column_text] Introducci\u00f3n La C\u00e1tedra pretende servir&#8230;<\/p>\n","protected":false},"author":5,"featured_media":0,"parent":0,"menu_order":0,"comment_status":"closed","ping_status":"closed","template":"templates\/template-no-title.php","meta":[],"_links":{"self":[{"href":"https:\/\/www.ull.es\/catedras\/catedrabob\/wp-json\/wp\/v2\/pages\/455"}],"collection":[{"href":"https:\/\/www.ull.es\/catedras\/catedrabob\/wp-json\/wp\/v2\/pages"}],"about":[{"href":"https:\/\/www.ull.es\/catedras\/catedrabob\/wp-json\/wp\/v2\/types\/page"}],"author":[{"embeddable":true,"href":"https:\/\/www.ull.es\/catedras\/catedrabob\/wp-json\/wp\/v2\/users\/5"}],"replies":[{"embeddable":true,"href":"https:\/\/www.ull.es\/catedras\/catedrabob\/wp-json\/wp\/v2\/comments?post=455"}],"version-history":[{"count":20,"href":"https:\/\/www.ull.es\/catedras\/catedrabob\/wp-json\/wp\/v2\/pages\/455\/revisions"}],"predecessor-version":[{"id":1324,"href":"https:\/\/www.ull.es\/catedras\/catedrabob\/wp-json\/wp\/v2\/pages\/455\/revisions\/1324"}],"wp:attachment":[{"href":"https:\/\/www.ull.es\/catedras\/catedrabob\/wp-json\/wp\/v2\/media?parent=455"}],"curies":[{"name":"wp","href":"https:\/\/api.w.org\/{rel}","templated":true}]}}