{"id":477,"date":"2020-06-23T10:44:37","date_gmt":"2020-06-23T10:44:37","guid":{"rendered":"https:\/\/www.ull.es\/catedras\/catedrabob\/?page_id=477"},"modified":"2023-03-14T13:42:36","modified_gmt":"2023-03-14T13:42:36","slug":"cursos-propios","status":"publish","type":"page","link":"https:\/\/www.ull.es\/catedras\/catedrabob\/cursos-propios\/","title":{"rendered":"Cursos propios"},"content":{"rendered":"<p>[vc_row full_width=\u00bbstretch_row_content\u00bb el_class=\u00bbprincipio-marcha\u00bb][vc_column css=\u00bb.vc_custom_1588939369209{padding-top: 40px !important;}\u00bb][vc_custom_heading text=\u00bbCursos propios\u00bb font_container=\u00bbtag:h2|font_size:40px|text_align:left|color:%23ffffff\u00bb use_theme_fonts=\u00bbyes\u00bb css_animation=\u00bbfadeInDownBig\u00bb css=\u00bb.vc_custom_1595416156112{padding-left: 5% !important;}\u00bb][\/vc_column][\/vc_row][vc_row css_animation=\u00bbfadeInUp\u00bb][vc_column][vc_empty_space][\/vc_column][\/vc_row][vc_row disable_element=\u00bbyes\u00bb][vc_column width=\u00bb1\/2&#8243;][vc_column_text]<span style=\"font-weight: 400\">La C\u00e1tedra est\u00e1 trabajando con la ULL y la Fundaci\u00f3n General ULL en el desarrollo de cursos especializados en materias de Big Data, Open Data y Blockchain.<\/span><\/p>\n<p><span style=\"font-weight: 400\">Estos cursos est\u00e1n enfocados a tres perfiles de estudiantes: directivos, especialistas y mandos intermedios. Pero tambi\u00e9n los podr\u00e1n realizar aquellos estudiantes que deseen profesionalizarse en estos campos.<\/span><\/p>\n<p><span style=\"font-weight: 400\">La formaci\u00f3n contar\u00e1 con diferentes itinerarios comprendidos por un conjunto de m\u00f3dulos con los cuales se podr\u00e1 obtener diferentes t\u00edtulos. <\/span><span style=\"font-weight: 400\">Las asignaturas se engloban en los siguientes bloques: Visualizaciones, IoT, An\u00e1lisis, Inteligencia Artificial, Optimizaci\u00f3n, GDPR, Data Warehouse, ETL, Business Intelligence, Open Data, Blockchain y Seguridad<\/span>[\/vc_column_text][\/vc_column][vc_column width=\u00bb1\/2&#8243;][vc_single_image image=\u00bb740&#8243; img_size=\u00bbfull\u00bb alignment=\u00bbcenter\u00bb css_animation=\u00bbnone\u00bb][\/vc_column][\/vc_row][vc_row css_animation=\u00bbfadeInUp\u00bb][vc_column width=\u00bb1\/2&#8243;][vc_single_image image=\u00bb1411&#8243; img_size=\u00bbfull\u00bb onclick=\u00bbcustom_link\u00bb img_link_target=\u00bb_blank\u00bb link=\u00bbhttps:\/\/sede.fg.ull.es\/es\/curso\/detalle\/a21030330\/como-publicar-datos-abiertos-plataformas-y-buenas-practicas\u00bb][\/vc_column][vc_column width=\u00bb1\/2&#8243;][vc_column_text]<span style=\"color: #5c068c\"><strong>5\u00ba Curso: Conociendo ChatGPT<\/strong><\/span><\/p>\n<p><span style=\"color: #5c068c\"><strong>Inteligencia Artificial para tu vida personal y profesional<\/strong><\/span><\/p>\n<p>1 de marzo de 2023 &#8211; 2 de marzo de 2023<\/p>\n<p>\u00bfQu\u00e9 es la Inteligencia Artificial? \ud83d\udd17 \u00bfQu\u00e9 es ChatGPT? \ud83d\udd17 \u00bfC\u00f3mo puedo usarlo en mi trabajo? \ud83d\udd17 \u00bfC\u00f3mo puedo usarlo en mi d\u00eda a d\u00eda? \ud83d\udd17 \u00bfQ\u00fae ventajas tiene? \ud83d\udd17 Este curso responde estas preguntas y muchas m\u00e1s<\/p>\n<p>Profesorado: <a href=\"https:\/\/www.linkedin.com\/in\/carlosdelgadoestrategiaceo\/\" target=\"_blank\" rel=\"noopener\" target=\"_blank\" rel=\"noopener\"><span style=\"text-decoration: underline;color: #5c068c\">Carlos Alberto Gonz\u00e1lez Delgado<\/span><\/a>.<\/p>\n<p><a href=\"https:\/\/sede.fg.ull.es\/es\/curso\/detalle\/a23030039\/conociendo-chatgpt-inteligencia-artificial-para-tu-vida-personal-y-profesional\" target=\"_blank\" rel=\"noopener noreferrer\" target=\"_blank\" rel=\"noopener\"><span style=\"text-decoration: underline;color: #5c068c\">M\u00e1s informaci\u00f3n<\/span><\/a>[\/vc_column_text][\/vc_column][\/vc_row][vc_row css_animation=\u00bbfadeInUp\u00bb][vc_column width=\u00bb1\/2&#8243;][vc_single_image image=\u00bb1410&#8243; img_size=\u00bbfull\u00bb onclick=\u00bbcustom_link\u00bb img_link_target=\u00bb_blank\u00bb link=\u00bbhttps:\/\/sede.fg.ull.es\/es\/curso\/detalle\/a21030330\/como-publicar-datos-abiertos-plataformas-y-buenas-practicas\u00bb][\/vc_column][vc_column width=\u00bb1\/2&#8243;][vc_column_text]<span style=\"color: #5c068c\"><strong>4\u00ba Curso: Introducci\u00f3n a la Automatizaci\u00f3n:<\/strong><\/span><\/p>\n<p><span style=\"color: #5c068c\"><strong>RPA &#8211; Automatizaci\u00f3n Rob\u00f3tica de Procesos con UIPATH<\/strong><\/span><\/p>\n<p>26 de septiembre de 2022 &#8211; 6 de octubre de 2022<\/p>\n<p>Se desarrollar\u00e1n las habilidades b\u00e1sicas para el desarrollo, despliegue, ejecuci\u00f3n y monitorizaci\u00f3n de automatizaciones basadas en t\u00e9cnicas de RPA, utilizando la plataforma de automatizaci\u00f3n de procesos del fabricante Uipath.<\/p>\n<p>Profesorado: <a href=\"https:\/\/www.linkedin.com\/in\/eduardo-hodgson-torres-42a6a1213\/\" target=\"_blank\" rel=\"noopener\" target=\"_blank\" rel=\"noopener\"><span style=\"text-decoration: underline;color: #5c068c\">Eduardo Hodgson Torres<\/span><\/a>.<\/p>\n<p><a href=\"https:\/\/sede.fg.ull.es\/es\/curso\/detalle\/a22030367\/curso-de-formacion-bob-rpa-uipath\" target=\"_blank\" rel=\"noopener noreferrer\" target=\"_blank\" rel=\"noopener\"><span style=\"text-decoration: underline;color: #5c068c\">M\u00e1s informaci\u00f3n<\/span><\/a>[\/vc_column_text][\/vc_column][\/vc_row][vc_row css_animation=\u00bbfadeInUp\u00bb][vc_column width=\u00bb1\/2&#8243;][vc_single_image image=\u00bb1409&#8243; img_size=\u00bbfull\u00bb onclick=\u00bbcustom_link\u00bb img_link_target=\u00bb_blank\u00bb link=\u00bbhttps:\/\/sede.fg.ull.es\/es\/curso\/detalle\/a21030330\/como-publicar-datos-abiertos-plataformas-y-buenas-practicas\u00bb][\/vc_column][vc_column width=\u00bb1\/2&#8243;][vc_column_text]<span style=\"color: #5c068c\"><strong>3\u00ba Curso: Introducci\u00f3n a Python para la Ciencia de Datos<\/strong><\/span><\/p>\n<p>14 de marzo de 2022 &#8211; 18 de marzo de 2022<\/p>\n<p>Curso en el que se aprender\u00e1 a preparar un entorno orientado a la ciencia de datos, adem\u00e1s de ser capaces de desarrollar nuestros primeros scripts en <em>Python<\/em>.<\/p>\n<p>Profesorado: <a href=\"https:\/\/www.linkedin.com\/in\/sdelquin\/\" target=\"_blank\" rel=\"noopener\" target=\"_blank\" rel=\"noopener\"><span style=\"text-decoration: underline;color: #5c068c\">Sergio Delgado Quintero<\/span><\/a>.<\/p>\n<p><a href=\"https:\/\/sede.fg.ull.es\/es\/curso\/detalle\/A22030078\/introduccion-a-python-para-ciencia-de-datos\" target=\"_blank\" rel=\"noopener noreferrer\" target=\"_blank\" rel=\"noopener\"><span style=\"text-decoration: underline;color: #5c068c\">M\u00e1s informaci\u00f3n<\/span><\/a>[\/vc_column_text][\/vc_column][\/vc_row][vc_row css_animation=\u00bbfadeInUp\u00bb][vc_column width=\u00bb1\/2&#8243;][vc_single_image image=\u00bb1309&#8243; img_size=\u00bbfull\u00bb onclick=\u00bbcustom_link\u00bb img_link_target=\u00bb_blank\u00bb link=\u00bbhttps:\/\/sede.fg.ull.es\/es\/curso\/detalle\/a21030330\/como-publicar-datos-abiertos-plataformas-y-buenas-practicas\u00bb][\/vc_column][vc_column width=\u00bb1\/2&#8243;][vc_column_text]<span style=\"color: #5c068c\"><strong>2\u00ba Curso: \u00bfC\u00f3mo publicar datos abiertos? Plataformas y buenas pr\u00e1cticas<\/strong><\/span><\/p>\n<p>20 de octubre de 2021 &#8211; 26 de octubre de 2021<\/p>\n<p>Curso sobre los beneficios de los Datos Abiertos, el valor aportan a la sociedad, c\u00f3mo organizar datos de manera efectiva y c\u00f3mo publicar datos usando la plataforma l\u00edder para ello, CKAN.<\/p>\n<p>Profesorado: <a href=\"https:\/\/www.linkedin.com\/in\/ritadiazadan\" target=\"_blank\" rel=\"noopener\" target=\"_blank\" rel=\"noopener\"><span style=\"text-decoration: underline;color: #5c068c\">Rida D\u00edaz Ad\u00e1n<\/span><\/a> y <a href=\"https:\/\/www.linkedin.com\/in\/kelin-victoria-z%C3%BA%C3%B1iga-meneses-3939b992\" target=\"_blank\" rel=\"noopener\" target=\"_blank\" rel=\"noopener\"><span style=\"text-decoration: underline;color: #5c068c\">Kelin Victoria Z\u00fa\u00f1iga Meneses<\/span><\/a>.<\/p>\n<p><a href=\"https:\/\/sede.fg.ull.es\/es\/curso\/detalle\/a21030330\/como-publicar-datos-abiertos-plataformas-y-buenas-practicas\" target=\"_blank\" rel=\"noopener noreferrer\" target=\"_blank\" rel=\"noopener\"><span style=\"text-decoration: underline;color: #5c068c\">M\u00e1s informaci\u00f3n<\/span><\/a>[\/vc_column_text][\/vc_column][\/vc_row][vc_row css_animation=\u00bbfadeInUp\u00bb][vc_column width=\u00bb1\/2&#8243;][vc_single_image image=\u00bb942&#8243; img_size=\u00bbfull\u00bb onclick=\u00bbcustom_link\u00bb img_link_target=\u00bb_blank\u00bb link=\u00bbhttps:\/\/sede.fg.ull.es\/es\/curso\/detalle\/A21030127\/tecnologia-blockchain-ethereum-e-hyperledger-fabric\u00bb][\/vc_column][vc_column width=\u00bb1\/2&#8243;][vc_column_text]<span style=\"color: #5c068c\"><strong>1er Curso: Tecnolog\u00eda Blockchain &#8211; Ethereum e Hyperledger Fabric<\/strong><\/span><\/p>\n<p>1 de marzo de 2021 &#8211; 4 de marzo de 2021<\/p>\n<p>\u00bfQu\u00e9 es la tecnolog\u00eda Blockchain? \ud83d\udd17 \u00bfCu\u00e1ndo usarla? \ud83d\udd17 \u00bfQu\u00e9 tipos hay? \ud83d\udd17 \u00bfC\u00f3mo desplegar una? \ud83d\udd17 \u00bfQui\u00e9n la est\u00e1 usando con \u00e9xito? \ud83d\udd17 Este curso responde estas preguntas y muchas m\u00e1s<\/p>\n<p>Profesorado: <span style=\"text-decoration: underline;color: #5c068c\"><a style=\"color: #5c068c\" href=\"https:\/\/es.linkedin.com\/in\/benito-cuesta-viera\" target=\"_blank\" rel=\"noopener noreferrer\" target=\"_blank\" rel=\"noopener\">Benito Jos\u00e9 Cuesta Viera<\/a><\/span><\/p>\n<p><a href=\"https:\/\/sede.fg.ull.es\/es\/curso\/detalle\/A21030127\/tecnologia-blockchain-ethereum-e-hyperledger-fabric\" target=\"_blank\" rel=\"noopener noreferrer\" target=\"_blank\" rel=\"noopener\"><span style=\"text-decoration: underline;color: #5c068c\">M\u00e1s informaci\u00f3n<\/span><\/a>[\/vc_column_text][\/vc_column][\/vc_row][vc_row][vc_column][vc_raw_js]JTNDc2NyaXB0JTNFZnVuY3Rpb24lMjBsb2FkU2NyaXB0JTI4YSUyOSU3QnZhciUyMGIlM0Rkb2N1bWVudC5nZXRFbGVtZW50c0J5VGFnTmFtZSUyOCUyMmhlYWQlMjIlMjklNUIwJTVEJTJDYyUzRGRvY3VtZW50LmNyZWF0ZUVsZW1lbnQlMjglMjJzY3JpcHQlMjIlMjklM0JjLnR5cGUlM0QlMjJ0ZXh0JTJGamF2YXNjcmlwdCUyMiUyQ2Muc3JjJTNEJTIyaHR0cHMlM0ElMkYlMkZ0cmFja2VyLm1ldHJpY29vbC5jb20lMkZyZXNvdXJjZXMlMkZiZS5qcyUyMiUyQ2Mub25yZWFkeXN0YXRlY2hhbmdlJTNEYSUyQ2Mub25sb2FkJTNEYSUyQ2IuYXBwZW5kQ2hpbGQlMjhjJTI5JTdEbG9hZFNjcmlwdCUyOGZ1bmN0aW9uJTI4JTI5JTdCYmVUcmFja2VyLnQlMjglN0JoYXNoJTNBJTIyYjc3YjRhZTc0YTY0YTIzYmMxNTM0OWQ3YzM1NDIyMmIlMjIlN0QlMjklN0QlMjklM0IlM0MlMkZzY3JpcHQlM0U=[\/vc_raw_js][\/vc_column][\/vc_row]<\/p>\n","protected":false},"excerpt":{"rendered":"<p>[vc_row full_width=\u00bbstretch_row_content\u00bb el_class=\u00bbprincipio-marcha\u00bb][vc_column css=\u00bb.vc_custom_1588939369209{padding-top: 40px !important;}\u00bb][vc_custom_heading text=\u00bbCursos propios\u00bb font_container=\u00bbtag:h2|font_size:40px|text_align:left|color:%23ffffff\u00bb use_theme_fonts=\u00bbyes\u00bb css_animation=\u00bbfadeInDownBig\u00bb css=\u00bb.vc_custom_1595416156112{padding-left: 5% !important;}\u00bb][\/vc_column][\/vc_row][vc_row css_animation=\u00bbfadeInUp\u00bb][vc_column][vc_empty_space][\/vc_column][\/vc_row][vc_row disable_element=\u00bbyes\u00bb][vc_column width=\u00bb1\/2&#8243;][vc_column_text]La C\u00e1tedra est\u00e1 trabajando con la ULL y la Fundaci\u00f3n General ULL en el desarrollo de cursos especializados en materias de Big Data, Open Data y Blockchain. Estos cursos est\u00e1n enfocados a tres perfiles de estudiantes: directivos, especialistas y&#8230;<\/p>\n","protected":false},"author":5,"featured_media":0,"parent":0,"menu_order":0,"comment_status":"closed","ping_status":"closed","template":"templates\/template-no-title.php","meta":[],"_links":{"self":[{"href":"https:\/\/www.ull.es\/catedras\/catedrabob\/wp-json\/wp\/v2\/pages\/477"}],"collection":[{"href":"https:\/\/www.ull.es\/catedras\/catedrabob\/wp-json\/wp\/v2\/pages"}],"about":[{"href":"https:\/\/www.ull.es\/catedras\/catedrabob\/wp-json\/wp\/v2\/types\/page"}],"author":[{"embeddable":true,"href":"https:\/\/www.ull.es\/catedras\/catedrabob\/wp-json\/wp\/v2\/users\/5"}],"replies":[{"embeddable":true,"href":"https:\/\/www.ull.es\/catedras\/catedrabob\/wp-json\/wp\/v2\/comments?post=477"}],"version-history":[{"count":13,"href":"https:\/\/www.ull.es\/catedras\/catedrabob\/wp-json\/wp\/v2\/pages\/477\/revisions"}],"predecessor-version":[{"id":1412,"href":"https:\/\/www.ull.es\/catedras\/catedrabob\/wp-json\/wp\/v2\/pages\/477\/revisions\/1412"}],"wp:attachment":[{"href":"https:\/\/www.ull.es\/catedras\/catedrabob\/wp-json\/wp\/v2\/media?parent=477"}],"curies":[{"name":"wp","href":"https:\/\/api.w.org\/{rel}","templated":true}]}}