{"id":479,"date":"2020-06-23T10:45:32","date_gmt":"2020-06-23T10:45:32","guid":{"rendered":"https:\/\/www.ull.es\/catedras\/catedrabob\/?page_id=479"},"modified":"2023-03-14T16:09:40","modified_gmt":"2023-03-14T16:09:40","slug":"otros-cursos-de-interes","status":"publish","type":"page","link":"https:\/\/www.ull.es\/catedras\/catedrabob\/otros-cursos-de-interes\/","title":{"rendered":"Otros cursos de inter\u00e9s"},"content":{"rendered":"<p>[vc_row full_width=\u00bbstretch_row_content\u00bb el_class=\u00bbprincipio-marcha\u00bb][vc_column css=\u00bb.vc_custom_1588939369209{padding-top: 40px !important;}\u00bb][vc_custom_heading text=\u00bbOtros cursos de inter\u00e9s\u00bb font_container=\u00bbtag:h2|font_size:40px|text_align:left|color:%23ffffff\u00bb use_theme_fonts=\u00bbyes\u00bb css_animation=\u00bbfadeInDownBig\u00bb css=\u00bb.vc_custom_1595416216665{padding-left: 5% !important;}\u00bb][\/vc_column][\/vc_row][vc_row][vc_column][vc_empty_space][\/vc_column][\/vc_row][vc_row][vc_column][vc_row_inner][vc_column_inner width=\u00bb1\/2&#8243; css=\u00bb.vc_custom_1678806998911{margin-left: 0px !important;}\u00bb][vc_single_image image=\u00bb1417&#8243; img_size=\u00bbfull\u00bb][\/vc_column_inner][vc_column_inner width=\u00bb1\/2&#8243;][vc_column_text]<\/p>\n<h4><span style=\"color: #5c068c\"><strong>Ponencia 1<\/strong><\/span><\/h4>\n<p><span style=\"color: #5c068c\"><strong>Sociedad Digital: Actualidad y Futuro<\/strong><\/span><\/p>\n<p>16 de septiembre de 2020<\/p>\n<p>En esta ponencia se mostrar\u00e1 como la tecnolog\u00eda ha ido ganando terreno en la sociedad y como actualmente es un pilar fundamental en nuestra vida cotidiana<\/p>\n<p>Profesorado: <a href=\"https:\/\/www.linkedin.com\/in\/ricardo-palomo\/?originalSubdomain=es\" target=\"_blank\" rel=\"noopener\" target=\"_blank\" rel=\"noopener\"><span style=\"text-decoration: underline;color: #5c068c\">Ricardo Javier Palomo Zurdo<\/span><\/a>.<\/p>\n<p><a href=\"https:\/\/www.youtube.com\/watch?v=rSg4bG0mbzY\" target=\"_blank\" rel=\"noopener\" target=\"_blank\" rel=\"noopener\"><span style=\"text-decoration: underline;color: #5c068c\">Enlace<\/span><\/a>.[\/vc_column_text][\/vc_column_inner][\/vc_row_inner][\/vc_column][\/vc_row][vc_row][vc_column][vc_empty_space][\/vc_column][\/vc_row][vc_row][vc_column][vc_row_inner][vc_column_inner width=\u00bb1\/2&#8243; css=\u00bb.vc_custom_1678806998911{margin-left: 0px !important;}\u00bb][vc_single_image image=\u00bb1420&#8243; img_size=\u00bbfull\u00bb][\/vc_column_inner][vc_column_inner width=\u00bb1\/2&#8243;][vc_column_text]<\/p>\n<h4><span style=\"color: #5c068c\"><strong>Seminario 1<\/strong><\/span><\/h4>\n<p><span style=\"color: #5c068c\"><strong>Seminario BOB &#8211; Blockchain: Conceptos b\u00e1sicos y ejemplos reales<\/strong><\/span><\/p>\n<p>22 de octubre de 2019<\/p>\n<p>Se ayudar\u00e1 a entender cu\u00e1l es el recorrido de esta tecnolog\u00eda y se aprender\u00e1 cu\u00e1les son sus componentes fundamentales y como combin\u00e1ndolas se abre un mundo de posibilidades.<\/p>\n<p>Profesorado: <a href=\"https:\/\/www.linkedin.com\/in\/ricardo-palomo\/?originalSubdomain=es\" target=\"_blank\" rel=\"noopener\" target=\"_blank\" rel=\"noopener\"><span style=\"text-decoration: underline;color: #5c068c\">Carlos Rodr\u00edguez Cabrera<\/span><\/a>.<\/p>\n<p><a href=\"https:\/\/fg.ull.es\/empleo\/i-jornadas-cajasiete-ull-bob-blockchain-conceptos-basicos-y-ejemplos-reales\/\" target=\"_blank\" rel=\"noopener\" target=\"_blank\" rel=\"noopener\"><span style=\"text-decoration: underline;color: #5c068c\">M\u00e1s informaci\u00f3n&#8230;<\/span><\/a><\/p>\n<p>[\/vc_column_text][\/vc_column_inner][\/vc_row_inner][\/vc_column][\/vc_row][vc_row][vc_column][vc_empty_space][\/vc_column][\/vc_row][vc_row][vc_column][vc_row_inner][vc_column_inner width=\u00bb1\/2&#8243; css=\u00bb.vc_custom_1678806998911{margin-left: 0px !important;}\u00bb][vc_single_image image=\u00bb1421&#8243; img_size=\u00bbfull\u00bb][\/vc_column_inner][vc_column_inner width=\u00bb1\/2&#8243;][vc_column_text]<\/p>\n<h4><span style=\"color: #5c068c\"><strong>Jornada 1<\/strong><\/span><\/h4>\n<p><span style=\"color: #5c068c\"><strong>Jornada BOB:\u00a0 Alastria-ECO-Blockchain<\/strong><\/span><\/p>\n<p>11 de diciembre de 2019 &#8211; 12 de diciembre de 2019<\/p>\n<p>Jornada pr\u00e1ctica en el \u00e1mbito de blockchain para la presentaci\u00f3n de los ecosistemas de Alastria, as\u00ed como ejemplos reales de \u00e9xito de empresas canarias<\/p>\n<p>Profesorado: <a href=\"https:\/\/www.linkedin.com\/in\/montse-guardia-guell-09257b3\/?originalSubdomain=es\" target=\"_blank\" rel=\"noopener\" target=\"_blank\" rel=\"noopener\"><span style=\"text-decoration: underline;color: #5c068c\">Montserrat Guardia Guell<\/span><\/a>.<\/p>\n<p><a href=\"https:\/\/fg.ull.es\/empleo\/jornada-bob-alastria-eco-blockchain\/\" target=\"_blank\" rel=\"noopener\" target=\"_blank\" rel=\"noopener\"><span style=\"text-decoration: underline;color: #5c068c\">M\u00e1s informaci\u00f3n&#8230;<\/span><\/a><\/p>\n<p>[\/vc_column_text][\/vc_column_inner][\/vc_row_inner][\/vc_column][\/vc_row][vc_row][vc_column][vc_raw_js]JTNDc2NyaXB0JTNFZnVuY3Rpb24lMjBsb2FkU2NyaXB0JTI4YSUyOSU3QnZhciUyMGIlM0Rkb2N1bWVudC5nZXRFbGVtZW50c0J5VGFnTmFtZSUyOCUyMmhlYWQlMjIlMjklNUIwJTVEJTJDYyUzRGRvY3VtZW50LmNyZWF0ZUVsZW1lbnQlMjglMjJzY3JpcHQlMjIlMjklM0JjLnR5cGUlM0QlMjJ0ZXh0JTJGamF2YXNjcmlwdCUyMiUyQ2Muc3JjJTNEJTIyaHR0cHMlM0ElMkYlMkZ0cmFja2VyLm1ldHJpY29vbC5jb20lMkZyZXNvdXJjZXMlMkZiZS5qcyUyMiUyQ2Mub25yZWFkeXN0YXRlY2hhbmdlJTNEYSUyQ2Mub25sb2FkJTNEYSUyQ2IuYXBwZW5kQ2hpbGQlMjhjJTI5JTdEbG9hZFNjcmlwdCUyOGZ1bmN0aW9uJTI4JTI5JTdCYmVUcmFja2VyLnQlMjglN0JoYXNoJTNBJTIyYjc3YjRhZTc0YTY0YTIzYmMxNTM0OWQ3YzM1NDIyMmIlMjIlN0QlMjklN0QlMjklM0IlM0MlMkZzY3JpcHQlM0U=[\/vc_raw_js][\/vc_column][\/vc_row]<\/p>\n","protected":false},"excerpt":{"rendered":"<p>[vc_row full_width=\u00bbstretch_row_content\u00bb el_class=\u00bbprincipio-marcha\u00bb][vc_column css=\u00bb.vc_custom_1588939369209{padding-top: 40px !important;}\u00bb][vc_custom_heading text=\u00bbOtros cursos de inter\u00e9s\u00bb font_container=\u00bbtag:h2|font_size:40px|text_align:left|color:%23ffffff\u00bb use_theme_fonts=\u00bbyes\u00bb css_animation=\u00bbfadeInDownBig\u00bb css=\u00bb.vc_custom_1595416216665{padding-left: 5% !important;}\u00bb][\/vc_column][\/vc_row][vc_row][vc_column][vc_empty_space][\/vc_column][\/vc_row][vc_row][vc_column][vc_row_inner][vc_column_inner width=\u00bb1\/2&#8243; css=\u00bb.vc_custom_1678806998911{margin-left: 0px !important;}\u00bb][vc_single_image image=\u00bb1417&#8243; img_size=\u00bbfull\u00bb][\/vc_column_inner][vc_column_inner width=\u00bb1\/2&#8243;][vc_column_text] Ponencia 1 Sociedad Digital: Actualidad y Futuro 16 de septiembre de 2020 En esta ponencia se mostrar\u00e1 como la tecnolog\u00eda ha ido ganando terreno en la sociedad y como actualmente es un&#8230;<\/p>\n","protected":false},"author":5,"featured_media":0,"parent":0,"menu_order":0,"comment_status":"closed","ping_status":"closed","template":"templates\/template-no-title.php","meta":[],"_links":{"self":[{"href":"https:\/\/www.ull.es\/catedras\/catedrabob\/wp-json\/wp\/v2\/pages\/479"}],"collection":[{"href":"https:\/\/www.ull.es\/catedras\/catedrabob\/wp-json\/wp\/v2\/pages"}],"about":[{"href":"https:\/\/www.ull.es\/catedras\/catedrabob\/wp-json\/wp\/v2\/types\/page"}],"author":[{"embeddable":true,"href":"https:\/\/www.ull.es\/catedras\/catedrabob\/wp-json\/wp\/v2\/users\/5"}],"replies":[{"embeddable":true,"href":"https:\/\/www.ull.es\/catedras\/catedrabob\/wp-json\/wp\/v2\/comments?post=479"}],"version-history":[{"count":22,"href":"https:\/\/www.ull.es\/catedras\/catedrabob\/wp-json\/wp\/v2\/pages\/479\/revisions"}],"predecessor-version":[{"id":1422,"href":"https:\/\/www.ull.es\/catedras\/catedrabob\/wp-json\/wp\/v2\/pages\/479\/revisions\/1422"}],"wp:attachment":[{"href":"https:\/\/www.ull.es\/catedras\/catedrabob\/wp-json\/wp\/v2\/media?parent=479"}],"curies":[{"name":"wp","href":"https:\/\/api.w.org\/{rel}","templated":true}]}}