{"id":648,"date":"2020-07-15T12:17:55","date_gmt":"2020-07-15T12:17:55","guid":{"rendered":"https:\/\/www.ull.es\/catedras\/catedrabob\/?page_id=648"},"modified":"2023-03-23T13:25:13","modified_gmt":"2023-03-23T13:25:13","slug":"que-es-blockchain","status":"publish","type":"page","link":"https:\/\/www.ull.es\/catedras\/catedrabob\/que-es-blockchain\/","title":{"rendered":"\u00bfQu\u00e9 es Blockchain?"},"content":{"rendered":"<p>[vc_row full_width=\u00bbstretch_row_content\u00bb el_class=\u00bbprincipio-marcha\u00bb][vc_column css=\u00bb.vc_custom_1588939369209{padding-top: 40px !important;}\u00bb][vc_custom_heading text=\u00bb\u00bfQu\u00e9 es Blockchain?\u00bb font_container=\u00bbtag:h2|font_size:40px|text_align:left|color:%23ffffff\u00bb use_theme_fonts=\u00bbyes\u00bb css_animation=\u00bbfadeInDownBig\u00bb css=\u00bb.vc_custom_1595407514205{padding-left: 5% !important;}\u00bb][\/vc_column][\/vc_row][vc_row full_width=\u00bbstretch_row_content_no_spaces\u00bb][vc_column]<link href=\"https:\/\/fonts.googleapis.com\/css?family=Rubik:700%7CPoppins:500%7CRoboto:700italic\" rel=\"stylesheet\" property=\"stylesheet\" type=\"text\/css\" media=\"all\">\n<div id=\"rev_slider_6_1_wrapper\" class=\"rev_slider_wrapper fullwidthbanner-container\" data-source=\"gallery\" style=\"margin:0px auto;background:transparent;padding:0px;margin-top:0px;margin-bottom:0px;\">\n<!-- START REVOLUTION SLIDER 5.4.7.3 fullwidth mode -->\n\t<div id=\"rev_slider_6_1\" class=\"rev_slider fullwidthabanner\" style=\"display:none;\" data-version=\"5.4.7.3\">\n<ul>\t<!-- SLIDE  -->\n\t<li data-index=\"rs-175\" data-transition=\"fade\" data-slotamount=\"default\" data-hideafterloop=\"0\" data-hideslideonmobile=\"off\"  data-easein=\"default\" data-easeout=\"default\" data-masterspeed=\"300\"  data-rotate=\"0\"  data-saveperformance=\"off\"  data-title=\"Slide\" data-param1=\"\" data-param2=\"\" data-param3=\"\" data-param4=\"\" data-param5=\"\" data-param6=\"\" data-param7=\"\" data-param8=\"\" data-param9=\"\" data-param10=\"\" data-description=\"\">\n\t\t<!-- MAIN IMAGE -->\n\t\t<img src=\"https:\/\/www.ull.es\/catedras\/catedrabob\/wp-content\/uploads\/sites\/6\/2020\/07\/bob101.jpg\"  alt=\"\" title=\"bob101\"  width=\"2000\" height=\"1333\" data-bgposition=\"center center\" data-kenburns=\"on\" data-duration=\"10000\" data-ease=\"Linear.easeNone\" data-scalestart=\"100\" data-scaleend=\"120\" data-rotatestart=\"0\" data-rotateend=\"0\" data-blurstart=\"0\" data-blurend=\"0\" data-offsetstart=\"0 0\" data-offsetend=\"0 0\" data-bgparallax=\"off\" class=\"rev-slidebg\" data-no-retina>\n\t\t<!-- LAYERS -->\n\n\t\t<!-- LAYER NR. 1 -->\n\t\t<div class=\"tp-caption   tp-resizeme\" \n\t\t\t id=\"slide-175-layer-17\" \n\t\t\t data-x=\"['left','left','left','left']\" data-hoffset=\"['-597','-680','-593','-633']\" \n\t\t\t data-y=\"['top','top','top','top']\" data-voffset=\"['35','61','40','-7']\" \n\t\t\t\t\t\tdata-width=\"none\"\n\t\t\tdata-height=\"none\"\n\t\t\tdata-whitespace=\"nowrap\"\n \n\t\t\tdata-type=\"image\" \n\t\t\tdata-responsive_offset=\"on\" \n\n\t\t\tdata-frames='[{\"delay\":10,\"speed\":300,\"frame\":\"0\",\"from\":\"opacity:0;\",\"to\":\"o:0.6;\",\"ease\":\"Power3.easeInOut\"},{\"delay\":\"wait\",\"speed\":300,\"frame\":\"999\",\"to\":\"opacity:0;\",\"ease\":\"Power3.easeInOut\"}]'\n\t\t\tdata-textAlign=\"['inherit','inherit','inherit','inherit']\"\n\t\t\tdata-paddingtop=\"[0,0,0,0]\"\n\t\t\tdata-paddingright=\"[0,0,0,0]\"\n\t\t\tdata-paddingbottom=\"[0,0,0,0]\"\n\t\t\tdata-paddingleft=\"[0,0,0,0]\"\n\n\t\t\tstyle=\"z-index: 5;\"><img src=\"https:\/\/www.ull.es\/catedras\/catedrabob\/wp-content\/uploads\/sites\/6\/revslider\/inicio-ull\/shape-ULL-3-1.png\" alt=\"\" data-ww=\"['1209px','1209px','1002px','962px']\" data-hh=\"['333px','333px','276px','265px']\" width=\"1209\" height=\"333\" data-no-retina> <\/div>\n\n\t\t<!-- LAYER NR. 2 -->\n\t\t<div class=\"tp-caption   tp-resizeme\" \n\t\t\t id=\"slide-175-layer-19\" \n\t\t\t data-x=\"['left','left','left','left']\" data-hoffset=\"['-186','-270','-372','-449']\" \n\t\t\t data-y=\"['top','top','top','top']\" data-voffset=\"['43','68','46','-1']\" \n\t\t\t\t\t\tdata-width=\"none\"\n\t\t\tdata-height=\"none\"\n\t\t\tdata-whitespace=\"nowrap\"\n \n\t\t\tdata-type=\"image\" \n\t\t\tdata-responsive_offset=\"on\" \n\n\t\t\tdata-frames='[{\"delay\":10,\"speed\":300,\"frame\":\"0\",\"from\":\"opacity:0;\",\"to\":\"o:1;\",\"ease\":\"Power3.easeInOut\"},{\"delay\":\"wait\",\"speed\":300,\"frame\":\"999\",\"to\":\"opacity:0;\",\"ease\":\"Power3.easeInOut\"}]'\n\t\t\tdata-textAlign=\"['inherit','inherit','inherit','inherit']\"\n\t\t\tdata-paddingtop=\"[0,0,0,0]\"\n\t\t\tdata-paddingright=\"[0,0,0,0]\"\n\t\t\tdata-paddingbottom=\"[0,0,0,0]\"\n\t\t\tdata-paddingleft=\"[0,0,0,0]\"\n\n\t\t\tstyle=\"z-index: 6;\"><img src=\"https:\/\/www.ull.es\/catedras\/catedrabob\/wp-content\/uploads\/sites\/6\/revslider\/inicio-ull\/New-Project-1-1.png\" alt=\"\" data-ww=\"['705px','705px','705px','705px']\" data-hh=\"['32px','32px','32px','32px']\" width=\"1123\" height=\"51\" data-no-retina> <\/div>\n\n\t\t<!-- LAYER NR. 3 -->\n\t\t<div class=\"tp-caption   tp-resizeme\" \n\t\t\t id=\"slide-175-layer-3\" \n\t\t\t data-x=\"['left','left','left','left']\" data-hoffset=\"['16','21','14','14']\" \n\t\t\t data-y=\"['top','top','top','top']\" data-voffset=\"['135','117','93','51']\" \n\t\t\t\t\t\tdata-fontsize=\"['25','21','19','14']\"\n\t\t\tdata-lineheight=\"['28','26','21','16']\"\n\t\t\tdata-width=\"['482','402','319','207']\"\n\t\t\tdata-height=\"['59','53','47','33']\"\n\t\t\tdata-whitespace=\"normal\"\n \n\t\t\tdata-type=\"text\" \n\t\t\tdata-responsive_offset=\"on\" \n\n\t\t\tdata-frames='[{\"delay\":950,\"speed\":300,\"frame\":\"0\",\"from\":\"opacity:0;\",\"to\":\"o:1;\",\"ease\":\"Power2.easeInOut\"},{\"delay\":\"wait\",\"speed\":280,\"frame\":\"999\",\"to\":\"opacity:0;\",\"ease\":\"nothing\"}]'\n\t\t\tdata-textAlign=\"['left','left','left','left']\"\n\t\t\tdata-paddingtop=\"[0,0,0,0]\"\n\t\t\tdata-paddingright=\"[0,0,0,0]\"\n\t\t\tdata-paddingbottom=\"[0,0,0,0]\"\n\t\t\tdata-paddingleft=\"[0,0,0,0]\"\n\n\t\t\tstyle=\"z-index: 7; min-width: 482px; max-width: 482px; max-width: 59px; max-width: 59px; white-space: normal; font-size: 25px; line-height: 28px; font-weight: 700; color: #ffffff; letter-spacing: px;font-family:Rubik;\">BlockChain <\/div>\n\n\t\t<!-- LAYER NR. 4 -->\n\t\t<div class=\"tp-caption   tp-resizeme\" \n\t\t\t id=\"slide-175-layer-4\" \n\t\t\t data-x=\"['left','left','left','left']\" data-hoffset=\"['17','22','14','13']\" \n\t\t\t data-y=\"['top','top','top','top']\" data-voffset=\"['186','179','140','94']\" \n\t\t\t\t\t\tdata-fontsize=\"['17','15','14','12']\"\n\t\t\tdata-lineheight=\"['19','17','16','14']\"\n\t\t\tdata-width=\"['508','384','334','257']\"\n\t\t\tdata-height=\"['none','120','none','none']\"\n\t\t\tdata-whitespace=\"normal\"\n \n\t\t\tdata-type=\"text\" \n\t\t\tdata-responsive_offset=\"on\" \n\n\t\t\tdata-frames='[{\"delay\":1110,\"speed\":300,\"frame\":\"0\",\"from\":\"opacity:0;\",\"to\":\"o:1;\",\"ease\":\"Power2.easeInOut\"},{\"delay\":\"wait\",\"speed\":280,\"frame\":\"999\",\"to\":\"opacity:0;\",\"ease\":\"nothing\"}]'\n\t\t\tdata-textAlign=\"['left','left','left','left']\"\n\t\t\tdata-paddingtop=\"[0,0,0,0]\"\n\t\t\tdata-paddingright=\"[0,0,0,0]\"\n\t\t\tdata-paddingbottom=\"[0,0,0,0]\"\n\t\t\tdata-paddingleft=\"[0,0,0,0]\"\n\n\t\t\tstyle=\"z-index: 8; min-width: 508px; max-width: 508px; white-space: normal; font-size: 17px; line-height: 19px; font-weight: 500; color: #ffffff; letter-spacing: px;font-family:Poppins;\"> Base de datos distribuida, segura, encriptada, inmutable, verificable y transparente. <\/div>\n\n\t\t<!-- LAYER NR. 5 -->\n\t\t<div class=\"tp-caption   tp-resizeme\" \n\t\t\t id=\"slide-175-layer-9\" \n\t\t\t data-x=\"['left','left','left','left']\" data-hoffset=\"['17','15','14','15']\" \n\t\t\t data-y=\"['top','top','top','top']\" data-voffset=\"['49','74','53','9']\" \n\t\t\t\t\t\tdata-fontsize=\"['18','18','16','13']\"\n\t\t\tdata-lineheight=\"['20','20','18','15']\"\n\t\t\tdata-width=\"none\"\n\t\t\tdata-height=\"none\"\n\t\t\tdata-whitespace=\"nowrap\"\n \n\t\t\tdata-type=\"text\" \n\t\t\tdata-responsive_offset=\"on\" \n\n\t\t\tdata-frames='[{\"delay\":650,\"speed\":300,\"frame\":\"0\",\"from\":\"opacity:0;\",\"to\":\"o:1;\",\"ease\":\"Power3.easeInOut\"},{\"delay\":\"wait\",\"speed\":300,\"frame\":\"999\",\"to\":\"opacity:0;\",\"ease\":\"Power3.easeInOut\"}]'\n\t\t\tdata-textAlign=\"['inherit','inherit','inherit','inherit']\"\n\t\t\tdata-paddingtop=\"[0,0,0,0]\"\n\t\t\tdata-paddingright=\"[0,0,0,0]\"\n\t\t\tdata-paddingbottom=\"[0,0,0,0]\"\n\t\t\tdata-paddingleft=\"[0,0,0,0]\"\n\n\t\t\tstyle=\"z-index: 10; white-space: nowrap; font-size: 18px; line-height: 20px; font-weight: 700; color: #5c068c; letter-spacing: px;font-family:Roboto;font-style:italic;\"> <\/div>\n\t<\/li>\n<\/ul>\n<div class=\"tp-bannertimer\" style=\"height: 5px; background: rgba(0,0,0,0.15);\"><\/div>\t<\/div>\n<script>var htmlDiv = document.getElementById(\"rs-plugin-settings-inline-css\"); var htmlDivCss=\"\";\r\n\t\t\t\tif(htmlDiv) {\r\n\t\t\t\t\thtmlDiv.innerHTML = htmlDiv.innerHTML + htmlDivCss;\r\n\t\t\t\t}else{\r\n\t\t\t\t\tvar htmlDiv = document.createElement(\"div\");\r\n\t\t\t\t\thtmlDiv.innerHTML = \"<style>\" + htmlDivCss + \"<\/style>\";\r\n\t\t\t\t\tdocument.getElementsByTagName(\"head\")[0].appendChild(htmlDiv.childNodes[0]);\r\n\t\t\t\t}\r\n\t\t\t<\/script>\n\t\t<script type=\"text\/javascript\">\r\nif (setREVStartSize!==undefined) setREVStartSize(\r\n\t{c: '#rev_slider_6_1', responsiveLevels: [1240,1024,778,480], gridwidth: [1240,1024,778,480], gridheight: [400,450,350,250], sliderLayout: 'fullwidth'});\r\n\t\t\t\r\nvar revapi6,\r\n\ttpj;\t\r\n(function() {\t\t\t\r\n\tif (!\/loaded|interactive|complete\/.test(document.readyState)) document.addEventListener(\"DOMContentLoaded\",onLoad); else onLoad();\t\r\n\tfunction onLoad() {\t\t\t\t\r\n\t\tif (tpj===undefined) { tpj = jQuery; if(\"off\" == \"on\") tpj.noConflict();}\r\n\tif(tpj(\"#rev_slider_6_1\").revolution == undefined){\n\t\trevslider_showDoubleJqueryError(\"#rev_slider_6_1\");\n\t}else{\n\t\trevapi6 = tpj(\"#rev_slider_6_1\").show().revolution({\n\t\t\tsliderType:\"standard\",\n\t\t\tjsFileLocation:\"\/\/www.ull.es\/catedras\/catedrabob\/wp-content\/plugins\/revslider\/public\/assets\/js\/\",\n\t\t\tsliderLayout:\"fullwidth\",\n\t\t\tdottedOverlay:\"none\",\n\t\t\tdelay:9000,\n\t\t\tnavigation: {\n\t\t\t\tkeyboardNavigation:\"off\",\n\t\t\t\tkeyboard_direction: \"horizontal\",\n\t\t\t\tmouseScrollNavigation:\"off\",\n \t\t\t\t\t\t\tmouseScrollReverse:\"default\",\n\t\t\t\tonHoverStop:\"on\",\n\t\t\t\ttouch:{\n\t\t\t\t\ttouchenabled:\"on\",\n\t\t\t\t\ttouchOnDesktop:\"off\",\n\t\t\t\t\tswipe_threshold: 75,\n\t\t\t\t\tswipe_min_touches: 50,\n\t\t\t\t\tswipe_direction: \"horizontal\",\n\t\t\t\t\tdrag_block_vertical: false\n\t\t\t\t}\n\t\t\t},\n\t\t\tresponsiveLevels:[1240,1024,778,480],\n\t\t\tvisibilityLevels:[1240,1024,778,480],\n\t\t\tgridwidth:[1240,1024,778,480],\n\t\t\tgridheight:[400,450,350,250],\n\t\t\tlazyType:\"none\",\n\t\t\tparallax: {\n\t\t\t\ttype:\"mouse\",\n\t\t\t\torigo:\"slidercenter\",\n\t\t\t\tspeed:2000,\n\t\t\t\tspeedbg:0,\n\t\t\t\tspeedls:0,\n\t\t\t\tlevels:[2,3,4,5,6,7,12,16,10,50,47,48,49,50,51,55],\n\t\t\t},\n\t\t\tshadow:0,\n\t\t\tspinner:\"off\",\n\t\t\tstopLoop:\"off\",\n\t\t\tstopAfterLoops:-1,\n\t\t\tstopAtSlide:-1,\n\t\t\tshuffle:\"off\",\n\t\t\tautoHeight:\"off\",\n\t\t\thideThumbsOnMobile:\"off\",\n\t\t\thideSliderAtLimit:0,\n\t\t\thideCaptionAtLimit:0,\n\t\t\thideAllCaptionAtLilmit:0,\n\t\t\tdebugMode:false,\n\t\t\tfallbacks: {\n\t\t\t\tsimplifyAll:\"off\",\n\t\t\t\tnextSlideOnWindowFocus:\"off\",\n\t\t\t\tdisableFocusListener:false,\n\t\t\t}\n\t\t});\n\t}; \/* END OF revapi call *\/\n\t\n }; \/* END OF ON LOAD FUNCTION *\/\r\n}()); \/* END OF WRAPPING FUNCTION *\/\r\n<\/script>\r\n\t\t<\/div><!-- END REVOLUTION SLIDER -->[\/vc_column][\/vc_row][vc_row css_animation=\u00bbfadeInUp\u00bb][vc_column][vc_row_inner][vc_column_inner][vc_empty_space height=\u00bb20px\u00bb][vc_column_text]<span style=\"font-weight: 400\">La tecnolog\u00eda <strong>Blockchain<\/strong> es una herramienta revolucionaria que est\u00e1 cambiando nuestra forma de almacenar y compartir datos. Existe desde hace m\u00e1s de una d\u00e9cada y sus aplicaciones son cada vez m\u00e1s frecuentes. La tecnolog\u00eda Blockchain es un sistema de libro mayor distribuido, lo que significa que sus datos no se almacenan en un \u00fanico servidor, sino que se extienden por una red de ordenadores. Esta red se supervisa y actualiza constantemente, garantizando que los datos que almacena son precisos y seguros.<\/span><\/p>\n<p><span style=\"font-weight: 400\">El uso m\u00e1s popular de la tecnolog\u00eda <strong>Blockchain<\/strong> es la criptomoneda. Las criptodivisas son monedas digitales seguras y protegidas por criptograf\u00eda. Estas monedas pueden utilizarse para adquirir bienes y servicios, y cada vez son m\u00e1s populares como forma digital de pago. La tecnolog\u00eda Blockchain se utiliza para mantener registros de todas las transacciones de criptodivisas, garantizando que sean seguras y precisas.<\/span><\/p>\n<p><span style=\"font-weight: 400\">Aparte de la criptomoneda, existen muchas otras aplicaciones potenciales para la tecnolog\u00eda blockchain. Puede utilizarse para proteger documentos digitales, como historiales m\u00e9dicos y contratos, y tambi\u00e9n para realizar el seguimiento de bienes y servicios. La tecnolog\u00eda blockchain tambi\u00e9n se est\u00e1 explorando para aplicaciones en sistemas de votaci\u00f3n, ya que proporciona una forma segura y transparente de almacenar y compartir datos de votaci\u00f3n.<\/span><\/p>\n<p><span style=\"font-weight: 400\">La tecnolog\u00eda <strong>Blockchain<\/strong> es todav\u00eda relativamente nueva y sus aplicaciones potenciales son enormes. A medida que m\u00e1s empresas y organizaciones exploran su uso, podemos esperar ver m\u00e1s usos innovadores de la tecnolog\u00eda blockchain. Tiene el potencial de revolucionar la forma en que almacenamos y compartimos datos, haci\u00e9ndolos m\u00e1s seguros y de m\u00e1s f\u00e1cil acceso. Por esta raz\u00f3n, la tecnolog\u00eda blockchain es una herramienta importante que probablemente dar\u00e1 forma al futuro del almacenamiento y el intercambio de datos.<\/span>[\/vc_column_text][vc_empty_space height=\u00bb20px\u00bb][\/vc_column_inner][\/vc_row_inner][\/vc_column][\/vc_row][vc_row][vc_column][vc_raw_js]JTNDc2NyaXB0JTNFZnVuY3Rpb24lMjBsb2FkU2NyaXB0JTI4YSUyOSU3QnZhciUyMGIlM0Rkb2N1bWVudC5nZXRFbGVtZW50c0J5VGFnTmFtZSUyOCUyMmhlYWQlMjIlMjklNUIwJTVEJTJDYyUzRGRvY3VtZW50LmNyZWF0ZUVsZW1lbnQlMjglMjJzY3JpcHQlMjIlMjklM0JjLnR5cGUlM0QlMjJ0ZXh0JTJGamF2YXNjcmlwdCUyMiUyQ2Muc3JjJTNEJTIyaHR0cHMlM0ElMkYlMkZ0cmFja2VyLm1ldHJpY29vbC5jb20lMkZyZXNvdXJjZXMlMkZiZS5qcyUyMiUyQ2Mub25yZWFkeXN0YXRlY2hhbmdlJTNEYSUyQ2Mub25sb2FkJTNEYSUyQ2IuYXBwZW5kQ2hpbGQlMjhjJTI5JTdEbG9hZFNjcmlwdCUyOGZ1bmN0aW9uJTI4JTI5JTdCYmVUcmFja2VyLnQlMjglN0JoYXNoJTNBJTIyYjc3YjRhZTc0YTY0YTIzYmMxNTM0OWQ3YzM1NDIyMmIlMjIlN0QlMjklN0QlMjklM0IlM0MlMkZzY3JpcHQlM0U=[\/vc_raw_js][\/vc_column][\/vc_row]<\/p>\n","protected":false},"excerpt":{"rendered":"<p>[vc_row full_width=\u00bbstretch_row_content\u00bb el_class=\u00bbprincipio-marcha\u00bb][vc_column css=\u00bb.vc_custom_1588939369209{padding-top: 40px !important;}\u00bb][vc_custom_heading text=\u00bb\u00bfQu\u00e9 es Blockchain?\u00bb font_container=\u00bbtag:h2|font_size:40px|text_align:left|color:%23ffffff\u00bb use_theme_fonts=\u00bbyes\u00bb css_animation=\u00bbfadeInDownBig\u00bb css=\u00bb.vc_custom_1595407514205{padding-left: 5% !important;}\u00bb][\/vc_column][\/vc_row][vc_row full_width=\u00bbstretch_row_content_no_spaces\u00bb][vc_column][\/vc_column][\/vc_row][vc_row css_animation=\u00bbfadeInUp\u00bb][vc_column][vc_row_inner][vc_column_inner][vc_empty_space height=\u00bb20px\u00bb][vc_column_text]La tecnolog\u00eda Blockchain es una herramienta revolucionaria que est\u00e1 cambiando nuestra forma de almacenar y compartir datos. Existe desde hace m\u00e1s de una d\u00e9cada y sus aplicaciones son cada vez m\u00e1s frecuentes. La tecnolog\u00eda Blockchain es un sistema&#8230;<\/p>\n","protected":false},"author":5,"featured_media":0,"parent":0,"menu_order":0,"comment_status":"closed","ping_status":"closed","template":"templates\/template-no-title.php","meta":[],"_links":{"self":[{"href":"https:\/\/www.ull.es\/catedras\/catedrabob\/wp-json\/wp\/v2\/pages\/648"}],"collection":[{"href":"https:\/\/www.ull.es\/catedras\/catedrabob\/wp-json\/wp\/v2\/pages"}],"about":[{"href":"https:\/\/www.ull.es\/catedras\/catedrabob\/wp-json\/wp\/v2\/types\/page"}],"author":[{"embeddable":true,"href":"https:\/\/www.ull.es\/catedras\/catedrabob\/wp-json\/wp\/v2\/users\/5"}],"replies":[{"embeddable":true,"href":"https:\/\/www.ull.es\/catedras\/catedrabob\/wp-json\/wp\/v2\/comments?post=648"}],"version-history":[{"count":9,"href":"https:\/\/www.ull.es\/catedras\/catedrabob\/wp-json\/wp\/v2\/pages\/648\/revisions"}],"predecessor-version":[{"id":1432,"href":"https:\/\/www.ull.es\/catedras\/catedrabob\/wp-json\/wp\/v2\/pages\/648\/revisions\/1432"}],"wp:attachment":[{"href":"https:\/\/www.ull.es\/catedras\/catedrabob\/wp-json\/wp\/v2\/media?parent=648"}],"curies":[{"name":"wp","href":"https:\/\/api.w.org\/{rel}","templated":true}]}}