{"id":1634,"date":"2025-02-20T08:40:07","date_gmt":"2025-02-20T08:40:07","guid":{"rendered":"https:\/\/www.ull.es\/catedras\/discapacidad-auditiva-accesibilidad\/?page_id=1634"},"modified":"2025-02-26T10:26:02","modified_gmt":"2025-02-26T10:26:02","slug":"mision-y-vision","status":"publish","type":"page","link":"https:\/\/www.ull.es\/catedras\/discapacidad-auditiva-accesibilidad\/mision-y-vision\/","title":{"rendered":"Misi\u00f3n y Visi\u00f3n"},"content":{"rendered":"<p>[vc_row css=\u00bb.vc_custom_1740488747060{margin-top: -5% !important;padding-right: 25% !important;padding-left: 25% !important;}\u00bb][vc_column][rev_slider_vc alias=\u00bbmision-y-vision\u00bb][\/vc_column][\/vc_row][vc_row full_width=\u00bbstretch_row_content\u00bb el_class=\u00bbprincipio-marcha\u00bb css=\u00bb.vc_custom_1740563443060{padding-right: 20% !important;padding-left: 20% !important;}\u00bb][vc_column css=\u00bb.vc_custom_1588939369209{padding-top: 40px !important;}\u00bb][vc_custom_heading text=\u00bbMisi\u00f3n y Visi\u00f3n\u00bb font_container=\u00bbtag:h2|font_size:40px|text_align:center|color:%23ffffff\u00bb use_theme_fonts=\u00bbyes\u00bb css_animation=\u00bbnone\u00bb css=\u00bb.vc_custom_1740406085368{padding-left: 5% !important;}\u00bb][\/vc_column][\/vc_row][vc_row gap=\u00bb35&#8243; content_placement=\u00bbtop\u00bb css=\u00bb.vc_custom_1740563724302{margin-top: -3% !important;padding-right: 15% !important;padding-left: 15% !important;}\u00bb][vc_column width=\u00bb2\/3&#8243;][vc_column_text]<\/p>\n<h2>Misi\u00f3n<\/h2>\n<p>Posicionar a Canarias y a la Universidad de La Laguna como referentes nacionales e internacionales en accesibilidad e inclusi\u00f3n para personas con discapacidad auditiva, visual y sordoceguera, siendo reconocidos por la sociedad por impulsar soluciones que mejoren su autonom\u00eda, comunicaci\u00f3n y calidad de vida.[\/vc_column_text][\/vc_column][vc_column width=\u00bb1\/3&#8243;][vc_video link=\u00bbhttps:\/\/youtu.be\/vxI-CAWJ6pA\u00bb][\/vc_column][\/vc_row][vc_row gap=\u00bb35&#8243; content_placement=\u00bbtop\u00bb css=\u00bb.vc_custom_1740563733109{margin-bottom: 5% !important;padding-right: 15% !important;padding-left: 15% !important;}\u00bb][vc_column width=\u00bb2\/3&#8243;][vc_column_text]<\/p>\n<h2><strong>Visi\u00f3n<\/strong><\/h2>\n<p>Promover la inclusi\u00f3n y accesibilidad de las personas con discapacidad auditiva, visual y sordoceguera en Canarias, a trav\u00e9s de la investigaci\u00f3n, formaci\u00f3n y divulgaci\u00f3n en tecnolog\u00edas innovadoras, soluciones digitales y modelos de colaboraci\u00f3n p\u00fablico-privada.[\/vc_column_text][\/vc_column][vc_column width=\u00bb1\/3&#8243;][vc_video link=\u00bbhttps:\/\/youtu.be\/aPOp0PcamVM\u00bb][\/vc_column][\/vc_row][vc_row disable_element=\u00bbyes\u00bb][vc_column][vc_tta_tour style=\u00bboutline\u00bb color=\u00bbmulled-wine\u00bb active_section=\u00bb1&#8243; css_animation=\u00bbnone\u00bb][vc_tta_section i_icon_fontawesome=\u00bbfas fa-assistive-listening-systems\u00bb add_icon=\u00bbtrue\u00bb title=\u00bbImplante coclear\u00bb tab_id=\u00bb1615398410960-443ce55c-23b6&#8243;][\/vc_tta_section][vc_tta_section i_icon_fontawesome=\u00bbfas fa-american-sign-language-interpreting\u00bb add_icon=\u00bbtrue\u00bb title=\u00bbLengua de Signos Espa\u00f1ola (LSE)\u00bb tab_id=\u00bb1615399637629-4f806c1b-48b3&#8243;][\/vc_tta_section][vc_tta_section i_icon_fontawesome=\u00bbfar fa-eye\u00bb add_icon=\u00bbtrue\u00bb title=\u00bbDiscapacidad Visual y Sordoceguera\u00bb tab_id=\u00bb1740053750881-10e3db8a-dc39&#8243;][\/vc_tta_section][\/vc_tta_tour][\/vc_column][\/vc_row]<\/p>\n","protected":false},"excerpt":{"rendered":"<p>[vc_row css=\u00bb.vc_custom_1740488747060{margin-top: -5% !important;padding-right: 25% !important;padding-left: 25% !important;}\u00bb][vc_column][rev_slider_vc alias=\u00bbmision-y-vision\u00bb][\/vc_column][\/vc_row][vc_row full_width=\u00bbstretch_row_content\u00bb el_class=\u00bbprincipio-marcha\u00bb css=\u00bb.vc_custom_1740563443060{padding-right: 20% !important;padding-left: 20% !important;}\u00bb][vc_column css=\u00bb.vc_custom_1588939369209{padding-top: 40px !important;}\u00bb][vc_custom_heading text=\u00bbMisi\u00f3n y Visi\u00f3n\u00bb font_container=\u00bbtag:h2|font_size:40px|text_align:center|color:%23ffffff\u00bb use_theme_fonts=\u00bbyes\u00bb css_animation=\u00bbnone\u00bb css=\u00bb.vc_custom_1740406085368{padding-left: 5% !important;}\u00bb][\/vc_column][\/vc_row][vc_row gap=\u00bb35&#8243; content_placement=\u00bbtop\u00bb css=\u00bb.vc_custom_1740563724302{margin-top: -3% !important;padding-right: 15% !important;padding-left: 15% !important;}\u00bb][vc_column width=\u00bb2\/3&#8243;][vc_column_text] Misi\u00f3n Posicionar a Canarias y a la Universidad de La Laguna como referentes nacionales e internacionales en&#8230;<\/p>\n","protected":false},"author":18,"featured_media":0,"parent":0,"menu_order":0,"comment_status":"closed","ping_status":"closed","template":"elementor_header_footer","meta":[],"_links":{"self":[{"href":"https:\/\/www.ull.es\/catedras\/discapacidad-auditiva-accesibilidad\/wp-json\/wp\/v2\/pages\/1634"}],"collection":[{"href":"https:\/\/www.ull.es\/catedras\/discapacidad-auditiva-accesibilidad\/wp-json\/wp\/v2\/pages"}],"about":[{"href":"https:\/\/www.ull.es\/catedras\/discapacidad-auditiva-accesibilidad\/wp-json\/wp\/v2\/types\/page"}],"author":[{"embeddable":true,"href":"https:\/\/www.ull.es\/catedras\/discapacidad-auditiva-accesibilidad\/wp-json\/wp\/v2\/users\/18"}],"replies":[{"embeddable":true,"href":"https:\/\/www.ull.es\/catedras\/discapacidad-auditiva-accesibilidad\/wp-json\/wp\/v2\/comments?post=1634"}],"version-history":[{"count":46,"href":"https:\/\/www.ull.es\/catedras\/discapacidad-auditiva-accesibilidad\/wp-json\/wp\/v2\/pages\/1634\/revisions"}],"predecessor-version":[{"id":2108,"href":"https:\/\/www.ull.es\/catedras\/discapacidad-auditiva-accesibilidad\/wp-json\/wp\/v2\/pages\/1634\/revisions\/2108"}],"wp:attachment":[{"href":"https:\/\/www.ull.es\/catedras\/discapacidad-auditiva-accesibilidad\/wp-json\/wp\/v2\/media?parent=1634"}],"curies":[{"name":"wp","href":"https:\/\/api.w.org\/{rel}","templated":true}]}}