{"id":20,"date":"2020-04-22T10:27:29","date_gmt":"2020-04-22T10:27:29","guid":{"rendered":"https:\/\/www.ull.es\/catedras\/catedra-blockchain-bigdata\/?page_id=20"},"modified":"2025-02-26T11:40:31","modified_gmt":"2025-02-26T11:40:31","slug":"inicio","status":"publish","type":"page","link":"https:\/\/www.ull.es\/catedras\/discapacidad-auditiva-accesibilidad\/","title":{"rendered":"Inicio"},"content":{"rendered":"<p>[vc_row][vc_column][rev_slider_vc alias=\u00bbinicio-ull1&#8243;][\/vc_column][\/vc_row][vc_row][vc_column][vc_empty_space][\/vc_column][\/vc_row][vc_row css_animation=\u00bbfadeInUp\u00bb][vc_column][vc_row_inner][vc_column_inner][vc_empty_space height=\u00bb20px\u00bb][vc_column_text]<\/p>\n<p dir=\"ltr\" style=\"text-align: center;\"><span style=\"font-weight: 400;\">La Universidad de La Laguna tiene como objetivo promover la formaci\u00f3n, investigaci\u00f3n, innovaci\u00f3n, sensibilizaci\u00f3n y difusi\u00f3n en el \u00e1mbito de discapacidad auditiva, visual y sordoceguera a trav\u00e9s de esta c\u00e1tedra. Se implementar\u00e1n diversas iniciativas orientadas a la innovaci\u00f3n y mejora de las pr\u00e1cticas profesionales, contribuyendo al desarrollo del conocimiento en un enfoque cultural, social y multidisciplinario.<\/span><\/p>\n<p>[\/vc_column_text][vc_empty_space height=\u00bb20px\u00bb][\/vc_column_inner][\/vc_row_inner][\/vc_column][\/vc_row][vc_row][vc_column][vc_empty_space][\/vc_column][\/vc_row][vc_row][vc_column css_animation=\u00bbfadeInUp\u00bb width=\u00bb1\/3&#8243;][vc_column_text css_animation=\u00bbbounceIn\u00bb]<style>\n    .news-group .bg-size {\n        background-position: center;\n        background-size: cover;\n        width: 100%;\n        height: 48px;\n    }\n    .news-group .list-group-item-text {\n        font-size: 13px;\n    }\n    .news-group .col-md-3 {\n        padding-right: 0;\n    }\n    .news-group .list-group-item-date {\n        font-size: 11px;\n        color: #A4A4A4;\n        margin-bottom: 2px;\n        text-transform: uppercase;\n    }\n\n    .mensaje.alert-warning{\n        font-size: 12px;\n        margin: 14px !important;\n        padding: 4px 8px;\n        color: #cca60b;\n    }\n<\/style>\n\n<div class=\"panel panel-default\">\n    <div class=\"panel-heading\">\n        <h3 class=\"panel-title\">Noticias<\/h3>\n    <\/div>\n\n    <div class=\"list-group news-group\">\n                    <a href=\"https:\/\/www.ull.es\/portal\/noticias\/2026\/la-universidad-de-la-laguna-inaugura-el-curso-de-especializacion-en-terapia-auditiva-dirigido-a-logopedas\/\" class=\"list-group-item\">\n                <div class=\"row\">\n                    <div class=\"col-md-3\">\n                        <div class=\"bg-size\" style=\"background-image: url('https:\/\/www.ull.es\/portal\/noticias\/wp-content\/uploads\/sites\/13\/2026\/03\/Captura-de-pantalla-2026-03-04-a-las-19.07.06_edited-300x200.jpg');\"><\/div>\n                    <\/div>\n                    <div class=\"col-md-9\">\n                        <p class=\"list-group-item-date\">\n                            09 Mar 2026 - 08:38 UTC                        <\/p>\n                        <p class=\"list-group-item-text\">La Universidad de La Laguna inaugura el Curso de Especializaci\u00f3n en Terapia Auditiva dirigido a logopedas<\/p>\n                    <\/div>\n                <\/div>\n            <\/a>\n                    <a href=\"https:\/\/www.ull.es\/portal\/noticias\/2026\/la-catedra-de-discapacidad-auditiva-y-accesibilidad-de-la-ull-participa-en-los-actos-celebrados-con-motivo-del-dia-internacional-del-implante-coclear\/\" class=\"list-group-item\">\n                <div class=\"row\">\n                    <div class=\"col-md-3\">\n                        <div class=\"bg-size\" style=\"background-image: url('https:\/\/www.ull.es\/portal\/noticias\/wp-content\/uploads\/sites\/13\/2026\/02\/26-02-26_DIA_INTER_COCLEAR_007-fotor-2026022714193-300x188.jpg');\"><\/div>\n                    <\/div>\n                    <div class=\"col-md-9\">\n                        <p class=\"list-group-item-date\">\n                            27 Feb 2026 - 14:22 UTC                        <\/p>\n                        <p class=\"list-group-item-text\">La C\u00e1tedra de Discapacidad Auditiva y Accesibilidad de la ULL participa en los actos celebrados con motivo del D\u00eda Internacional del Implante Coclear<\/p>\n                    <\/div>\n                <\/div>\n            <\/a>\n                    <a href=\"https:\/\/www.ull.es\/portal\/noticias\/2026\/cabildo-y-ull-refuerzan-su-compromiso-con-la-integracion-de-las-personas-con-discapacidad-auditiva-y-visual\/\" class=\"list-group-item\">\n                <div class=\"row\">\n                    <div class=\"col-md-3\">\n                        <div class=\"bg-size\" style=\"background-image: url('https:\/\/www.ull.es\/portal\/noticias\/wp-content\/uploads\/sites\/13\/2026\/02\/INTER_COCLEAR_009-1200x900-1-300x225.jpg');\"><\/div>\n                    <\/div>\n                    <div class=\"col-md-9\">\n                        <p class=\"list-group-item-date\">\n                            27 Feb 2026 - 08:53 UTC                        <\/p>\n                        <p class=\"list-group-item-text\">Cabildo y ULL refuerzan su compromiso con la integraci\u00f3n de las personas con discapacidad auditiva y visual<\/p>\n                    <\/div>\n                <\/div>\n            <\/a>\n                    <a href=\"https:\/\/www.ull.es\/portal\/noticias\/2025\/nuevos-enfoques-para-abordar-la-discapacidad\/\" class=\"list-group-item\">\n                <div class=\"row\">\n                    <div class=\"col-md-3\">\n                        <div class=\"bg-size\" style=\"background-image: url('https:\/\/www.ull.es\/portal\/noticias\/wp-content\/uploads\/sites\/13\/2025\/12\/Dia-personas-discapacidad-04-300x202.jpg');\"><\/div>\n                    <\/div>\n                    <div class=\"col-md-9\">\n                        <p class=\"list-group-item-date\">\n                            04 Dec 2025 - 15:03 UTC                        <\/p>\n                        <p class=\"list-group-item-text\">Nuevos enfoques para abordar la discapacidad<\/p>\n                    <\/div>\n                <\/div>\n            <\/a>\n                    <a href=\"https:\/\/www.ull.es\/portal\/noticias\/2025\/la-catedra-catedra-en-discapacidad-auditiva-y-accesibilidad-refuerza-el-compromiso-con-la-difusion-del-conocimiento-social-y-emocional\/\" class=\"list-group-item\">\n                <div class=\"row\">\n                    <div class=\"col-md-3\">\n                        <div class=\"bg-size\" style=\"background-image: url('https:\/\/www.ull.es\/portal\/noticias\/wp-content\/uploads\/sites\/13\/2025\/11\/IMG_5039-300x200.jpg');\"><\/div>\n                    <\/div>\n                    <div class=\"col-md-9\">\n                        <p class=\"list-group-item-date\">\n                            26 Nov 2025 - 09:03 UTC                        <\/p>\n                        <p class=\"list-group-item-text\">La C\u00e1tedra C\u00e1tedra en Discapacidad Auditiva y Accesibilidad refuerza el compromiso con la difusi\u00f3n del conocimiento social y emocional<\/p>\n                    <\/div>\n                <\/div>\n            <\/a>\n            <\/div>\n    <div class=\"panel-footer\">\n        <a href=\"https:\/\/www.ull.es\/portal\/noticias\/?cat=11465\">M\u00c1S NOTICIAS <i class=\"fa fa-chevron-right\"><\/i><\/a>\n    <\/div>\n\n\n<\/div>[\/vc_column_text][\/vc_column][vc_column css_animation=\u00bbfadeInUp\u00bb width=\u00bb1\/3&#8243;][vc_column_text]\n<style>\n    .events-group .bg-size {\n        background-position: center;\n        background-size: cover;\n        width: 100%;\n        height: 48px;\n    }\n    .events-group .list-group-item-text {\n        font-size: 13px;\n    }\n    .events-group .col-md-3 {\n        padding-right: 0;\n    }\n    .events-group .list-group-item-date {\n        font-size: 11px;\n        color: #A4A4A4;\n        margin-bottom: 2px;\n        text-transform: uppercase;\n    }\n\n    .mensaje.alert-warning{\n        font-size: 12px;\n        margin: 14px !important;\n        padding: 4px 8px;\n        color: #cca60b;\n    }\n\n<\/style>\n\n<div class=\"panel panel-default\">\n    <div class=\"panel-heading\">\n        <h3 class=\"panel-title\">Eventos<\/h3>\n    <\/div>\n\n    <div class=\"list-group events-group\">\n\n        <div class=\"mensaje alert alert-warning\">No hay eventos disponibles.<\/div>\n    <\/div>\n\n\n<\/div>\n[\/vc_column_text][\/vc_column][vc_column width=\u00bb1\/3&#8243;][vc_raw_html]JTNDdWwlMjBjbGFzcyUzRCUyMndpZGdldC1ib3glMjIlMjBzdHlsZSUzRCUyMm1hcmdpbiUzQSUyMDBweCUyMCUyMWltcG9ydGFudCUzQiUyMHBhZGRpbmclM0ElMjAwcHglMjAlMjFpbXBvcnRhbnQlM0IlMjIlM0UlMEElMjAlMDklM0NsaSUyMGNsYXNzJTNEJTIyY29udGFjdG8taGVhZGVyJTIyJTNFSW5mb3JtYWNpJUMzJUIzbiUyMGRlJTIwY29udGFjdG8lM0MlMkZsaSUzRSUwQSUyMCUwOSUzQ2xpJTNFJTNDaSUyMGNsYXNzJTNEJTIyZmElMjBmYS1tYXAtbWFya2VyJTIyJTNFJTNDJTJGaSUzRSUyMERlcGFydGFtZW50byUyMGRlJTIwQWNjZXNpYmlsaWRhZCUzQyUyRmxpJTNFJTBBJTIwJTA5JTNDbGklM0VDJTJGJTIwUGVkcm8lMjBaZXJvbG8lMjBzJTJGbi4lMjBFZGlmaWNpbyUyMENlbnRyYWwlM0MlMkZsaSUzRSUwQSUyMCUwOSUzQ2xpJTNFRmFjdWx0YWQlMjBkZSUyMEVkdWNhY2klQzMlQjNuLiUzQyUyRmxpJTNFJTBBJTIwJTA5JTNDbGklM0UzODIwMCUyMFNhbiUyMENyaXN0JUMzJUIzYmFsJTIwZGUlMjBMYSUyMExhZ3VuYSUyQyUyMFNhbnRhJTIwQ3J1eiUyMGRlJTIwVGVuZXJpZmUlM0MlMkZsaSUzRSUwQSUyMCUwOSUzQ2xpJTNFJTNDaSUyMGNsYXNzJTNEJTIyZmElMjBmYS1waG9uZSUyMiUzRSUzQyUyRmklM0UlMjA2MjAlMjAxMzUlMjAxNzElM0MlMkZsaSUzRSUwQSUyMCUwOSUzQ2xpJTNFJTNDaSUyMGNsYXNzJTNEJTIyZmElMjBmYS1lbnZlbG9wZSUyMiUzRSUzQyUyRmklM0UlM0NhJTIwaHJlZiUzRCUyMm1haWx0byUzQWNhdGF2cyU0MHVsbC5lcyUyMiUzRSUzQyUyRmElM0UlMjBjYXRhdnMlNDB1bGwuZXMlM0MlMkZsaSUzRSUwQSUzQyUyRnVsJTNF[\/vc_raw_html][\/vc_column][\/vc_row][vc_row][vc_column][vc_raw_js]JTNDc2NyaXB0JTNFJTIwZG9jdW1lbnQudGl0bGUlMjAlM0QlMjAlMjJDJUMzJUExdGVkcmElMjBlbiUyMERpc2NhcGFjaWRhZCUyMEF1ZGl0aXZhJTIweSUyMEFjY2VzaWJpbGlkYWQlMjIlMjAlM0MlMkZzY3JpcHQlM0U=[\/vc_raw_js][vc_raw_js]JTNDc2NyaXB0JTNFZnVuY3Rpb24lMjBsb2FkU2NyaXB0JTI4YSUyOSU3QnZhciUyMGIlM0Rkb2N1bWVudC5nZXRFbGVtZW50c0J5VGFnTmFtZSUyOCUyMmhlYWQlMjIlMjklNUIwJTVEJTJDYyUzRGRvY3VtZW50LmNyZWF0ZUVsZW1lbnQlMjglMjJzY3JpcHQlMjIlMjklM0JjLnR5cGUlM0QlMjJ0ZXh0JTJGamF2YXNjcmlwdCUyMiUyQ2Muc3JjJTNEJTIyaHR0cHMlM0ElMkYlMkZ0cmFja2VyLm1ldHJpY29vbC5jb20lMkZyZXNvdXJjZXMlMkZiZS5qcyUyMiUyQ2Mub25yZWFkeXN0YXRlY2hhbmdlJTNEYSUyQ2Mub25sb2FkJTNEYSUyQ2IuYXBwZW5kQ2hpbGQlMjhjJTI5JTdEbG9hZFNjcmlwdCUyOGZ1bmN0aW9uJTI4JTI5JTdCYmVUcmFja2VyLnQlMjglN0JoYXNoJTNBJTIyYjc3YjRhZTc0YTY0YTIzYmMxNTM0OWQ3YzM1NDIyMmIlMjIlN0QlMjklN0QlMjklM0IlM0MlMkZzY3JpcHQlM0UlMEE=[\/vc_raw_js][\/vc_column][\/vc_row]<\/p>\n","protected":false},"excerpt":{"rendered":"<p>[vc_row][vc_column][rev_slider_vc alias=\u00bbinicio-ull1&#8243;][\/vc_column][\/vc_row][vc_row][vc_column][vc_empty_space][\/vc_column][\/vc_row][vc_row css_animation=\u00bbfadeInUp\u00bb][vc_column][vc_row_inner][vc_column_inner][vc_empty_space height=\u00bb20px\u00bb][vc_column_text] La Universidad de La Laguna tiene como objetivo promover la formaci\u00f3n, investigaci\u00f3n, innovaci\u00f3n, sensibilizaci\u00f3n y difusi\u00f3n en el \u00e1mbito de discapacidad auditiva, visual y sordoceguera a trav\u00e9s de esta c\u00e1tedra. Se implementar\u00e1n diversas iniciativas orientadas a la innovaci\u00f3n y mejora de las pr\u00e1cticas profesionales, contribuyendo al desarrollo del conocimiento en un&#8230;<\/p>\n","protected":false},"author":5,"featured_media":0,"parent":0,"menu_order":0,"comment_status":"closed","ping_status":"closed","template":"templates\/template-frontpage.php","meta":[],"_links":{"self":[{"href":"https:\/\/www.ull.es\/catedras\/discapacidad-auditiva-accesibilidad\/wp-json\/wp\/v2\/pages\/20"}],"collection":[{"href":"https:\/\/www.ull.es\/catedras\/discapacidad-auditiva-accesibilidad\/wp-json\/wp\/v2\/pages"}],"about":[{"href":"https:\/\/www.ull.es\/catedras\/discapacidad-auditiva-accesibilidad\/wp-json\/wp\/v2\/types\/page"}],"author":[{"embeddable":true,"href":"https:\/\/www.ull.es\/catedras\/discapacidad-auditiva-accesibilidad\/wp-json\/wp\/v2\/users\/5"}],"replies":[{"embeddable":true,"href":"https:\/\/www.ull.es\/catedras\/discapacidad-auditiva-accesibilidad\/wp-json\/wp\/v2\/comments?post=20"}],"version-history":[{"count":85,"href":"https:\/\/www.ull.es\/catedras\/discapacidad-auditiva-accesibilidad\/wp-json\/wp\/v2\/pages\/20\/revisions"}],"predecessor-version":[{"id":1611,"href":"https:\/\/www.ull.es\/catedras\/discapacidad-auditiva-accesibilidad\/wp-json\/wp\/v2\/pages\/20\/revisions\/1611"}],"wp:attachment":[{"href":"https:\/\/www.ull.es\/catedras\/discapacidad-auditiva-accesibilidad\/wp-json\/wp\/v2\/media?parent=20"}],"curies":[{"name":"wp","href":"https:\/\/api.w.org\/{rel}","templated":true}]}}