{"id":462,"date":"2020-06-23T08:53:29","date_gmt":"2020-06-23T08:53:29","guid":{"rendered":"https:\/\/www.ull.es\/catedras\/catedra-discapacidad-auditiva-accesibilidad\/?page_id=462"},"modified":"2025-02-26T10:51:06","modified_gmt":"2025-02-26T10:51:06","slug":"alumnado","status":"publish","type":"page","link":"https:\/\/www.ull.es\/catedras\/discapacidad-auditiva-accesibilidad\/alumnado\/","title":{"rendered":"Alumnado"},"content":{"rendered":"<p>[vc_row][vc_column][rev_slider_vc alias=\u00bbalumnado\u00bb][\/vc_column][\/vc_row][vc_row css_animation=\u00bbnone\u00bb css=\u00bb.vc_custom_1740567060315{padding-right: 20% !important;padding-bottom: 5% !important;padding-left: 20% !important;}\u00bb][vc_column][vc_empty_space][vc_column_text]<span style=\"font-weight: 400;\">La colaboraci\u00f3n entre la Universidad, empresas e instituciones permite a los estudiantes adquirir experiencia real durante su formaci\u00f3n, facilitando su adaptaci\u00f3n al entorno laboral.<\/span><\/p>\n<p><span style=\"font-weight: 400;\">En esta secci\u00f3n se presentan TFG, TFM y Pr\u00e1cticas Externas realizadas en el \u00e1mbito universitario, enfocadas en accesibilidad e inclusi\u00f3n para personas con discapacidad auditiva, visual y sordoceguera.<\/span><\/p>\n<p><span style=\"font-weight: 400;\">Las empresas pueden conocer estos proyectos y a los alumnos involucrados.\u00a0<\/span>[\/vc_column_text][\/vc_column][\/vc_row]<\/p>\n","protected":false},"excerpt":{"rendered":"<p>[vc_row][vc_column][rev_slider_vc alias=\u00bbalumnado\u00bb][\/vc_column][\/vc_row][vc_row css_animation=\u00bbnone\u00bb css=\u00bb.vc_custom_1740567060315{padding-right: 20% !important;padding-bottom: 5% !important;padding-left: 20% !important;}\u00bb][vc_column][vc_empty_space][vc_column_text]La colaboraci\u00f3n entre la Universidad, empresas e instituciones permite a los estudiantes adquirir experiencia real durante su formaci\u00f3n, facilitando su adaptaci\u00f3n al entorno laboral. En esta secci\u00f3n se presentan TFG, TFM y Pr\u00e1cticas Externas realizadas en el \u00e1mbito universitario, enfocadas en accesibilidad e inclusi\u00f3n para personas&#8230;<\/p>\n","protected":false},"author":5,"featured_media":0,"parent":0,"menu_order":0,"comment_status":"closed","ping_status":"closed","template":"elementor_header_footer","meta":[],"_links":{"self":[{"href":"https:\/\/www.ull.es\/catedras\/discapacidad-auditiva-accesibilidad\/wp-json\/wp\/v2\/pages\/462"}],"collection":[{"href":"https:\/\/www.ull.es\/catedras\/discapacidad-auditiva-accesibilidad\/wp-json\/wp\/v2\/pages"}],"about":[{"href":"https:\/\/www.ull.es\/catedras\/discapacidad-auditiva-accesibilidad\/wp-json\/wp\/v2\/types\/page"}],"author":[{"embeddable":true,"href":"https:\/\/www.ull.es\/catedras\/discapacidad-auditiva-accesibilidad\/wp-json\/wp\/v2\/users\/5"}],"replies":[{"embeddable":true,"href":"https:\/\/www.ull.es\/catedras\/discapacidad-auditiva-accesibilidad\/wp-json\/wp\/v2\/comments?post=462"}],"version-history":[{"count":24,"href":"https:\/\/www.ull.es\/catedras\/discapacidad-auditiva-accesibilidad\/wp-json\/wp\/v2\/pages\/462\/revisions"}],"predecessor-version":[{"id":2121,"href":"https:\/\/www.ull.es\/catedras\/discapacidad-auditiva-accesibilidad\/wp-json\/wp\/v2\/pages\/462\/revisions\/2121"}],"wp:attachment":[{"href":"https:\/\/www.ull.es\/catedras\/discapacidad-auditiva-accesibilidad\/wp-json\/wp\/v2\/media?parent=462"}],"curies":[{"name":"wp","href":"https:\/\/api.w.org\/{rel}","templated":true}]}}