{"id":465,"date":"2020-06-23T08:54:35","date_gmt":"2020-06-23T08:54:35","guid":{"rendered":"https:\/\/www.ull.es\/catedras\/catedra-discapacidad-auditiva-accesibilidad\/?page_id=465"},"modified":"2025-12-19T10:30:56","modified_gmt":"2025-12-19T10:30:56","slug":"transferencia","status":"publish","type":"page","link":"https:\/\/www.ull.es\/catedras\/discapacidad-auditiva-accesibilidad\/transferencia\/","title":{"rendered":"Transferencia"},"content":{"rendered":"<p>[vc_row][vc_column][rev_slider_vc alias=\u00bbtransferencia\u00bb][\/vc_column][\/vc_row][vc_row disable_element=\u00bbyes\u00bb][vc_column][vc_tta_tour style=\u00bboutline\u00bb color=\u00bbmulled-wine\u00bb active_section=\u00bb1&#8243;][vc_tta_section i_icon_fontawesome=\u00bbfas fa-info-circle\u00bb add_icon=\u00bbtrue\u00bb title=\u00bbIntroducci\u00f3n\u00bb tab_id=\u00bb1621113392504-e115a753-c837&#8243;][vc_column_text]<\/p>\n<h3 style=\"text-align: center;\"><span style=\"color: #5c068c;\"><strong>Introducci\u00f3n<\/strong><\/span><\/h3>\n<p>[\/vc_column_text][vc_separator][vc_column_text]<span style=\"font-weight: 400;\">En esta secci\u00f3n se recoger\u00e1 todo aquel <span style=\"color: #5c068c;\"><strong>proyecto de investigaci\u00f3n que se haya transferido al tejido empresarial<\/strong><\/span> y se utilice en la actualidad con el fin de resolver problemas o mejorar procesos y la toma de decisiones.<\/span>[\/vc_column_text][\/vc_tta_section][\/vc_tta_tour][\/vc_column][\/vc_row][vc_row css=\u00bb.vc_custom_1740496104996{padding-bottom: 5% !important;}\u00bb][vc_column width=\u00bb2\/3&#8243;][vc_empty_space][vc_column_text]<span style=\"font-weight: 400;\">En esta secci\u00f3n se presentan las colaboraciones de la C\u00e1tedra con Entidades P\u00fablicas y Privadas.<\/span>[\/vc_column_text][\/vc_column][vc_column width=\u00bb1\/3&#8243;][vc_empty_space][vc_video link=\u00bbhttps:\/\/youtu.be\/QFzjR3Jq2-w\u00bb][\/vc_column][\/vc_row][vc_row][vc_column][vc_row_inner][vc_column_inner][vc_column_text]<\/p>\n<h3 style=\"text-align: center;\"><span style=\"color: #5c068c;\"><strong>Actividades 2024-2025<\/strong><\/span><\/h3>\n<p>[\/vc_column_text][vc_empty_space][\/vc_column_inner][\/vc_row_inner][\/vc_column][\/vc_row][vc_row][vc_column width=\u00bb1\/2&#8243;][vc_single_image image=\u00bb1854&#8243; img_size=\u00bbfull\u00bb alignment=\u00bbright\u00bb][\/vc_column][vc_column width=\u00bb1\/2&#8243;][vc_column_text]<\/p>\n<div class=\"elementor-element elementor-element-6af5c27 elementor-widget elementor-widget-heading\" data-id=\"6af5c27\" data-element_type=\"widget\" data-widget_type=\"heading.default\">\n<div class=\"elementor-widget-container\">\n<h3 class=\"elementor-heading-title elementor-size-default\" style=\"color: #5c068c;\">Curso pr\u00e1ctico de Lengua de Signos Espa\u00f1ola en la Universidad de La Laguna<\/h3>\n<\/div>\n<\/div>\n<p>[\/vc_column_text][vc_column_text]<i class=\"fa fa-building\" style=\"color: #5c068c;\" aria-hidden=\"true\"><\/i> <span class=\"elementor-icon-list-text\"><b style=\"color: black;\">Lugar:<\/b> Aula A3 de la Facultad de Medicina<\/span><\/p>\n<p><i class=\"fa fa-calendar\" style=\"color: #5c068c;\" aria-hidden=\"true\"><\/i> <span class=\"elementor-icon-list-text\"><b style=\"color: black;\">Fecha:<\/b> Septiembre: d\u00edas 25 (online) y 26 (presencial) Octubre: d\u00edas 6, 10, 15 y 16 (presencial)<\/span><\/p>\n<p><i class=\"fa fa-desktop\" style=\"color: #5c068c;\" aria-hidden=\"true\"><\/i> <span class=\"elementor-icon-list-text\"><b style=\"color: black;\">Dirigido a:<\/b> Estudiantes, profesionales y personas interesadas en adquirir competencias comunicativas inclusivas<\/span><\/p>\n<p><i class=\"fa fa-graduation-cap\" style=\"color: #5c068c;\" aria-hidden=\"true\"><\/i> <span class=\"elementor-icon-list-text\"><b style=\"color: black;\">Ponente:<\/b> Mar\u00eda del Carmen Rodr\u00edguez Jim\u00e9nez<\/span>[\/vc_column_text][vc_column_text]<\/p>\n<div class=\"elementor-element elementor-element-6af5c27 elementor-widget elementor-widget-heading\" data-id=\"6af5c27\" data-element_type=\"widget\" data-widget_type=\"heading.default\">\n<div class=\"elementor-widget-container\">\n<h3 class=\"elementor-heading-title elementor-size-default\" style=\"color: #5c068c;\">Taller Comunicaci\u00f3n Inclusiva en el aula universitaria: Un acercamiento a la Lengua de Signos Espa\u00f1ola (LSE)<\/h3>\n<\/div>\n<\/div>\n<p>[\/vc_column_text][vc_column_text]<i class=\"fa fa-building\" style=\"color: #5c068c;\" aria-hidden=\"true\"><\/i> <span class=\"elementor-icon-list-text\"><b style=\"color: black;\">Lugar:<\/b> Facultad de Ciencias de la Salud de la Universidad de La Laguna<\/span><\/p>\n<p><i class=\"fa fa-desktop\" style=\"color: #5c068c;\" aria-hidden=\"true\"><\/i> <span class=\"elementor-icon-list-text\"><b style=\"color: black;\">Dirigido a:<\/b> Alumnado de la Facultad de Ciencias de la Salud<\/span><\/p>\n<p><i class=\"fa fa-graduation-cap\" style=\"color: #5c068c;\" aria-hidden=\"true\"><\/i> <span class=\"elementor-icon-list-text\"><b style=\"color: black;\">Ponente:<\/b> Mar\u00eda del Carmen Rodr\u00edguez Jim\u00e9nez<\/span>[\/vc_column_text][\/vc_column][\/vc_row][vc_row css=\u00bb.vc_custom_1740496104996{padding-bottom: 5% !important;}\u00bb][vc_column width=\u00bb2\/3&#8243;][vc_empty_space][\/vc_column][vc_column width=\u00bb1\/3&#8243;][vc_empty_space][\/vc_column][\/vc_row]<\/p>\n","protected":false},"excerpt":{"rendered":"<p>[vc_row][vc_column][rev_slider_vc alias=\u00bbtransferencia\u00bb][\/vc_column][\/vc_row][vc_row disable_element=\u00bbyes\u00bb][vc_column][vc_tta_tour style=\u00bboutline\u00bb color=\u00bbmulled-wine\u00bb active_section=\u00bb1&#8243;][vc_tta_section i_icon_fontawesome=\u00bbfas fa-info-circle\u00bb add_icon=\u00bbtrue\u00bb title=\u00bbIntroducci\u00f3n\u00bb tab_id=\u00bb1621113392504-e115a753-c837&#8243;][vc_column_text] Introducci\u00f3n [\/vc_column_text][vc_separator][vc_column_text]En esta secci\u00f3n se recoger\u00e1 todo aquel proyecto de investigaci\u00f3n que se haya transferido al tejido empresarial y se utilice en la actualidad con el fin de resolver problemas o mejorar procesos y la toma de decisiones.[\/vc_column_text][\/vc_tta_section][\/vc_tta_tour][\/vc_column][\/vc_row][vc_row css=\u00bb.vc_custom_1740496104996{padding-bottom: 5% !important;}\u00bb][vc_column width=\u00bb2\/3&#8243;][vc_empty_space][vc_column_text]En esta secci\u00f3n&#8230;<\/p>\n","protected":false},"author":5,"featured_media":0,"parent":0,"menu_order":0,"comment_status":"closed","ping_status":"closed","template":"templates\/template-frontpage.php","meta":[],"_links":{"self":[{"href":"https:\/\/www.ull.es\/catedras\/discapacidad-auditiva-accesibilidad\/wp-json\/wp\/v2\/pages\/465"}],"collection":[{"href":"https:\/\/www.ull.es\/catedras\/discapacidad-auditiva-accesibilidad\/wp-json\/wp\/v2\/pages"}],"about":[{"href":"https:\/\/www.ull.es\/catedras\/discapacidad-auditiva-accesibilidad\/wp-json\/wp\/v2\/types\/page"}],"author":[{"embeddable":true,"href":"https:\/\/www.ull.es\/catedras\/discapacidad-auditiva-accesibilidad\/wp-json\/wp\/v2\/users\/5"}],"replies":[{"embeddable":true,"href":"https:\/\/www.ull.es\/catedras\/discapacidad-auditiva-accesibilidad\/wp-json\/wp\/v2\/comments?post=465"}],"version-history":[{"count":39,"href":"https:\/\/www.ull.es\/catedras\/discapacidad-auditiva-accesibilidad\/wp-json\/wp\/v2\/pages\/465\/revisions"}],"predecessor-version":[{"id":2272,"href":"https:\/\/www.ull.es\/catedras\/discapacidad-auditiva-accesibilidad\/wp-json\/wp\/v2\/pages\/465\/revisions\/2272"}],"wp:attachment":[{"href":"https:\/\/www.ull.es\/catedras\/discapacidad-auditiva-accesibilidad\/wp-json\/wp\/v2\/media?parent=465"}],"curies":[{"name":"wp","href":"https:\/\/api.w.org\/{rel}","templated":true}]}}