{"id":2,"date":"2019-12-16T13:21:50","date_gmt":"2019-12-16T13:21:50","guid":{"rendered":"https:\/\/www.ull.es\/catedras\/catedra-globalizacion-migraciones-nuevas-ciuadanias\/?page_id=2"},"modified":"2024-02-28T11:33:59","modified_gmt":"2024-02-28T11:33:59","slug":"inicio","status":"publish","type":"page","link":"https:\/\/www.ull.es\/catedras\/globalizacion-migraciones-ciudadanias\/","title":{"rendered":"Inicio"},"content":{"rendered":"<p>[vc_row full_width=\u00bbstretch_row_content\u00bb css_animation=\u00bbtop-to-bottom\u00bb disable_element=\u00bbyes\u00bb][vc_column width=\u00bb2\/3&#8243; css=\u00bb.vc_custom_1616752840159{background-image: url(https:\/\/www.ull.es\/catedras\/catedra-globalizacion-migraciones-nuevas-ciuadanias\/wp-content\/uploads\/sites\/5\/2021\/03\/Foto-portada.jpg?id=131) !important;background-position: center !important;background-repeat: no-repeat !important;background-size: cover !important;}\u00bb][vc_empty_space height=\u00bb600px\u00bb][\/vc_column][vc_column width=\u00bb1\/3&#8243; css=\u00bb.vc_custom_1616753332495{padding-top: 10% !important;padding-right: 2% !important;padding-left: 2% !important;background-color: #ffffff !important;}\u00bb][vc_column_text css_animation=\u00bbfadeInRight\u00bb]<\/p>\n<h3 style=\"text-align: center; color: #789a8d; font-size: 45px; font-weight: 400;\">C\u00e1tedra Cultural Globalizacion, Migraciones y Nuevas Ciudadan\u00edas<\/h3>\n<p>[\/vc_column_text][vc_empty_space height=\u00bb60px\u00bb][vc_row_inner][vc_column_inner][vc_column_text css_animation=\u00bbfadeInUp\u00bb]<\/p>\n<p style=\"text-align: center; font-size: 20px; line-height: 22px; font-weight: 400;\"><em>Un espacio de encuentro, debate y acci\u00f3n<\/em><br \/>\n<em>colectiva en torno a los procesos de globalizaci\u00f3n,<\/em><br \/>\n<em>su incidencia en las migraciones internacionales <\/em><br \/>\n<em>y la conformaci\u00f3n de nuevas ciudadan\u00edas.<\/em><\/p>\n<p>[\/vc_column_text][\/vc_column_inner][\/vc_row_inner][\/vc_column][\/vc_row][vc_row full_width=\u00bbstretch_row_content_no_spaces\u00bb][vc_column][rev_slider_vc alias=\u00bbcambio\u00bb][\/vc_column][\/vc_row][vc_row full_width=\u00bbstretch_row_content\u00bb][vc_column][vc_empty_space][\/vc_column][\/vc_row][vc_row full_width=\u00bbstretch_row\u00bb][vc_column width=\u00bb1\/3&#8243;][vc_column_text]<style>\n    .news-group .bg-size {\n        background-position: center;\n        background-size: cover;\n        width: 100%;\n        height: 48px;\n    }\n    .news-group .list-group-item-text {\n        font-size: 13px;\n    }\n    .news-group .col-md-3 {\n        padding-right: 0;\n    }\n    .news-group .list-group-item-date {\n        font-size: 11px;\n        color: #A4A4A4;\n        margin-bottom: 2px;\n        text-transform: uppercase;\n    }\n\n    .mensaje.alert-warning{\n        font-size: 12px;\n        margin: 14px !important;\n        padding: 4px 8px;\n        color: #cca60b;\n    }\n<\/style>\n\n<div class=\"panel panel-default\">\n    <div class=\"panel-heading\">\n        <h3 class=\"panel-title\">Noticias<\/h3>\n    <\/div>\n\n    <div class=\"list-group news-group\">\n                    <a href=\"https:\/\/www.ull.es\/portal\/noticias\/2024\/seminario-aborda-desafio-estudiar-migraciones-climaticas\/\" class=\"list-group-item\">\n                <div class=\"row\">\n                    <div class=\"col-md-3\">\n                        <div class=\"bg-size\" style=\"background-image: url('https:\/\/www.ull.es\/portal\/noticias\/wp-content\/uploads\/sites\/13\/2024\/10\/Migraciones-Climaticas-Laura-Marrero-300x197.jpg');\"><\/div>\n                    <\/div>\n                    <div class=\"col-md-9\">\n                        <p class=\"list-group-item-date\">\n                            15 Oct 2024 - 09:55 UTC                        <\/p>\n                        <p class=\"list-group-item-text\">Un seminario de Campus Am\u00e9rica aborda el desaf\u00edo de estudiar las migraciones clim\u00e1ticas ante la falta de datos<\/p>\n                    <\/div>\n                <\/div>\n            <\/a>\n                    <a href=\"https:\/\/www.ull.es\/portal\/noticias\/2024\/especialistas-en-migracion-analizan-en-campus-america-el-impacto-de-la-falta-de-recursos-y-el-auge-de-la-xenofobia\/\" class=\"list-group-item\">\n                <div class=\"row\">\n                    <div class=\"col-md-3\">\n                        <div class=\"bg-size\" style=\"background-image: url('https:\/\/www.ull.es\/portal\/noticias\/wp-content\/uploads\/sites\/13\/2024\/10\/Campus-America-seminario-asociaciones-migrantes-300x200.jpg');\"><\/div>\n                    <\/div>\n                    <div class=\"col-md-9\">\n                        <p class=\"list-group-item-date\">\n                            10 Oct 2024 - 09:08 UTC                        <\/p>\n                        <p class=\"list-group-item-text\">Especialistas en migraci\u00f3n analizan en Campus Am\u00e9rica el impacto de la falta de recursos y el auge de la xenofobia<\/p>\n                    <\/div>\n                <\/div>\n            <\/a>\n                    <a href=\"https:\/\/www.ull.es\/portal\/noticias\/2024\/la-ull-acoge-la-presentacion-de-la-plataforma-internacional-de-mujeres-en-apoyo-al-sahara-occidental\/\" class=\"list-group-item\">\n                <div class=\"row\">\n                    <div class=\"col-md-3\">\n                        <div class=\"bg-size\" style=\"background-image: url('https:\/\/www.ull.es\/portal\/noticias\/wp-content\/uploads\/sites\/13\/2024\/02\/Mujeres-Saharauis-01-300x200.jpg');\"><\/div>\n                    <\/div>\n                    <div class=\"col-md-9\">\n                        <p class=\"list-group-item-date\">\n                            29 Feb 2024 - 13:53 UTC                        <\/p>\n                        <p class=\"list-group-item-text\">La ULL acoge la presentaci\u00f3n de la Plataforma Internacional de Mujeres en Apoyo al Sahara Occidental<\/p>\n                    <\/div>\n                <\/div>\n            <\/a>\n                    <a href=\"https:\/\/www.ull.es\/portal\/noticias\/2023\/la-catedra-globalizacion-migraciones-y-nuevas-ciudadanias-organiza-un-taller-sobre-la-homologacion-y-equivalencias-de-titulos-universitarios\/\" class=\"list-group-item\">\n                <div class=\"row\">\n                    <div class=\"col-md-3\">\n                        <div class=\"bg-size\" style=\"background-image: url('https:\/\/www.ull.es\/portal\/noticias\/wp-content\/uploads\/sites\/13\/2023\/07\/PHOTO-2023-07-20-11-10-45-1-300x225.jpg');\"><\/div>\n                    <\/div>\n                    <div class=\"col-md-9\">\n                        <p class=\"list-group-item-date\">\n                            20 Jul 2023 - 13:39 UTC                        <\/p>\n                        <p class=\"list-group-item-text\">La C\u00e1tedra Globalizaci\u00f3n, Migraciones y Nuevas Ciudadan\u00edas organiza un taller sobre la homologaci\u00f3n y equivalencias de t\u00edtulos universitarios extranjeros<\/p>\n                    <\/div>\n                <\/div>\n            <\/a>\n                    <a href=\"https:\/\/www.ull.es\/portal\/noticias\/2022\/luz-sosa-trae-campamento-las-raices\/\" class=\"list-group-item\">\n                <div class=\"row\">\n                    <div class=\"col-md-3\">\n                        <div class=\"bg-size\" style=\"background-image: url('https:\/\/www.ull.es\/portal\/noticias\/wp-content\/uploads\/sites\/13\/2022\/01\/vidas-suspendidas-cartel-p-300x205.jpg');\"><\/div>\n                    <\/div>\n                    <div class=\"col-md-9\">\n                        <p class=\"list-group-item-date\">\n                            10 Jan 2022 - 11:14 UTC                        <\/p>\n                        <p class=\"list-group-item-text\">La fot\u00f3grafa Luz Sosa trae a la ULL la realidad del campamento de migrantes de Las Ra\u00edces<\/p>\n                    <\/div>\n                <\/div>\n            <\/a>\n            <\/div>\n    <div class=\"panel-footer\">\n        <a href=\"https:\/\/www.ull.es\/portal\/noticias\/?cat=6223\">M\u00c1S NOTICIAS <i class=\"fa fa-chevron-right\"><\/i><\/a>\n    <\/div>\n\n\n<\/div>[\/vc_column_text][\/vc_column][vc_column width=\u00bb1\/3&#8243;][vc_column_text]<style>\n    .news-group .bg-size {\n        background-position: center;\n        background-size: cover;\n        width: 100%;\n        height: 48px;\n    }\n    .news-group .list-group-item-text {\n        font-size: 13px;\n    }\n    .news-group .col-md-3 {\n        padding-right: 0;\n    }\n    .news-group .list-group-item-date {\n        font-size: 11px;\n        color: #A4A4A4;\n        margin-bottom: 2px;\n        text-transform: uppercase;\n    }\n\n    .mensaje.alert-warning{\n        font-size: 12px;\n        margin: 14px !important;\n        padding: 4px 8px;\n        color: #cca60b;\n    }\n\n<\/style>\n\n<div class=\"panel panel-default\">\n    <div class=\"panel-heading\">\n        <h3 class=\"panel-title\">Notificaciones<\/h3>\n    <\/div>\n\n    <div class=\"list-group news-group\">\n                            <a href=\"https:\/\/www.ull.es\/portal\/noticias\/2024\/convocatoria-a-las-asociaciones-de-inmigrantes-o-refugiados-en-canarias-y-a-las-organizaciones-sociales-no-gubernamentales-o-de-voluntariado-con-programas-de-atencion-a-inmigrantes-refugiados-solici\/\" class=\"list-group-item\">\n                    <div class=\"row\">\n                        <div class=\"col-md-12\">\n                            <p class=\"list-group-item-date\">\n                                28 Feb 2024 - 11:31 UTC                            <\/p>\n                            <p class=\"list-group-item-text\">Convocatoria a las asociaciones de inmigrantes o refugiados en Canarias y a las organizaciones sociales no gubernamentales o de voluntariado con programas de atenci\u00f3n a inmigrantes, refugiados, solicitantes de asilo y desplazados, interesadas en la participaci\u00f3n en el Foro Canario de la Inmigraci\u00f3n<\/p>\n                        <\/div>\n                    <\/div>\n                <\/a>\n                <\/div>\n    <div class=\"panel-footer\">\n        <a href=\"https:\/\/www.ull.es\/portal\/noticias\/?cat=10772\">M\u00c1S NOTIFICACIONES <i class=\"fa fa-chevron-right\"><\/i><\/a>\n    <\/div>\n\n\n<\/div>[\/vc_column_text][vc_column_text]\n<style>\n    .events-group .bg-size {\n        background-position: center;\n        background-size: cover;\n        width: 100%;\n        height: 48px;\n    }\n    .events-group .list-group-item-text {\n        font-size: 13px;\n    }\n    .events-group .col-md-3 {\n        padding-right: 0;\n    }\n    .events-group .list-group-item-date {\n        font-size: 11px;\n        color: #A4A4A4;\n        margin-bottom: 2px;\n        text-transform: uppercase;\n    }\n\n    .mensaje.alert-warning{\n        font-size: 12px;\n        margin: 14px !important;\n        padding: 4px 8px;\n        color: #cca60b;\n    }\n\n<\/style>\n\n<div class=\"panel panel-default\">\n    <div class=\"panel-heading\">\n        <h3 class=\"panel-title\">Eventos<\/h3>\n    <\/div>\n\n    <div class=\"list-group events-group\">\n\n        <div class=\"mensaje alert alert-warning\">No hay eventos disponibles.<\/div>\n    <\/div>\n\n\n<\/div>\n[\/vc_column_text][\/vc_column][vc_column css_animation=\u00bbfadeInDown\u00bb width=\u00bb1\/3&#8243;][vc_column_text]<\/p>\n<ul class=\"widget-box\" style=\"margin: 0px !important; padding: 0px !important;\">\n<li class=\"contacto-header\">Informaci\u00f3n de contacto<\/li>\n<li><i class=\"fa fa-map-marker\"><\/i> Campus de Guajara, Camino La Hornera, s\/n, piso 0, 38071 San Crist\u00f3bal de La Laguna, Santa Cruz de Tenerife<\/li>\n<li><i class=\"fa fa-phone\"><\/i> (+34)\u00a0 922 31 74 46<\/li>\n<li><i class=\"fa fa-envelope\"><\/i><a href=\"mailto:cascanio@ull.es\" target=\"_blank\" rel=\"noopener\"> cascanio@ull.es<\/a><\/li>\n<\/ul>\n<p>[\/vc_column_text][vc_column_text]\n    \n<style>\n    .google-maps {\n        position: relative;\n        padding-bottom: 75%;\n        height: 0;\n        overflow: hidden;\n    }\n    .google-maps iframe {\n        position: absolute;\n        top: 0;\n        left: 0;\n        width: 100% !important;\n        height: 100% !important;\n    }\n<\/style>\n\n\n<div class=\"google-maps\">\n    <iframe src=\"https:\/\/www.openstreetmap.org\/export\/embed.html?bbox=-16.30590617411%2C28.46362704426%2C-16.29976236452%2C28.46943926654&amp;layer=mapnik&amp;marker=28.46781%2C-16.30308\" style=\"border: 1px solid black\"><\/iframe>\n<\/div>\n\n<div class=\"btn-widget\">\n    <a href=\"https:\/\/www.openstreetmap.org\/directions?engine=graphhopper_car&from=&to=28.46781%2C-16.30308#map=17\/28.46781\/-16.30308\">C\u00f3mo llegar<\/a>  \n<\/div>\n\n  <\/body>\n<\/html>\n\n[\/vc_column_text][\/vc_column][\/vc_row][vc_row][vc_column][vc_empty_space][\/vc_column][\/vc_row]<\/p>\n","protected":false},"excerpt":{"rendered":"<p>[vc_row full_width=\u00bbstretch_row_content\u00bb css_animation=\u00bbtop-to-bottom\u00bb disable_element=\u00bbyes\u00bb][vc_column width=\u00bb2\/3&#8243; css=\u00bb.vc_custom_1616752840159{background-image: url(https:\/\/www.ull.es\/catedras\/catedra-globalizacion-migraciones-nuevas-ciuadanias\/wp-content\/uploads\/sites\/5\/2021\/03\/Foto-portada.jpg?id=131) !important;background-position: center !important;background-repeat: no-repeat !important;background-size: cover !important;}\u00bb][vc_empty_space height=\u00bb600px\u00bb][\/vc_column][vc_column width=\u00bb1\/3&#8243; css=\u00bb.vc_custom_1616753332495{padding-top: 10% !important;padding-right: 2% !important;padding-left: 2% !important;background-color: #ffffff !important;}\u00bb][vc_column_text css_animation=\u00bbfadeInRight\u00bb] C\u00e1tedra Cultural Globalizacion, Migraciones y Nuevas Ciudadan\u00edas [\/vc_column_text][vc_empty_space height=\u00bb60px\u00bb][vc_row_inner][vc_column_inner][vc_column_text css_animation=\u00bbfadeInUp\u00bb] Un espacio de encuentro, debate y acci\u00f3n colectiva en torno a los procesos de globalizaci\u00f3n, su incidencia en las&#8230;<\/p>\n","protected":false},"author":2,"featured_media":0,"parent":0,"menu_order":0,"comment_status":"closed","ping_status":"open","template":"templates\/template-frontpage.php","meta":[],"_links":{"self":[{"href":"https:\/\/www.ull.es\/catedras\/globalizacion-migraciones-ciudadanias\/wp-json\/wp\/v2\/pages\/2"}],"collection":[{"href":"https:\/\/www.ull.es\/catedras\/globalizacion-migraciones-ciudadanias\/wp-json\/wp\/v2\/pages"}],"about":[{"href":"https:\/\/www.ull.es\/catedras\/globalizacion-migraciones-ciudadanias\/wp-json\/wp\/v2\/types\/page"}],"author":[{"embeddable":true,"href":"https:\/\/www.ull.es\/catedras\/globalizacion-migraciones-ciudadanias\/wp-json\/wp\/v2\/users\/2"}],"replies":[{"embeddable":true,"href":"https:\/\/www.ull.es\/catedras\/globalizacion-migraciones-ciudadanias\/wp-json\/wp\/v2\/comments?post=2"}],"version-history":[{"count":53,"href":"https:\/\/www.ull.es\/catedras\/globalizacion-migraciones-ciudadanias\/wp-json\/wp\/v2\/pages\/2\/revisions"}],"predecessor-version":[{"id":325,"href":"https:\/\/www.ull.es\/catedras\/globalizacion-migraciones-ciudadanias\/wp-json\/wp\/v2\/pages\/2\/revisions\/325"}],"wp:attachment":[{"href":"https:\/\/www.ull.es\/catedras\/globalizacion-migraciones-ciudadanias\/wp-json\/wp\/v2\/media?parent=2"}],"curies":[{"name":"wp","href":"https:\/\/api.w.org\/{rel}","templated":true}]}}