{"id":328,"date":"2024-07-08T07:18:12","date_gmt":"2024-07-08T07:18:12","guid":{"rendered":"https:\/\/www.ull.es\/catedras\/globalizacion-migraciones-ciudadanias\/?page_id=328"},"modified":"2025-09-05T11:00:51","modified_gmt":"2025-09-05T11:00:51","slug":"actividades-2023","status":"publish","type":"page","link":"https:\/\/www.ull.es\/catedras\/globalizacion-migraciones-ciudadanias\/actividades-2023\/","title":{"rendered":"Actividades 2023"},"content":{"rendered":"<p>[vc_row][vc_column][vc_empty_space][vc_column_text]<style>\n    .vc_row-has-fill+.vc_row-full-width+.vc_row.vc-eventos>.vc_column_container>.vc_column-inner {\n        padding: 0 !important;\n    }\n    .events-block .col-md-4 {\n        padding-top: 15px;\n\t\tpadding-bottom: 15px;\n    }\n    .events-block .event-card {\n\t\tbox-shadow: 0 1px 0 0 rgba(0,0,0,.1);\n\t\tdisplay: block;\n\t}\n\t.events-block .caption {\n\t\tbackground-color:#F8F8FA;\n\t\tpadding: 10px 15px;\n\t\tmargin:0;\n\t}\n\t.event-card:hover {\n\t\tbox-shadow:0 1px 2px 0 rgba(0,0,0,.15)\n\t}\n    .events-block .caption .date {\n        font-size: 13px;\n        color: #45494E;\n\t\ttext-transform: uppercase;\n\t\tmargin:0;\n    }\n\t.events-block .caption h4 {\n\t\tdisplay: block;\n\t\tdisplay: -webkit-box;\n\t\tmax-height: 38px;\n\t\tmargin: 0 auto;\n\t\t-webkit-line-clamp: 2;\n\t\t-webkit-box-orient: vertical;\n\t\toverflow: hidden;\n\t\ttext-overflow: ellipsis;\n\t\tcolor: #282C35;\n\t\tfont-size: 15px !important;\n\t\tline-height: 19px !important;\n\t\tfont-weight: 600 !important;\n\t\tletter-spacing: 0;\n\t\tpadding: 0;\n\t\theight: 38px;\n\t\tmargin-bottom:5px;\n\t}\n\t.title-venue {\n\t\ttext-overflow: ellipsis;\n\t\toverflow: hidden;\n\t\twhite-space: nowrap;\n\t\tcolor:#666A73;\n        font-size: 12px;\n        line-height: 15px;\n\t\theight: 15px;\n        font-weight: normal !important;\n\t\tmargin:0;\n\t}\n    .events-block a:hover {\n        text-decoration: none !important;\n        border: 0;\n    }\n    .events-block .thumbnail {\n        border: 0;\n        padding: 0;\n        border-radius: 0;\n        margin-bottom: 0;\n\t\ttext-align: center;\n\t\twidth: 100%;\n\t\theight: 100%;\n\t\tborder: 1px solid #EFF2F5;\n    }\n\t.thumbnail .precio {\n\t\tbackground-color: rgba(122,59,122,.92);\n\t\ttext-transform: uppercase;\n    \tfont-size: 13px;\n    \tline-height: 19px;\n    \tcolor: #ffffff;\n    \tbox-sizing: border-box;\n    \tpadding: 2px 10px;\n    \tposition: absolute;\n    \tdisplay: inline-block;\n    \ttop: 25px;\n    \tright: 25px;\n\t}\n\t.event-card-footer {\n\t\tposition: relative;\n\t\theight: 40px;\n\t\tline-height: 40px;\n\t\tborder-top: 1px solid #ebebeb;\n\t\tpadding-left: 15px;\n\t\tpadding-right: 15px;\n\t\tbackground-color:#F8F8FA;\n\t}\n\t.event-card-tags a {\n\t\tcolor: #45494E;\n\t\tfont-size: 13px;\n\t\tmargin-right: 10px;\n    \ttext-transform: capitalize;\n\t}\n\t.event-card-tags a:hover {\n\t\tcolor: #5c068c;\n\t}\n    .more-events {\n        text-align: center;\n\t\tmargin-top:30px;\n    }\n    .more-events a {\n        background: #5c068c;\n        padding: 8px 20px;\n        color: #fff;\n    }\n    .more-events a:hover {\n        text-decoration: none;\n    }\n    .more-events a i {\n        margin-left: 6px;\n    }\n<\/style>\n\n<div class=\"events-block\">\n    <div class=\"container-fluid\">\n                <div class=\"row\">\n            \n            <div class=\"col-md-4 col-xs-12\">\n            \t<div class=\"event-card\">\n                <a href=\"https:\/\/www.ull.es\/portal\/agenda\/evento\/exposicion-representaciones-de-las-nuevas-ciudadanias-convivencia-e-integracion-a-traves-del-asociacionismo-migrante\/\">\n                <div class=\"thumbnail\">\n                                <img src=\"https:\/\/www.ull.es\/portal\/agenda\/wp-content\/uploads\/sites\/12\/2023\/10\/Representaciones-de-las-nuevas-ciudadanias_Eventos.png                    \" \/>\n                <\/div>\n                <div class=\"caption\">\n                    <p class=\"date\">\n                        23 Oct 2023 - 17:00 UTC                    <\/p>\n                    <h4 class=\"title-event\">Exposici\u00f3n. Representaciones de las nuevas ciudadan\u00edas: convivencia e integraci\u00f3n a trav\u00e9s del asociacionismo migrante<\/h4>\n                    <h5 class=\"title-venue\">Biblioteca General y de Humanidades<\/h5>\n                <\/div><\/a>\n                <div class=\"event-card-footer\">\n                \t<div class=\"event-card-tags\">\n        \t\t\t\t                     <\/div>\n                <\/div><!-- event-card-footer -->\n            \t<\/div><!--event-card-->\n            <\/div><!--col-sm-4-->\n            \n            <div class=\"col-md-4 col-xs-12\">\n            \t<div class=\"event-card\">\n                <a href=\"https:\/\/www.ull.es\/portal\/agenda\/evento\/taller-narrativas-sobre-migraciones-y-nuevas-ciudadanias\/\">\n                <div class=\"thumbnail\">\n                                <img src=\"https:\/\/www.ull.es\/portal\/agenda\/wp-content\/uploads\/sites\/12\/2023\/10\/Taller-Narrativas-sobre-Migraciones-y-Nuevas-Ciudadanias_Eventos.png                    \" \/>\n                <\/div>\n                <div class=\"caption\">\n                    <p class=\"date\">\n                        16 Oct 2023 - 17:00 UTC                    <\/p>\n                    <h4 class=\"title-event\">Taller: Narrativas sobre Migraciones y Nuevas Ciudadan\u00edas<\/h4>\n                    <h5 class=\"title-venue\">Biblioteca General y de Humanidades<\/h5>\n                <\/div><\/a>\n                <div class=\"event-card-footer\">\n                \t<div class=\"event-card-tags\">\n        \t\t\t\t                     <\/div>\n                <\/div><!-- event-card-footer -->\n            \t<\/div><!--event-card-->\n            <\/div><!--col-sm-4-->\n            \n            <div class=\"col-md-4 col-xs-12\">\n            \t<div class=\"event-card\">\n                <a href=\"https:\/\/www.ull.es\/portal\/agenda\/evento\/descolonizando-miradas-canarias-africa-documentales-y-debate\/\">\n                <div class=\"thumbnail\">\n                                <img src=\"https:\/\/www.ull.es\/portal\/agenda\/wp-content\/uploads\/sites\/12\/2023\/09\/Descolonizando-miradas-canarias-a\u0301frica_Banner-eventos.png                    \" \/>\n                <\/div>\n                <div class=\"caption\">\n                    <p class=\"date\">\n                        05 Oct 2023 - 18:00 UTC                    <\/p>\n                    <h4 class=\"title-event\">Descolonizando miradas Canarias-\u00c1frica: documentales y debate<\/h4>\n                    <h5 class=\"title-venue\">Aula Tom\u00e1s y Valiente, Facultad de Ciencias Sociales y de la Comunicaci\u00f3n<\/h5>\n                <\/div><\/a>\n                <div class=\"event-card-footer\">\n                \t<div class=\"event-card-tags\">\n        \t\t\t\t                     <\/div>\n                <\/div><!-- event-card-footer -->\n            \t<\/div><!--event-card-->\n            <\/div><!--col-sm-4-->\n                            <\/div>\n                        <div class=\"row\">\n            \n            <div class=\"col-md-4 col-xs-12\">\n            \t<div class=\"event-card\">\n                <a href=\"https:\/\/www.ull.es\/portal\/agenda\/evento\/coloquio-internacional-sobre-los-desafios-del-asilo-y-de-la-proteccion-internacional-en-espana-e-italia\/\">\n                <div class=\"thumbnail\">\n                                <img src=\"https:\/\/www.ull.es\/portal\/agenda\/wp-content\/uploads\/sites\/12\/2023\/07\/Coloquio-internacional-desafios-asilo-espana-e-italia_Banner-evento-1.png                    \" \/>\n                <\/div>\n                <div class=\"caption\">\n                    <p class=\"date\">\n                        10 Jul 2023 - 17:00 UTC                    <\/p>\n                    <h4 class=\"title-event\">Coloquio Internacional sobre los Desaf\u00edos del asilo y de la protecci\u00f3n internacional en Espa\u00f1a e Italia<\/h4>\n                    <h5 class=\"title-venue\">Sala de Juntas de la Facultad de Derecho<\/h5>\n                <\/div><\/a>\n                <div class=\"event-card-footer\">\n                \t<div class=\"event-card-tags\">\n        \t\t\t\t                     <\/div>\n                <\/div><!-- event-card-footer -->\n            \t<\/div><!--event-card-->\n            <\/div><!--col-sm-4-->\n            \n            <div class=\"col-md-4 col-xs-12\">\n            \t<div class=\"event-card\">\n                <a href=\"https:\/\/www.ull.es\/portal\/agenda\/evento\/presentacion-del-libro-la-luna-esta-en-duala-y-mi-destino-en-el-conocimiento\/\">\n                <div class=\"thumbnail\">\n                                <img src=\"https:\/\/www.ull.es\/portal\/agenda\/wp-content\/uploads\/sites\/12\/2023\/05\/IMG-20230518-WA0011.jpg                    \" \/>\n                <\/div>\n                <div class=\"caption\">\n                    <p class=\"date\">\n                        25 May 2023 - 17:00 UTC                    <\/p>\n                    <h4 class=\"title-event\">Presentaci\u00f3n del libro: 'La luna est\u00e1 en Duala y mi destino en el conocimiento'<\/h4>\n                    <h5 class=\"title-venue\">Sal\u00f3n de Actos de la Facultad de Ciencias Sociales y de la Comunicaci\u00f3n<\/h5>\n                <\/div><\/a>\n                <div class=\"event-card-footer\">\n                \t<div class=\"event-card-tags\">\n        \t\t\t\t                     <\/div>\n                <\/div><!-- event-card-footer -->\n            \t<\/div><!--event-card-->\n            <\/div><!--col-sm-4-->\n            \n            <div class=\"col-md-4 col-xs-12\">\n            \t<div class=\"event-card\">\n                <a href=\"https:\/\/www.ull.es\/portal\/agenda\/evento\/seminario-racismo-institucional-concepto-y-mecanismos\/\">\n                <div class=\"thumbnail\">\n                                <img src=\"https:\/\/www.ull.es\/portal\/agenda\/wp-content\/uploads\/sites\/12\/2023\/05\/IMG-20230508-WA0001.jpg                    \" \/>\n                <\/div>\n                <div class=\"caption\">\n                    <p class=\"date\">\n                        11 May 2023 - 10:00 UTC                    <\/p>\n                    <h4 class=\"title-event\">Seminario: Racismo institucional. Concepto y mecanismos<\/h4>\n                    <h5 class=\"title-venue\">Sala de Juntas de la Facultad de Ciencias Sociales y de la Comunicaci\u00f3n<\/h5>\n                <\/div><\/a>\n                <div class=\"event-card-footer\">\n                \t<div class=\"event-card-tags\">\n        \t\t\t\t                     <\/div>\n                <\/div><!-- event-card-footer -->\n            \t<\/div><!--event-card-->\n            <\/div><!--col-sm-4-->\n                            <\/div>\n                        <div class=\"row\">\n            \n            <div class=\"col-md-4 col-xs-12\">\n            \t<div class=\"event-card\">\n                <a href=\"https:\/\/www.ull.es\/portal\/agenda\/evento\/seminario-interseccionalidad-especifidades-y-entrecruzamiento-de-opresiones\/\">\n                <div class=\"thumbnail\">\n                                <img src=\"https:\/\/www.ull.es\/portal\/agenda\/wp-content\/uploads\/sites\/12\/2023\/04\/Seminario.-Interseccionalidad.-Especifidades-y-entrecruzamiento-de-opresiones_Banner-evento.png                    \" \/>\n                <\/div>\n                <div class=\"caption\">\n                    <p class=\"date\">\n                        24 Apr 2023 - 10:30 UTC                    <\/p>\n                    <h4 class=\"title-event\">Seminario: Interseccionalidad. Especifidades y entrecruzamiento de opresiones<\/h4>\n                    <h5 class=\"title-venue\">Sala de Juntas de la Facultad de Ciencias Sociales y de la Comunicaci\u00f3n<\/h5>\n                <\/div><\/a>\n                <div class=\"event-card-footer\">\n                \t<div class=\"event-card-tags\">\n        \t\t\t\t                     <\/div>\n                <\/div><!-- event-card-footer -->\n            \t<\/div><!--event-card-->\n            <\/div><!--col-sm-4-->\n            \n            <div class=\"col-md-4 col-xs-12\">\n            \t<div class=\"event-card\">\n                <a href=\"https:\/\/www.ull.es\/portal\/agenda\/evento\/foro-migracion-latinoamericana-en-tenerife-desafio-y-reivindicaciones\/\">\n                <div class=\"thumbnail\">\n                                <img src=\"https:\/\/www.ull.es\/portal\/agenda\/wp-content\/uploads\/sites\/12\/2023\/03\/Foro-Migracion-Latinoamericana-en-Tenerife_Banner-evento.png                    \" \/>\n                <\/div>\n                <div class=\"caption\">\n                    <p class=\"date\">\n                        29 Mar 2023 - 17:30 UTC                    <\/p>\n                    <h4 class=\"title-event\">Foro: \"Migraci\u00f3n Latinoamericana en Tenerife, Desaf\u00edo y Reivindicaciones\"<\/h4>\n                    <h5 class=\"title-venue\">Sala de Juntas de la Facultad de Ciencias Sociales y de la Comunicaci\u00f3n<\/h5>\n                <\/div><\/a>\n                <div class=\"event-card-footer\">\n                \t<div class=\"event-card-tags\">\n        \t\t\t\t                     <\/div>\n                <\/div><!-- event-card-footer -->\n            \t<\/div><!--event-card-->\n            <\/div><!--col-sm-4-->\n                            <\/div>\n                    <\/div>\n<\/div>\n\n<div class=\"more-events\">\n    <a href=\"https:\/\/www.ull.es\/portal\/agenda\/eventos\/categoria\/globalizacion-migraciones-y-nuevas-ciudadanias\">VER M\u00c1S <i class=\"fa fa-chevron-right\"><\/i><\/a>\n<\/div>\n[\/vc_column_text][\/vc_column][\/vc_row][vc_row][vc_column][\/vc_column][\/vc_row]<\/p>\n","protected":false},"excerpt":{"rendered":"<p>[vc_row][vc_column][vc_empty_space][vc_column_text][\/vc_column_text][\/vc_column][\/vc_row][vc_row][vc_column][\/vc_column][\/vc_row]<\/p>\n","protected":false},"author":3,"featured_media":0,"parent":0,"menu_order":0,"comment_status":"closed","ping_status":"closed","template":"templates\/template-no-hero.php","meta":[],"_links":{"self":[{"href":"https:\/\/www.ull.es\/catedras\/globalizacion-migraciones-ciudadanias\/wp-json\/wp\/v2\/pages\/328"}],"collection":[{"href":"https:\/\/www.ull.es\/catedras\/globalizacion-migraciones-ciudadanias\/wp-json\/wp\/v2\/pages"}],"about":[{"href":"https:\/\/www.ull.es\/catedras\/globalizacion-migraciones-ciudadanias\/wp-json\/wp\/v2\/types\/page"}],"author":[{"embeddable":true,"href":"https:\/\/www.ull.es\/catedras\/globalizacion-migraciones-ciudadanias\/wp-json\/wp\/v2\/users\/3"}],"replies":[{"embeddable":true,"href":"https:\/\/www.ull.es\/catedras\/globalizacion-migraciones-ciudadanias\/wp-json\/wp\/v2\/comments?post=328"}],"version-history":[{"count":7,"href":"https:\/\/www.ull.es\/catedras\/globalizacion-migraciones-ciudadanias\/wp-json\/wp\/v2\/pages\/328\/revisions"}],"predecessor-version":[{"id":352,"href":"https:\/\/www.ull.es\/catedras\/globalizacion-migraciones-ciudadanias\/wp-json\/wp\/v2\/pages\/328\/revisions\/352"}],"wp:attachment":[{"href":"https:\/\/www.ull.es\/catedras\/globalizacion-migraciones-ciudadanias\/wp-json\/wp\/v2\/media?parent=328"}],"curies":[{"name":"wp","href":"https:\/\/api.w.org\/{rel}","templated":true}]}}