{"id":334,"date":"2024-07-08T07:21:50","date_gmt":"2024-07-08T07:21:50","guid":{"rendered":"https:\/\/www.ull.es\/catedras\/globalizacion-migraciones-ciudadanias\/?page_id=334"},"modified":"2025-09-05T11:03:42","modified_gmt":"2025-09-05T11:03:42","slug":"actividades-2024","status":"publish","type":"page","link":"https:\/\/www.ull.es\/catedras\/globalizacion-migraciones-ciudadanias\/actividades-2024\/","title":{"rendered":"Actividades 2024"},"content":{"rendered":"<p>[vc_row][vc_column][vc_column_text]<style>\n    .vc_row-has-fill+.vc_row-full-width+.vc_row.vc-eventos>.vc_column_container>.vc_column-inner {\n        padding: 0 !important;\n    }\n    .events-block .col-md-4 {\n        padding-top: 15px;\n\t\tpadding-bottom: 15px;\n    }\n    .events-block .event-card {\n\t\tbox-shadow: 0 1px 0 0 rgba(0,0,0,.1);\n\t\tdisplay: block;\n\t}\n\t.events-block .caption {\n\t\tbackground-color:#F8F8FA;\n\t\tpadding: 10px 15px;\n\t\tmargin:0;\n\t}\n\t.event-card:hover {\n\t\tbox-shadow:0 1px 2px 0 rgba(0,0,0,.15)\n\t}\n    .events-block .caption .date {\n        font-size: 13px;\n        color: #45494E;\n\t\ttext-transform: uppercase;\n\t\tmargin:0;\n    }\n\t.events-block .caption h4 {\n\t\tdisplay: block;\n\t\tdisplay: -webkit-box;\n\t\tmax-height: 38px;\n\t\tmargin: 0 auto;\n\t\t-webkit-line-clamp: 2;\n\t\t-webkit-box-orient: vertical;\n\t\toverflow: hidden;\n\t\ttext-overflow: ellipsis;\n\t\tcolor: #282C35;\n\t\tfont-size: 15px !important;\n\t\tline-height: 19px !important;\n\t\tfont-weight: 600 !important;\n\t\tletter-spacing: 0;\n\t\tpadding: 0;\n\t\theight: 38px;\n\t\tmargin-bottom:5px;\n\t}\n\t.title-venue {\n\t\ttext-overflow: ellipsis;\n\t\toverflow: hidden;\n\t\twhite-space: nowrap;\n\t\tcolor:#666A73;\n        font-size: 12px;\n        line-height: 15px;\n\t\theight: 15px;\n        font-weight: normal !important;\n\t\tmargin:0;\n\t}\n    .events-block a:hover {\n        text-decoration: none !important;\n        border: 0;\n    }\n    .events-block .thumbnail {\n        border: 0;\n        padding: 0;\n        border-radius: 0;\n        margin-bottom: 0;\n\t\ttext-align: center;\n\t\twidth: 100%;\n\t\theight: 100%;\n\t\tborder: 1px solid #EFF2F5;\n    }\n\t.thumbnail .precio {\n\t\tbackground-color: rgba(122,59,122,.92);\n\t\ttext-transform: uppercase;\n    \tfont-size: 13px;\n    \tline-height: 19px;\n    \tcolor: #ffffff;\n    \tbox-sizing: border-box;\n    \tpadding: 2px 10px;\n    \tposition: absolute;\n    \tdisplay: inline-block;\n    \ttop: 25px;\n    \tright: 25px;\n\t}\n\t.event-card-footer {\n\t\tposition: relative;\n\t\theight: 40px;\n\t\tline-height: 40px;\n\t\tborder-top: 1px solid #ebebeb;\n\t\tpadding-left: 15px;\n\t\tpadding-right: 15px;\n\t\tbackground-color:#F8F8FA;\n\t}\n\t.event-card-tags a {\n\t\tcolor: #45494E;\n\t\tfont-size: 13px;\n\t\tmargin-right: 10px;\n    \ttext-transform: capitalize;\n\t}\n\t.event-card-tags a:hover {\n\t\tcolor: #5c068c;\n\t}\n    .more-events {\n        text-align: center;\n\t\tmargin-top:30px;\n    }\n    .more-events a {\n        background: #5c068c;\n        padding: 8px 20px;\n        color: #fff;\n    }\n    .more-events a:hover {\n        text-decoration: none;\n    }\n    .more-events a i {\n        margin-left: 6px;\n    }\n<\/style>\n\n<div class=\"events-block\">\n    <div class=\"container-fluid\">\n                <div class=\"row\">\n            \n            <div class=\"col-md-4 col-xs-12\">\n            \t<div class=\"event-card\">\n                <a href=\"https:\/\/www.ull.es\/portal\/agenda\/evento\/desplazamientos-ambientales-genero-y-territorios-vulnerables-experiencias-en-canarias-y-latinoamerica\/\">\n                <div class=\"thumbnail\">\n                                <img src=\"https:\/\/www.ull.es\/portal\/agenda\/wp-content\/uploads\/sites\/12\/2024\/05\/Genero_Banner-eventos_Desplazamientos-ambientales.png                    \" \/>\n                <\/div>\n                <div class=\"caption\">\n                    <p class=\"date\">\n                        14 Oct 2024 - 15:30 UTC                    <\/p>\n                    <h4 class=\"title-event\">Seminario acad\u00e9mico: 'Desplazamientos ambientales, g\u00e9nero y territorios vulnerables. Experiencias en Canarias y Latinoam\u00e9rica'<\/h4>\n                    <h5 class=\"title-venue\">Aula Tom\u00e1s y Valiente de la Facultad de Derecho Universidad de La Laguna<\/h5>\n                <\/div><\/a>\n                <div class=\"event-card-footer\">\n                \t<div class=\"event-card-tags\">\n        \t\t\t\t                     <\/div>\n                <\/div><!-- event-card-footer -->\n            \t<\/div><!--event-card-->\n            <\/div><!--col-sm-4-->\n            \n            <div class=\"col-md-4 col-xs-12\">\n            \t<div class=\"event-card\">\n                <a href=\"https:\/\/www.ull.es\/portal\/agenda\/evento\/el-papel-del-asociacionismo-de-migrantes-en-la-promocion-del-cambio-y-de-la-justicia-social\/\">\n                <div class=\"thumbnail\">\n                                <img src=\"https:\/\/www.ull.es\/portal\/agenda\/wp-content\/uploads\/sites\/12\/2024\/07\/Historia_Banner-eventos_Asociacionismo-migrantes.png                    \" \/>\n                <\/div>\n                <div class=\"caption\">\n                    <p class=\"date\">\n                        09 Oct 2024 - 15:00 UTC                    <\/p>\n                    <h4 class=\"title-event\">Actividad socio-cultural: 'El papel del asociacionismo de migrantes en la promoci\u00f3n del cambio y de la justicia social'<\/h4>\n                    <h5 class=\"title-venue\">Aula Tom\u00e1s y Valiente de la Facultad de Derecho Universidad de La Laguna<\/h5>\n                <\/div><\/a>\n                <div class=\"event-card-footer\">\n                \t<div class=\"event-card-tags\">\n        \t\t\t\t                     <\/div>\n                <\/div><!-- event-card-footer -->\n            \t<\/div><!--event-card-->\n            <\/div><!--col-sm-4-->\n            \n            <div class=\"col-md-4 col-xs-12\">\n            \t<div class=\"event-card\">\n                <a href=\"https:\/\/www.ull.es\/portal\/agenda\/evento\/seminario-internacional-nuevas-formas-de-exclusion-y-resistencia-de-migrantes-en-un-contexto-de-inclusion-diferencial\/\">\n                <div class=\"thumbnail\">\n                                <img src=\"https:\/\/www.ull.es\/portal\/agenda\/wp-content\/uploads\/sites\/12\/2024\/04\/Seminario-Nuevas-formas-de-exclusion.png                    \" \/>\n                <\/div>\n                <div class=\"caption\">\n                    <p class=\"date\">\n                        22 Apr 2024 - 17:00 UTC                    <\/p>\n                    <h4 class=\"title-event\">Seminario Internacional \u201cNuevas formas de exclusi\u00f3n y resistencia de migrantes en un contexto de inclusi\u00f3n diferencial\u201d.<\/h4>\n                    <h5 class=\"title-venue\">Facultad de Ciencias Sociales y de la Comunicac\u00f3n. Edifcio La PIr\u00e1mide<\/h5>\n                <\/div><\/a>\n                <div class=\"event-card-footer\">\n                \t<div class=\"event-card-tags\">\n        \t\t\t\t                     <\/div>\n                <\/div><!-- event-card-footer -->\n            \t<\/div><!--event-card-->\n            <\/div><!--col-sm-4-->\n                            <\/div>\n                        <div class=\"row\">\n            \n            <div class=\"col-md-4 col-xs-12\">\n            \t<div class=\"event-card\">\n                <a href=\"https:\/\/www.ull.es\/portal\/agenda\/evento\/las-mujeres-saharauis-lucha-y-cultura\/\">\n                <div class=\"thumbnail\">\n                                <img src=\"https:\/\/www.ull.es\/portal\/agenda\/wp-content\/uploads\/sites\/12\/2024\/02\/Las-mujeres-saharauis-Lucha-y-Cultura_Banner-Evento-ULL.png                    \" \/>\n                <\/div>\n                <div class=\"caption\">\n                    <p class=\"date\">\n                        27 Feb 2024 - 16:00 UTC                    <\/p>\n                    <h4 class=\"title-event\">Las mujeres saharauis: Lucha y Cultura<\/h4>\n                    <h5 class=\"title-venue\">Hall del Edificio Central<\/h5>\n                <\/div><\/a>\n                <div class=\"event-card-footer\">\n                \t<div class=\"event-card-tags\">\n        \t\t\t\t                     <\/div>\n                <\/div><!-- event-card-footer -->\n            \t<\/div><!--event-card-->\n            <\/div><!--col-sm-4-->\n                            <\/div>\n                    <\/div>\n<\/div>\n\n<div class=\"more-events\">\n    <a href=\"https:\/\/www.ull.es\/portal\/agenda\/eventos\/categoria\/globalizacion-migraciones-y-nuevas-ciudadanias\">VER M\u00c1S <i class=\"fa fa-chevron-right\"><\/i><\/a>\n<\/div>\n[\/vc_column_text][\/vc_column][\/vc_row]<\/p>\n","protected":false},"excerpt":{"rendered":"<p>[vc_row][vc_column][vc_column_text][\/vc_column_text][\/vc_column][\/vc_row]<\/p>\n","protected":false},"author":3,"featured_media":0,"parent":0,"menu_order":0,"comment_status":"closed","ping_status":"closed","template":"templates\/template-no-hero.php","meta":[],"_links":{"self":[{"href":"https:\/\/www.ull.es\/catedras\/globalizacion-migraciones-ciudadanias\/wp-json\/wp\/v2\/pages\/334"}],"collection":[{"href":"https:\/\/www.ull.es\/catedras\/globalizacion-migraciones-ciudadanias\/wp-json\/wp\/v2\/pages"}],"about":[{"href":"https:\/\/www.ull.es\/catedras\/globalizacion-migraciones-ciudadanias\/wp-json\/wp\/v2\/types\/page"}],"author":[{"embeddable":true,"href":"https:\/\/www.ull.es\/catedras\/globalizacion-migraciones-ciudadanias\/wp-json\/wp\/v2\/users\/3"}],"replies":[{"embeddable":true,"href":"https:\/\/www.ull.es\/catedras\/globalizacion-migraciones-ciudadanias\/wp-json\/wp\/v2\/comments?post=334"}],"version-history":[{"count":6,"href":"https:\/\/www.ull.es\/catedras\/globalizacion-migraciones-ciudadanias\/wp-json\/wp\/v2\/pages\/334\/revisions"}],"predecessor-version":[{"id":356,"href":"https:\/\/www.ull.es\/catedras\/globalizacion-migraciones-ciudadanias\/wp-json\/wp\/v2\/pages\/334\/revisions\/356"}],"wp:attachment":[{"href":"https:\/\/www.ull.es\/catedras\/globalizacion-migraciones-ciudadanias\/wp-json\/wp\/v2\/media?parent=334"}],"curies":[{"name":"wp","href":"https:\/\/api.w.org\/{rel}","templated":true}]}}