{"id":66,"date":"2020-01-07T11:48:44","date_gmt":"2020-01-07T11:48:44","guid":{"rendered":"https:\/\/www.ull.es\/catedras\/catedra-globalizacion-migraciones-nuevas-ciuadanias\/?page_id=66"},"modified":"2021-03-26T10:36:56","modified_gmt":"2021-03-26T10:36:56","slug":"objetivos","status":"publish","type":"page","link":"https:\/\/www.ull.es\/catedras\/globalizacion-migraciones-ciudadanias\/objetivos\/","title":{"rendered":"Objetivos"},"content":{"rendered":"<p>[vc_row css_animation=\u00bbfadeInUp\u00bb][vc_column][vc_row_inner][vc_column_inner width=\u00bb1\/2&#8243;][vc_empty_space][vc_column_text]<span style=\"color: #789a8d;\"><strong>Objetivo General<\/strong><\/span>[\/vc_column_text][vc_column_text]Generar un espacio de encuentro, di\u00e1logo y acci\u00f3n colectiva con base cient\u00edfica en torno a temas de m\u00e1xima relevancia y proyecci\u00f3n social, relacionados con los procesos de globalizaci\u00f3n y su incidencia en el desarrollo de las migraciones internacionales y la conformaci\u00f3n de nuevas ciudadan\u00edas.[\/vc_column_text][\/vc_column_inner][vc_column_inner width=\u00bb1\/2&#8243;][vc_single_image image=\u00bb171&#8243; img_size=\u00bbfull\u00bb alignment=\u00bbcenter\u00bb][\/vc_column_inner][\/vc_row_inner][vc_column_text]<span style=\"color: #789a8d;\"><strong>Objetivos Espec\u00edficos<\/strong><\/span><\/p>\n<ol>\n<li>Crear sinergias entre los investigadores de la ULL y equipos internacionales para aumentar el impacto de la investigaci\u00f3n sobre el tema de referencia, en general, y dar visibilidad al potencial investigador y cr\u00edtico de la ULL a trav\u00e9s de la internacionalizaci\u00f3n de los grados, organizaci\u00f3n de los encuentros cient\u00edficos regulares, en particular.<\/li>\n<li>Posicionar a la ULL como referente en determinadas tem\u00e1ticas y enfoques, as\u00ed como contribuir a su liderazgo en el espacio Atl\u00e1ntico del conocimiento.<\/li>\n<li>Configurar nuevos espacios de participaci\u00f3n social que posibiliten los procesos de intervenci\u00f3n real y la activaci\u00f3n de todos los sectores de la ciudadan\u00eda, a trav\u00e9s del desarrollo de las iniciativas de inter\u00e9s compartido.<\/li>\n<li>Extender el inter\u00e9s por los temas definidos anteriormente en el \u00e1mbito acad\u00e9mico, administraci\u00f3n p\u00fablica y otras entidades de inter\u00e9s, creando redes inter-universitarias, convenios y bienes culturales de inter\u00e9s com\u00fan.<\/li>\n<li>Favorecer la transferencia del conocimiento obtenido hacia las esferas econ\u00f3mica, social, cultural e institucional, priorizando el espec\u00edfico compromiso de la Universidad de La Laguna con el archipi\u00e9lago canario.<\/li>\n<\/ol>\n<p>[\/vc_column_text][\/vc_column][\/vc_row]<\/p>\n","protected":false},"excerpt":{"rendered":"<p>[vc_row css_animation=\u00bbfadeInUp\u00bb][vc_column][vc_row_inner][vc_column_inner width=\u00bb1\/2&#8243;][vc_empty_space][vc_column_text]Objetivo General[\/vc_column_text][vc_column_text]Generar un espacio de encuentro, di\u00e1logo y acci\u00f3n colectiva con base cient\u00edfica en torno a temas de m\u00e1xima relevancia y proyecci\u00f3n social, relacionados con los procesos de globalizaci\u00f3n y su incidencia en el desarrollo de las migraciones internacionales y la conformaci\u00f3n de nuevas ciudadan\u00edas.[\/vc_column_text][\/vc_column_inner][vc_column_inner width=\u00bb1\/2&#8243;][vc_single_image image=\u00bb171&#8243; img_size=\u00bbfull\u00bb alignment=\u00bbcenter\u00bb][\/vc_column_inner][\/vc_row_inner][vc_column_text]Objetivos Espec\u00edficos Crear sinergias entre&#8230;<\/p>\n","protected":false},"author":5,"featured_media":0,"parent":0,"menu_order":0,"comment_status":"closed","ping_status":"closed","template":"templates\/template-no-hero.php","meta":[],"_links":{"self":[{"href":"https:\/\/www.ull.es\/catedras\/globalizacion-migraciones-ciudadanias\/wp-json\/wp\/v2\/pages\/66"}],"collection":[{"href":"https:\/\/www.ull.es\/catedras\/globalizacion-migraciones-ciudadanias\/wp-json\/wp\/v2\/pages"}],"about":[{"href":"https:\/\/www.ull.es\/catedras\/globalizacion-migraciones-ciudadanias\/wp-json\/wp\/v2\/types\/page"}],"author":[{"embeddable":true,"href":"https:\/\/www.ull.es\/catedras\/globalizacion-migraciones-ciudadanias\/wp-json\/wp\/v2\/users\/5"}],"replies":[{"embeddable":true,"href":"https:\/\/www.ull.es\/catedras\/globalizacion-migraciones-ciudadanias\/wp-json\/wp\/v2\/comments?post=66"}],"version-history":[{"count":12,"href":"https:\/\/www.ull.es\/catedras\/globalizacion-migraciones-ciudadanias\/wp-json\/wp\/v2\/pages\/66\/revisions"}],"predecessor-version":[{"id":182,"href":"https:\/\/www.ull.es\/catedras\/globalizacion-migraciones-ciudadanias\/wp-json\/wp\/v2\/pages\/66\/revisions\/182"}],"wp:attachment":[{"href":"https:\/\/www.ull.es\/catedras\/globalizacion-migraciones-ciudadanias\/wp-json\/wp\/v2\/media?parent=66"}],"curies":[{"name":"wp","href":"https:\/\/api.w.org\/{rel}","templated":true}]}}