{"id":73,"date":"2020-01-07T11:54:47","date_gmt":"2020-01-07T11:54:47","guid":{"rendered":"https:\/\/www.ull.es\/catedras\/catedra-globalizacion-migraciones-nuevas-ciuadanias\/?page_id=73"},"modified":"2021-03-26T10:21:42","modified_gmt":"2021-03-26T10:21:42","slug":"motivacion","status":"publish","type":"page","link":"https:\/\/www.ull.es\/catedras\/globalizacion-migraciones-ciudadanias\/motivacion\/","title":{"rendered":"Motivaci\u00f3n"},"content":{"rendered":"<p>[vc_row css_animation=\u00bbfadeInUp\u00bb][vc_column][vc_row_inner][vc_column_inner width=\u00bb1\/2&#8243;][vc_column_text]El actual contexto mundial est\u00e1 dominado por tensiones relacionadas, por una parte, con el aumento de la movilidad humana y, por otra, con el cierre de fronteras nacionales. Parad\u00f3jicamente, esto ocurre en sociedades cada vez m\u00e1s influidas por las tecnolog\u00edas de la informaci\u00f3n y la comunicaci\u00f3n (TIC) que conectan territorios, econom\u00edas, recursos, personas y simbolog\u00edas de todo tipo.<\/p>\n<p>La universidad, como foro de reflexi\u00f3n, debate y acci\u00f3n social, debe poner el acento en estas nuevas situaciones y en el cruce de miradas, sobre todo en una sociedad como la canaria que se ha caracterizado por la continuidad de movilidades de diverso signo y, por tanto, por unas relaciones de ida y vuelta especialmente densas en el entorno del Atl\u00e1ntico.[\/vc_column_text][\/vc_column_inner][vc_column_inner width=\u00bb1\/2&#8243;][vc_single_image image=\u00bb170&#8243; img_size=\u00bbfull\u00bb alignment=\u00bbcenter\u00bb][\/vc_column_inner][\/vc_row_inner][vc_column_text]Con esta motivaci\u00f3n surge la C\u00e1tedra Cultural <em>Globalizaci\u00f3n, migraciones y nuevas ciudadan\u00edas<\/em> de la Universidad de La Laguna, donde diversos grupos de investigaci\u00f3n abordan l\u00edneas de trabajo como: el an\u00e1lisis de las desigualdades y vulnerabilidades sociales, el impacto del cambio clim\u00e1tico en la sociedad, la gobernanza, las identidades\/minor\u00edas religiosas y colectivas, el espa\u00f1ol como lengua de internacionalizaci\u00f3n, la educaci\u00f3n intercultural, las migraciones canarias, las pol\u00edticas de integraci\u00f3n y promoci\u00f3n de la convivencia, la gesti\u00f3n de la diversidad humana y cultural, la desigualdad de g\u00e9nero, las nuevas ciudadan\u00edas y la ciudadan\u00eda canaria en el exterior, la cooperaci\u00f3n internacional al desarrollo y los derechos humanos.<\/p>\n<p>La estancia en la ULL, durante varios meses de los a\u00f1os 2017 y 2018, del profesor Sami Na\u00efr, experto internacional en estas tem\u00e1ticas, favoreci\u00f3 la incorporaci\u00f3n de profesorado y otros agentes a este proyecto, creando sinergias alrededor de la valorizaci\u00f3n del potencial investigador de nuestra Universidad, de su posici\u00f3n estrat\u00e9gica y, por tanto, de la necesidad de compartir y reforzar redes de trabajo a distintos niveles y escalas.<\/p>\n<p>Por todo ello, se pretende potenciar el papel de nuestra universidad en el espacio atl\u00e1ntico y, por tanto, atender a los lazos hist\u00f3ricos con pa\u00edses y territorios latinoamericanos y africanos, fortaleciendo asimismo la relaci\u00f3n del conjunto con el \u00e1mbito europeo.<\/p>\n<p>Una idea clave es favorecer la participaci\u00f3n de m\u00e1s actores p\u00fablicos y privados, ahondando en el desarrollo de canales e instrumentos que permitan una vinculaci\u00f3n directa y permanente con la realidad y sus principales protagonistas.<\/p>\n<p>Queremos pues que esta C\u00e1tedra genere acci\u00f3n colectiva y participaci\u00f3n, convirti\u00e9ndose en un lugar abierto donde, aparte de crear esas sinergias entre investigadores\/as, salgamos fuera y atendamos al protagonismo de asociaciones, grupos u otros agentes sociales claves para comprender estas nuevas realidades sociales.[\/vc_column_text][\/vc_column][\/vc_row]<\/p>\n","protected":false},"excerpt":{"rendered":"<p>[vc_row css_animation=\u00bbfadeInUp\u00bb][vc_column][vc_row_inner][vc_column_inner width=\u00bb1\/2&#8243;][vc_column_text]El actual contexto mundial est\u00e1 dominado por tensiones relacionadas, por una parte, con el aumento de la movilidad humana y, por otra, con el cierre de fronteras nacionales. Parad\u00f3jicamente, esto ocurre en sociedades cada vez m\u00e1s influidas por las tecnolog\u00edas de la informaci\u00f3n y la comunicaci\u00f3n (TIC) que conectan territorios, econom\u00edas, recursos, personas&#8230;<\/p>\n","protected":false},"author":5,"featured_media":0,"parent":0,"menu_order":0,"comment_status":"closed","ping_status":"closed","template":"templates\/template-no-hero.php","meta":[],"_links":{"self":[{"href":"https:\/\/www.ull.es\/catedras\/globalizacion-migraciones-ciudadanias\/wp-json\/wp\/v2\/pages\/73"}],"collection":[{"href":"https:\/\/www.ull.es\/catedras\/globalizacion-migraciones-ciudadanias\/wp-json\/wp\/v2\/pages"}],"about":[{"href":"https:\/\/www.ull.es\/catedras\/globalizacion-migraciones-ciudadanias\/wp-json\/wp\/v2\/types\/page"}],"author":[{"embeddable":true,"href":"https:\/\/www.ull.es\/catedras\/globalizacion-migraciones-ciudadanias\/wp-json\/wp\/v2\/users\/5"}],"replies":[{"embeddable":true,"href":"https:\/\/www.ull.es\/catedras\/globalizacion-migraciones-ciudadanias\/wp-json\/wp\/v2\/comments?post=73"}],"version-history":[{"count":7,"href":"https:\/\/www.ull.es\/catedras\/globalizacion-migraciones-ciudadanias\/wp-json\/wp\/v2\/pages\/73\/revisions"}],"predecessor-version":[{"id":100,"href":"https:\/\/www.ull.es\/catedras\/globalizacion-migraciones-ciudadanias\/wp-json\/wp\/v2\/pages\/73\/revisions\/100"}],"wp:attachment":[{"href":"https:\/\/www.ull.es\/catedras\/globalizacion-migraciones-ciudadanias\/wp-json\/wp\/v2\/media?parent=73"}],"curies":[{"name":"wp","href":"https:\/\/api.w.org\/{rel}","templated":true}]}}