{"id":76,"date":"2020-01-07T11:57:29","date_gmt":"2020-01-07T11:57:29","guid":{"rendered":"https:\/\/www.ull.es\/catedras\/catedra-globalizacion-migraciones-nuevas-ciuadanias\/?page_id=76"},"modified":"2025-01-30T08:58:01","modified_gmt":"2025-01-30T08:58:01","slug":"equipo-de-direccion","status":"publish","type":"page","link":"https:\/\/www.ull.es\/catedras\/globalizacion-migraciones-ciudadanias\/equipo-de-direccion\/","title":{"rendered":"Equipo de direcci\u00f3n"},"content":{"rendered":"<p>[vc_row][vc_column][vc_empty_space][\/vc_column][\/vc_row][vc_row css_animation=\u00bbfadeInUp\u00bb][vc_column][vc_row_inner][vc_column_inner][vc_column_text]<strong>DIRECTORA: CARMEN ASCANIO S\u00c1NCHEZ<\/strong><\/p>\n<p>Profesora titular del Departamento de Sociolog\u00eda y Antropolog\u00eda (ULL).<\/p>\n<p>Coordinadora del grupo de investigaci\u00f3n consolidado: Migraciones, g\u00e9nero e identidades. An\u00e1lisis y evaluaci\u00f3n de pol\u00edticas. L\u00edneas de investigaci\u00f3n: Migraciones, G\u00e9nero, Identidad\/Patrimonio Cultural, Cooperaci\u00f3n al Desarrollo. Proyectos vigentes: \u201cReligi\u00f3n, extranjer\u00eda e identidad europea: estudio comparativo y an\u00e1lisis de las pervivencias y contrastes\u201d (I+D+I, Ministerio); \u201cRedes de cooperaci\u00f3n Interuniversitaria Canarias-\u00c1frica (CIMPI)\u201d (I+D+I, G. Canarias).<\/p>\n<p>Publicaciones. <a href=\"https:\/\/dialnet.unirioja.es\/servlet\/autor?codigo=173176\" target=\"_blank\" rel=\"noopener\">V\u00e9ase Dialnet<\/a><\/p>\n<p>y <a href=\"https:\/\/scholar.google.es\/citations?user=TR5C_tcAAAAJ&amp;hl=en\" target=\"_blank\" rel=\"noopener\">Google Acad\u00e9mico<\/a><\/p>\n<p><a href=\"https:\/\/www.ull.es\/apps\/guias\/guias\/view_teacher_niu\/689\/(%3FPcascanio.*)\/\" target=\"_blank\" rel=\"noopener\">CV Docente e investigador ULL<\/a>[\/vc_column_text][\/vc_column_inner][\/vc_row_inner][vc_empty_space][vc_row_inner disable_element=\u00bbyes\u00bb][vc_column_inner width=\u00bb1\/2&#8243;][vc_column_text]<\/p>\n<ul>\n<li style=\"font-weight: 400;\"><strong>Sami Na\u00efr. Co-director.\u00a0<\/strong><\/li>\n<\/ul>\n<p><span style=\"font-weight: 400;\">Catedr\u00e1tico de Ciencias pol\u00edticas en el Instituto de Estudios Europeos de la Universidad Paris VIII y director cient\u00edfico del Instituto de Investigaci\u00f3n Europa-Mediterr\u00e1neo en Par\u00eds. Eurodiputado entre 1999 y 2004 y consejero de Estado honorario (Francia). Ha escrito numerosos ensayos sobre estos temas.\u00a0<\/span><\/p>\n<p><span style=\"font-weight: 400;\">Ver Dialnet: <\/span><a href=\"https:\/\/dialnet.unirioja.es\/servlet\/autor?codigo=509696\" target=\"_blank\" rel=\"noopener\"><span style=\"font-weight: 400;\">https:\/\/dialnet.unirioja.es\/servlet\/autor?codigo=509696<\/span><\/a>[\/vc_column_text][\/vc_column_inner][vc_column_inner width=\u00bb1\/2&#8243;][\/vc_column_inner][\/vc_row_inner][vc_row_inner][vc_column_inner][vc_column_text]<strong>CO-DIRECTOR: SAMI NA\u00cdR<\/strong><\/p>\n<p>Catedr\u00e1tico de ciencias pol\u00edticas en el Instituto de Estudios Europeos de la Universidad Paris VIII y director cient\u00edfico del Instituto de Investigaci\u00f3n Europa-Mediterr\u00e1neo en Par\u00eds.<\/p>\n<p>Profesor invitado en m\u00faltiples universidades y asesor para m\u00faltiples organismos multilaterales y ministeriales, entre ellos el ministerio de interior franc\u00e9s.<\/p>\n<p>Escritor de m\u00faltiples ensayos, como \u201cY vendr\u00e1n\u2026 Las migraciones en tiempos hostiles\u201d, \u201cEl desenga\u00f1o europeo\u201d o \u201cRefugiados, frente a la cat\u00e1strofe humanitaria, una soluci\u00f3n real\u201d, que public\u00f3 en 2017.<\/p>\n<p>Su vinculaci\u00f3n con esta C\u00e1tedra comenz\u00f3 a partir de una estancia de investigaci\u00f3n en la Universidad de La Laguna realizada entre 2017\/2018.[\/vc_column_text][\/vc_column_inner][\/vc_row_inner][vc_empty_space][vc_row_inner][vc_column_inner][vc_column_text]<strong>SECRETARIA T\u00c9CNICA: BARBARA ROSTECKA<\/strong><\/p>\n<p>Profesora del Departamento de Sociolog\u00eda y Antropolog\u00eda, participante de grupos de investigaci\u00f3n \u201cMigraciones, g\u00e9nero e identidades. An\u00e1lisis y evaluaci\u00f3n de pol\u00edticas (MIGEID)\u201d, \u201cRedes de cooperaci\u00f3n Interuniversitaria Canarias-\u00c1frica (CIMPI)\u201d y anteriormente de \u201cObservatorio de la Inmigraci\u00f3n de Tenerife (OBITEN)\u201d.<\/p>\n<p>Publicaciones: ver orcid y dialnet<\/p>\n<p><a href=\"https:\/\/www.ull.es\/apps\/guias\/teachers\/view_profile\/cv\/\" target=\"_blank\" rel=\"noopener\" target=\"_blank\" rel=\"noopener\">CV Docente e investigador ULL<\/a>[\/vc_column_text][\/vc_column_inner][\/vc_row_inner][\/vc_column][\/vc_row]<\/p>\n","protected":false},"excerpt":{"rendered":"<p>[vc_row][vc_column][vc_empty_space][\/vc_column][\/vc_row][vc_row css_animation=\u00bbfadeInUp\u00bb][vc_column][vc_row_inner][vc_column_inner][vc_column_text]DIRECTORA: CARMEN ASCANIO S\u00c1NCHEZ Profesora titular del Departamento de Sociolog\u00eda y Antropolog\u00eda (ULL). Coordinadora del grupo de investigaci\u00f3n consolidado: Migraciones, g\u00e9nero e identidades. An\u00e1lisis y evaluaci\u00f3n de pol\u00edticas. L\u00edneas de investigaci\u00f3n: Migraciones, G\u00e9nero, Identidad\/Patrimonio Cultural, Cooperaci\u00f3n al Desarrollo. Proyectos vigentes: \u201cReligi\u00f3n, extranjer\u00eda e identidad europea: estudio comparativo y an\u00e1lisis de las pervivencias y contrastes\u201d&#8230;<\/p>\n","protected":false},"author":5,"featured_media":0,"parent":0,"menu_order":0,"comment_status":"closed","ping_status":"closed","template":"templates\/template-no-hero.php","meta":[],"_links":{"self":[{"href":"https:\/\/www.ull.es\/catedras\/globalizacion-migraciones-ciudadanias\/wp-json\/wp\/v2\/pages\/76"}],"collection":[{"href":"https:\/\/www.ull.es\/catedras\/globalizacion-migraciones-ciudadanias\/wp-json\/wp\/v2\/pages"}],"about":[{"href":"https:\/\/www.ull.es\/catedras\/globalizacion-migraciones-ciudadanias\/wp-json\/wp\/v2\/types\/page"}],"author":[{"embeddable":true,"href":"https:\/\/www.ull.es\/catedras\/globalizacion-migraciones-ciudadanias\/wp-json\/wp\/v2\/users\/5"}],"replies":[{"embeddable":true,"href":"https:\/\/www.ull.es\/catedras\/globalizacion-migraciones-ciudadanias\/wp-json\/wp\/v2\/comments?post=76"}],"version-history":[{"count":24,"href":"https:\/\/www.ull.es\/catedras\/globalizacion-migraciones-ciudadanias\/wp-json\/wp\/v2\/pages\/76\/revisions"}],"predecessor-version":[{"id":351,"href":"https:\/\/www.ull.es\/catedras\/globalizacion-migraciones-ciudadanias\/wp-json\/wp\/v2\/pages\/76\/revisions\/351"}],"wp:attachment":[{"href":"https:\/\/www.ull.es\/catedras\/globalizacion-migraciones-ciudadanias\/wp-json\/wp\/v2\/media?parent=76"}],"curies":[{"name":"wp","href":"https:\/\/api.w.org\/{rel}","templated":true}]}}