{"id":23,"date":"2020-06-26T08:28:14","date_gmt":"2020-06-26T08:28:14","guid":{"rendered":"https:\/\/www.ull.es\/catedras\/web-atenea\/?page_id=23"},"modified":"2020-06-26T12:31:39","modified_gmt":"2020-06-26T12:31:39","slug":"que-es","status":"publish","type":"page","link":"https:\/\/www.ull.es\/catedras\/web-atenea\/que-es\/","title":{"rendered":"\u00bfQu\u00e9 es?"},"content":{"rendered":"<p>[vc_row full_width=\u00bbstretch_row_content\u00bb el_class=\u00bbprincipio-marcha\u00bb][vc_column css=\u00bb.vc_custom_1588939369209{padding-top: 40px !important;}\u00bb][vc_custom_heading text=\u00bb\u00bfQu\u00e9 es?\u00bb font_container=\u00bbtag:h2|font_size:40px|text_align:left|color:%23ffffff\u00bb use_theme_fonts=\u00bbyes\u00bb css_animation=\u00bbfadeInDownBig\u00bb css=\u00bb.vc_custom_1593160452777{padding-left: 5% !important;}\u00bb][\/vc_column][\/vc_row][vc_row full_width=\u00bbstretch_row_content\u00bb equal_height=\u00bbyes\u00bb][vc_column width=\u00bb1\/2&#8243; css=\u00bb.vc_custom_1588936329456{padding-top: 5% !important;padding-right: 10% !important;padding-bottom: 5% !important;padding-left: 10% !important;background-color: #f2f2f2 !important;}\u00bb][vc_column_text css_animation=\u00bbfadeInLeft\u00bb]<b>Descripci\u00f3n:<\/b><\/p>\n<p><span style=\"font-weight: 400;\">El Programa de Mentor\u00eda Atenea es un programa espec\u00edfico para alumnado universitario de altas capacidades, que se desarrolla bajo la direcci\u00f3n del Vicerrectorado de Estudiantes, Empleabilidad y Campus Guajara, el Grupo de Investigaci\u00f3n Aplicada en Ciencias del Comportamiento (GIACCo) y la Asociaci\u00f3n de Altas Capacidades de Canarias (COMPARTE).\u00a0<\/span>[\/vc_column_text][\/vc_column][vc_column width=\u00bb1\/2&#8243; css=\u00bb.vc_custom_1593162174911{background: #e5e5e5 url(https:\/\/www.ull.es\/catedras\/web-atenea\/wp-content\/uploads\/sites\/8\/2020\/06\/atenea-1.jpg?id=32) !important;background-position: center !important;background-repeat: no-repeat !important;background-size: cover !important;}\u00bb][vc_empty_space height=\u00bb300px\u00bb][\/vc_column][\/vc_row][vc_row full_width=\u00bbstretch_row_content\u00bb equal_height=\u00bbyes\u00bb][vc_column width=\u00bb1\/2&#8243; css=\u00bb.vc_custom_1593162169758{background: #e5e5e5 url(https:\/\/www.ull.es\/catedras\/web-atenea\/wp-content\/uploads\/sites\/8\/2020\/06\/atenea-2.jpg?id=33) !important;background-position: center !important;background-repeat: no-repeat !important;background-size: cover !important;}\u00bb][vc_empty_space height=\u00bb300px\u00bb][\/vc_column][vc_column width=\u00bb1\/2&#8243; css=\u00bb.vc_custom_1588936374313{padding-top: 5% !important;padding-right: 10% !important;padding-bottom: 5% !important;padding-left: 10% !important;background-color: #f2f2f2 !important;}\u00bb][vc_column_text css_animation=\u00bbfadeInRight\u00bb]<b>Objetivos:<\/b><\/p>\n<p><span style=\"font-weight: 400;\">Este programa pretende incrementar la motivaci\u00f3n del alumnado y el inter\u00e9s hacia temas acad\u00e9micos a trav\u00e9s de conferencias plenarias y actividades espec\u00edficas impartidas por profesorado experto de la Universidad de La Laguna, as\u00ed como brindarles la oportunidad de iniciarse en la investigaci\u00f3n, visitar centros empresariales y de investigaci\u00f3n e informarles del Programa Erasmus.\u00a0<\/span><\/p>\n<p><span style=\"font-weight: 400;\">Atenea se marca el reto de dar esta respuesta en todas las carreas, todos los cursos y en grupos reducidos.<\/span>[\/vc_column_text][\/vc_column][\/vc_row]<\/p>\n","protected":false},"excerpt":{"rendered":"<p>[vc_row full_width=\u00bbstretch_row_content\u00bb el_class=\u00bbprincipio-marcha\u00bb][vc_column css=\u00bb.vc_custom_1588939369209{padding-top: 40px !important;}\u00bb][vc_custom_heading text=\u00bb\u00bfQu\u00e9 es?\u00bb font_container=\u00bbtag:h2|font_size:40px|text_align:left|color:%23ffffff\u00bb use_theme_fonts=\u00bbyes\u00bb css_animation=\u00bbfadeInDownBig\u00bb css=\u00bb.vc_custom_1593160452777{padding-left: 5% !important;}\u00bb][\/vc_column][\/vc_row][vc_row full_width=\u00bbstretch_row_content\u00bb equal_height=\u00bbyes\u00bb][vc_column width=\u00bb1\/2&#8243; css=\u00bb.vc_custom_1588936329456{padding-top: 5% !important;padding-right: 10% !important;padding-bottom: 5% !important;padding-left: 10% !important;background-color: #f2f2f2 !important;}\u00bb][vc_column_text css_animation=\u00bbfadeInLeft\u00bb]Descripci\u00f3n: El Programa de Mentor\u00eda Atenea es un programa espec\u00edfico para alumnado universitario de altas capacidades, que se desarrolla bajo la direcci\u00f3n del Vicerrectorado de Estudiantes, Empleabilidad&#8230;<\/p>\n","protected":false},"author":5,"featured_media":0,"parent":0,"menu_order":0,"comment_status":"closed","ping_status":"closed","template":"templates\/template-no-title.php","meta":[],"_links":{"self":[{"href":"https:\/\/www.ull.es\/catedras\/web-atenea\/wp-json\/wp\/v2\/pages\/23"}],"collection":[{"href":"https:\/\/www.ull.es\/catedras\/web-atenea\/wp-json\/wp\/v2\/pages"}],"about":[{"href":"https:\/\/www.ull.es\/catedras\/web-atenea\/wp-json\/wp\/v2\/types\/page"}],"author":[{"embeddable":true,"href":"https:\/\/www.ull.es\/catedras\/web-atenea\/wp-json\/wp\/v2\/users\/5"}],"replies":[{"embeddable":true,"href":"https:\/\/www.ull.es\/catedras\/web-atenea\/wp-json\/wp\/v2\/comments?post=23"}],"version-history":[{"count":14,"href":"https:\/\/www.ull.es\/catedras\/web-atenea\/wp-json\/wp\/v2\/pages\/23\/revisions"}],"predecessor-version":[{"id":82,"href":"https:\/\/www.ull.es\/catedras\/web-atenea\/wp-json\/wp\/v2\/pages\/23\/revisions\/82"}],"wp:attachment":[{"href":"https:\/\/www.ull.es\/catedras\/web-atenea\/wp-json\/wp\/v2\/media?parent=23"}],"curies":[{"name":"wp","href":"https:\/\/api.w.org\/{rel}","templated":true}]}}