{"id":39,"date":"2020-06-26T09:11:54","date_gmt":"2020-06-26T09:11:54","guid":{"rendered":"https:\/\/www.ull.es\/catedras\/web-atenea\/?page_id=39"},"modified":"2020-06-26T12:33:04","modified_gmt":"2020-06-26T12:33:04","slug":"quienes-somos","status":"publish","type":"page","link":"https:\/\/www.ull.es\/catedras\/web-atenea\/quienes-somos\/","title":{"rendered":"\u00bfQui\u00e9nes somos?"},"content":{"rendered":"<p>[vc_row full_width=\u00bbstretch_row_content\u00bb el_class=\u00bbprincipio-marcha\u00bb][vc_column width=\u00bb1\/2&#8243; css=\u00bb.vc_custom_1588939369209{padding-top: 40px !important;}\u00bb][vc_custom_heading text=\u00bb\u00bfQui\u00e9nes somos?\u00bb font_container=\u00bbtag:h2|font_size:40px|text_align:left|color:%23ffffff\u00bb use_theme_fonts=\u00bbyes\u00bb css_animation=\u00bbfadeInDownBig\u00bb css=\u00bb.vc_custom_1593162639857{padding-left: 5% !important;}\u00bb][\/vc_column][vc_column width=\u00bb1\/2&#8243; css=\u00bb.vc_custom_1593163332647{padding-top: 10px !important;}\u00bb][vc_column_text]<\/p>\n<p class=\"titulo-atenea\" style=\"text-align: right;\"><b style=\"color: #ffffff;\">Vicerrectorado de Estudiantes, Empleabilidad y Campus Guajara<\/b><\/p>\n<p class=\"titulo-atenea\" style=\"text-align: right;\"><b style=\"color: #ffffff;\">Grupo Investigaci\u00f3n Aplicada en Ciencias del Comportamiento<\/b><\/p>\n<p class=\"titulo-atenea\" style=\"text-align: right;\"><b style=\"color: #ffffff;\">Asociaci\u00f3n de Altas Capacidades de Canarias<\/b><\/p>\n<p>[\/vc_column_text][\/vc_column][\/vc_row][vc_row full_width=\u00bbstretch_row_content\u00bb equal_height=\u00bbyes\u00bb][vc_column width=\u00bb1\/2&#8243; css=\u00bb.vc_custom_1588936329456{padding-top: 5% !important;padding-right: 10% !important;padding-bottom: 5% !important;padding-left: 10% !important;background-color: #f2f2f2 !important;}\u00bb][vc_column_text css_animation=\u00bbfadeInLeft\u00bb]<span style=\"font-weight: 400;\"><strong>El Grupo de Investigaci\u00f3n Aplicada en Ciencias del Comportamiento (GIACCo)<\/strong> est\u00e1 formado por doctoras en Psicolog\u00eda, graduados\/as en Psicolog\u00eda y Trabajo Social y estudiantes de Psicolog\u00eda.<\/span><\/p>\n<p><span style=\"font-weight: 400;\">Este grupo realiza una intensa labor en el \u00e1mbito de las altas capacidades intelectuales, que se estructura en tres tipos de actividades: <\/span><strong><i>programas de intervenci\u00f3n<\/i>, <i>de investigaci\u00f3n<\/i> y<i> difusi\u00f3n, <\/i>y de<i> formaci\u00f3n.<\/i><\/strong><\/p>\n<p><span style=\"font-weight: 400;\">En lo que se refiere a <\/span><i><span style=\"font-weight: 400;\">intervenci\u00f3n<\/span><\/i><span style=\"font-weight: 400;\">, implementa en la Universidad de La Laguna el Programa Integral para Altas Capacidades (PIPAC), un programa extraescolar en el que se interviene desde una perspectiva psicoeducativa, con menores con altas capacidades y sus familias. Su objetivo principal es estudiar las caracter\u00edsticas de personas con altas capacidades, as\u00ed como su ambiente, para poder intervenir en su mejora y desarrollo integral, tanto de los menores como sus familias.\u00a0<\/span>[\/vc_column_text][\/vc_column][vc_column width=\u00bb1\/2&#8243; css=\u00bb.vc_custom_1593163830334{background: #e5e5e5 url(https:\/\/www.ull.es\/catedras\/web-atenea\/wp-content\/uploads\/sites\/8\/2020\/06\/atenea-3.jpg?id=47) !important;background-position: center !important;background-repeat: no-repeat !important;background-size: cover !important;}\u00bb][vc_empty_space height=\u00bb300px\u00bb][\/vc_column][\/vc_row][vc_row full_width=\u00bbstretch_row_content\u00bb equal_height=\u00bbyes\u00bb][vc_column width=\u00bb1\/2&#8243; css=\u00bb.vc_custom_1593163840001{background: #e5e5e5 url(https:\/\/www.ull.es\/catedras\/web-atenea\/wp-content\/uploads\/sites\/8\/2020\/06\/atenea-4.jpg?id=48) !important;background-position: center !important;background-repeat: no-repeat !important;background-size: cover !important;}\u00bb][vc_empty_space height=\u00bb300px\u00bb][\/vc_column][vc_column width=\u00bb1\/2&#8243; css=\u00bb.vc_custom_1588936374313{padding-top: 5% !important;padding-right: 10% !important;padding-bottom: 5% !important;padding-left: 10% !important;background-color: #f2f2f2 !important;}\u00bb][vc_column_text css_animation=\u00bbfadeInRight\u00bb]<span style=\"font-weight: 400;\">En el \u00e1mbito de la <\/span><strong><i>investigaci\u00f3n y difusi\u00f3n<\/i><\/strong><span style=\"font-weight: 400;\">, se han presentado tesis doctorales en la tem\u00e1tica de altas capacidades, realizando tambi\u00e9n trabajos fin de grado y de m\u00e1ster. Por otra parte, cada a\u00f1o se acude a Congresos nacionales e internacionales, presentando comunicaciones de las investigaciones realizadas para as\u00ed dar difusi\u00f3n. En este sentido, y desde una perspectiva m\u00e1s amplia se realizan eventos cient\u00edficos. As\u00ed en febrero de 2012 se realizaron las I Jornadas Internacionales sobre Panor\u00e1mica de Intervenci\u00f3n en Altas Capacidades Intelectuales, donde se cont\u00f3 con la participaci\u00f3n de expertos nacionales e internacionales. Fruto de este evento se cre\u00f3 la Red Internacional de Investigaci\u00f3n, Intervenci\u00f3n y Evaluaci\u00f3n en Altas Capacidades (<strong>REINEVA<\/strong>), integrada por profesorado especializado en Altas Capacidades Intelectuales de Espa\u00f1a, Portugal, Alemania, Italia, Holanda, M\u00e9xico, Chile y Brasil. Desde entonces, dichas Jornadas se han consolidado como un evento peri\u00f3dico que tiene lugar cada dos a\u00f1os en Canarias.<\/span>[\/vc_column_text][\/vc_column][\/vc_row][vc_row full_width=\u00bbstretch_row_content\u00bb equal_height=\u00bbyes\u00bb][vc_column width=\u00bb1\/2&#8243; css=\u00bb.vc_custom_1588936329456{padding-top: 5% !important;padding-right: 10% !important;padding-bottom: 5% !important;padding-left: 10% !important;background-color: #f2f2f2 !important;}\u00bb][vc_column_text css_animation=\u00bbfadeInLeft\u00bb]<span style=\"font-weight: 400;\">En cuanto a la <\/span><strong><i>formaci\u00f3n<\/i><\/strong><span style=\"font-weight: 400;\"> en el campo de las Altas Capacidades, se ha venido desarrollando diversidad de cursos, como cursos del Plan Universitario de Empleo (PUDE), cursos de extensi\u00f3n universitaria en la Universidad Internacional Men\u00e9ndez Pelayo o en la Universidad de Verano de Lanzarote y en la Universidad de Verano de Adeje, as\u00ed como cursos propios impartidos v\u00eda on-line. Por otra parte, se han realizado diversas ediciones del curso de Altas Capacidades en contextos escolares orientado espec\u00edficamente al profesorado no universitario y una edici\u00f3n del Programa de Apoyo Socioeducativo a Profesionales y Familias para la Detecci\u00f3n de Menores con Altas Capacidades. Adem\u00e1s, de forma asidua se recibe alumnado de grado, m\u00e1ster y doctorado de pa\u00edses europeos y americanos para formarse con el equipo.<\/span>[\/vc_column_text][\/vc_column][vc_column width=\u00bb1\/2&#8243; css=\u00bb.vc_custom_1593164105530{background: #e5e5e5 url(https:\/\/www.ull.es\/catedras\/web-atenea\/wp-content\/uploads\/sites\/8\/2020\/06\/atenea-6.jpg?id=53) !important;background-position: center !important;background-repeat: no-repeat !important;background-size: cover !important;}\u00bb][vc_empty_space height=\u00bb300px\u00bb][\/vc_column][\/vc_row]<\/p>\n","protected":false},"excerpt":{"rendered":"<p>[vc_row full_width=\u00bbstretch_row_content\u00bb el_class=\u00bbprincipio-marcha\u00bb][vc_column width=\u00bb1\/2&#8243; css=\u00bb.vc_custom_1588939369209{padding-top: 40px !important;}\u00bb][vc_custom_heading text=\u00bb\u00bfQui\u00e9nes somos?\u00bb font_container=\u00bbtag:h2|font_size:40px|text_align:left|color:%23ffffff\u00bb use_theme_fonts=\u00bbyes\u00bb css_animation=\u00bbfadeInDownBig\u00bb css=\u00bb.vc_custom_1593162639857{padding-left: 5% !important;}\u00bb][\/vc_column][vc_column width=\u00bb1\/2&#8243; css=\u00bb.vc_custom_1593163332647{padding-top: 10px !important;}\u00bb][vc_column_text] Vicerrectorado de Estudiantes, Empleabilidad y Campus Guajara Grupo Investigaci\u00f3n Aplicada en Ciencias del Comportamiento Asociaci\u00f3n de Altas Capacidades de Canarias [\/vc_column_text][\/vc_column][\/vc_row][vc_row full_width=\u00bbstretch_row_content\u00bb equal_height=\u00bbyes\u00bb][vc_column width=\u00bb1\/2&#8243; css=\u00bb.vc_custom_1588936329456{padding-top: 5% !important;padding-right: 10% !important;padding-bottom: 5% !important;padding-left: 10% !important;background-color: #f2f2f2 !important;}\u00bb][vc_column_text css_animation=\u00bbfadeInLeft\u00bb]El&#8230;<\/p>\n","protected":false},"author":5,"featured_media":0,"parent":0,"menu_order":0,"comment_status":"closed","ping_status":"closed","template":"templates\/template-no-title.php","meta":[],"_links":{"self":[{"href":"https:\/\/www.ull.es\/catedras\/web-atenea\/wp-json\/wp\/v2\/pages\/39"}],"collection":[{"href":"https:\/\/www.ull.es\/catedras\/web-atenea\/wp-json\/wp\/v2\/pages"}],"about":[{"href":"https:\/\/www.ull.es\/catedras\/web-atenea\/wp-json\/wp\/v2\/types\/page"}],"author":[{"embeddable":true,"href":"https:\/\/www.ull.es\/catedras\/web-atenea\/wp-json\/wp\/v2\/users\/5"}],"replies":[{"embeddable":true,"href":"https:\/\/www.ull.es\/catedras\/web-atenea\/wp-json\/wp\/v2\/comments?post=39"}],"version-history":[{"count":10,"href":"https:\/\/www.ull.es\/catedras\/web-atenea\/wp-json\/wp\/v2\/pages\/39\/revisions"}],"predecessor-version":[{"id":83,"href":"https:\/\/www.ull.es\/catedras\/web-atenea\/wp-json\/wp\/v2\/pages\/39\/revisions\/83"}],"wp:attachment":[{"href":"https:\/\/www.ull.es\/catedras\/web-atenea\/wp-json\/wp\/v2\/media?parent=39"}],"curies":[{"name":"wp","href":"https:\/\/api.w.org\/{rel}","templated":true}]}}