{"id":40,"date":"2017-11-14T14:10:37","date_gmt":"2017-11-14T14:10:37","guid":{"rendered":"http:\/\/www.ull.es\/centros\/escuela-superior-de-ingenieria-y-tecnologia\/?page_id=40"},"modified":"2018-05-03T09:41:37","modified_gmt":"2018-05-03T09:41:37","slug":"informacion-general","status":"publish","type":"page","link":"https:\/\/www.ull.es\/centros\/cedesog\/informacion-general\/","title":{"rendered":"Informaci\u00f3n general"},"content":{"rendered":"<p>[vc_row][vc_column width=\u00bb2\/3&#8243; el_class=\u00bbpadding-50-right\u00bb css=\u00bb.vc_custom_1494506721665{padding-right: 50px !important;}\u00bb][vc_column_text]<\/p>\n<h1>Presentaci\u00f3n<\/h1>\n<p>[\/vc_column_text][vc_column_text]\n<div class=\"shortcode-descripcion\">\n    <p>El Centro de Estudios de Desigualdad Social y Gobernanza es un centro interuniversitario y multidisciplinar dedicado a la investigaci\u00f3n, an\u00e1lisis, coordinaci\u00f3n, realizaci\u00f3n y divulgaci\u00f3n cient\u00edfica de estudios acad\u00e9micos sobre desigualdad social, de oportunidades y movilidad social intergeneracional, principalmente en los \u00e1mbitos de la econom\u00eda, la educaci\u00f3n, la salud y el Derecho Internacional.<\/p><\/div>\n\n[\/vc_column_text][vc_column_text]<\/p>\n<h3>Objetivos<\/h3>\n<ul>\n<li>Organizar, programar y desarrollar ense\u00f1anzas especializadas del conjunto de las disciplinas que se refieren a los temas de desigualdad de oportunidades, pobreza, movilidad intergeneracional y el papel de la gobernanza sobre todas estas materias.<\/li>\n<li>Promover y difundir la investigaci\u00f3n sobre desigualdad social, bienestar, desigualdad de oportunidades, pobreza y movilidad intergeneracional en disciplinas como la econom\u00eda, la sociolog\u00eda, la salud p\u00fablica, la psicolog\u00eda, las ciencias pol\u00edticas o el Derecho internacional.<\/li>\n<li>Dinamizar la presentaci\u00f3n de proyectos de investigaci\u00f3n, participaci\u00f3n en redes y apertura de colaboraciones con otros grupos o centros de investigaci\u00f3n, ya sean pertenecientes a la ULL o externos a la misma, siempre y cuando se engloben dentro de los temas que son objeto de estudio por parte del CEDESOG.<\/li>\n<li>Ser referente en la creaci\u00f3n y consolidaci\u00f3n de una red competitiva e internacional en temas de desigualdad social.<\/li>\n<li>Fomentar e intensificar el car\u00e1cter multidisciplinario de las materias bajo objeto de estudio del CEDESOG. Fomentar e intensificar adem\u00e1s la colaboraci\u00f3n con otros institutos universitarios, centros de estudios y\/o programas de posgrado en temas bajo objeto de estudio por parte del CEDESOG.<\/li>\n<li>Prestar apoyo y asesoramiento a los intercambios acad\u00e9micos, cient\u00edficos y culturales en temas que competen al CEDESOG.<\/li>\n<li>Fortalecer la presencia de la ULL y la ULPGC, as\u00ed como de las dem\u00e1s universidades e instituciones adscritas o vinculadas al Centro en el panorama nacional e internacional, dentro de las materias bajo objeto de estudio del CEDESOG.<\/li>\n<li>Llevar a cabo actividades de colaboraci\u00f3n con organismos p\u00fablicos y privados, universitarios y no universitarios, nacionales e internacionales, en materias que competen al CEDESOG, as\u00ed como en inter\u00e9s mutuo de ambas partes.<\/li>\n<\/ul>\n<p>[\/vc_column_text][vc_column_text el_id=\u00bborganigrama\u00bb]<\/p>\n<h1>Organigrama<\/h1>\n<p>[\/vc_column_text][vc_column_text]\n<style>\n    .shortcode-equipo h2 {\n        margin-bottom: 10px !important;\n    }\n<\/style>\n\n<div class=\"shortcode-equipo\">\n    <h2>Equipo de direcci\u00f3n<\/h2><dl><dt><strong>Secretaria<\/strong><\/dt><dd> <a href='https:\/\/www.ull.es\/directorio\/search\/?busqueda=Miriam  \u00c1lvarez Lorenzo' target='_blank'>Miriam  \u00c1lvarez Lorenzo<\/a><\/dd><dt><strong>Directora<\/strong><\/dt><dd> <a href='https:\/\/www.ull.es\/directorio\/search\/?busqueda=Sara Darias Curvo' target='_blank'>Sara Darias Curvo<\/a><\/dd><dt><strong>Subdirector<\/strong><\/dt><dd> <a href='https:\/\/www.ull.es\/directorio\/search\/?busqueda=Seraf\u00edn Corral Quintana' target='_blank'>Seraf\u00edn Corral Quintana<\/a><\/dd><\/dl>\n<\/div>\n[\/vc_column_text][\/vc_column][vc_column width=\u00bb1\/3&#8243;][vc_column_text]<a class=\"btn-destacado\" href=\"https:\/\/riull.ull.es\/xmlui\/bitstream\/handle\/915\/3056\/BOULL.%20A\u00f1o%20I%2c%20N\u00famero%208.pdf\" target=\"_blank\" rel=\"noopener\" target=\"_blank\" rel=\"noopener\">Consultar reglamento del centro<i class=\"fa fa-arrow-right\"><\/i><\/a>[\/vc_column_text][vc_column_text]<a class=\"btn-destacado\" href=\"http:\/\/www.ull.es\/centros\/cedesog\/miembros\/\" rel=\"noopener\" target=\"_blank\" rel=\"noopener\">Consultar miembros del centro <i class=\"fa fa-arrow-right\"><\/i><\/a>[\/vc_column_text][vc_column_text]\n<ul class=\"widget-box\">\n<li class='contacto-header'>Informaci\u00f3n de contacto<\/li><li><i class=\"fa fa-map-marker\"><\/i> Camino La Hornera, 37. Facultad de Econom\u00eda, Empresa y Turismo. Apartado 456. C\u00f3digo postal 38200. San Crist\u00f3bal de La Laguna. S\/C de Tenerife<\/li><li><i class=\"fa fa-phone\"><\/i> (+34) 922 31 71 23<\/li><li><i class=\"fa fa-envelope\"><\/i>  <a href=mailto:cedesog@ull.es>cedesog@ull.es<\/a><\/li><li><i class=\"fa fa-envelope\"><\/i>  <a href=mailto:sadacur@ull.es>sadacur@ull.es<\/a><\/li>\n<\/ul>\n\n[\/vc_column_text][vc_column_text el_id=\u00bbubicacion\u00bb]\n    \n<style>\n    .google-maps {\n        position: relative;\n        padding-bottom: 75%;\n        height: 0;\n        overflow: hidden;\n    }\n    .google-maps iframe {\n        position: absolute;\n        top: 0;\n        left: 0;\n        width: 100% !important;\n        height: 100% !important;\n    }\n<\/style>\n\n\n<div class=\"google-maps\">\n    <iframe src=\"https:\/\/www.openstreetmap.org\/export\/embed.html?bbox=-16.309133489936%2C28.467040663841%2C-16.302989680346%2C28.472852886121&amp;layer=mapnik&amp;marker=28.471223619581323%2C-16.306307315826416\" style=\"border: 1px solid black\"><\/iframe>\n<\/div>\n\n<div class=\"btn-widget\">\n    <a href=\"https:\/\/www.openstreetmap.org\/directions?engine=graphhopper_car&from=&to=28.471223619581323%2C-16.306307315826416#map=17\/28.471223619581323\/-16.306307315826416\">C\u00f3mo llegar<\/a>  \n<\/div>\n\n  <\/body>\n<\/html>\n\n[\/vc_column_text][\/vc_column][\/vc_row]<\/p>\n","protected":false},"excerpt":{"rendered":"<p>[vc_row][vc_column width=\u00bb2\/3&#8243; el_class=\u00bbpadding-50-right\u00bb css=\u00bb.vc_custom_1494506721665{padding-right: 50px !important;}\u00bb][vc_column_text] Presentaci\u00f3n [\/vc_column_text][vc_column_text][\/vc_column_text][vc_column_text] Objetivos Organizar, programar y desarrollar ense\u00f1anzas especializadas del conjunto de las disciplinas que se refieren a los temas de desigualdad de oportunidades, pobreza, movilidad intergeneracional y el papel de la gobernanza sobre todas estas materias. Promover y difundir la investigaci\u00f3n sobre desigualdad social, bienestar, desigualdad de oportunidades,&#8230;<\/p>\n","protected":false},"author":1,"featured_media":0,"parent":0,"menu_order":0,"comment_status":"closed","ping_status":"closed","template":"","meta":[],"acf":[],"_links":{"self":[{"href":"https:\/\/www.ull.es\/centros\/cedesog\/wp-json\/wp\/v2\/pages\/40"}],"collection":[{"href":"https:\/\/www.ull.es\/centros\/cedesog\/wp-json\/wp\/v2\/pages"}],"about":[{"href":"https:\/\/www.ull.es\/centros\/cedesog\/wp-json\/wp\/v2\/types\/page"}],"author":[{"embeddable":true,"href":"https:\/\/www.ull.es\/centros\/cedesog\/wp-json\/wp\/v2\/users\/1"}],"replies":[{"embeddable":true,"href":"https:\/\/www.ull.es\/centros\/cedesog\/wp-json\/wp\/v2\/comments?post=40"}],"version-history":[{"count":24,"href":"https:\/\/www.ull.es\/centros\/cedesog\/wp-json\/wp\/v2\/pages\/40\/revisions"}],"predecessor-version":[{"id":603,"href":"https:\/\/www.ull.es\/centros\/cedesog\/wp-json\/wp\/v2\/pages\/40\/revisions\/603"}],"wp:attachment":[{"href":"https:\/\/www.ull.es\/centros\/cedesog\/wp-json\/wp\/v2\/media?parent=40"}],"curies":[{"name":"wp","href":"https:\/\/api.w.org\/{rel}","templated":true}]}}