{"id":594,"date":"2018-05-03T09:27:27","date_gmt":"2018-05-03T09:27:27","guid":{"rendered":"http:\/\/www.ull.es\/centros\/cedesog\/?page_id=594"},"modified":"2020-12-17T11:35:15","modified_gmt":"2020-12-17T11:35:15","slug":"miembros","status":"publish","type":"page","link":"https:\/\/www.ull.es\/centros\/cedesog\/miembros\/","title":{"rendered":"Miembros"},"content":{"rendered":"<p>[vc_row][vc_column][vc_column_text]<\/p>\n<h1>Miembros<\/h1>\n<p>[\/vc_column_text][vc_column_text]El Centro de Estudios de Desigualdad Social y Gobernanza de la ULL (CEDESOG) se forma como un centro interuniversitario de car\u00e1cter multidisciplinar, que m\u00e1s all\u00e1 de sus objetivos de investigaci\u00f3n, an\u00e1lisis, y divulgaci\u00f3n cient\u00edfica sobre estudios en desigualdad social y de opornutidades y movilidad social intergenracional, se propone como un foro interdisciplinar sobre la materia en el que la confluencia entre las perspectivas desde disciplinas como la econom\u00eda, la sociolog\u00eda, la salud, la psicolog\u00eda o la geograf\u00eda, mejore la comprensi\u00f3n y el entendimiento de este fen\u00f3meno social.<\/p>\n<p>El estudio de la desigualdad (social y de oportunidades) y la movilidad intergeneracional requiere de un equipo altamente multidisciplinar; desde nuestro punto de vista, esta es la \u00fanica forma de poder entender sus causas, pero tambi\u00e9n sus canales de transmisi\u00f3n. Es por esto por lo que las actividades que desarrollamos -y desarrollaremos en un futuro- se enfocar\u00e1n desde la perspectiva de un gran n\u00famero de campos de conocimiento, sin que ninguno de ellos se imponga sobre los dem\u00e1s.<\/p>\n<ul>\n<li><a href=\"https:\/\/docs.google.com\/spreadsheets\/d\/1VpPEC3XEy6BrbnPpt_yQc6mL9BD0DTWfi9L6pH3bK-c\/edit#gid=0\" target=\"_blank\" rel=\"noopener noreferrer\" target=\"_blank\" rel=\"noopener\">Desigualdad de oportunidades y desarrollo<\/a><\/li>\n<li><a href=\"https:\/\/docs.google.com\/spreadsheets\/d\/1VpPEC3XEy6BrbnPpt_yQc6mL9BD0DTWfi9L6pH3bK-c\/edit#gid=853900410\" target=\"_blank\" rel=\"noopener noreferrer\" target=\"_blank\" rel=\"noopener\">Movilidad social, educaci\u00f3n y mercado de trabajo<\/a><\/li>\n<li><a href=\"https:\/\/docs.google.com\/spreadsheets\/d\/1VpPEC3XEy6BrbnPpt_yQc6mL9BD0DTWfi9L6pH3bK-c\/edit#gid=80612246\" target=\"_blank\" rel=\"noopener noreferrer\" target=\"_blank\" rel=\"noopener\">Pobreza y exclusi\u00f3n social<\/a><\/li>\n<li><a href=\"https:\/\/docs.google.com\/spreadsheets\/d\/1VpPEC3XEy6BrbnPpt_yQc6mL9BD0DTWfi9L6pH3bK-c\/edit#gid=1455232406\" target=\"_blank\" rel=\"noopener noreferrer\" target=\"_blank\" rel=\"noopener\">Envejecimiento<\/a><\/li>\n<li><a href=\"https:\/\/docs.google.com\/spreadsheets\/d\/1VpPEC3XEy6BrbnPpt_yQc6mL9BD0DTWfi9L6pH3bK-c\/edit#gid=221024560\" target=\"_blank\" rel=\"noopener noreferrer\" target=\"_blank\" rel=\"noopener\">Gobernanza medioambiental y energ\u00e9tica<\/a><\/li>\n<li><a href=\"https:\/\/docs.google.com\/spreadsheets\/d\/1VpPEC3XEy6BrbnPpt_yQc6mL9BD0DTWfi9L6pH3bK-c\/edit#gid=1784061794\" target=\"_blank\" rel=\"noopener noreferrer\" target=\"_blank\" rel=\"noopener\">Salud, desigualdad y desarrollo<\/a><\/li>\n<li><a href=\"https:\/\/docs.google.com\/spreadsheets\/d\/1VpPEC3XEy6BrbnPpt_yQc6mL9BD0DTWfi9L6pH3bK-c\/edit#gid=27413197\" target=\"_blank\" rel=\"noopener noreferrer\" target=\"_blank\" rel=\"noopener\">Migraciones, g\u00e9nero y vulnerabilidades<\/a><\/li>\n<\/ul>\n<p>&nbsp;<\/p>\n<h2>\u00danete al CEDESOG<\/h2>\n<p>Si tienes inter\u00e9s en el an\u00e1lisis de campos de estudios como la desigualdad social, de oportunidades, la movilidad intergeneracional, o la gobernanza, si te gustar\u00eda aportar una visi\u00f3n o un enfoque alternativo, desde otras disciplinas como la sociolog\u00eda, el Derecho, la psicolog\u00eda o la salud, puedes colaborar con nosotros. Acredita tus estudios en la materia y presenta tu Curr\u00edculum Vitae actualizado, junto con la solicitud de adhesi\u00f3n debidamente cumplimentada y firmada y tu petici\u00f3n ser\u00e1 estudiada por el Consejo del Centro.<\/p>\n<p><strong>Documentaci\u00f3n a presentar<\/strong><\/p>\n<ul>\n<li>Solicitud de adhesi\u00f3n al CEDESOG debidamente cumplimentada y firmada por el solicitante. Si eres doctorando en la ULL, necesitar\u00e1s adem\u00e1s autorizaci\u00f3n por parte de tu tutor, director, o investigador responsable de investigaci\u00f3n.<\/li>\n<li>Acreditaci\u00f3n de la titulaci\u00f3n relacionada con los campos de estudio del CEDESOG.<\/li>\n<li><em>Curr\u00edculum Vitae<\/em>\u00a0actualizado del solicitante.<\/li>\n<\/ul>\n<p>Puedes descargar los modelos de solicitud de adhesi\u00f3n (modelo est\u00e1ndar y de doctorandos) haciendo clic en los botones que aparecen a continuaci\u00f3n de este texto. Para formalizar la solicitud, puedes enviar la documentaci\u00f3n requerida a\u00a0<a href=\"mailto:cedesog@ull.es?subject=Solicitud%20de%20Adhesi%C3%B3n%20CEDESOG\" target=\"_blank\" rel=\"noopener\">cedesog@ull.es<\/a>.[\/vc_column_text][vc_row_inner][vc_column_inner width=\u00bb1\/2&#8243;][vc_column_text el_class=\u00bbbtn-widget\u00bb]<a href=\"https:\/\/drive.google.com\/open?id=1XDECaKbiSmN0WxpTWz9YrExeH06x5jBH\" target=\"_blank\" rel=\"noopener\">Solicitud de adhesi\u00f3n<\/a>[\/vc_column_text][\/vc_column_inner][vc_column_inner width=\u00bb1\/2&#8243;][vc_column_text el_class=\u00bbbtn-widget\u00bb]<a href=\"https:\/\/drive.google.com\/open?id=15OQzb04LqdS4HUIA-hX4bK7A2taBkK7q\" target=\"_blank\" rel=\"noopener\">Solicitud de adhesi\u00f3n doctorandos<\/a>[\/vc_column_text][\/vc_column_inner][\/vc_row_inner][\/vc_column][\/vc_row]<\/p>\n","protected":false},"excerpt":{"rendered":"<p>[vc_row][vc_column][vc_column_text] Miembros [\/vc_column_text][vc_column_text]El Centro de Estudios de Desigualdad Social y Gobernanza de la ULL (CEDESOG) se forma como un centro interuniversitario de car\u00e1cter multidisciplinar, que m\u00e1s all\u00e1 de sus objetivos de investigaci\u00f3n, an\u00e1lisis, y divulgaci\u00f3n cient\u00edfica sobre estudios en desigualdad social y de opornutidades y movilidad social intergenracional, se propone como un foro interdisciplinar sobre&#8230;<\/p>\n","protected":false},"author":1,"featured_media":0,"parent":0,"menu_order":0,"comment_status":"closed","ping_status":"closed","template":"","meta":[],"acf":[],"_links":{"self":[{"href":"https:\/\/www.ull.es\/centros\/cedesog\/wp-json\/wp\/v2\/pages\/594"}],"collection":[{"href":"https:\/\/www.ull.es\/centros\/cedesog\/wp-json\/wp\/v2\/pages"}],"about":[{"href":"https:\/\/www.ull.es\/centros\/cedesog\/wp-json\/wp\/v2\/types\/page"}],"author":[{"embeddable":true,"href":"https:\/\/www.ull.es\/centros\/cedesog\/wp-json\/wp\/v2\/users\/1"}],"replies":[{"embeddable":true,"href":"https:\/\/www.ull.es\/centros\/cedesog\/wp-json\/wp\/v2\/comments?post=594"}],"version-history":[{"count":9,"href":"https:\/\/www.ull.es\/centros\/cedesog\/wp-json\/wp\/v2\/pages\/594\/revisions"}],"predecessor-version":[{"id":641,"href":"https:\/\/www.ull.es\/centros\/cedesog\/wp-json\/wp\/v2\/pages\/594\/revisions\/641"}],"wp:attachment":[{"href":"https:\/\/www.ull.es\/centros\/cedesog\/wp-json\/wp\/v2\/media?parent=594"}],"curies":[{"name":"wp","href":"https:\/\/api.w.org\/{rel}","templated":true}]}}