{"id":605,"date":"2018-05-03T09:47:33","date_gmt":"2018-05-03T09:47:33","guid":{"rendered":"http:\/\/www.ull.es\/centros\/cedesog\/?page_id=605"},"modified":"2019-05-13T12:52:01","modified_gmt":"2019-05-13T12:52:01","slug":"actividades-y-formacion","status":"publish","type":"page","link":"https:\/\/www.ull.es\/centros\/cedesog\/actividades-y-formacion\/","title":{"rendered":"Actividades y formaci\u00f3n"},"content":{"rendered":"<p>[vc_row][vc_column][vc_column_text]<\/p>\n<h1>Actividades y formaci\u00f3n<\/h1>\n<p><a href=\"http:\/\/www.ull.es\/centros\/cedesog\/informacion-general\/\" target=\"_blank\" rel=\"noopener\">Uno de los principales objetivos por los que se constituye este Centro de Estudios<\/a>\u00a0es el de\u00a0<strong>desarrollar ense\u00f1anzas especializadas<\/strong> en las distintas \u00e1reas de conocimiento que componen el CEDESOG (desigualdad de oportunidades, desigualdad en salud, pobreza, movilidad integeneracional, etc.), con el fin de ofrecer a la sociedad el conocimiento y las herramientas pr\u00e1cticas necesarias para el an\u00e1lisis de esta problem\u00e1tica, contribuyendo a la mejora de la calidad de las investigaciones y estudios que se realicen sobre la tem\u00e1tica relacionada con los campos de estudio del propio centro.<\/p>\n<p>El CEDESOG se propone as\u00ed,\u00a0<strong>con una oferta formativa amplia, diversa, y sobre todo, multidisciplinar<\/strong>, ser una entidad \u00a0activa en la transferencia de conocimiento, dinamizadora del debate p\u00fablico y la promoci\u00f3n y difusi\u00f3n de estudios en esta materia, y que adem\u00e1s, al contar con un claustro de investigadores con un constatado prestigio internacional, \u00a0ser un Centro que logre trascender el \u00e1mbito regional canario.<\/p>\n<h2>Ciclo de Seminarios Abiertos CEDESOG<\/h2>\n<p>Uno de los objetivos declarados del Centro es el de servir de plataforma de apoyo, dinamizaci\u00f3n y difusi\u00f3n de proyectos de investigaci\u00f3n en cada una de las \u00e1reas de investigaci\u00f3n en las que en Centro est\u00e1 presente. Buscando ir m\u00e1s all\u00e1, \u00a0y dada la vocaci\u00f3n interdisciplinar del Centro, el CEDESOG, a iniciativa de sus miembros, abre en marzo de 2017 un\u00a0<strong>Ciclo de Seminarios Abiertos<\/strong>. Se trata este de un\u00a0<strong>formato pensado especialmente para los j\u00f3venes<\/strong>\u00a0que empiezan a dar sus primeros pasos en la investigaci\u00f3n (doctorandos e investigadores en formaci\u00f3n), pero tambi\u00e9n para\u00a0<em>seniors<\/em>, tanto adscritos al centro como no,\u00a0<strong>sea cual sea su tem\u00e1tica (aunque lo ideal es que guarde un grado m\u00ednimo de relaci\u00f3n con la del Centro)<\/strong>, en el que,\u00a0<strong>cada 15 d\u00edas<\/strong>, poder mejorar, \u00a0probarse, presentando sus \u00faltimos trabajos, estudios o art\u00edculos y posteriormente, abriendo una rueda de debate con una audiencia conformada, desde investigadores seniors a j\u00f3venes doctorandos\/as, medios de comunicaci\u00f3n, instituciones p\u00fablicas y\/o privadas, o ciudadanos de a pie.<\/p>\n<ul>\n<li>\u00a1Env\u00edanos tu propuesta a <a href=\"mailto:cedesog@ull.es\" target=\"_blank\" rel=\"noopener\">cedesog@ull.es<\/a> y participa!<\/li>\n<\/ul>\n<p>[\/vc_column_text][\/vc_column][\/vc_row]<\/p>\n","protected":false},"excerpt":{"rendered":"<p>[vc_row][vc_column][vc_column_text] Actividades y formaci\u00f3n Uno de los principales objetivos por los que se constituye este Centro de Estudios\u00a0es el de\u00a0desarrollar ense\u00f1anzas especializadas en las distintas \u00e1reas de conocimiento que componen el CEDESOG (desigualdad de oportunidades, desigualdad en salud, pobreza, movilidad integeneracional, etc.), con el fin de ofrecer a la sociedad el conocimiento y las herramientas&#8230;<\/p>\n","protected":false},"author":1,"featured_media":0,"parent":0,"menu_order":0,"comment_status":"closed","ping_status":"closed","template":"","meta":[],"acf":[],"_links":{"self":[{"href":"https:\/\/www.ull.es\/centros\/cedesog\/wp-json\/wp\/v2\/pages\/605"}],"collection":[{"href":"https:\/\/www.ull.es\/centros\/cedesog\/wp-json\/wp\/v2\/pages"}],"about":[{"href":"https:\/\/www.ull.es\/centros\/cedesog\/wp-json\/wp\/v2\/types\/page"}],"author":[{"embeddable":true,"href":"https:\/\/www.ull.es\/centros\/cedesog\/wp-json\/wp\/v2\/users\/1"}],"replies":[{"embeddable":true,"href":"https:\/\/www.ull.es\/centros\/cedesog\/wp-json\/wp\/v2\/comments?post=605"}],"version-history":[{"count":2,"href":"https:\/\/www.ull.es\/centros\/cedesog\/wp-json\/wp\/v2\/pages\/605\/revisions"}],"predecessor-version":[{"id":621,"href":"https:\/\/www.ull.es\/centros\/cedesog\/wp-json\/wp\/v2\/pages\/605\/revisions\/621"}],"wp:attachment":[{"href":"https:\/\/www.ull.es\/centros\/cedesog\/wp-json\/wp\/v2\/media?parent=605"}],"curies":[{"name":"wp","href":"https:\/\/api.w.org\/{rel}","templated":true}]}}