{"id":644,"date":"2020-12-17T11:40:09","date_gmt":"2020-12-17T11:40:09","guid":{"rendered":"http:\/\/www.ull.es\/centros\/cedesog\/?page_id=644"},"modified":"2020-12-17T11:40:39","modified_gmt":"2020-12-17T11:40:39","slug":"proyectos-de-investigacion","status":"publish","type":"page","link":"https:\/\/www.ull.es\/centros\/cedesog\/proyectos-de-investigacion\/","title":{"rendered":"Proyectos"},"content":{"rendered":"<h2>Proyectos de investigaci\u00f3n<\/h2>\n<p>El Centro de Estudios de Desigualdad Social y Gobernanza (CEDESOG) tiene como\u00a0<a href=\"http:\/\/www.ull.es\/centros\/cedesog\/informacion-general\/\" target=\"_blank\" rel=\"noopener\">uno de sus objetivos declarados<\/a>\u00a0adoptar una actitud proactiva en la presentaci\u00f3n y difusi\u00f3n de proyectos de investigaci\u00f3n, abriendo la posibilidad de colaborar con otros grupos de investigaci\u00f3n, sean de la ULL, la ULPGC, otras universidades canarias, nacionales o del extranjero, as\u00ed como colaborar con otras entidades p\u00fablicas o privadas en materias relacionadas con las \u00e1reas de conocimiento y competencia del Centro.<\/p>\n<ul>\n<li><a href=\"https:\/\/docs.google.com\/spreadsheets\/u\/2\/d\/e\/2PACX-1vQar-VsoM6hE1W0dC_ESl9_MfZT5G1jyTZLYd3fcHcYLCI1KY3Y65a3-cdmtUziNqJv0dQjzByNtBRO\/pubhtml?gid=0&amp;single=true\" target=\"_blank\" rel=\"noopener noreferrer\" target=\"_blank\" rel=\"noopener\">Acceso a los proyectos recientes<\/a><\/li>\n<\/ul>\n","protected":false},"excerpt":{"rendered":"<p>Proyectos de investigaci\u00f3n El Centro de Estudios de Desigualdad Social y Gobernanza (CEDESOG) tiene como\u00a0uno de sus objetivos declarados\u00a0adoptar una actitud proactiva en la presentaci\u00f3n y difusi\u00f3n de proyectos de investigaci\u00f3n, abriendo la posibilidad de colaborar con otros grupos de investigaci\u00f3n, sean de la ULL, la ULPGC, otras universidades canarias, nacionales o del extranjero, as\u00ed&#8230;<\/p>\n","protected":false},"author":35,"featured_media":0,"parent":0,"menu_order":0,"comment_status":"closed","ping_status":"closed","template":"","meta":[],"acf":[],"_links":{"self":[{"href":"https:\/\/www.ull.es\/centros\/cedesog\/wp-json\/wp\/v2\/pages\/644"}],"collection":[{"href":"https:\/\/www.ull.es\/centros\/cedesog\/wp-json\/wp\/v2\/pages"}],"about":[{"href":"https:\/\/www.ull.es\/centros\/cedesog\/wp-json\/wp\/v2\/types\/page"}],"author":[{"embeddable":true,"href":"https:\/\/www.ull.es\/centros\/cedesog\/wp-json\/wp\/v2\/users\/35"}],"replies":[{"embeddable":true,"href":"https:\/\/www.ull.es\/centros\/cedesog\/wp-json\/wp\/v2\/comments?post=644"}],"version-history":[{"count":1,"href":"https:\/\/www.ull.es\/centros\/cedesog\/wp-json\/wp\/v2\/pages\/644\/revisions"}],"predecessor-version":[{"id":646,"href":"https:\/\/www.ull.es\/centros\/cedesog\/wp-json\/wp\/v2\/pages\/644\/revisions\/646"}],"wp:attachment":[{"href":"https:\/\/www.ull.es\/centros\/cedesog\/wp-json\/wp\/v2\/media?parent=644"}],"curies":[{"name":"wp","href":"https:\/\/api.w.org\/{rel}","templated":true}]}}