{"id":1004,"date":"2024-11-25T18:27:01","date_gmt":"2024-11-25T18:27:01","guid":{"rendered":"https:\/\/www.ull.es\/centros\/centro-documentacion-europea\/?page_id=1004"},"modified":"2025-02-11T13:56:32","modified_gmt":"2025-02-11T13:56:32","slug":"acerca-de-la-ue","status":"publish","type":"page","link":"https:\/\/www.ull.es\/centros\/centro-documentacion-europea\/acerca-de-la-ue\/","title":{"rendered":"Acerca de la Uni\u00f3n Europea"},"content":{"rendered":"\n<div style=\"height:70px\" aria-hidden=\"true\" class=\"wp-block-spacer\"><\/div>\n\n\n\n<h1 class=\"has-text-align-center\"><strong><span style=\"color:#0b2c6b\" class=\"has-inline-color\">Acerca de la Uni\u00f3n Europea<\/span><\/strong><\/h1>\n\n\n\n<div style=\"height:35px\" aria-hidden=\"true\" class=\"wp-block-spacer\"><\/div>\n\n\n\n<p class=\"has-text-align-center\">La Uni\u00f3n Europea (UE) es una uni\u00f3n econ\u00f3mica y pol\u00edtica \u00fanica entre veintisiete pa\u00edses europeos, que trabajan juntos para mejorar la vida de las personas en Europa e, incluso, fuera de ella.<\/p>\n\n\n\n<p class=\"has-text-align-center\">La UE lleva m\u00e1s de sesenta a\u00f1os trabajando por la paz, la prosperidad y el bienestar de sus ciudadanos. A partir de seis pa\u00edses fundadores \u2014o Estados miembros\u2014en la d\u00e9cada de 1950, ha ido creciendo hasta convertirse en una uni\u00f3n de veintisiete pa\u00edses con una poblaci\u00f3n de casi 450 millones de habitantes. <\/p>\n\n\n\n<p class=\"has-text-align-center\">Lo que comenz\u00f3 como un proyecto econ\u00f3mico para contribuir a elevar el nivel de vida en la Europa de la posguerra ha dado lugar a la creaci\u00f3n del mercado \u00fanico m\u00e1s grande del mundo, en el que las personas, las mercanc\u00edas, los servicios y el dinero pueden circular libremente. A lo largo de las d\u00e9cadas, la UE ha ampliado su \u00e1mbito de actuaci\u00f3n a esferas en las que la cooperaci\u00f3n entre pa\u00edses aporta mejores resultados. Los Estados miembros est\u00e1n convencidos de que, al trabajar juntos, son m\u00e1s fuertes y m\u00e1s capaces de hacer frente a los grandes desaf\u00edos actuales, como el cambio clim\u00e1tico y la transformaci\u00f3n digital de nuestra sociedad, y a graves amenazas para la salud y la seguridad como la pandemia de COVID-19 y la guerra de agresi\u00f3n de Rusia contra Ucrania.<\/p>\n\n\n\n<figure class=\"wp-block-image size-full\"><a href=\"https:\/\/www.ull.es\/centros\/centro-documentacion-europea\/wp-content\/uploads\/sites\/32\/2024\/11\/UE-web-CDE.png\" target=\"_blank\" rel=\"noopener\"><img loading=\"lazy\" width=\"1920\" height=\"400\" src=\"https:\/\/www.ull.es\/centros\/centro-documentacion-europea\/wp-content\/uploads\/sites\/32\/2024\/11\/UE-web-CDE.png\" alt=\"\" class=\"wp-image-984\" srcset=\"https:\/\/www.ull.es\/centros\/centro-documentacion-europea\/wp-content\/uploads\/sites\/32\/2024\/11\/UE-web-CDE.png 1920w, https:\/\/www.ull.es\/centros\/centro-documentacion-europea\/wp-content\/uploads\/sites\/32\/2024\/11\/UE-web-CDE-300x63.png 300w, https:\/\/www.ull.es\/centros\/centro-documentacion-europea\/wp-content\/uploads\/sites\/32\/2024\/11\/UE-web-CDE-1024x213.png 1024w, https:\/\/www.ull.es\/centros\/centro-documentacion-europea\/wp-content\/uploads\/sites\/32\/2024\/11\/UE-web-CDE-768x160.png 768w, https:\/\/www.ull.es\/centros\/centro-documentacion-europea\/wp-content\/uploads\/sites\/32\/2024\/11\/UE-web-CDE-1536x320.png 1536w, https:\/\/www.ull.es\/centros\/centro-documentacion-europea\/wp-content\/uploads\/sites\/32\/2024\/11\/UE-web-CDE-375x78.png 375w, https:\/\/www.ull.es\/centros\/centro-documentacion-europea\/wp-content\/uploads\/sites\/32\/2024\/11\/UE-web-CDE-750x156.png 750w, https:\/\/www.ull.es\/centros\/centro-documentacion-europea\/wp-content\/uploads\/sites\/32\/2024\/11\/UE-web-CDE-1140x238.png 1140w\" sizes=\"(max-width: 1920px) 100vw, 1920px\" \/><\/a><\/figure>\n\n\n\n<div style=\"height:55px\" aria-hidden=\"true\" class=\"wp-block-spacer\"><\/div>\n\n\n\n<p class=\"has-text-align-center\">Si quieres descubrir m\u00e1s acerca de la Uni\u00f3n Europea, accede al portal de acceso de la UE:<\/p>\n\n\n\n<div class=\"wp-block-buttons is-content-justification-center\">\n<div class=\"wp-block-button\"><a class=\"wp-block-button__link has-background\" href=\"https:\/\/european-union.europa.eu\/index_es\" style=\"background-color:#0b2c6b\" target=\"_blank\" rel=\"noreferrer noopener\" target=\"_blank\" rel=\"noopener\"><strong>ENLACE<\/strong>: Portal de acceso de la Uni\u00f3n Europea<\/a><\/div>\n<\/div>\n\n\n\n<div style=\"height:118px\" aria-hidden=\"true\" class=\"wp-block-spacer\"><\/div>\n\n\n\n<h2 class=\"has-text-align-center has-black-color has-cyan-bluish-gray-background-color has-text-color has-background\"><strong>INSTITUCIONES DE LA UNI\u00d3N EUROPEA<\/strong><\/h2>\n\n\n\n<div class=\"wp-block-columns\">\n<div class=\"wp-block-column\">\n<div class=\"wp-block-image\"><figure class=\"aligncenter size-large is-resized\"><a href=\"https:\/\/commission.europa.eu\/index_es\" target=\"_blank\" rel=\"noopener\"><img loading=\"lazy\" src=\"https:\/\/www.ull.es\/centros\/centro-documentacion-europea\/wp-content\/uploads\/sites\/32\/2024\/11\/Comisio\u0301n-Europea-opt.jpg\" alt=\"\" class=\"wp-image-987\" width=\"165\" height=\"130\" \/><\/a><figcaption>Comisi\u00f3n Europea<\/figcaption><\/figure><\/div>\n<\/div>\n\n\n\n<div class=\"wp-block-column\">\n<figure class=\"wp-block-image size-large is-resized\"><a href=\"https:\/\/www.europarl.europa.eu\/portal\/es\" target=\"_blank\" rel=\"noopener\"><img loading=\"lazy\" src=\"https:\/\/www.ull.es\/centros\/centro-documentacion-europea\/wp-content\/uploads\/sites\/32\/2024\/11\/Parlamento-Europeo-opt.jpg\" alt=\"\" class=\"wp-image-988\" width=\"156\" height=\"123\" \/><\/a><figcaption>Parlamento Europeo<\/figcaption><\/figure>\n<\/div>\n\n\n\n<div class=\"wp-block-column\">\n<figure class=\"wp-block-image size-large is-resized\"><a href=\"https:\/\/www.consilium.europa.eu\/es\/european-council\/\" target=\"_blank\" rel=\"noopener\"><img src=\"https:\/\/www.ull.es\/centros\/centro-documentacion-europea\/wp-content\/uploads\/sites\/32\/2024\/11\/consejo-union-europea-edited.jpg\" alt=\"\" class=\"wp-image-1019\" width=\"180\" \/><\/a><figcaption>Consejo Europeo<\/figcaption><\/figure>\n<\/div>\n\n\n\n<div class=\"wp-block-column\">\n<figure class=\"wp-block-image size-large is-resized\"><a href=\"https:\/\/www.consilium.europa.eu\/es\/\" target=\"_blank\" rel=\"noopener\"><img src=\"https:\/\/www.ull.es\/centros\/centro-documentacion-europea\/wp-content\/uploads\/sites\/32\/2024\/11\/consejo-union-europea-edited-1.jpg\" alt=\"\" class=\"wp-image-1021\" width=\"178\" \/><\/a><figcaption>Consejo de la Uni\u00f3n Europea<\/figcaption><\/figure>\n<\/div>\n<\/div>\n\n\n\n<div class=\"wp-block-columns\">\n<div class=\"wp-block-column\">\n<div class=\"wp-block-image\"><figure class=\"aligncenter size-large is-resized\"><a href=\"https:\/\/curia.europa.eu\/jcms\/jcms\/j_6\/es\/\" target=\"_blank\" rel=\"noopener\"><img loading=\"lazy\" src=\"https:\/\/www.ull.es\/centros\/centro-documentacion-europea\/wp-content\/uploads\/sites\/32\/2024\/11\/curia.jpg\" alt=\"\" class=\"wp-image-990\" width=\"114\" height=\"123\" \/><\/a><figcaption>TJUE<\/figcaption><\/figure><\/div>\n<\/div>\n\n\n\n<div class=\"wp-block-column\">\n<div class=\"wp-block-image\"><figure class=\"aligncenter size-large is-resized\"><a href=\"https:\/\/www.ecb.europa.eu\/ecb\/html\/index.es.html\" target=\"_blank\" rel=\"noopener\"><img loading=\"lazy\" src=\"https:\/\/www.ull.es\/centros\/centro-documentacion-europea\/wp-content\/uploads\/sites\/32\/2024\/11\/Banco-Central-Europeo-opt-150x150-1.jpg\" alt=\"\" class=\"wp-image-991\" width=\"131\" height=\"135\" \/><\/a><figcaption>Banco Central Europeo<\/figcaption><\/figure><\/div>\n<\/div>\n\n\n\n<div class=\"wp-block-column\">\n<div class=\"wp-block-image\"><figure class=\"aligncenter size-large is-resized\"><a href=\"https:\/\/cor.europa.eu\/es\" target=\"_blank\" rel=\"noopener\"><img loading=\"lazy\" src=\"https:\/\/www.ull.es\/centros\/centro-documentacion-europea\/wp-content\/uploads\/sites\/32\/2024\/11\/logo_cor.png\" alt=\"\" class=\"wp-image-992\" width=\"139\" height=\"111\" \/><\/a><figcaption>Comit\u00e9 Europeo de las Regiones<\/figcaption><\/figure><\/div>\n<\/div>\n\n\n\n<div class=\"wp-block-column\">\n<div class=\"wp-block-image\"><figure class=\"aligncenter size-large is-resized\"><a href=\"https:\/\/www.eesc.europa.eu\/es\" target=\"_blank\" rel=\"noopener\"><img loading=\"lazy\" src=\"https:\/\/www.ull.es\/centros\/centro-documentacion-europea\/wp-content\/uploads\/sites\/32\/2024\/11\/new_logo_preview.jpg\" alt=\"\" class=\"wp-image-993\" width=\"164\" height=\"150\" \/><\/a><figcaption>Comit\u00e9 Econ\u00f3mico y Social de la UE<\/figcaption><\/figure><\/div>\n<\/div>\n<\/div>\n\n\n\n<div style=\"height:46px\" aria-hidden=\"true\" class=\"wp-block-spacer\"><\/div>\n\n\n\n<p class=\"has-text-align-center has-text-color\" style=\"color:#0b2c6b\"><strong>B\u00fasqueda de agencias y organismos de la Uni\u00f3n Europea:<\/strong><\/p>\n\n\n\n<div class=\"wp-block-buttons is-content-justification-center\">\n<div class=\"wp-block-button\"><a class=\"wp-block-button__link has-black-color has-cyan-bluish-gray-background-color has-text-color has-background\" href=\"https:\/\/european-union.europa.eu\/institutions-law-budget\/institutions-and-bodies\/search-all-eu-institutions-and-bodies_es\" target=\"_blank\" rel=\"noreferrer noopener\" target=\"_blank\" rel=\"noopener\"><strong>Buscar todas las instituciones y \u00f3rganos de la UE <\/strong><\/a><\/div>\n<\/div>\n","protected":false},"excerpt":{"rendered":"<p>Acerca de la Uni\u00f3n Europea La Uni\u00f3n Europea (UE) es una uni\u00f3n econ\u00f3mica y pol\u00edtica \u00fanica entre veintisiete pa\u00edses europeos, que trabajan juntos para mejorar la vida de las personas en Europa e, incluso, fuera de ella. La UE lleva m\u00e1s de sesenta a\u00f1os trabajando por la paz, la prosperidad y el bienestar de sus&#8230;<\/p>\n","protected":false},"author":51,"featured_media":0,"parent":0,"menu_order":0,"comment_status":"closed","ping_status":"closed","template":"templates\/template-frontpage.php","meta":[],"acf":[],"_links":{"self":[{"href":"https:\/\/www.ull.es\/centros\/centro-documentacion-europea\/wp-json\/wp\/v2\/pages\/1004"}],"collection":[{"href":"https:\/\/www.ull.es\/centros\/centro-documentacion-europea\/wp-json\/wp\/v2\/pages"}],"about":[{"href":"https:\/\/www.ull.es\/centros\/centro-documentacion-europea\/wp-json\/wp\/v2\/types\/page"}],"author":[{"embeddable":true,"href":"https:\/\/www.ull.es\/centros\/centro-documentacion-europea\/wp-json\/wp\/v2\/users\/51"}],"replies":[{"embeddable":true,"href":"https:\/\/www.ull.es\/centros\/centro-documentacion-europea\/wp-json\/wp\/v2\/comments?post=1004"}],"version-history":[{"count":11,"href":"https:\/\/www.ull.es\/centros\/centro-documentacion-europea\/wp-json\/wp\/v2\/pages\/1004\/revisions"}],"predecessor-version":[{"id":1059,"href":"https:\/\/www.ull.es\/centros\/centro-documentacion-europea\/wp-json\/wp\/v2\/pages\/1004\/revisions\/1059"}],"wp:attachment":[{"href":"https:\/\/www.ull.es\/centros\/centro-documentacion-europea\/wp-json\/wp\/v2\/media?parent=1004"}],"curies":[{"name":"wp","href":"https:\/\/api.w.org\/{rel}","templated":true}]}}