{"id":887,"date":"2024-05-21T11:35:13","date_gmt":"2024-05-21T11:35:13","guid":{"rendered":"https:\/\/www.ull.es\/centros\/centro-documentacion-europea\/?page_id=887"},"modified":"2025-06-11T08:53:32","modified_gmt":"2025-06-11T08:53:32","slug":"boletin-de-la-ue","status":"publish","type":"page","link":"https:\/\/www.ull.es\/centros\/centro-documentacion-europea\/boletin-de-la-ue\/","title":{"rendered":"Bolet\u00edn de la UE"},"content":{"rendered":"<p>[vc_row][vc_column][vc_column_text css=\u00bb.vc_custom_1716291551073{margin-top: 25px !important;}\u00bb]<\/p>\n<h1>Bolet\u00edn de la UE<\/h1>\n<p>Este bolet\u00edn mensual contiene una selecci\u00f3n de los \u00faltimos documentos oficiales de la Uni\u00f3n Europea. Cuenta con informaci\u00f3n de particular inter\u00e9s para los lectores espa\u00f1oles y tiene como objetivo dotar a las universidades, abogados, empresas comerciales y las empresas financieras de informaci\u00f3n sobre los \u00faltimos avances legales en la Uni\u00f3n Europea. Escrito en ingl\u00e9s y espa\u00f1ol, el bolet\u00edn ofrece enlaces a documentos en ambos idiomas. Esperamos que usted encuentre esto a la vez \u00fatil e interesante de leer.[\/vc_column_text][\/vc_column][\/vc_row][vc_row][vc_column][vc_separator][\/vc_column][\/vc_row][vc_row][vc_column][vc_column_text el_class=\u00bbbtn-widget\u00bb]<\/p>\n<p style=\"text-align: center\"><a href=\"https:\/\/drive.google.com\/drive\/folders\/1pbu_53WrPC3_FBxKUFa599hVN9w6AJLD?usp=sharing\" target=\"_blank\" rel=\"noopener noreferrer\" target=\"_blank\" rel=\"noopener\">Boletines 2025<\/a><\/p>\n<p>[\/vc_column_text][\/vc_column][vc_column width=\u00bb1\/2&#8243;][vc_column_text el_class=\u00bbbtn-widget\u00bb]<a href=\"https:\/\/drive.google.com\/drive\/folders\/17ILIUnpri6nepAFi00pP8yBuQ5Ec9cN-?usp=sharing\" target=\"_blank\" rel=\"noopener noreferrer\" target=\"_blank\" rel=\"noopener\">Boletines 2024<\/a>[\/vc_column_text][vc_column_text el_class=\u00bbbtn-widget\u00bb]<a href=\"https:\/\/drive.google.com\/drive\/folders\/1j1W53JKvtnsXIL1e09EZc0lx_e-OxtqY?usp=sharing\" target=\"_blank\" rel=\"noopener noreferrer\" target=\"_blank\" rel=\"noopener\">Boletines 2023<\/a>[\/vc_column_text][vc_column_text el_class=\u00bbbtn-widget\u00bb]<a href=\"https:\/\/drive.google.com\/drive\/folders\/1en1ge1Pr9QoRI5aylH17-6O50_v0wwXD?usp=sharing\" target=\"_blank\" rel=\"noopener noreferrer\" target=\"_blank\" rel=\"noopener\">Boletines 2022<\/a>[\/vc_column_text][vc_column_text el_class=\u00bbbtn-widget\u00bb]<a href=\"https:\/\/drive.google.com\/drive\/folders\/1OAHwHRGaCNar3sj8RflqGADEERH6A6G3?usp=sharing\" target=\"_blank\" rel=\"noopener noreferrer\" target=\"_blank\" rel=\"noopener\">Boletines 2021<\/a>[\/vc_column_text][vc_column_text el_class=\u00bbbtn-widget\u00bb]<a href=\"https:\/\/drive.google.com\/drive\/folders\/1LltZP9WlMHjY6ftIKzxaeXdFolDSx-Gd\" target=\"_blank\" rel=\"noopener noreferrer\" target=\"_blank\" rel=\"noopener\">Boletines 2020<\/a>[\/vc_column_text][\/vc_column][vc_column width=\u00bb1\/2&#8243;][vc_column_text el_class=\u00bbbtn-widget\u00bb]<a href=\"https:\/\/drive.google.com\/open?id=1w4JRuhmNW-9mzq7UsMtqUm-an9sPDx2n\" target=\"_blank\" rel=\"noopener noreferrer\" target=\"_blank\" rel=\"noopener\">Boletines 2019<\/a>[\/vc_column_text][vc_column_text el_class=\u00bbbtn-widget\u00bb]<a href=\"https:\/\/drive.google.com\/open?id=1XWPnFGjRTxzaVv4Dp_UzbDZ2-C-wsIPJ\" target=\"_blank\" rel=\"noopener noreferrer\" target=\"_blank\" rel=\"noopener\">Boletines 2018<\/a>[\/vc_column_text][vc_column_text el_class=\u00bbbtn-widget\u00bb]<a href=\"https:\/\/drive.google.com\/open?id=17laYCF7olkiF0ODM6xciaJKDI_U6UK37\" target=\"_blank\" rel=\"noopener noreferrer\" target=\"_blank\" rel=\"noopener\">Boletines 2017<\/a>[\/vc_column_text][vc_column_text el_class=\u00bbbtn-widget\u00bb]<a href=\"https:\/\/drive.google.com\/open?id=12c6oAr74ZwGhjamqDkLKxWHPZJXkpVlK\" target=\"_blank\" rel=\"noopener noreferrer\" target=\"_blank\" rel=\"noopener\">Boletines 2016<\/a>[\/vc_column_text][vc_column_text el_class=\u00bbbtn-widget\u00bb]<a href=\"https:\/\/drive.google.com\/open?id=1GyTEOT6WkF4IhWujEtumtBhrczxWzlHT\" target=\"_blank\" rel=\"noopener noreferrer\" target=\"_blank\" rel=\"noopener\">Boletines 2015<\/a>[\/vc_column_text][\/vc_column][\/vc_row][vc_row full_width=\u00bbstretch_row\u00bb][vc_column][vc_empty_space][vc_single_image image=\u00bb890&#8243; img_size=\u00bbfull\u00bb alignment=\u00bbcenter\u00bb onclick=\u00bbcustom_link\u00bb img_link_target=\u00bb_blank\u00bb title=\u00bbBolet\u00edn de la UE CDE\u00bb link=\u00bbhttps:\/\/drive.google.com\/drive\/folders\/1pbu_53WrPC3_FBxKUFa599hVN9w6AJLD?usp=drive_link\u00bb][\/vc_column][\/vc_row][vc_row][vc_column][\/vc_column][\/vc_row]<\/p>\n","protected":false},"excerpt":{"rendered":"<p>[vc_row][vc_column][vc_column_text css=\u00bb.vc_custom_1716291551073{margin-top: 25px !important;}\u00bb] Bolet\u00edn de la UE Este bolet\u00edn mensual contiene una selecci\u00f3n de los \u00faltimos documentos oficiales de la Uni\u00f3n Europea. Cuenta con informaci\u00f3n de particular inter\u00e9s para los lectores espa\u00f1oles y tiene como objetivo dotar a las universidades, abogados, empresas comerciales y las empresas financieras de informaci\u00f3n sobre los \u00faltimos avances legales&#8230;<\/p>\n","protected":false},"author":49,"featured_media":0,"parent":0,"menu_order":0,"comment_status":"closed","ping_status":"closed","template":"templates\/template-frontpage.php","meta":[],"acf":[],"_links":{"self":[{"href":"https:\/\/www.ull.es\/centros\/centro-documentacion-europea\/wp-json\/wp\/v2\/pages\/887"}],"collection":[{"href":"https:\/\/www.ull.es\/centros\/centro-documentacion-europea\/wp-json\/wp\/v2\/pages"}],"about":[{"href":"https:\/\/www.ull.es\/centros\/centro-documentacion-europea\/wp-json\/wp\/v2\/types\/page"}],"author":[{"embeddable":true,"href":"https:\/\/www.ull.es\/centros\/centro-documentacion-europea\/wp-json\/wp\/v2\/users\/49"}],"replies":[{"embeddable":true,"href":"https:\/\/www.ull.es\/centros\/centro-documentacion-europea\/wp-json\/wp\/v2\/comments?post=887"}],"version-history":[{"count":6,"href":"https:\/\/www.ull.es\/centros\/centro-documentacion-europea\/wp-json\/wp\/v2\/pages\/887\/revisions"}],"predecessor-version":[{"id":1084,"href":"https:\/\/www.ull.es\/centros\/centro-documentacion-europea\/wp-json\/wp\/v2\/pages\/887\/revisions\/1084"}],"wp:attachment":[{"href":"https:\/\/www.ull.es\/centros\/centro-documentacion-europea\/wp-json\/wp\/v2\/media?parent=887"}],"curies":[{"name":"wp","href":"https:\/\/api.w.org\/{rel}","templated":true}]}}