{"id":893,"date":"2024-05-21T11:40:02","date_gmt":"2024-05-21T11:40:02","guid":{"rendered":"https:\/\/www.ull.es\/centros\/centro-documentacion-europea\/?page_id=893"},"modified":"2025-02-11T13:55:21","modified_gmt":"2025-02-11T13:55:21","slug":"oferta-de-empleo-y-practicas","status":"publish","type":"page","link":"https:\/\/www.ull.es\/centros\/centro-documentacion-europea\/oferta-de-empleo-y-practicas\/","title":{"rendered":"Oferta de Empleo y Pr\u00e1cticas"},"content":{"rendered":"<p>[vc_row][vc_column][vc_empty_space][vc_column_text]<\/p>\n<h2>Oferta de Empleo y Pr\u00e1cticas<\/h2>\n<p>[\/vc_column_text][vc_tta_accordion c_icon=\u00bbchevron\u00bb c_position=\u00bbright\u00bb active_section=\u00bb1&#8243; no_fill=\u00bbtrue\u00bb collapsible_all=\u00bbtrue\u00bb][vc_tta_section title=\u00bbAcceso bolet\u00edn empleo y pr\u00e1cticas Reper\u00bb tab_id=\u00bbbecas\u00bb][vc_column_text]<strong>Posibilidades de empleo UE<\/strong><\/p>\n<p>La Unidad de apoyo para la presencia de espa\u00f1oles en las Instituciones de la Uni\u00f3n Europea elabora y publica un bolet\u00edn informativo sobre ofertas de empleo y de pr\u00e1cticas en las Instituciones UE.<\/p>\n<p style=\"text-align: left\"><em><a href=\"https:\/\/www.hablamosdeeuropa.es\/es\/Paginas\/Boletin-de-Empleo.aspx\" target=\"_blank\" rel=\"noopener\"><strong>ENLACE AL \u00daLTIMO BOLET\u00cdN PUBLICADO SOBRE OFERTAS DE EMPLEO Y PR\u00c1CTICAS EN LAS INSTITUCIONES DE LA UNI\u00d3N EUROPEA<\/strong><\/a><\/em><\/p>\n<p style=\"text-align: left\"><em><strong><a href=\"https:\/\/es-ue.org\/\" target=\"_blank\" rel=\"noopener\"><img loading=\"lazy\" class=\"wp-image-960 alignleft\" src=\"http:\/\/www.ull.es\/centros\/centro-documentacion-europea\/wp-content\/uploads\/sites\/32\/2024\/10\/logoEspana2-300x169.png\" alt=\"\" width=\"295\" height=\"166\" srcset=\"https:\/\/www.ull.es\/centros\/centro-documentacion-europea\/wp-content\/uploads\/sites\/32\/2024\/10\/logoEspana2-300x169.png 300w, https:\/\/www.ull.es\/centros\/centro-documentacion-europea\/wp-content\/uploads\/sites\/32\/2024\/10\/logoEspana2-1024x576.png 1024w, https:\/\/www.ull.es\/centros\/centro-documentacion-europea\/wp-content\/uploads\/sites\/32\/2024\/10\/logoEspana2-768x432.png 768w, https:\/\/www.ull.es\/centros\/centro-documentacion-europea\/wp-content\/uploads\/sites\/32\/2024\/10\/logoEspana2-1536x864.png 1536w, https:\/\/www.ull.es\/centros\/centro-documentacion-europea\/wp-content\/uploads\/sites\/32\/2024\/10\/logoEspana2-375x211.png 375w, https:\/\/www.ull.es\/centros\/centro-documentacion-europea\/wp-content\/uploads\/sites\/32\/2024\/10\/logoEspana2-750x422.png 750w, https:\/\/www.ull.es\/centros\/centro-documentacion-europea\/wp-content\/uploads\/sites\/32\/2024\/10\/logoEspana2-1140x641.png 1140w, https:\/\/www.ull.es\/centros\/centro-documentacion-europea\/wp-content\/uploads\/sites\/32\/2024\/10\/logoEspana2.png 1920w\" sizes=\"(max-width: 295px) 100vw, 295px\" \/><\/a><\/strong><\/em><\/p>\n<p>[\/vc_column_text][\/vc_tta_section][vc_tta_section title=\u00bbOfertas de empleo\u00bb tab_id=\u00bbempleo\u00bb][vc_column_text]<strong>\u00bfEst\u00e1 buscando trabajo en las instituciones o agencias de la UE?<\/strong><\/p>\n<p>&nbsp;<\/p>\n<p>Consulte la base de datos de ofertas de empleo para puestos de duraci\u00f3n indeterminada y temporales, incluidos los puestos de agentes contractuales, becarios en pr\u00e1cticas y en comisi\u00f3n de servicios.<\/p>\n<p>Los procedimientos de selecci\u00f3n de personal temporal los organizan generalmente las propias instituciones y agencias<\/p>\n<p><em><strong><a href=\"https:\/\/epso.europa.eu\/job-opportunities_es\" target=\"_blank\" rel=\"noopener\">ENLACE A WEB DE BASE DE DATOS DE OFERTAS DE EMPLEO<\/a><\/strong><\/em><\/p>\n<p>&nbsp;<\/p>\n<p><strong>\u00bfBuscas trabajar en cualquier lugar de Europa?<a href=\"https:\/\/eures.europa.eu\/index_es\" target=\"_blank\" rel=\"noopener\"><img loading=\"lazy\" class=\"wp-image-957 alignright\" src=\"http:\/\/www.ull.es\/centros\/centro-documentacion-europea\/wp-content\/uploads\/sites\/32\/2024\/10\/EURES-300x300.jpg\" alt=\"\" width=\"141\" height=\"141\" srcset=\"https:\/\/www.ull.es\/centros\/centro-documentacion-europea\/wp-content\/uploads\/sites\/32\/2024\/10\/EURES-300x300.jpg 300w, https:\/\/www.ull.es\/centros\/centro-documentacion-europea\/wp-content\/uploads\/sites\/32\/2024\/10\/EURES-150x150.jpg 150w, https:\/\/www.ull.es\/centros\/centro-documentacion-europea\/wp-content\/uploads\/sites\/32\/2024\/10\/EURES-375x375.jpg 375w, https:\/\/www.ull.es\/centros\/centro-documentacion-europea\/wp-content\/uploads\/sites\/32\/2024\/10\/EURES-50x50.jpg 50w, https:\/\/www.ull.es\/centros\/centro-documentacion-europea\/wp-content\/uploads\/sites\/32\/2024\/10\/EURES.jpg 400w\" sizes=\"(max-width: 141px) 100vw, 141px\" \/><\/a><\/strong><\/p>\n<p>EURES (EURopean Employment Services), es una red de cooperaci\u00f3n para el empleo y para la libre circulaci\u00f3n de trabajadores. El objetivo de la Red EURES es prestar servicios a los trabajadores, a los empresarios, y a cualquier ciudadano que desee beneficiarse del principio de la libre circulaci\u00f3n de personas, proporcionando informaci\u00f3n y asesoramiento sobre ofertas y demandas de empleo, situaci\u00f3n y evoluci\u00f3n del mercado de trabajo y sobre condiciones de vida y trabajo de cada pa\u00eds<\/p>\n<p><a href=\"https:\/\/europa.eu\/eures\/portal\/jv-se\/home?lang=es\" target=\"_blank\" rel=\"noopener\"><em><strong>ENLACE A WEB EURES<\/strong><\/em><\/a><\/p>\n<p>&nbsp;<\/p>\n<p><strong>Ofertas en el Servicio Europeo de Acci\u00f3n Exterior (SEAE).<a href=\"https:\/\/www.eeas.europa.eu\/_en\" target=\"_blank\" rel=\"noopener\"><img loading=\"lazy\" class=\" wp-image-956 alignright\" src=\"http:\/\/www.ull.es\/centros\/centro-documentacion-europea\/wp-content\/uploads\/sites\/32\/2024\/10\/logo_servicio_eu_accion_exterior-300x106.png\" alt=\"\" width=\"269\" height=\"95\" srcset=\"https:\/\/www.ull.es\/centros\/centro-documentacion-europea\/wp-content\/uploads\/sites\/32\/2024\/10\/logo_servicio_eu_accion_exterior-300x106.png 300w, https:\/\/www.ull.es\/centros\/centro-documentacion-europea\/wp-content\/uploads\/sites\/32\/2024\/10\/logo_servicio_eu_accion_exterior.png 344w\" sizes=\"(max-width: 269px) 100vw, 269px\" \/><\/a><\/strong><\/p>\n<p>El SEAE es el servicio diplom\u00e1tico de la Uni\u00f3n Europea. Ayuda al jefe de asuntos exteriores de la UE, el Alto Representante para Asuntos Exteriores y Pol\u00edtica de Seguridad, a llevar a cabo la Pol\u00edtica Exterior y de Seguridad Com\u00fan de la Uni\u00f3n.<\/p>\n<p><em><strong><a href=\"https:\/\/www.eeas.europa.eu\/eeas\/vacancies_en?f%5B0%5D=vacancy_site%3AEEAS&amp;f%5B1%5D=vacancy_site%3AEEAS\" target=\"_blank\" rel=\"noopener\">ENLACE A WEB SEAE TRABAJOS\/PR\u00c1CTICAS.\u00a0<\/a><\/strong><\/em><\/p>\n<p>&nbsp;<\/p>\n<p><strong>EuroBrussels -&gt; B\u00fasqueda de Empleo en Asuntos Europeos (<em><a href=\"https:\/\/www.eurobrussels.com\/\" target=\"_blank\" rel=\"noopener\">ENLACE<\/a><\/em>)<\/strong>[\/vc_column_text][\/vc_tta_section][vc_tta_section title=\u00bbPr\u00e1cticas en instituciones de la UE\u00bb tab_id=\u00bb1601305076756-826ef34c-79b0&#8243;][vc_column_text]Las instituciones europeas brindan varias oportunidades de realizar pr\u00e1cticas remuneradas en las instituciones europeas.<\/p>\n<p>En la p\u00e1gina web de EPSO, se pueden encontrar algunas de las oportunidades disponibles<\/p>\n<p><em><strong><a href=\"https:\/\/epso.europa.eu\/job-opportunities\/traineeships_es\" target=\"_blank\" rel=\"noopener\">ENLACE A WEB EPSO DE PR\u00c1CTICAS<\/a><\/strong><\/em><\/p>\n<p><a href=\"https:\/\/epso.europa.eu\/job-opportunities\/traineeships_es\" target=\"_blank\" rel=\"noopener\"><img loading=\"lazy\" class=\"alignnone size-medium wp-image-953\" src=\"http:\/\/www.ull.es\/centros\/centro-documentacion-europea\/wp-content\/uploads\/sites\/32\/2024\/10\/EPSO-LOGO-1-300x100.jpg\" alt=\"\" width=\"300\" height=\"100\" srcset=\"https:\/\/www.ull.es\/centros\/centro-documentacion-europea\/wp-content\/uploads\/sites\/32\/2024\/10\/EPSO-LOGO-1-300x100.jpg 300w, https:\/\/www.ull.es\/centros\/centro-documentacion-europea\/wp-content\/uploads\/sites\/32\/2024\/10\/EPSO-LOGO-1-768x257.jpg 768w, https:\/\/www.ull.es\/centros\/centro-documentacion-europea\/wp-content\/uploads\/sites\/32\/2024\/10\/EPSO-LOGO-1-375x125.jpg 375w, https:\/\/www.ull.es\/centros\/centro-documentacion-europea\/wp-content\/uploads\/sites\/32\/2024\/10\/EPSO-LOGO-1-750x251.jpg 750w, https:\/\/www.ull.es\/centros\/centro-documentacion-europea\/wp-content\/uploads\/sites\/32\/2024\/10\/EPSO-LOGO-1.jpg 864w\" sizes=\"(max-width: 300px) 100vw, 300px\" \/><\/a>[\/vc_column_text][\/vc_tta_section][\/vc_tta_accordion][\/vc_column][\/vc_row]<\/p>\n","protected":false},"excerpt":{"rendered":"<p>[vc_row][vc_column][vc_empty_space][vc_column_text] Oferta de Empleo y Pr\u00e1cticas [\/vc_column_text][vc_tta_accordion c_icon=\u00bbchevron\u00bb c_position=\u00bbright\u00bb active_section=\u00bb1&#8243; no_fill=\u00bbtrue\u00bb collapsible_all=\u00bbtrue\u00bb][vc_tta_section title=\u00bbAcceso bolet\u00edn empleo y pr\u00e1cticas Reper\u00bb tab_id=\u00bbbecas\u00bb][vc_column_text]Posibilidades de empleo UE La Unidad de apoyo para la presencia de espa\u00f1oles en las Instituciones de la Uni\u00f3n Europea elabora y publica un bolet\u00edn informativo sobre ofertas de empleo y de pr\u00e1cticas en las Instituciones UE&#8230;.<\/p>\n","protected":false},"author":49,"featured_media":0,"parent":0,"menu_order":0,"comment_status":"closed","ping_status":"closed","template":"templates\/template-frontpage.php","meta":[],"acf":[],"_links":{"self":[{"href":"https:\/\/www.ull.es\/centros\/centro-documentacion-europea\/wp-json\/wp\/v2\/pages\/893"}],"collection":[{"href":"https:\/\/www.ull.es\/centros\/centro-documentacion-europea\/wp-json\/wp\/v2\/pages"}],"about":[{"href":"https:\/\/www.ull.es\/centros\/centro-documentacion-europea\/wp-json\/wp\/v2\/types\/page"}],"author":[{"embeddable":true,"href":"https:\/\/www.ull.es\/centros\/centro-documentacion-europea\/wp-json\/wp\/v2\/users\/49"}],"replies":[{"embeddable":true,"href":"https:\/\/www.ull.es\/centros\/centro-documentacion-europea\/wp-json\/wp\/v2\/comments?post=893"}],"version-history":[{"count":11,"href":"https:\/\/www.ull.es\/centros\/centro-documentacion-europea\/wp-json\/wp\/v2\/pages\/893\/revisions"}],"predecessor-version":[{"id":1058,"href":"https:\/\/www.ull.es\/centros\/centro-documentacion-europea\/wp-json\/wp\/v2\/pages\/893\/revisions\/1058"}],"wp:attachment":[{"href":"https:\/\/www.ull.es\/centros\/centro-documentacion-europea\/wp-json\/wp\/v2\/media?parent=893"}],"curies":[{"name":"wp","href":"https:\/\/api.w.org\/{rel}","templated":true}]}}