{"id":907,"date":"2024-05-21T11:48:20","date_gmt":"2024-05-21T11:48:20","guid":{"rendered":"https:\/\/www.ull.es\/centros\/centro-documentacion-europea\/?page_id=907"},"modified":"2024-10-07T18:27:20","modified_gmt":"2024-10-07T18:27:20","slug":"contratacion-publica-ue","status":"publish","type":"page","link":"https:\/\/www.ull.es\/centros\/centro-documentacion-europea\/contratacion-publica-ue\/","title":{"rendered":"Contrataci\u00f3n p\u00fablica UE"},"content":{"rendered":"<p>[vc_row][vc_column][\/vc_column][\/vc_row][vc_row][vc_column][vc_empty_space][vc_column_text]<\/p>\n<h2 style=\"text-align: center\">Contrataci\u00f3n p\u00fablica UE<\/h2>\n<p>[\/vc_column_text][\/vc_column][\/vc_row][vc_row][vc_column][vc_column_text]<strong>TED (Tenders Electronic Daily)<a href=\"https:\/\/ted.europa.eu\/en\/\" target=\"_blank\" rel=\"noopener\"><img loading=\"lazy\" class=\"alignright wp-image-968\" src=\"http:\/\/www.ull.es\/centros\/centro-documentacion-europea\/wp-content\/uploads\/sites\/32\/2024\/10\/images-300x75.png\" alt=\"\" width=\"336\" height=\"84\" srcset=\"https:\/\/www.ull.es\/centros\/centro-documentacion-europea\/wp-content\/uploads\/sites\/32\/2024\/10\/images-300x75.png 300w, https:\/\/www.ull.es\/centros\/centro-documentacion-europea\/wp-content\/uploads\/sites\/32\/2024\/10\/images-375x93.png 375w, https:\/\/www.ull.es\/centros\/centro-documentacion-europea\/wp-content\/uploads\/sites\/32\/2024\/10\/images.png 450w\" sizes=\"(max-width: 336px) 100vw, 336px\" \/><\/a><\/strong><\/p>\n<p>&nbsp;<\/p>\n<p>TED (Tenders Electronic Daily) es la versi\u00f3n en l\u00ednea del &#8216;Suplemento del Diario Oficial&#8217; de la UE, dedicada a la contrataci\u00f3n p\u00fablica europea. TED publica 676 000 anuncios de adjudicaci\u00f3n de contratos al a\u00f1o, incluidas 258 000 convocatorias de licitaci\u00f3n por un valor aproximado de 670 000 millones de euros.<\/p>\n<p>&nbsp;<\/p>\n<p><strong>\u00bfC\u00f3mo puedo beneficiarme de TED?<\/strong><\/p>\n<p>TED brinda acceso gratuito a oportunidades comerciales de la Uni\u00f3n Europea, el \u00c1rea Econ\u00f3mica Europea y m\u00e1s all\u00e1.<\/p>\n<p>Cada d\u00eda, de lunes a viernes, se publican en TED unos 2.600 anuncios de contrataci\u00f3n p\u00fablica.<\/p>\n<p>Puede navegar, buscar y clasificar avisos de adquisiciones por pa\u00eds, regi\u00f3n, sector comercial y m\u00e1s.<\/p>\n<p>La informaci\u00f3n sobre cada documento de contrataci\u00f3n se publica en las 24 lenguas oficiales de la UE. Todos los avisos de las instituciones de la UE se publican \u00edntegramente en estos idiomas.<\/p>\n<p><em><strong><a href=\"https:\/\/ted.europa.eu\/TED\/browse\/browseByMap.do\" target=\"_blank\" rel=\"noopener\">ENLACE A P\u00c1GINA TED<\/a><\/strong><\/em>[\/vc_column_text][\/vc_column][\/vc_row]<\/p>\n","protected":false},"excerpt":{"rendered":"<p>[vc_row][vc_column][\/vc_column][\/vc_row][vc_row][vc_column][vc_empty_space][vc_column_text] Contrataci\u00f3n p\u00fablica UE [\/vc_column_text][\/vc_column][\/vc_row][vc_row][vc_column][vc_column_text]TED (Tenders Electronic Daily) &nbsp; TED (Tenders Electronic Daily) es la versi\u00f3n en l\u00ednea del &#8216;Suplemento del Diario Oficial&#8217; de la UE, dedicada a la contrataci\u00f3n p\u00fablica europea. TED publica 676 000 anuncios de adjudicaci\u00f3n de contratos al a\u00f1o, incluidas 258 000 convocatorias de licitaci\u00f3n por un valor aproximado de 670&#8230;<\/p>\n","protected":false},"author":49,"featured_media":0,"parent":0,"menu_order":0,"comment_status":"closed","ping_status":"closed","template":"templates\/template-frontpage.php","meta":[],"acf":[],"_links":{"self":[{"href":"https:\/\/www.ull.es\/centros\/centro-documentacion-europea\/wp-json\/wp\/v2\/pages\/907"}],"collection":[{"href":"https:\/\/www.ull.es\/centros\/centro-documentacion-europea\/wp-json\/wp\/v2\/pages"}],"about":[{"href":"https:\/\/www.ull.es\/centros\/centro-documentacion-europea\/wp-json\/wp\/v2\/types\/page"}],"author":[{"embeddable":true,"href":"https:\/\/www.ull.es\/centros\/centro-documentacion-europea\/wp-json\/wp\/v2\/users\/49"}],"replies":[{"embeddable":true,"href":"https:\/\/www.ull.es\/centros\/centro-documentacion-europea\/wp-json\/wp\/v2\/comments?post=907"}],"version-history":[{"count":5,"href":"https:\/\/www.ull.es\/centros\/centro-documentacion-europea\/wp-json\/wp\/v2\/pages\/907\/revisions"}],"predecessor-version":[{"id":970,"href":"https:\/\/www.ull.es\/centros\/centro-documentacion-europea\/wp-json\/wp\/v2\/pages\/907\/revisions\/970"}],"wp:attachment":[{"href":"https:\/\/www.ull.es\/centros\/centro-documentacion-europea\/wp-json\/wp\/v2\/media?parent=907"}],"curies":[{"name":"wp","href":"https:\/\/api.w.org\/{rel}","templated":true}]}}