{"id":911,"date":"2024-05-21T11:51:32","date_gmt":"2024-05-21T11:51:32","guid":{"rendered":"https:\/\/www.ull.es\/centros\/centro-documentacion-europea\/?page_id=911"},"modified":"2024-10-07T18:29:53","modified_gmt":"2024-10-07T18:29:53","slug":"blogs","status":"publish","type":"page","link":"https:\/\/www.ull.es\/centros\/centro-documentacion-europea\/blogs\/","title":{"rendered":"Blogs"},"content":{"rendered":"<p>[vc_row][vc_column][vc_empty_space height=\u00bb35px\u00bb][vc_column_text]<\/p>\n<h2>SEDAS<\/h2>\n<ul>\n<li><a href=\"http:\/\/repositori.uji.es\/xmlui\/handle\/10234\/25884\" target=\"_blank\" rel=\"noopener\"><strong>Archivo Digital Espa\u00f1a-Uni\u00f3n Europea<\/strong><\/a><\/li>\n<\/ul>\n<p>&nbsp;<\/p>\n<div class=\"clear\"><\/div>\n<p>[\/vc_column_text][vc_column_text]<\/p>\n<h2>Blogs Institucionales<\/h2>\n<p><strong>Creados y mantenidos por instituciones p\u00fablicas:<\/strong><\/p>\n<ul>\n<li><i class=\"fa fa-external-link\"><\/i> <a href=\"http:\/\/blogs.ec.europa.eu\/\" target=\"_blank\" rel=\"noopener\">Blogs de las Instituciones Europeas<\/a><\/li>\n<li><i class=\"fa fa-external-link\"><\/i> <a href=\"http:\/\/euroalert.net\/blog_eu_directory.aspx\" target=\"_blank\" rel=\"noopener\">Euroalert <\/a><\/li>\n<\/ul>\n<p><strong>Directorio de blogs sobre la Uni\u00f3n Europea:<\/strong><\/p>\n<ul>\n<li><i class=\"fa fa-external-link\"><\/i> <a href=\"http:\/\/cdecomunidaddemadrid.wordpress.com\/\" target=\"_blank\" rel=\"noopener\">Eurobit\u00e1cora<\/a><\/li>\n<\/ul>\n<p><strong>Vinculado a la OTRI y dedicado al VII Programa Marco de Investigaci\u00f3n:<\/strong><\/p>\n<ul>\n<li><i class=\"fa fa-external-link\"><\/i> <a href=\"http:\/\/urdimbred.blogia.com\/\" target=\"_blank\" rel=\"noopener\">UrdimbrED<\/a><\/li>\n<\/ul>\n<p>&nbsp;<\/p>\n<div class=\"clear\"><\/div>\n<p>[\/vc_column_text][vc_column_text]<\/p>\n<h2>Blogs Especializados<\/h2>\n<p><strong>Derecho internacional privado espa\u00f1ol, legislaci\u00f3n, jurisprudencia:<\/strong><\/p>\n<ul>\n<li><i class=\"fa fa-external-link\"><\/i> <a href=\"http:\/\/conflictuslegum.blogspot.com\/\" target=\"_blank\" rel=\"noopener\">Conflictus legum<\/a><\/li>\n<li><a href=\"https:\/\/www.millenniumdipr.com\/\" target=\"_blank\" rel=\"noopener\">Millennium Dipr<\/a><\/li>\n<\/ul>\n<p><strong>Blogs especilizados en derecho y jurisprudencia comunitarias:<\/strong><\/p>\n<ul>\n<li><i class=\"fa fa-external-link\"><\/i> <a href=\"https:\/\/biblioteca.ucm.es\/der\/centrodedocumentacioneuropea-investigarsobrelaue-blogs\" target=\"_blank\" rel=\"noopener\">Derecho Comunitario<\/a><\/li>\n<\/ul>\n<p><strong>Derechos Humanos:<\/strong><\/p>\n<ul>\n<li><i class=\"fa fa-external-link\"><\/i> <a href=\"http:\/\/www.echrblog.blogspot.com\/\" target=\"_blank\" rel=\"noopener\">ECHR Blog : The European Convention on Human Rights and Fundamental Freedoms<\/a><\/li>\n<\/ul>\n<p><strong>Blog de la revista International Journal of International law:<\/strong><\/p>\n<ul>\n<li><i class=\"fa fa-external-link\"><\/i> <a href=\"http:\/\/www.ejiltalk.org\/\" target=\"_blank\" rel=\"noopener\">EJILTalk<\/a><\/li>\n<\/ul>\n<p><strong>Blog desarrollado por bibliotecarios y documentalistas especializados en informaci\u00f3n comunitaria:<\/strong><\/p>\n<ul>\n<li><i class=\"fa fa-external-link\"><\/i> <a href=\"http:\/\/eiaorg.blogspot.com\/\" target=\"_blank\" rel=\"noopener\">European Information Association<\/a><\/li>\n<\/ul>\n<p><strong>Derecho comunitario y derecho internacional: art\u00edculos de opini\u00f3n, noticias, recensiones de libros, convocatoria de conferencias:<\/strong><\/p>\n<ul>\n<li><i class=\"fa fa-external-link\"><\/i> <a href=\"http:\/\/internationallawobserver.eu\/\" target=\"_blank\" rel=\"noopener\">International Law Observer<\/a><\/li>\n<\/ul>\n<p><strong>Identidad europea:<\/strong><\/p>\n<ul>\n<li><i class=\"fa fa-external-link\"><\/i> <a href=\"http:\/\/www.jcm.org.uk\/blog\/\" target=\"_blank\" rel=\"noopener\">Nosemonkey\\&#8217;s Eutopia<\/a><\/li>\n<\/ul>\n<p>[\/vc_column_text][\/vc_column][\/vc_row][vc_row][vc_column][\/vc_column][\/vc_row]<\/p>\n","protected":false},"excerpt":{"rendered":"<p>[vc_row][vc_column][vc_empty_space height=\u00bb35px\u00bb][vc_column_text] SEDAS Archivo Digital Espa\u00f1a-Uni\u00f3n Europea &nbsp; [\/vc_column_text][vc_column_text] Blogs Institucionales Creados y mantenidos por instituciones p\u00fablicas: Blogs de las Instituciones Europeas Euroalert Directorio de blogs sobre la Uni\u00f3n Europea: Eurobit\u00e1cora Vinculado a la OTRI y dedicado al VII Programa Marco de Investigaci\u00f3n: UrdimbrED &nbsp; [\/vc_column_text][vc_column_text] Blogs Especializados Derecho internacional privado espa\u00f1ol, legislaci\u00f3n, jurisprudencia: Conflictus&#8230;<\/p>\n","protected":false},"author":49,"featured_media":0,"parent":0,"menu_order":0,"comment_status":"closed","ping_status":"closed","template":"templates\/template-frontpage.php","meta":[],"acf":[],"_links":{"self":[{"href":"https:\/\/www.ull.es\/centros\/centro-documentacion-europea\/wp-json\/wp\/v2\/pages\/911"}],"collection":[{"href":"https:\/\/www.ull.es\/centros\/centro-documentacion-europea\/wp-json\/wp\/v2\/pages"}],"about":[{"href":"https:\/\/www.ull.es\/centros\/centro-documentacion-europea\/wp-json\/wp\/v2\/types\/page"}],"author":[{"embeddable":true,"href":"https:\/\/www.ull.es\/centros\/centro-documentacion-europea\/wp-json\/wp\/v2\/users\/49"}],"replies":[{"embeddable":true,"href":"https:\/\/www.ull.es\/centros\/centro-documentacion-europea\/wp-json\/wp\/v2\/comments?post=911"}],"version-history":[{"count":4,"href":"https:\/\/www.ull.es\/centros\/centro-documentacion-europea\/wp-json\/wp\/v2\/pages\/911\/revisions"}],"predecessor-version":[{"id":971,"href":"https:\/\/www.ull.es\/centros\/centro-documentacion-europea\/wp-json\/wp\/v2\/pages\/911\/revisions\/971"}],"wp:attachment":[{"href":"https:\/\/www.ull.es\/centros\/centro-documentacion-europea\/wp-json\/wp\/v2\/media?parent=911"}],"curies":[{"name":"wp","href":"https:\/\/api.w.org\/{rel}","templated":true}]}}