{"id":915,"date":"2024-05-21T11:53:09","date_gmt":"2024-05-21T11:53:09","guid":{"rendered":"https:\/\/www.ull.es\/centros\/centro-documentacion-europea\/?page_id=915"},"modified":"2024-10-07T18:31:38","modified_gmt":"2024-10-07T18:31:38","slug":"contacto","status":"publish","type":"page","link":"https:\/\/www.ull.es\/centros\/centro-documentacion-europea\/contacto\/","title":{"rendered":"Contacto"},"content":{"rendered":"<p>[vc_row][vc_column][vc_column_text]<\/p>\n<h1>Contacto<\/h1>\n<p>[\/vc_column_text][\/vc_column][\/vc_row][vc_row][vc_column][vc_empty_space][vc_column_text]<\/p>\n<div class=\"row\">\n<div class=\"col-xs-12 col-md-6\">\n<h2><\/h2>\n<h2>Direcci\u00f3n postal<\/h2>\n<address target=\"_blank\" rel=\"noopener\"><strong>Centro de Documentaci\u00f3n Europea<\/strong><br \/>\nUniversidad de La Laguna<br \/>\nEdif. Facultad de Derecho, 3\u00aa planta<br \/>\nCampus Guajara, s\/n. La Laguna &#8211; Tenerife<\/address>\n<\/div>\n<\/div>\n<address target=\"_blank\" rel=\"noopener\">\u00a0<\/address>\n<div class=\"row\">\n<div class=\"col-xs-12 col-md-6\">\n<h2>\u00a0Atenci\u00f3n al usuario<\/h2>\n<p>Puedes contactar con nosotros a trav\u00e9s de nuestro correo electr\u00f3nico<strong> cdeurop@ull.edu.es<\/strong> as\u00ed como en el tel\u00e9fono 922 31 73 61<\/p>\n<p>Para ser atendido de manera presencial\u00a0solicite cita previa al correo indicando el asunto de su consulta.<\/p>\n<\/div>\n<\/div>\n<p>&nbsp;<\/p>\n<div class=\"row\">\n<div class=\"col-xs-12 col-md-4\">\n<h2><i class=\"fa fa-laptop\"><\/i>\u00a0En Internet<\/h2>\n<p><i class=\"fa fa-envelope-o\"><\/i>\u00a0<a href=\"mailto:cdeurop@ull.edu.es\" target=\"_blank\" rel=\"noopener\"><span class=\"cloaked_email\">cdurop@ull.edu.es<\/span><\/a><\/p>\n<p><i class=\"fa fa-laptop\"><\/i>\u00a0<a href=\"https:\/\/www.ull.es\/centros\/centro-documentacion-europea\/\" target=\"_blank\" rel=\"noopener\">www.ull.es\/centros\/centro-documentacion-europea<\/a><\/p>\n<p><i class=\"fa fa-location-arrow\"><\/i>\u00a0<a href=\"https:\/\/www.google.es\/maps\/place\/Facultad+de+Derecho\/@28.4701802,-16.3058295,20.25z\/data=!4m6!3m5!1s0xc41cda987705e6b:0x6cb99de3fa06f0d8!8m2!3d28.4700026!4d-16.3059576!16s%2Fg%2F11ckr_qq3l?entry=ttu\" target=\"_blank\" rel=\"noopener\">Google Maps<\/a><\/p>\n<\/div>\n<div class=\"col-xs-12 col-md-4\">\n<h2><i class=\"fa fa-comments-o\"><\/i>\u00a0Redes sociales<\/h2>\n<p><i class=\"fa fa-facebook-official\"><\/i>\u00a0<a href=\"https:\/\/www.facebook.com\/cdeull\/?modal=admin_todo_tour\" target=\"_blank\" rel=\"noopener\">Facebook<\/a><\/p>\n<p><i class=\"fa fa-twitter-square\"><\/i>\u00a0<a href=\"https:\/\/twitter.com\/cdeuropull\" target=\"_blank\" rel=\"noopener\">Twitter<\/a><\/p>\n<p><i class=\"fa fa-youtube-square\"><\/i>\u00a0<a href=\"https:\/\/www.youtube.com\/channel\/UCA8P7EP4w4CUi8LF80Yi1Yg\" target=\"_blank\" rel=\"noopener\">YouTube<\/a><\/p>\n<p><i class=\"fa fa-instagram\"><\/i>\u00a0<a href=\"https:\/\/www.instagram.com\/cdeuropull\/\" target=\"_blank\" rel=\"noopener\">Instagram<\/a><\/p>\n<p>&nbsp;<\/p>\n<\/div>\n<\/div>\n<p>[\/vc_column_text][\/vc_column][\/vc_row][vc_row][vc_column][vc_single_image image=\u00bb778&#8243; img_size=\u00bbfull\u00bb alignment=\u00bbcenter\u00bb][\/vc_column][\/vc_row]<\/p>\n","protected":false},"excerpt":{"rendered":"<p>[vc_row][vc_column][vc_column_text] Contacto [\/vc_column_text][\/vc_column][\/vc_row][vc_row][vc_column][vc_empty_space][vc_column_text] Direcci\u00f3n postal Centro de Documentaci\u00f3n Europea Universidad de La Laguna Edif. Facultad de Derecho, 3\u00aa planta Campus Guajara, s\/n. La Laguna &#8211; Tenerife \u00a0 \u00a0Atenci\u00f3n al usuario Puedes contactar con nosotros a trav\u00e9s de nuestro correo electr\u00f3nico cdeurop@ull.edu.es as\u00ed como en el tel\u00e9fono 922 31 73 61 Para ser atendido de manera&#8230;<\/p>\n","protected":false},"author":49,"featured_media":0,"parent":0,"menu_order":0,"comment_status":"closed","ping_status":"closed","template":"templates\/template-frontpage.php","meta":[],"acf":[],"_links":{"self":[{"href":"https:\/\/www.ull.es\/centros\/centro-documentacion-europea\/wp-json\/wp\/v2\/pages\/915"}],"collection":[{"href":"https:\/\/www.ull.es\/centros\/centro-documentacion-europea\/wp-json\/wp\/v2\/pages"}],"about":[{"href":"https:\/\/www.ull.es\/centros\/centro-documentacion-europea\/wp-json\/wp\/v2\/types\/page"}],"author":[{"embeddable":true,"href":"https:\/\/www.ull.es\/centros\/centro-documentacion-europea\/wp-json\/wp\/v2\/users\/49"}],"replies":[{"embeddable":true,"href":"https:\/\/www.ull.es\/centros\/centro-documentacion-europea\/wp-json\/wp\/v2\/comments?post=915"}],"version-history":[{"count":4,"href":"https:\/\/www.ull.es\/centros\/centro-documentacion-europea\/wp-json\/wp\/v2\/pages\/915\/revisions"}],"predecessor-version":[{"id":972,"href":"https:\/\/www.ull.es\/centros\/centro-documentacion-europea\/wp-json\/wp\/v2\/pages\/915\/revisions\/972"}],"wp:attachment":[{"href":"https:\/\/www.ull.es\/centros\/centro-documentacion-europea\/wp-json\/wp\/v2\/media?parent=915"}],"curies":[{"name":"wp","href":"https:\/\/api.w.org\/{rel}","templated":true}]}}