{"id":1281,"date":"2024-07-03T07:45:41","date_gmt":"2024-07-03T07:45:41","guid":{"rendered":"https:\/\/www.ull.es\/centros\/centro-estudios-africanos\/?page_id=1281"},"modified":"2024-11-08T13:06:18","modified_gmt":"2024-11-08T13:06:18","slug":"transparencia","status":"publish","type":"page","link":"https:\/\/www.ull.es\/centros\/centro-estudios-africanos\/transparencia\/","title":{"rendered":"Transparencia"},"content":{"rendered":"<p>[vc_row full_width=\u00bbstretch_row_content_no_spaces\u00bb css=\u00bb.vc_custom_1720073914232{margin-top: -125px !important;}\u00bb][vc_column][rev_slider_vc alias=\u00bbtransparencia\u00bb][\/vc_column][\/vc_row][vc_row][vc_column][vc_empty_space][vc_column_text]<\/p>\n<p style=\"text-align: center;\">El Centro de Estudios Africanos, como \u00f3rgano p\u00fablico de la Universidad de La Laguna se atiene a las pr\u00e1cticas de m\u00e1xima transparencia de sus actividades. En este sentido, a continuaci\u00f3n publicamos los documentos referidos a sus estatutos o reglamento de r\u00e9gimen interno, las memorias anuales de actividades y las actas de la Asamblea anual.<\/p>\n<p>[\/vc_column_text][\/vc_column][\/vc_row][vc_row][vc_column][vc_column_text]<\/p>\n<h3>Asambleas<\/h3>\n<ul>\n<li><a href=\"https:\/\/drive.google.com\/file\/d\/15vceoIc27knA0NC2yf0v7yJmNfU4cgnV\/view?usp=sharing\" target=\"_blank\" rel=\"noopener\" target=\"_blank\" rel=\"noopener\">Acta Asamblea General 2024<\/a><\/li>\n<\/ul>\n<p>[\/vc_column_text][\/vc_column][\/vc_row]<\/p>\n","protected":false},"excerpt":{"rendered":"<p>[vc_row full_width=\u00bbstretch_row_content_no_spaces\u00bb css=\u00bb.vc_custom_1720073914232{margin-top: -125px !important;}\u00bb][vc_column][rev_slider_vc alias=\u00bbtransparencia\u00bb][\/vc_column][\/vc_row][vc_row][vc_column][vc_empty_space][vc_column_text] El Centro de Estudios Africanos, como \u00f3rgano p\u00fablico de la Universidad de La Laguna se atiene a las pr\u00e1cticas de m\u00e1xima transparencia de sus actividades. En este sentido, a continuaci\u00f3n publicamos los documentos referidos a sus estatutos o reglamento de r\u00e9gimen interno, las memorias anuales de actividades y las&#8230;<\/p>\n","protected":false},"author":49,"featured_media":0,"parent":0,"menu_order":0,"comment_status":"closed","ping_status":"closed","template":"templates\/template-frontpage.php","meta":[],"acf":[],"_links":{"self":[{"href":"https:\/\/www.ull.es\/centros\/centro-estudios-africanos\/wp-json\/wp\/v2\/pages\/1281"}],"collection":[{"href":"https:\/\/www.ull.es\/centros\/centro-estudios-africanos\/wp-json\/wp\/v2\/pages"}],"about":[{"href":"https:\/\/www.ull.es\/centros\/centro-estudios-africanos\/wp-json\/wp\/v2\/types\/page"}],"author":[{"embeddable":true,"href":"https:\/\/www.ull.es\/centros\/centro-estudios-africanos\/wp-json\/wp\/v2\/users\/49"}],"replies":[{"embeddable":true,"href":"https:\/\/www.ull.es\/centros\/centro-estudios-africanos\/wp-json\/wp\/v2\/comments?post=1281"}],"version-history":[{"count":6,"href":"https:\/\/www.ull.es\/centros\/centro-estudios-africanos\/wp-json\/wp\/v2\/pages\/1281\/revisions"}],"predecessor-version":[{"id":1480,"href":"https:\/\/www.ull.es\/centros\/centro-estudios-africanos\/wp-json\/wp\/v2\/pages\/1281\/revisions\/1480"}],"wp:attachment":[{"href":"https:\/\/www.ull.es\/centros\/centro-estudios-africanos\/wp-json\/wp\/v2\/media?parent=1281"}],"curies":[{"name":"wp","href":"https:\/\/api.w.org\/{rel}","templated":true}]}}