{"id":1468,"date":"2024-11-07T12:27:23","date_gmt":"2024-11-07T12:27:23","guid":{"rendered":"https:\/\/www.ull.es\/centros\/centro-estudios-africanos\/?page_id=1468"},"modified":"2024-11-08T07:51:54","modified_gmt":"2024-11-08T07:51:54","slug":"proyectos","status":"publish","type":"page","link":"https:\/\/www.ull.es\/centros\/centro-estudios-africanos\/proyectos\/","title":{"rendered":"Proyectos"},"content":{"rendered":"<p>[vc_row full_width=\u00bbstretch_row_content_no_spaces\u00bb][vc_column css=\u00bb.vc_custom_1720001211490{margin-top: -125px !important;}\u00bb][rev_slider_vc alias=\u00bbproyectos\u00bb][\/vc_column][\/vc_row][vc_row][vc_column][vc_tta_accordion style=\u00bbmodern\u00bb color=\u00bbviolet\u00bb active_section=\u00bb1&#8243; no_fill=\u00bbtrue\u00bb collapsible_all=\u00bbtrue\u00bb css=\u00bb.vc_custom_1731052312567{background-color: #ffffff !important;}\u00bb][vc_tta_section title=\u00bbClases de espa\u00f1ol para personas migrantes\u00bb tab_id=\u00bbclases-espa\u00f1ol\u00bb][vc_column_text]Desde la creaci\u00f3n de los campamentos de personas migrantes a inicios del 2020 en el municipio de La Laguna (Las Ra\u00edces, Las Canteras), han transitado por estos espacios miles de personas migrantes llegadas desde el continente africano, como supervivientes de la ruta migratoria de Canarias. El drama humano de esta ruta deriva, cuando logran llegar al archipi\u00e9lago, en una incertidumbre constante. En este sentido, hemos observado que la comunicaci\u00f3n puede atenuar estas circunstancias, ya que facilita el entendimiento mutuo y la interacci\u00f3n entre la comunidad local y la migrante.<\/p>\n<p>Conscientes de esta necesidad, el Proyecto, impulsado por el CEAULL, comienza a desarrollarse en mayo de 2021, contando con el apoyo de la Universidad de La Laguna, quien facilita los espacios y el material escolar. Un equipo de profesorado voluntario, profesionales o en pr\u00e1cticas, atiende en cada sesi\u00f3n a los estudiantes y, a su vez, el alumnado participa de proyectos y actividades puntuales l\u00fadicas, de interacci\u00f3n, de aprendizaje mutuo, que implican a otros miembros de la comunidad.<\/p>\n<p><strong>Objetivos<\/strong><\/p>\n<ul>\n<li>Promover en la comunidad migrante africana reci\u00e9n llegada a Canarias nociones de nivel b\u00e1sico y\/o intermedio de espa\u00f1ol, as\u00ed como acercamiento a cuestiones sociales y culturales.<\/li>\n<li>Permitir un intercambio cultural m\u00e1s productivo y fluido, de car\u00e1cter horizontal, entre la comunidad local y la migrante.<\/li>\n<li>Brindar un espacio de humanizaci\u00f3n para las personas migrantes y de enriquecimiento mutuo para todos los agentes implicados.<\/li>\n<\/ul>\n<p><strong>Resultados<\/strong><\/p>\n<p>La iniciativa ha tenido muy buena acogida. El alumnado se implica ampliamente en su formaci\u00f3n y el profesorado voluntario experimenta momentos de gran enriquecimiento profesional. Por otro lado, tambi\u00e9n se erige como un \u00e1mbito de utilidad para el estudiantado universitario interesado en la docencia y en la ense\u00f1anza de idiomas.<\/p>\n<p><strong>Contacto<\/strong><\/p>\n<p>Paula Fern\u00e1ndez Hern\u00e1ndez<br \/>\n<a href=\"mailto:pfernanh@ull.edu.es\" target=\"_blank\" rel=\"noopener\">pfernanh@ull.edu.es<\/a>[\/vc_column_text][vc_single_image image=\u00bb1471&#8243; img_size=\u00bbfull\u00bb][\/vc_tta_section][vc_tta_section title=\u00bbEncuentros sociodeportivos con personas migrantes\u00bb tab_id=\u00bbencuentros-sociodeportivos\u00bb][vc_column_text]<strong>Objetivos del Proyecto<\/strong><\/p>\n<p>1.- Desarrollar la inclusi\u00f3n social del colectivo de personas migrantes a trav\u00e9s de la actividad f\u00edsica y el deporte<\/p>\n<p>2.- Ofrecer al alumnado universitario la posibilidad de aplicar sus aprendizajes en un contexto de interculturalidad.<\/p>\n<p>3.- Ampliar la identidad social de los participantes a trav\u00e9s de la oferta de un servicio que da respuesta a una necesidad social.<\/p>\n<p>4.- Practicar h\u00e1bitos de vida saludable<\/p>\n<p><strong>L\u00edneas de actuaci\u00f3n del proyecto<\/strong><\/p>\n<ul>\n<li>Entrenamientos de f\u00fatbol, dirigidos por monitores deportivos, e inclusi\u00f3n de Menores migrantes no acompa\u00f1ados en los equipos locales colaboradores con el proyecto<\/li>\n<li>Inclusi\u00f3n de Menores migrantes no acompa\u00f1ados en los clubs locales de atletismo y baloncesto colaboradores con el proyecto<\/li>\n<li>Organizaci\u00f3n de actividades l\u00fadicas y encuentros deportivos que favorezcan la inclusi\u00f3n social y el conocimiento de nuestro entorno<\/li>\n<\/ul>\n<p><strong>Entidades colaboradoras en el desarrollo de este Proyecto<\/strong><\/p>\n<ul>\n<li>Centro de Estudios Africanos<\/li>\n<li>Grupo de Investigaci\u00f3n e Innovaci\u00f3n Docente en la Actividad F\u00edsica y el Deporte<\/li>\n<li>Fundaci\u00f3n Club Deportivo Tenerife<\/li>\n<li>Servicio de Deportes de la ULL<\/li>\n<li>Cabildo Insular de Tenerife<\/li>\n<li>Casa \u00c1frica<\/li>\n<li>Coromoto<\/li>\n<li>D.F.C Padre Anchieta<\/li>\n<li>D. Taco San Lu\u00eds<\/li>\n<li>D. San Fernando<\/li>\n<li>D. Puerto Cruz<\/li>\n<li>Club Baloncesto Juventud Laguna<\/li>\n<li>Club Atletismo Aguere<\/li>\n<li>Quorum Social 77 Tenerife<\/li>\n<li>Asociaci\u00f3n Coliseo<\/li>\n<li>Asociaci\u00f3n Nuevo Futuro Tenerife<\/li>\n<\/ul>\n<p>[\/vc_column_text][vc_single_image image=\u00bb1473&#8243; img_size=\u00bbfull\u00bb][\/vc_tta_section][\/vc_tta_accordion][\/vc_column][\/vc_row]<\/p>\n","protected":false},"excerpt":{"rendered":"<p>[vc_row full_width=\u00bbstretch_row_content_no_spaces\u00bb][vc_column css=\u00bb.vc_custom_1720001211490{margin-top: -125px !important;}\u00bb][rev_slider_vc alias=\u00bbproyectos\u00bb][\/vc_column][\/vc_row][vc_row][vc_column][vc_tta_accordion style=\u00bbmodern\u00bb color=\u00bbviolet\u00bb active_section=\u00bb1&#8243; no_fill=\u00bbtrue\u00bb collapsible_all=\u00bbtrue\u00bb css=\u00bb.vc_custom_1731052312567{background-color: #ffffff !important;}\u00bb][vc_tta_section title=\u00bbClases de espa\u00f1ol para personas migrantes\u00bb tab_id=\u00bbclases-espa\u00f1ol\u00bb][vc_column_text]Desde la creaci\u00f3n de los campamentos de personas migrantes a inicios del 2020 en el municipio de La Laguna (Las Ra\u00edces, Las Canteras), han transitado por estos espacios miles de personas migrantes llegadas desde el&#8230;<\/p>\n","protected":false},"author":50,"featured_media":0,"parent":0,"menu_order":0,"comment_status":"closed","ping_status":"closed","template":"templates\/template-frontpage.php","meta":[],"acf":[],"_links":{"self":[{"href":"https:\/\/www.ull.es\/centros\/centro-estudios-africanos\/wp-json\/wp\/v2\/pages\/1468"}],"collection":[{"href":"https:\/\/www.ull.es\/centros\/centro-estudios-africanos\/wp-json\/wp\/v2\/pages"}],"about":[{"href":"https:\/\/www.ull.es\/centros\/centro-estudios-africanos\/wp-json\/wp\/v2\/types\/page"}],"author":[{"embeddable":true,"href":"https:\/\/www.ull.es\/centros\/centro-estudios-africanos\/wp-json\/wp\/v2\/users\/50"}],"replies":[{"embeddable":true,"href":"https:\/\/www.ull.es\/centros\/centro-estudios-africanos\/wp-json\/wp\/v2\/comments?post=1468"}],"version-history":[{"count":6,"href":"https:\/\/www.ull.es\/centros\/centro-estudios-africanos\/wp-json\/wp\/v2\/pages\/1468\/revisions"}],"predecessor-version":[{"id":1478,"href":"https:\/\/www.ull.es\/centros\/centro-estudios-africanos\/wp-json\/wp\/v2\/pages\/1468\/revisions\/1478"}],"wp:attachment":[{"href":"https:\/\/www.ull.es\/centros\/centro-estudios-africanos\/wp-json\/wp\/v2\/media?parent=1468"}],"curies":[{"name":"wp","href":"https:\/\/api.w.org\/{rel}","templated":true}]}}