{"id":602,"date":"2018-05-03T09:44:14","date_gmt":"2018-05-03T09:44:14","guid":{"rendered":"http:\/\/www.ull.es\/centros\/centro-estudios-criminologicos-canarias\/?page_id=602"},"modified":"2018-05-03T13:22:14","modified_gmt":"2018-05-03T13:22:14","slug":"investigacion","status":"publish","type":"page","link":"https:\/\/www.ull.es\/centros\/centro-estudios-criminologicos-canarias\/investigacion\/","title":{"rendered":"Investigaci\u00f3n"},"content":{"rendered":"<p>[vc_row][vc_column][vc_column_text]<\/p>\n<h1>Investigaci\u00f3n<\/h1>\n<h2>Grupos de investigaci\u00f3n<\/h2>\n<ul>\n<li><a href=\"https:\/\/docs.google.com\/spreadsheets\/d\/e\/2PACX-1vS9CLH5IebmA3ZKjzLhyD57b65GPFUECOE61G0sh9LWkn-eDHa7BHhITGD5Vd-YeemFXjDEGPR7HJCQ\/pubhtml?gid=0&amp;single=true\" target=\"_blank\" rel=\"noopener\">Acceso a los grupos de investigaci\u00f3n<\/a><\/li>\n<\/ul>\n<h2>Proyectos<\/h2>\n<ul>\n<li><a href=\"https:\/\/docs.google.com\/spreadsheets\/d\/e\/2PACX-1vS9CLH5IebmA3ZKjzLhyD57b65GPFUECOE61G0sh9LWkn-eDHa7BHhITGD5Vd-YeemFXjDEGPR7HJCQ\/pubhtml?gid=54171081&amp;single=true\" target=\"_blank\" rel=\"noopener\">Acceso a los proyectos recientes<\/a><\/li>\n<\/ul>\n<h2>Publicaciones<\/h2>\n<ul>\n<li><a href=\"https:\/\/docs.google.com\/spreadsheets\/d\/e\/2PACX-1vS9CLH5IebmA3ZKjzLhyD57b65GPFUECOE61G0sh9LWkn-eDHa7BHhITGD5Vd-YeemFXjDEGPR7HJCQ\/pubhtml?gid=343383624&amp;single=true\" target=\"_blank\" rel=\"noopener\">Acceso a las publicaciones del centro<\/a><\/li>\n<li><a href=\"https:\/\/docs.google.com\/spreadsheets\/d\/e\/2PACX-1vS9CLH5IebmA3ZKjzLhyD57b65GPFUECOE61G0sh9LWkn-eDHa7BHhITGD5Vd-YeemFXjDEGPR7HJCQ\/pubhtml?gid=88584219&amp;single=true\" target=\"_blank\" rel=\"noopener\">Acceso a las publicaciones relevantes<\/a><\/li>\n<\/ul>\n<p>[\/vc_column_text][\/vc_column][\/vc_row]<\/p>\n","protected":false},"excerpt":{"rendered":"<p>[vc_row][vc_column][vc_column_text] Investigaci\u00f3n Grupos de investigaci\u00f3n Acceso a los grupos de investigaci\u00f3n Proyectos Acceso a los proyectos recientes Publicaciones Acceso a las publicaciones del centro Acceso a las publicaciones relevantes [\/vc_column_text][\/vc_column][\/vc_row]<\/p>\n","protected":false},"author":1,"featured_media":0,"parent":0,"menu_order":0,"comment_status":"closed","ping_status":"closed","template":"","meta":[],"acf":[],"_links":{"self":[{"href":"https:\/\/www.ull.es\/centros\/centro-estudios-criminologicos-canarias\/wp-json\/wp\/v2\/pages\/602"}],"collection":[{"href":"https:\/\/www.ull.es\/centros\/centro-estudios-criminologicos-canarias\/wp-json\/wp\/v2\/pages"}],"about":[{"href":"https:\/\/www.ull.es\/centros\/centro-estudios-criminologicos-canarias\/wp-json\/wp\/v2\/types\/page"}],"author":[{"embeddable":true,"href":"https:\/\/www.ull.es\/centros\/centro-estudios-criminologicos-canarias\/wp-json\/wp\/v2\/users\/1"}],"replies":[{"embeddable":true,"href":"https:\/\/www.ull.es\/centros\/centro-estudios-criminologicos-canarias\/wp-json\/wp\/v2\/comments?post=602"}],"version-history":[{"count":2,"href":"https:\/\/www.ull.es\/centros\/centro-estudios-criminologicos-canarias\/wp-json\/wp\/v2\/pages\/602\/revisions"}],"predecessor-version":[{"id":619,"href":"https:\/\/www.ull.es\/centros\/centro-estudios-criminologicos-canarias\/wp-json\/wp\/v2\/pages\/602\/revisions\/619"}],"wp:attachment":[{"href":"https:\/\/www.ull.es\/centros\/centro-estudios-criminologicos-canarias\/wp-json\/wp\/v2\/media?parent=602"}],"curies":[{"name":"wp","href":"https:\/\/api.w.org\/{rel}","templated":true}]}}