{"id":1010,"date":"2024-06-18T10:10:41","date_gmt":"2024-06-18T10:10:41","guid":{"rendered":"https:\/\/www.ull.es\/centros\/centro-formacion-permanente\/?page_id=1010"},"modified":"2025-09-18T08:47:25","modified_gmt":"2025-09-18T08:47:25","slug":"inicio-2","status":"publish","type":"page","link":"https:\/\/www.ull.es\/centros\/centro-formacion-permanente\/","title":{"rendered":"Inicio"},"content":{"rendered":"<p>[vc_row full_width=\u00bbstretch_row_content_no_spaces\u00bb][vc_column][rev_slider_vc alias=\u00bbportada\u00bb][\/vc_column][\/vc_row][vc_row full_width=\u00bbstretch_row_content_no_spaces\u00bb][vc_column][vc_custom_heading text=\u00bb\u00bb font_container=\u00bbtag:h2|text_align:center|color:%23ffffff\u00bb google_fonts=\u00bbfont_family:Montserrat%3Aregular%2C700|font_style:700%20bold%20regular%3A700%3Anormal\u00bb css=\u00bb.vc_custom_1719208399980{padding-top: 15px !important;padding-bottom: 15px !important;background-color: #360060 !important;}\u00bb][\/vc_column][\/vc_row][vc_row full_width=\u00bbstretch_row_content\u00bb content_placement=\u00bbmiddle\u00bb css=\u00bb.vc_custom_1720089962997{padding-top: 10px !important;padding-bottom: 10px !important;background-color: #ffffff !important;}\u00bb el_class=\u00bbvc-bloque-destacado bloque-destacado\u00bb][vc_column][vc_row_inner equal_height=\u00bbyes\u00bb content_placement=\u00bbmiddle\u00bb gap=\u00bb35&#8243; css=\u00bb.vc_custom_1718790385182{padding-bottom: 50px !important;}\u00bb el_class=\u00bbprimer-bloque\u00bb][vc_column_inner el_class=\u00bbfeature-btn\u00bb width=\u00bb1\/6&#8243; css=\u00bb.vc_custom_1511789500683{background-color: #ffffff !important;}\u00bb offset=\u00bbvc_col-xs-6&#8243;][vc_column_text][\/vc_column_text][\/vc_column_inner][vc_column_inner width=\u00bb2\/3&#8243;][vc_column_text]<\/p>\n<p style=\"text-align: center;\">El Centro de Formaci\u00f3n Permanente se encarga de la coordinaci\u00f3n y centralizaci\u00f3n de las ense\u00f1anzas propias o formaci\u00f3n permanente ofertada por la Universidad de La Laguna. Su objetivo es atender las necesidades de formaci\u00f3n detectadas en el entorno sociocultural y socioecon\u00f3mico; en este sentido, aborda acciones formativas que encajan en un amplio abanico de posibilidades: desde cursos de larga duraci\u00f3n que acreditan una formaci\u00f3n universitaria de posgrado altamente cualificada y especializada que conducen a la obtenci\u00f3n de un T\u00edtulo de M\u00e1ster de Formaci\u00f3n Permanente, Diploma de Especializaci\u00f3n o Diploma de Experto\/a, a Certificados de Formaci\u00f3n Espec\u00edfica o Microcredenciales de corta duraci\u00f3n.<\/p>\n<p>[\/vc_column_text][\/vc_column_inner][vc_column_inner width=\u00bb1\/6&#8243;][\/vc_column_inner][\/vc_row_inner][vc_row_inner equal_height=\u00bbyes\u00bb content_placement=\u00bbmiddle\u00bb gap=\u00bb35&#8243; css=\u00bb.vc_custom_1718786529137{padding-bottom: 50px !important;}\u00bb][vc_column_inner el_class=\u00bbfeature-btn\u00bb css=\u00bb.vc_custom_1511789500683{background-color: #ffffff !important;}\u00bb offset=\u00bbvc_col-xs-6&#8243;][vc_empty_space height=\u00bb5px\u00bb][\/vc_column_inner][\/vc_row_inner][\/vc_column][\/vc_row][vc_row full_width=\u00bbstretch_row\u00bb gap=\u00bb35&#8243;][vc_column width=\u00bb1\/2&#8243; css=\u00bb.vc_custom_1720091999475{background-color: #eaeaea !important;border-radius: 5px !important;}\u00bb][vc_single_image image=\u00bb1280&#8243; img_size=\u00bbfull\u00bb alignment=\u00bbcenter\u00bb onclick=\u00bbcustom_link\u00bb img_link_target=\u00bb_blank\u00bb link=\u00bbhttps:\/\/www.ull.es\/titulospropios\/\u00bb][vc_column_text]<\/p>\n<p style=\"text-align: center;\"><span style=\"color: #360060;\"><strong>T\u00edtulos Propios<\/strong><\/span><\/p>\n<p>[\/vc_column_text][\/vc_column][vc_column width=\u00bb1\/2&#8243; css=\u00bb.vc_custom_1720092008633{background-color: #eaeaea !important;border-radius: 5px !important;}\u00bb][vc_single_image image=\u00bb1286&#8243; img_size=\u00bbfull\u00bb alignment=\u00bbcenter\u00bb onclick=\u00bbcustom_link\u00bb img_link_target=\u00bb_blank\u00bb link=\u00bbhttps:\/\/www.ull.es\/formacion-permanente\/microcredenciales-universitarias\/\u00bb][vc_column_text]<\/p>\n<p style=\"text-align: center;\"><span style=\"color: #360060;\"><strong>Microcredenciales universitarias<\/strong><\/span><\/p>\n<p>[\/vc_column_text][\/vc_column][\/vc_row][vc_row full_width=\u00bbstretch_row\u00bb css=\u00bb.vc_custom_1493903710709{margin-bottom: 50px !important;background-color: #ffffff !important;}\u00bb][vc_column width=\u00bb1\/3&#8243; offset=\u00bbvc_hidden-sm vc_hidden-xs\u00bb][vc_column_text]<style>\n    .news-group .bg-size {\n        background-position: center;\n        background-size: cover;\n        width: 100%;\n        height: 48px;\n    }\n    .news-group .list-group-item-text {\n        font-size: 13px;\n    }\n    .news-group .col-md-3 {\n        padding-right: 0;\n    }\n    .news-group .list-group-item-date {\n        font-size: 11px;\n        color: #A4A4A4;\n        margin-bottom: 2px;\n        text-transform: uppercase;\n    }\n\n    .mensaje.alert-warning{\n        font-size: 12px;\n        margin: 14px !important;\n        padding: 4px 8px;\n        color: #cca60b;\n    }\n<\/style>\n\n<div class=\"panel panel-default\">\n    <div class=\"panel-heading\">\n        <h3 class=\"panel-title\">Noticias<\/h3>\n    <\/div>\n\n    <div class=\"list-group news-group\">\n                    <a href=\"https:\/\/www.ull.es\/portal\/noticias\/2026\/el-cabildo-impulsa-con-la-ull-el-certificado-de-formacion-en-diversidad-lgbtiqa\/\" class=\"list-group-item\">\n                <div class=\"row\">\n                    <div class=\"col-md-3\">\n                        <div class=\"bg-size\" style=\"background-image: url('https:\/\/www.ull.es\/portal\/noticias\/wp-content\/uploads\/sites\/13\/2026\/02\/CERTIFICADO_FORMACION_DIVERSIDAD-300x200.jpg');\"><\/div>\n                    <\/div>\n                    <div class=\"col-md-9\">\n                        <p class=\"list-group-item-date\">\n                            24 Feb 2026 - 11:55 UTC                        <\/p>\n                        <p class=\"list-group-item-text\">El Cabildo impulsa con la ULL el Certificado de Formaci\u00f3n en Diversidad LGBTIQA+<\/p>\n                    <\/div>\n                <\/div>\n            <\/a>\n                    <a href=\"https:\/\/www.ull.es\/portal\/noticias\/2025\/la-ull-estrecha-su-alianza-con-el-sector-productivo-a-traves-del-programa-de-microcredenciales\/\" class=\"list-group-item\">\n                <div class=\"row\">\n                    <div class=\"col-md-3\">\n                        <div class=\"bg-size\" style=\"background-image: url('https:\/\/www.ull.es\/portal\/noticias\/wp-content\/uploads\/sites\/13\/2025\/09\/Desayuno-microcredenciales-24-300x200.jpg');\"><\/div>\n                    <\/div>\n                    <div class=\"col-md-9\">\n                        <p class=\"list-group-item-date\">\n                            23 Sep 2025 - 13:01 UTC                        <\/p>\n                        <p class=\"list-group-item-text\">La ULL estrecha su alianza con el sector productivo a trav\u00e9s del programa de microcredenciales<\/p>\n                    <\/div>\n                <\/div>\n            <\/a>\n                    <a href=\"https:\/\/www.ull.es\/portal\/noticias\/2025\/ull-presentara-programa-microcredenciales-jornada-formacion-practica\/\" class=\"list-group-item\">\n                <div class=\"row\">\n                    <div class=\"col-md-3\">\n                        <div class=\"bg-size\" style=\"background-image: url('https:\/\/www.ull.es\/portal\/noticias\/wp-content\/uploads\/sites\/13\/2025\/06\/jornada-universidad-empresa-300x167.png');\"><\/div>\n                    <\/div>\n                    <div class=\"col-md-9\">\n                        <p class=\"list-group-item-date\">\n                            10 Jun 2025 - 09:11 UTC                        <\/p>\n                        <p class=\"list-group-item-text\">La ULL presentar\u00e1 sus microcredenciales en una jornada sobre la importancia de la formaci\u00f3n pr\u00e1ctica<\/p>\n                    <\/div>\n                <\/div>\n            <\/a>\n                    <a href=\"https:\/\/www.ull.es\/portal\/noticias\/2024\/ull-abre-preinscripcion-titulos-propios\/\" class=\"list-group-item\">\n                <div class=\"row\">\n                    <div class=\"col-md-3\">\n                        <div class=\"bg-size\" style=\"background-image: url('https:\/\/www.ull.es\/portal\/noticias\/wp-content\/uploads\/sites\/13\/2024\/07\/Titulos-Propios-ULL-300x200.jpg');\"><\/div>\n                    <\/div>\n                    <div class=\"col-md-9\">\n                        <p class=\"list-group-item-date\">\n                            01 Jul 2024 - 13:19 UTC                        <\/p>\n                        <p class=\"list-group-item-text\">La Universidad de La Laguna abre preinscripci\u00f3n de su cat\u00e1logo de t\u00edtulos propios<\/p>\n                    <\/div>\n                <\/div>\n            <\/a>\n            <\/div>\n    <div class=\"panel-footer\">\n        <a href=\"https:\/\/www.ull.es\/portal\/noticias\/?cat=11017\">M\u00c1S NOTICIAS <i class=\"fa fa-chevron-right\"><\/i><\/a>\n    <\/div>\n\n\n<\/div>[\/vc_column_text][\/vc_column][vc_column width=\u00bb1\/3&#8243; offset=\u00bbvc_hidden-sm vc_hidden-xs\u00bb][vc_column_text css=\u00bb.vc_custom_1720091817698{background-color: #eaeaea !important;}\u00bb]\n<style>\n    .events-group .bg-size {\n        background-position: center;\n        background-size: cover;\n        width: 100%;\n        height: 48px;\n    }\n    .events-group .list-group-item-text {\n        font-size: 13px;\n    }\n    .events-group .col-md-3 {\n        padding-right: 0;\n    }\n    .events-group .list-group-item-date {\n        font-size: 11px;\n        color: #A4A4A4;\n        margin-bottom: 2px;\n        text-transform: uppercase;\n    }\n\n    .mensaje.alert-warning{\n        font-size: 12px;\n        margin: 14px !important;\n        padding: 4px 8px;\n        color: #cca60b;\n    }\n\n<\/style>\n\n<div class=\"panel panel-default\">\n    <div class=\"panel-heading\">\n        <h3 class=\"panel-title\">Eventos<\/h3>\n    <\/div>\n\n    <div class=\"list-group events-group\">\n\n        <div class=\"mensaje alert alert-warning\">No hay eventos disponibles.<\/div>\n    <\/div>\n\n\n<\/div>\n[\/vc_column_text][\/vc_column][vc_column width=\u00bb1\/3&#8243;][vc_column_text]<style>\n    .news-group .bg-size {\n        background-position: center;\n        background-size: cover;\n        width: 100%;\n        height: 48px;\n    }\n    .news-group .list-group-item-text {\n        font-size: 13px;\n    }\n    .news-group .col-md-3 {\n        padding-right: 0;\n    }\n    .news-group .list-group-item-date {\n        font-size: 11px;\n        color: #A4A4A4;\n        margin-bottom: 2px;\n        text-transform: uppercase;\n    }\n\n    .mensaje.alert-warning{\n        font-size: 12px;\n        margin: 14px !important;\n        padding: 4px 8px;\n        color: #cca60b;\n    }\n\n<\/style>\n\n<div class=\"panel panel-default\">\n    <div class=\"panel-heading\">\n        <h3 class=\"panel-title\">Notificaciones<\/h3>\n    <\/div>\n\n    <div class=\"list-group news-group\">\n\n        <div class=\"mensaje alert alert-warning\">No hay notificaciones disponibles.<\/div>\n    <\/div>\n\n\n<\/div>[\/vc_column_text][\/vc_column][\/vc_row]<\/p>\n","protected":false},"excerpt":{"rendered":"<p>[vc_row full_width=\u00bbstretch_row_content_no_spaces\u00bb][vc_column][rev_slider_vc alias=\u00bbportada\u00bb][\/vc_column][\/vc_row][vc_row full_width=\u00bbstretch_row_content_no_spaces\u00bb][vc_column][vc_custom_heading text=\u00bb\u00bb font_container=\u00bbtag:h2|text_align:center|color:%23ffffff\u00bb google_fonts=\u00bbfont_family:Montserrat%3Aregular%2C700|font_style:700%20bold%20regular%3A700%3Anormal\u00bb css=\u00bb.vc_custom_1719208399980{padding-top: 15px !important;padding-bottom: 15px !important;background-color: #360060 !important;}\u00bb][\/vc_column][\/vc_row][vc_row full_width=\u00bbstretch_row_content\u00bb content_placement=\u00bbmiddle\u00bb css=\u00bb.vc_custom_1720089962997{padding-top: 10px !important;padding-bottom: 10px !important;background-color: #ffffff !important;}\u00bb el_class=\u00bbvc-bloque-destacado bloque-destacado\u00bb][vc_column][vc_row_inner equal_height=\u00bbyes\u00bb content_placement=\u00bbmiddle\u00bb gap=\u00bb35&#8243; css=\u00bb.vc_custom_1718790385182{padding-bottom: 50px !important;}\u00bb el_class=\u00bbprimer-bloque\u00bb][vc_column_inner el_class=\u00bbfeature-btn\u00bb width=\u00bb1\/6&#8243; css=\u00bb.vc_custom_1511789500683{background-color: #ffffff !important;}\u00bb offset=\u00bbvc_col-xs-6&#8243;][vc_column_text][\/vc_column_text][\/vc_column_inner][vc_column_inner width=\u00bb2\/3&#8243;][vc_column_text] El Centro de Formaci\u00f3n Permanente se encarga de la coordinaci\u00f3n y centralizaci\u00f3n de las ense\u00f1anzas propias&#8230;<\/p>\n","protected":false},"author":49,"featured_media":0,"parent":0,"menu_order":0,"comment_status":"closed","ping_status":"closed","template":"templates\/template-frontpage.php","meta":[],"acf":[],"_links":{"self":[{"href":"https:\/\/www.ull.es\/centros\/centro-formacion-permanente\/wp-json\/wp\/v2\/pages\/1010"}],"collection":[{"href":"https:\/\/www.ull.es\/centros\/centro-formacion-permanente\/wp-json\/wp\/v2\/pages"}],"about":[{"href":"https:\/\/www.ull.es\/centros\/centro-formacion-permanente\/wp-json\/wp\/v2\/types\/page"}],"author":[{"embeddable":true,"href":"https:\/\/www.ull.es\/centros\/centro-formacion-permanente\/wp-json\/wp\/v2\/users\/49"}],"replies":[{"embeddable":true,"href":"https:\/\/www.ull.es\/centros\/centro-formacion-permanente\/wp-json\/wp\/v2\/comments?post=1010"}],"version-history":[{"count":216,"href":"https:\/\/www.ull.es\/centros\/centro-formacion-permanente\/wp-json\/wp\/v2\/pages\/1010\/revisions"}],"predecessor-version":[{"id":1548,"href":"https:\/\/www.ull.es\/centros\/centro-formacion-permanente\/wp-json\/wp\/v2\/pages\/1010\/revisions\/1548"}],"wp:attachment":[{"href":"https:\/\/www.ull.es\/centros\/centro-formacion-permanente\/wp-json\/wp\/v2\/media?parent=1010"}],"curies":[{"name":"wp","href":"https:\/\/api.w.org\/{rel}","templated":true}]}}