{"id":1318,"date":"2025-02-27T09:04:10","date_gmt":"2025-02-27T09:04:10","guid":{"rendered":"https:\/\/www.ull.es\/centros\/centro-formacion-permanente\/?page_id=1318"},"modified":"2025-07-15T10:40:07","modified_gmt":"2025-07-15T10:40:07","slug":"informacion-ubicacion-y-contacto","status":"publish","type":"page","link":"https:\/\/www.ull.es\/centros\/centro-formacion-permanente\/informacion-ubicacion-y-contacto\/","title":{"rendered":"Informaci\u00f3n, ubicaci\u00f3n y contacto"},"content":{"rendered":"<p>[vc_row full_width=\u00bbstretch_row_content_no_spaces\u00bb][vc_column][rev_slider_vc alias=\u00bbportada\u00bb][\/vc_column][\/vc_row][vc_row full_width=\u00bbstretch_row_content_no_spaces\u00bb][vc_column][vc_custom_heading text=\u00bb\u00bb font_container=\u00bbtag:h2|text_align:center|color:%23ffffff\u00bb google_fonts=\u00bbfont_family:Montserrat%3Aregular%2C700|font_style:700%20bold%20regular%3A700%3Anormal\u00bb css=\u00bb.vc_custom_1719208399980{padding-top: 15px !important;padding-bottom: 15px !important;background-color: #360060 !important;}\u00bb][\/vc_column][\/vc_row][vc_row css=\u00bb.vc_custom_1752576005041{margin-top: 25px !important;}\u00bb][vc_column][vc_column_text]<\/p>\n<h1>Presentaci\u00f3n<\/h1>\n<p>[vc_column_text el_id=\u00bbpresentacion\u00bb]El Centro de Formaci\u00f3n Permanente de la Universidad de La Laguna se encarga de dise\u00f1ar y certificar las ense\u00f1anzas propias de formaci\u00f3n permanente ofertadas por esta instituci\u00f3n acad\u00e9mica. Dichas ense\u00f1anzas no tienen reconocimiento oficial, pero vienen a complementar el cat\u00e1logo oficial de titulaciones universitarias que ofrece esta universidad.[\/vc_column_text][vc_empty_space height=\u00bb40px\u00bb][vc_column_text]<\/p>\n<h1>Organigrama<\/h1>\n<p>[\/vc_column_text][vc_column_text]\n<style>\n    .shortcode-equipo h2 {\n        margin-bottom: 10px !important;\n    }\n<\/style>\n\n<div class=\"shortcode-equipo\">\n    <h2>Equipo de direcci\u00f3n<\/h2><dl><dt><strong>Direcci\u00f3n<\/strong><\/dt><dd> <a href='https:\/\/www.ull.es\/directorio\/search\/?busqueda=Isabel Gonz\u00e1lez D\u00edaz' target='_blank'>Isabel Gonz\u00e1lez D\u00edaz<\/a><\/dd><dt><strong>Subdirecci\u00f3n<\/strong><\/dt><dd> <a href='https:\/\/www.ull.es\/directorio\/search\/?busqueda=David L\u00f3pez Aguilar' target='_blank'>David L\u00f3pez Aguilar<\/a><\/dd><dt><strong>Secretaria<\/strong><\/dt><dd> <a href='https:\/\/www.ull.es\/directorio\/search\/?busqueda=Judit Guti\u00e9rrez de Armas' target='_blank'>Judit Guti\u00e9rrez de Armas<\/a><\/dd><\/dl><h2>Personal de administraci\u00f3n<\/h2><dl><dt><strong>Personal de Administraci\u00f3n<\/strong><\/dt><dt><strong>Jefa de Negociado de T\u00edtulos Propios<\/strong><\/dt><dd> <a href='https:\/\/www.ull.es\/directorio\/search\/?busqueda=Mar\u00eda Dolores Mart\u00edn Carmona' target='_blank'>Mar\u00eda Dolores Mart\u00edn Carmona<\/a><\/dd><dt><strong>Colaborador<\/strong><\/dt><dd> <a href='https:\/\/www.ull.es\/directorio\/search\/?busqueda=Jacob Berm\u00fadez Rodr\u00edguez' target='_blank'>Jacob Berm\u00fadez Rodr\u00edguez<\/a><\/dd><\/dl>\n<\/div>\n[\/vc_column_text][\/vc_column][\/vc_row]<\/p>\n","protected":false},"excerpt":{"rendered":"<p>[vc_row full_width=\u00bbstretch_row_content_no_spaces\u00bb][vc_column][rev_slider_vc alias=\u00bbportada\u00bb][\/vc_column][\/vc_row][vc_row full_width=\u00bbstretch_row_content_no_spaces\u00bb][vc_column][vc_custom_heading text=\u00bb\u00bb font_container=\u00bbtag:h2|text_align:center|color:%23ffffff\u00bb google_fonts=\u00bbfont_family:Montserrat%3Aregular%2C700|font_style:700%20bold%20regular%3A700%3Anormal\u00bb css=\u00bb.vc_custom_1719208399980{padding-top: 15px !important;padding-bottom: 15px !important;background-color: #360060 !important;}\u00bb][\/vc_column][\/vc_row][vc_row css=\u00bb.vc_custom_1752576005041{margin-top: 25px !important;}\u00bb][vc_column][vc_column_text] Presentaci\u00f3n [vc_column_text el_id=\u00bbpresentacion\u00bb]El Centro de Formaci\u00f3n Permanente de la Universidad de La Laguna se encarga de dise\u00f1ar y certificar las ense\u00f1anzas propias de formaci\u00f3n permanente ofertadas por esta instituci\u00f3n acad\u00e9mica. Dichas ense\u00f1anzas no tienen reconocimiento oficial, pero vienen&#8230;<\/p>\n","protected":false},"author":49,"featured_media":0,"parent":0,"menu_order":0,"comment_status":"closed","ping_status":"closed","template":"templates\/template-frontpage.php","meta":[],"acf":[],"_links":{"self":[{"href":"https:\/\/www.ull.es\/centros\/centro-formacion-permanente\/wp-json\/wp\/v2\/pages\/1318"}],"collection":[{"href":"https:\/\/www.ull.es\/centros\/centro-formacion-permanente\/wp-json\/wp\/v2\/pages"}],"about":[{"href":"https:\/\/www.ull.es\/centros\/centro-formacion-permanente\/wp-json\/wp\/v2\/types\/page"}],"author":[{"embeddable":true,"href":"https:\/\/www.ull.es\/centros\/centro-formacion-permanente\/wp-json\/wp\/v2\/users\/49"}],"replies":[{"embeddable":true,"href":"https:\/\/www.ull.es\/centros\/centro-formacion-permanente\/wp-json\/wp\/v2\/comments?post=1318"}],"version-history":[{"count":18,"href":"https:\/\/www.ull.es\/centros\/centro-formacion-permanente\/wp-json\/wp\/v2\/pages\/1318\/revisions"}],"predecessor-version":[{"id":1539,"href":"https:\/\/www.ull.es\/centros\/centro-formacion-permanente\/wp-json\/wp\/v2\/pages\/1318\/revisions\/1539"}],"wp:attachment":[{"href":"https:\/\/www.ull.es\/centros\/centro-formacion-permanente\/wp-json\/wp\/v2\/media?parent=1318"}],"curies":[{"name":"wp","href":"https:\/\/api.w.org\/{rel}","templated":true}]}}