{"id":40,"date":"2017-11-14T14:10:37","date_gmt":"2017-11-14T14:10:37","guid":{"rendered":"http:\/\/www.ull.es\/centros\/escuela-superior-de-ingenieria-y-tecnologia\/?page_id=40"},"modified":"2023-03-09T15:52:12","modified_gmt":"2023-03-09T15:52:12","slug":"informacion-general","status":"publish","type":"page","link":"https:\/\/www.ull.es\/centros\/cipameco\/informacion-general\/","title":{"rendered":"Informaci\u00f3n general"},"content":{"rendered":"<p>[vc_row][vc_column width=\u00bb2\/3&#8243; el_class=\u00bbpadding-50-right\u00bb css=\u00bb.vc_custom_1494506721665{padding-right: 50px !important;}\u00bb][vc_column_text]<\/p>\n<h1>Presentaci\u00f3n<\/h1>\n<p>[\/vc_column_text][vc_column_text]\n<div class=\"shortcode-descripcion\">\n    <p>El *Centro Interuniversitario Internacional de Estudios de la Paz, de la Mediaci\u00f3n y la Convivencia* (CIPAMECO) se constituye como un Centro interdisciplinar, interuniversitario e internacional que pretende ser una plataforma de coordinaci\u00f3n interuniversitaria para desarrollar iniciativas cient\u00edficas y otras actividades formativas, acad\u00e9micas, divulgativas y de promoci\u00f3n social, en materia de gesti\u00f3n de conflictos, estudios sobre la paz, la mediaci\u00f3n y la convivencia y con ello, promocionar la Cultura de la Paz mediante el fomento de procedimientos colaborativos de resoluci\u00f3n de conflictos, dentro y fuera de la Universidad, fundament\u00e1ndose en los valores de \r\n libertad, justicia e igualdad.<\/p><\/div>\n\n[\/vc_column_text][vc_column_text el_id=\u00bborganigrama\u00bb]<\/p>\n<h1>Organigrama<\/h1>\n<p>[\/vc_column_text][vc_column_text]\n<style>\n    .shortcode-equipo h2 {\n        margin-bottom: 10px !important;\n    }\n<\/style>\n\n<div class=\"shortcode-equipo\">\n    <h2>Equipo de direcci\u00f3n<\/h2><dl><dt><strong>Director<\/strong><\/dt><dd> <a href='https:\/\/www.ull.es\/directorio\/search\/?busqueda=Manuel Rosales \u00c1lamo' target='_blank'>Manuel Rosales \u00c1lamo<\/a><\/dd><dt><strong>Secretaria<\/strong><\/dt><dd> <a href='https:\/\/www.ull.es\/directorio\/search\/?busqueda=Mar\u00eda Elvira Afonso Rodr\u00edguez' target='_blank'>Mar\u00eda Elvira Afonso Rodr\u00edguez<\/a><\/dd><dt><strong>Subdirectora<\/strong><\/dt><dd> <a href='https:\/\/www.ull.es\/directorio\/search\/?busqueda=Mar\u00eda Ar\u00e1nzazu Calzadilla Medina' target='_blank'>Mar\u00eda Ar\u00e1nzazu Calzadilla Medina<\/a><\/dd><dt><strong>Vocales<\/strong><\/dt><dd> <a href='https:\/\/www.ull.es\/directorio\/search\/?busqueda=Miriam \u00c1lvarez Lorenzo' target='_blank'>Miriam \u00c1lvarez Lorenzo<\/a><\/dd><dd> <a href='https:\/\/www.ull.es\/directorio\/search\/?busqueda=Juan Rodr\u00edguez  Hern\u00e1ndez' target='_blank'>Juan Rodr\u00edguez  Hern\u00e1ndez<\/a><\/dd><\/dl>\n<\/div>\n[\/vc_column_text][\/vc_column][vc_column width=\u00bb1\/3&#8243;][vc_column_text]<a class=\"btn-destacado\" href=\"https:\/\/docs.google.com\/spreadsheets\/d\/e\/2PACX-1vRuXDm41pfppkG2AQqkQOk4TfNn_NCdgLIlXgC0JearBWg6PmZe_VO5ImyFctVreNKmo6BT1x6B9c0D\/pubhtml\" rel=\"noopener\" target=\"_blank\" rel=\"noopener\">Consultar miembros del centro <i class=\"fa fa-arrow-right\"><\/i><\/a>[\/vc_column_text][vc_column_text]\n<ul class=\"widget-box\">\n<li class='contacto-header'>Informaci\u00f3n de contacto<\/li><li><i class=\"fa fa-map-marker\"><\/i> Camino La Hornera, 37. Facultad de Ciencias Sociales y de la Comunicaci\u00f3n. Edificio Piramide. Planta 1. Apartado 456. C\u00f3digo postal 38200. San Crist\u00f3bal de La Laguna. S\/C de Tenerife<\/li><li><i class=\"fa fa-phone\"><\/i> (+34) 922 84 54 94<\/li><li><i class=\"fa fa-envelope\"><\/i>  <a href=mailto:cipameco@ull.es>cipameco@ull.es<\/a><\/li>\n<\/ul>\n\n[\/vc_column_text][vc_column_text el_id=\u00bbubicacion\u00bb]\n    \n<style>\n    .google-maps {\n        position: relative;\n        padding-bottom: 75%;\n        height: 0;\n        overflow: hidden;\n    }\n    .google-maps iframe {\n        position: absolute;\n        top: 0;\n        left: 0;\n        width: 100% !important;\n        height: 100% !important;\n    }\n<\/style>\n\n\n<div class=\"google-maps\">\n    <iframe src=\"https:\/\/www.openstreetmap.org\/export\/embed.html?bbox=-16.30861317411%2C28.46600504426%2C-16.30246936452%2C28.47181726654&amp;layer=mapnik&amp;marker=28.470188%2C-16.305787\" style=\"border: 1px solid black\"><\/iframe>\n<\/div>\n\n<div class=\"btn-widget\">\n    <a href=\"https:\/\/www.openstreetmap.org\/directions?engine=graphhopper_car&from=&to=28.470188%2C-16.305787#map=17\/28.470188\/-16.305787\">C\u00f3mo llegar<\/a>  \n<\/div>\n\n  <\/body>\n<\/html>\n\n[\/vc_column_text][\/vc_column][\/vc_row]<\/p>\n","protected":false},"excerpt":{"rendered":"<p>[vc_row][vc_column width=\u00bb2\/3&#8243; el_class=\u00bbpadding-50-right\u00bb css=\u00bb.vc_custom_1494506721665{padding-right: 50px !important;}\u00bb][vc_column_text] Presentaci\u00f3n [\/vc_column_text][vc_column_text][\/vc_column_text][vc_column_text el_id=\u00bborganigrama\u00bb] Organigrama [\/vc_column_text][vc_column_text][\/vc_column_text][\/vc_column][vc_column width=\u00bb1\/3&#8243;][vc_column_text]Consultar miembros del centro [\/vc_column_text][vc_column_text][\/vc_column_text][vc_column_text el_id=\u00bbubicacion\u00bb][\/vc_column_text][\/vc_column][\/vc_row]<\/p>\n","protected":false},"author":1,"featured_media":0,"parent":0,"menu_order":0,"comment_status":"closed","ping_status":"closed","template":"","meta":[],"acf":[],"_links":{"self":[{"href":"https:\/\/www.ull.es\/centros\/cipameco\/wp-json\/wp\/v2\/pages\/40"}],"collection":[{"href":"https:\/\/www.ull.es\/centros\/cipameco\/wp-json\/wp\/v2\/pages"}],"about":[{"href":"https:\/\/www.ull.es\/centros\/cipameco\/wp-json\/wp\/v2\/types\/page"}],"author":[{"embeddable":true,"href":"https:\/\/www.ull.es\/centros\/cipameco\/wp-json\/wp\/v2\/users\/1"}],"replies":[{"embeddable":true,"href":"https:\/\/www.ull.es\/centros\/cipameco\/wp-json\/wp\/v2\/comments?post=40"}],"version-history":[{"count":29,"href":"https:\/\/www.ull.es\/centros\/cipameco\/wp-json\/wp\/v2\/pages\/40\/revisions"}],"predecessor-version":[{"id":637,"href":"https:\/\/www.ull.es\/centros\/cipameco\/wp-json\/wp\/v2\/pages\/40\/revisions\/637"}],"wp:attachment":[{"href":"https:\/\/www.ull.es\/centros\/cipameco\/wp-json\/wp\/v2\/media?parent=40"}],"curies":[{"name":"wp","href":"https:\/\/api.w.org\/{rel}","templated":true}]}}