{"id":27,"date":"2017-11-28T13:19:23","date_gmt":"2017-11-28T13:19:23","guid":{"rendered":"http:\/\/www.ull.es\/centros\/escuela-doctorado-estudios-posgrado\/?page_id=27"},"modified":"2026-01-26T14:49:35","modified_gmt":"2026-01-26T14:49:35","slug":"informacion-general","status":"publish","type":"page","link":"https:\/\/www.ull.es\/centros\/escuela-doctorado-estudios-posgrado\/informacion-general\/","title":{"rendered":"Informaci\u00f3n general"},"content":{"rendered":"<p>[vc_row full_width=\u00bbstretch_row_content_no_spaces\u00bb el_class=\u00bbSliderPortada\u00bb][vc_column][rev_slider_vc alias=\u00bbinfo-y-consejo\u00bb][\/vc_column][\/vc_row][vc_row full_width=\u00bbstretch_row_content_no_spaces\u00bb][vc_column][vc_custom_heading text=\u00bb\u00bb font_container=\u00bbtag:h2|text_align:center\u00bb google_fonts=\u00bbfont_family:Montserrat%3Aregular%2C700|font_style:700%20bold%20regular%3A700%3Anormal\u00bb css=\u00bb.vc_custom_1721221176088{padding-top: 15px !important;padding-bottom: 15px !important;background-color: #360060 !important;}\u00bb][\/vc_column][\/vc_row][vc_row css=\u00bb.vc_custom_1744124286317{margin-top: 10% !important;}\u00bb][vc_column width=\u00bb2\/3&#8243; el_class=\u00bbpadding-50-right\u00bb css=\u00bb.vc_custom_1494506721665{padding-right: 50px !important;}\u00bb][vc_column_text]<\/p>\n<h1>Presentaci\u00f3n<\/h1>\n<p>[\/vc_column_text][vc_column_text el_id=\u00bbpresentacion\u00bb]La Escuela Doctorado y Estudios de Posgrado es el \u00f3rgano encargado de la organizaci\u00f3n de las ense\u00f1anzas y los procesos acad\u00e9micos, administrativos y de gesti\u00f3n conducentes a la obtenci\u00f3n de t\u00edtulos de doctorado y restantes titulaciones de posgrado de car\u00e1cter oficial y validez en todo el territorio nacional que se impartan en ella y dem\u00e1s t\u00edtulos que le otorgue la legislaci\u00f3n vigente[\/vc_column_text][vc_empty_space height=\u00bb40px\u00bb][vc_column_text]<\/p>\n<h1>Organigrama<\/h1>\n<p>[\/vc_column_text][vc_column_text]\n<style>\n    .shortcode-equipo h2 {\n        margin-bottom: 10px !important;\n    }\n<\/style>\n\n<div class=\"shortcode-equipo\">\n    <h2>Equipo de direcci\u00f3n<\/h2><dl><dt><strong>Direcci\u00f3n<\/strong><\/dt><dd><a href='https:\/\/www.ull.es\/directorio\/search\/?busqueda=%09diredep' target='_blank'>Gustavo Alberto Marrero D\u00edaz<\/a><\/dd><dt><strong>Secretar\u00eda Acad\u00e9mica<\/strong><\/dt><dd><a href='https:\/\/www.ull.es\/directorio\/search\/?busqueda=secredep' target='_blank'>Andrea Padr\u00f3n Villalba<\/a><\/dd><dt><strong>Subdirecci\u00f3n de Doctorado<\/strong><\/dt><dd><a href='https:\/\/www.ull.es\/directorio\/search\/?busqueda=sdirdoct' target='_blank'>Sara Darias Curvo<\/a><\/dd><dt><strong>Subdirecci\u00f3n de Posgrado<\/strong><\/dt><dd><a href='https:\/\/www.ull.es\/directorio\/search\/?busqueda=posgrado' target='_blank'>Carlos Gabriel Bethencourt Marrero<\/a><\/dd><dt><strong>Subdirecci\u00f3n de Calidad y Formaci\u00f3n<\/strong><\/dt><dd><a href='https:\/\/www.ull.es\/directorio\/search\/?busqueda=caledep' target='_blank'>Mar\u00eda Etelvina de las Casas Le\u00f3n<\/a><\/dd><dt><strong>Subdirecci\u00f3n de Titulaciones Modalidad Online y Difusi\u00f3n<\/strong><\/dt><dd><a href='https:\/\/www.ull.es\/directorio\/search\/?busqueda=online' target='_blank'>Ana Luisa Sanabria Mesa<\/a><\/dd><dt><strong>Coordinaci\u00f3n de Movilidad Internacional<\/strong><\/dt><dd><a href='https:\/\/www.ull.es\/directorio\/search\/?busqueda=moviopos' target='_blank'>Alejandro Armas D\u00edaz<\/a><\/dd><\/dl><h2>Personal de administraci\u00f3n<\/h2><dl><dt><strong>Administradora de la Escuela<\/strong><\/dt><dd> <a href='https:\/\/www.ull.es\/directorio\/search\/?busqueda=secedep' target='_blank'>Mar\u00eda Jos\u00e9 Dorta Hern\u00e1ndez<\/a><\/dd><dt><strong>Administrativa de Direcci\u00f3n<\/strong><\/dt><dd> <a href='https:\/\/www.ull.es\/directorio\/search\/?busqueda=decaedyp' target='_blank'>Mar\u00eda de los Reyes Mart\u00edn Rosa<\/a><\/dd><dt><strong>Colaboradora de la Escuela<\/strong><\/dt><dd> <a href='https:\/\/www.ull.es\/directorio\/search\/?busqueda=jgarciaj' target='_blank'>Jossie Elizabeth Garc\u00eda Angulo<\/a><\/dd><\/dl>\n<\/div>\n[\/vc_column_text][vc_column_text]<\/p>\n<div class=\"\">\n<h3>Secretar\u00eda del Negociado de Doctorado<\/h3>\n<dl>\n<dt><strong>Jefe de Negociado<\/strong><\/dt>\n<dd><a href=\"https:\/\/www.ull.es\/directorio\/search\/?busqueda=francisco+manuel+castella+ramos\" target=\"_blank\" rel=\"noopener\">Francisco Manuel Castellano Ramos<\/a><\/dd>\n<dt><strong>Colaboradora<\/strong><\/dt>\n<dd><a href=\"https:\/\/www.ull.es\/directorio\/search\/?busqueda=elizabeth+gonzalez\" target=\"_blank\" rel=\"noopener\">Elizabeth Gonz\u00e1lez Hern\u00e1ndez<\/a><\/dd>\n<dt><strong>Puesto Base<\/strong><\/dt>\n<dd><a href=\"https:\/\/www.ull.es\/directorio\/search\/?busqueda=eva+torres+benitez\" target=\"_blank\" rel=\"noopener\" target=\"_blank\" rel=\"noopener\">Carmen Eva Torres Ben\u00edtez<\/a><\/dd>\n<\/dl>\n<h3>Secretar\u00eda del Negociado de Estudios de Posgrado<\/h3>\n<dl>\n<dt><strong>Jefe de Negociado<\/strong><\/dt>\n<dd><a href=\"https:\/\/www.ull.es\/directorio\/search\/?busqueda=ormazabal\" target=\"_blank\" rel=\"noopener\">Jos\u00e9 Mar\u00eda Mesa Ormaz\u00e1bal<\/a><\/dd>\n<dt><strong>Colaboradora<\/strong><\/dt>\n<dd><a href=\"https:\/\/www.ull.es\/directorio\/search\/?busqueda=ana%maria%martin%\" target=\"_blank\" rel=\"noopener\">Ana M\u00aa Mart\u00edn Rodr\u00edguez<\/a><\/dd>\n<dt><strong>Puesto Base<\/strong><\/dt>\n<dd><a href=\"https:\/\/www.ull.es\/directorio\/search\/?busqueda=Hector+Villapalos\" target=\"_blank\" rel=\"noopener\">H\u00e9ctor Villapalos Hern\u00e1ndez<\/a><\/dd>\n<\/dl>\n<\/div>\n<p>[\/vc_column_text][\/vc_column][vc_column width=\u00bb1\/3&#8243;][vc_column_text]<a class=\"btn-destacado\" href=\"https:\/\/sede.ull.es\/ecivilis-site\/bulletinBoard\/bulletins?query=edep\" target=\"_blank\" rel=\"noopener noreferrer\" target=\"_blank\" rel=\"noopener\">Consultar normativa de la Escuela<i class=\"fa fa-arrow-right\"><\/i><\/a>[\/vc_column_text][vc_column_text]<a class=\"btn-destacado\" href=\"https:\/\/www.ull.es\/centros\/escuela-doctorado-estudios-posgrado\/informacion-general\/consejo-de-direccion\" rel=\"noopener\" target=\"_blank\" rel=\"noopener\">Consultar Comit\u00e9 de Direcci\u00f3n de Doctorado<\/a>[\/vc_column_text][vc_column_text]\n<ul class=\"widget-box\">\n<li class='contacto-header'>Informaci\u00f3n de contacto<\/li><li><i class=\"fa fa-map-marker\"><\/i> Avda. Astrof\u00edsico Francisco S\u00e1nchez, SN. Edificio Calabaza - AN.2D Apdo. 456 38200 San Crist\u00f3bal de La Laguna.<\/li><li><i class=\"fa fa-envelope\"><\/i>  <a href=mailto:decaedyp@ull.es>decaedyp@ull.es<\/a><\/li><li><i class=\"fa fa-archive\"><\/i><a href=\"https:\/\/sede.ull.es\/ecivilis-site\/catalog\/showProcedure\/484\"> Procedimiento para quejas, sugerencias y felicitaciones<\/a><\/li>\n<\/ul>\n\n[\/vc_column_text][vc_column_text]<\/p>\n<div class=\"\">\n<h5>Equipo Administrativo<\/h5>\n<dl><\/dl>\n<dl>\n<dd>Administradora: <a href=\"mailto:secedep@ull.es\" target=\"_blank\" rel=\"noopener\">secedep@ull.es<\/a><\/dd>\n<dd>M\u00e1steres: <a href=\"mailto:master@ull.es\" target=\"_blank\" rel=\"noopener\">master@ull.es<\/a><\/dd>\n<dd>Doctorado: <a href=\"mailto:doctorado@ull.es\" target=\"_blank\" rel=\"noopener\">doctorado@ull.es<\/a><\/dd>\n<\/dl>\n<\/div>\n<p>[\/vc_column_text][vc_column_text el_id=\u00bbubicacion\u00bb]\n    \n<style>\n    .google-maps {\n        position: relative;\n        padding-bottom: 75%;\n        height: 0;\n        overflow: hidden;\n    }\n    .google-maps iframe {\n        position: absolute;\n        top: 0;\n        left: 0;\n        width: 100% !important;\n        height: 100% !important;\n    }\n<\/style>\n\n\n<div class=\"google-maps\">\n    <iframe src=\"https:\/\/www.openstreetmap.org\/export\/embed.html?bbox=-16.32336617411%2C28.47788704426%2C-16.31722236452%2C28.48369926654&amp;layer=mapnik&amp;marker=28.48207%2C-16.32054\" style=\"border: 1px solid black\"><\/iframe>\n<\/div>\n\n<div class=\"btn-widget\">\n    <a href=\"https:\/\/www.openstreetmap.org\/directions?engine=graphhopper_car&from=&to=28.48207%2C-16.32054#map=17\/28.48207\/-16.32054\">C\u00f3mo llegar<\/a>  \n<\/div>\n\n  <\/body>\n<\/html>\n\n[\/vc_column_text][\/vc_column][\/vc_row]<\/p>\n","protected":false},"excerpt":{"rendered":"<p>[vc_row full_width=\u00bbstretch_row_content_no_spaces\u00bb el_class=\u00bbSliderPortada\u00bb][vc_column][rev_slider_vc alias=\u00bbinfo-y-consejo\u00bb][\/vc_column][\/vc_row][vc_row full_width=\u00bbstretch_row_content_no_spaces\u00bb][vc_column][vc_custom_heading text=\u00bb\u00bb font_container=\u00bbtag:h2|text_align:center\u00bb google_fonts=\u00bbfont_family:Montserrat%3Aregular%2C700|font_style:700%20bold%20regular%3A700%3Anormal\u00bb css=\u00bb.vc_custom_1721221176088{padding-top: 15px !important;padding-bottom: 15px !important;background-color: #360060 !important;}\u00bb][\/vc_column][\/vc_row][vc_row css=\u00bb.vc_custom_1744124286317{margin-top: 10% !important;}\u00bb][vc_column width=\u00bb2\/3&#8243; el_class=\u00bbpadding-50-right\u00bb css=\u00bb.vc_custom_1494506721665{padding-right: 50px !important;}\u00bb][vc_column_text] Presentaci\u00f3n [\/vc_column_text][vc_column_text el_id=\u00bbpresentacion\u00bb]La Escuela Doctorado y Estudios de Posgrado es el \u00f3rgano encargado de la organizaci\u00f3n de las ense\u00f1anzas y los procesos acad\u00e9micos, administrativos y de gesti\u00f3n conducentes a la obtenci\u00f3n de&#8230;<\/p>\n","protected":false},"author":1,"featured_media":0,"parent":0,"menu_order":0,"comment_status":"closed","ping_status":"closed","template":"templates\/template-frontpage.php","meta":[],"acf":[],"_links":{"self":[{"href":"https:\/\/www.ull.es\/centros\/escuela-doctorado-estudios-posgrado\/wp-json\/wp\/v2\/pages\/27"}],"collection":[{"href":"https:\/\/www.ull.es\/centros\/escuela-doctorado-estudios-posgrado\/wp-json\/wp\/v2\/pages"}],"about":[{"href":"https:\/\/www.ull.es\/centros\/escuela-doctorado-estudios-posgrado\/wp-json\/wp\/v2\/types\/page"}],"author":[{"embeddable":true,"href":"https:\/\/www.ull.es\/centros\/escuela-doctorado-estudios-posgrado\/wp-json\/wp\/v2\/users\/1"}],"replies":[{"embeddable":true,"href":"https:\/\/www.ull.es\/centros\/escuela-doctorado-estudios-posgrado\/wp-json\/wp\/v2\/comments?post=27"}],"version-history":[{"count":96,"href":"https:\/\/www.ull.es\/centros\/escuela-doctorado-estudios-posgrado\/wp-json\/wp\/v2\/pages\/27\/revisions"}],"predecessor-version":[{"id":731,"href":"https:\/\/www.ull.es\/centros\/escuela-doctorado-estudios-posgrado\/wp-json\/wp\/v2\/pages\/27\/revisions\/731"}],"wp:attachment":[{"href":"https:\/\/www.ull.es\/centros\/escuela-doctorado-estudios-posgrado\/wp-json\/wp\/v2\/media?parent=27"}],"curies":[{"name":"wp","href":"https:\/\/api.w.org\/{rel}","templated":true}]}}