{"id":40,"date":"2017-11-14T14:10:37","date_gmt":"2017-11-14T14:10:37","guid":{"rendered":"http:\/\/www.ull.es\/centros\/escuela-politecnica-superior-de-ingenieria\/?page_id=40"},"modified":"2025-05-19T10:36:39","modified_gmt":"2025-05-19T10:36:39","slug":"informacion-general","status":"publish","type":"page","link":"https:\/\/www.ull.es\/centros\/escuela-politecnica-superior-de-ingenieria\/informacion-general\/","title":{"rendered":"Informaci\u00f3n general"},"content":{"rendered":"<p>[vc_row full_width=\u00bbstretch_row_content_no_spaces\u00bb el_class=\u00bbSliderPortada\u00bb css=\u00bb.vc_custom_1745237111535{margin-top: -100px !important;}\u00bb][vc_column][rev_slider_vc alias=\u00bbportada\u00bb][\/vc_column][\/vc_row][vc_row full_width=\u00bbstretch_row_content_no_spaces\u00bb][vc_column][vc_custom_heading text=\u00bb\u00bb font_container=\u00bbtag:h2|text_align:center\u00bb google_fonts=\u00bbfont_family:Montserrat%3Aregular%2C700|font_style:700%20bold%20regular%3A700%3Anormal\u00bb css=\u00bb.vc_custom_1721221176088{padding-top: 15px !important;padding-bottom: 15px !important;background-color: #360060 !important;}\u00bb][\/vc_column][\/vc_row][vc_row css=\u00bb.vc_custom_1745233821598{margin-top: 50px !important;}\u00bb][vc_column width=\u00bb2\/3&#8243; el_class=\u00bbpadding-50-right\u00bb css=\u00bb.vc_custom_1494506721665{padding-right: 50px !important;}\u00bb][vc_column_text]<\/p>\n<h1>Presentaci\u00f3n<\/h1>\n<p>[\/vc_column_text][vc_column_text el_id=\u00bbpresentacion\u00bb]\n<div class=\"shortcode-descripcion\">\n    <p>La Escuela Polit\u00e9cnica Superior de Ingenier\u00eda es el \u00f3rgano encargado de la organizaci\u00f3n de las ense\u00f1anzas y los procesos acad\u00e9micos, administrativos y de gesti\u00f3n conducentes a la obtenci\u00f3n de t\u00edtulos de car\u00e1cter oficial y validez en todo el territorio nacional que se impartan en ella y dem\u00e1s t\u00edtulos que establezca la legislaci\u00f3n vigente.<\/p><\/div>\n\n[\/vc_column_text][vc_empty_space height=\u00bb40px\u00bb][vc_column_text el_id=\u00bborganigrama\u00bb]\n<style>\n    .shortcode-equipo h2 {\n        margin-bottom: 10px !important;\n    }\n<\/style>\n\n<div class=\"shortcode-equipo\">\n    <h2>Equipo de direcci\u00f3n<\/h2><dl><dt><strong>Director<\/strong><\/dt><dd><a href='https:\/\/web.archive.org\/web\/20250719021324\/https:\/\/www.ull.es\/directorio\/search\/?busqueda=direcepsi%20director' target='_blank'>Felipe Monz\u00f3n Pe\u00f1ate<\/a><\/dd><dt><strong>Secretario<\/strong><\/dt><dd><a href='https:\/\/www.ull.es\/directorio\/search\/?busqueda=secretaria-escuela-politecnica' target='_blank'>Francisco Javier Guti\u00e9rrez Garc\u00eda<\/a><\/dd><dt><strong>Subdirectora de la Secci\u00f3n de Arquitectura T\u00e9cnica, con funciones de Directora adjunta<\/strong><\/dt><dd><a href='https:\/\/www.ull.es\/directorio\/search\/?busqueda=subdirector-arquitectura-tecnica-escuela-politecnica' target='_blank'>Ana M\u00aa Lorenzo P\u00e9rez<\/a><\/dd><dt><strong>Subdirector de la Secci\u00f3n de Ingenier\u00eda Agraria, con funciones de Director adjunto<\/strong><\/dt><dd> <a href='https:\/\/www.ull.es\/directorio\/search\/?busqueda=Axel Ritter Rodr\u00edguez' target='_blank'>Axel Ritter Rodr\u00edguez<\/a><\/dd><dt><strong>Subdirector de la Secci\u00f3n de Ingenier\u00eda Civil, con funciones de Director adjunto<\/strong><\/dt><dd><a href='https:\/\/www.ull.es\/directorio\/search\/?busqueda=subdirector-ingenieria-civil-escuela-politecnica' target='_blank'>Emilio Ram\u00f3n Negr\u00edn Rodr\u00edguez<\/a><\/dd><dt><strong>Subdirectora de la Secci\u00f3n de N\u00e1utica, M\u00e1quinas y Radioelectr\u00f3nica Naval, con funciones de Directora adjunta<\/strong><\/dt><dd><a href='https:\/\/www.ull.es\/directorio\/search\/?busqueda=subdirector-nautica-escuela-politecnica' target='_blank'>Mar\u00eda del Cristo Adri\u00e1n de Ganzo<\/a><\/dd><dt><strong>Subdirector de Ordenaci\u00f3n Acad\u00e9mica de la Escuela Polit\u00e9cnica Superior de Ingenier\u00eda<\/strong><\/dt><dd><a href='https:\/\/www.ull.es\/directorio\/search\/?busqueda=6218' target='_blank'>Alejandro Urbano G\u00f3mez Correa<\/a><\/dd><dt><strong>Subdirectora de Estudiantes<\/strong><\/dt><dd><a href='https:\/\/www.ull.es\/directorio\/search\/?busqueda=subdirector-estudiantado-escuela-politecnica' target='_blank'>Nuria In\u00e9s Rodr\u00edguez D\u00edaz<\/a><\/dd><dt><strong>Subdirector de Calidad<\/strong><\/dt><dd><a href='https:\/\/www.ull.es\/directorio\/search\/?busqueda=direcepsi%20director' target='_blank'>Antonio Manuel Gonz\u00e1lez Marrero<\/a><\/dd><dt><strong>Subdirectora de Movilidad<\/strong><\/dt><dd><a href='https:\/\/www.ull.es\/directorio\/search\/?busqueda=direcepsi%20director' target='_blank'>Ruth Pino Su\u00e1rez<\/a><\/dd><dt><strong>Subdirector de Innovaci\u00f3n<\/strong><\/dt><dd> <a href='https:\/\/www.ull.es\/directorio\/search\/?busqueda=Juan Luis Ramos Su\u00e1rez' target='_blank'>Juan Luis Ramos Su\u00e1rez<\/a><\/dd><dt><strong>Subdirector de Igualdad y Sostenibilidad<\/strong><\/dt><dd> <a href='https:\/\/www.ull.es\/directorio\/search\/?busqueda=Manuel Dami\u00e1n Garc\u00eda Rom\u00e1n' target='_blank'>Manuel Dami\u00e1n Garc\u00eda Rom\u00e1n<\/a><\/dd><\/dl><h2>Personal de administraci\u00f3n<\/h2><dl><dt><strong>Administradora de la Escuela<\/strong><\/dt><dd> <a href='https:\/\/www.ull.es\/directorio\/search\/?busqueda=Elisa Mar\u00eda Borges Cervera' target='_blank'>Elisa Mar\u00eda Borges Cervera<\/a><\/dd><dt><strong>Gestora de la Secciones de Arquitectura T\u00e9cnica, Ingenier\u00eda Agraria e Ingenier\u00eda Civil<\/strong><\/dt><dd> <a href='https:\/\/www.ull.es\/directorio\/search\/?busqueda=Patricia Golpe Marmoyer' target='_blank'>Patricia Golpe Marmoyer<\/a><\/dd><dt><strong>Gestora de la Secci\u00f3n de N\u00e1utica, M\u00e1quinas y Radioelectr\u00f3nica Naval<\/strong><\/dt><dd> <a href='https:\/\/www.ull.es\/directorio\/search\/?busqueda=Carmen Rosa Betancort Mart\u00edn' target='_blank'>Carmen Rosa Betancort Mart\u00edn<\/a><\/dd><dt><strong>Administrativa de Direcci\u00f3n<\/strong><\/dt><dd> <a href='https:\/\/www.ull.es\/directorio\/search\/?busqueda=Mar\u00eda Nieves Gonz\u00e1lez D\u00edaz' target='_blank'>Mar\u00eda Nieves Gonz\u00e1lez D\u00edaz<\/a><\/dd><dt><strong>Colaboradora de la Secci\u00f3n de N\u00e1utica, M\u00e1quinas y Radioelectr\u00f3nica Naval<\/strong><\/dt><dd>Vacante<\/dd><dt><strong>Colaboradora de la Secciones de Arquitectura T\u00e9cnica, Ingenier\u00eda Agraria e Ingenier\u00eda Civil<\/strong><\/dt><dd> <a href='https:\/\/www.ull.es\/directorio\/search\/?busqueda=Asunci\u00f3n Mart\u00edn Izquierdo' target='_blank'>Asunci\u00f3n Mart\u00edn Izquierdo<\/a><\/dd><dt><strong>T\u00e9cnicos de administraci\u00f3n de las Secciones de Arquitectura T\u00e9cnica, Ingenier\u00eda Agraria e Ingenier\u00eda Civil<\/strong><\/dt><dd> <a href='https:\/\/www.ull.es\/directorio\/search\/?busqueda=Beatriz Su\u00e1rez Paz' target='_blank'>Beatriz Su\u00e1rez Paz<\/a><\/dd><dd> <a href='https:\/\/www.ull.es\/directorio\/search\/?busqueda=Otto C. de Dios Hern\u00e1ndez' target='_blank'>Otto C. de Dios Hern\u00e1ndez<\/a><\/dd><dt><strong>Administrativa puesto base de la Secci\u00f3n de N\u00e1utica, Maquinas y Radioelectr\u00f3nica Naval<\/strong><\/dt><dd>Vacante<\/dd><dt><strong>Conserje de la Secci\u00f3n de Arquitectura T\u00e9cnica e Ingenier\u00eda Civil<\/strong><\/dt><dd>Vacante<\/dd><dt><strong>Conserje de la Secci\u00f3n de Ingenier\u00eda Agraria<\/strong><\/dt><dd> <a href='https:\/\/www.ull.es\/directorio\/search\/?busqueda=Eva Mar\u00eda Mart\u00edn Mu\u00f1oz' target='_blank'>Eva Mar\u00eda Mart\u00edn Mu\u00f1oz<\/a><\/dd><dt><strong>Conserje de la Secci\u00f3n de N\u00e1utica, M\u00e1quinas y Radioelectr\u00f3nica Naval<\/strong><\/dt><dd> <a href='https:\/\/www.ull.es\/directorio\/search\/?busqueda=Trinidad Engracia Chico Jim\u00e9nez' target='_blank'>Trinidad Engracia Chico Jim\u00e9nez<\/a><\/dd><dt><strong>Auxiliares de Servicios de la Secci\u00f3n de Arquitectura T\u00e9cnica e Ingenier\u00eda Civil<\/strong><\/dt><dd> <a href='https:\/\/www.ull.es\/directorio\/search\/?busqueda=Jos\u00e9 Melchor Jaimez Ruiz' target='_blank'>Jos\u00e9 Melchor Jaimez Ruiz<\/a><\/dd><dd> <a href='https:\/\/www.ull.es\/directorio\/search\/?busqueda=Gloria Esther Molowny Hern\u00e1ndez' target='_blank'>Gloria Esther Molowny Hern\u00e1ndez<\/a><\/dd><dt><strong>Auxiliares de Servicios de la Secci\u00f3n de Ingenier\u00eda Agraria<\/strong><\/dt><dd> <a href='https:\/\/www.ull.es\/directorio\/search\/?busqueda=Lara Luisa Izquierdo Bonilla' target='_blank'>Lara Luisa Izquierdo Bonilla<\/a><\/dd><dd> <a href='https:\/\/www.ull.es\/directorio\/search\/?busqueda=Silvia Alique Ortega' target='_blank'>Silvia Alique Ortega<\/a><\/dd><dt><strong>Auxiliares de Servicios de la Secci\u00f3n de N\u00e1utica, M\u00e1quinas y Radioelectr\u00f3nica Naval<\/strong><\/dt><dd> <a href='https:\/\/www.ull.es\/directorio\/search\/?busqueda=Mar\u00eda del Carmen De Le\u00f3n Mallorqu\u00edn' target='_blank'>Mar\u00eda del Carmen De Le\u00f3n Mallorqu\u00edn<\/a><\/dd><dd> <a href='https:\/\/www.ull.es\/directorio\/search\/?busqueda=Antonio Daniel Bilbao Navas' target='_blank'>Antonio Daniel Bilbao Navas<\/a><\/dd><\/dl>\n<\/div>\n[\/vc_column_text][vc_separator css=\u00bb.vc_custom_1513002225227{margin-top: 50px !important;margin-bottom: 50px !important;}\u00bb][vc_column_text]<\/p>\n<h3>Informaci\u00f3n de contacto adicional<\/h3>\n<p>[\/vc_column_text][vc_tta_accordion shape=\u00bbsquare\u00bb c_icon=\u00bbchevron\u00bb c_position=\u00bbright\u00bb active_section=\u00bb\u00bb no_fill=\u00bbtrue\u00bb collapsible_all=\u00bbtrue\u00bb][vc_tta_section title=\u00bbSecci\u00f3n de Arquitectura T\u00e9cnica\u00bb tab_id=\u00bbseccion-de-arquitectura-tecnica\u00bb][vc_column_text]<strong>Informaci\u00f3n de contacto<\/strong><\/p>\n<ul>\n<li><i class=\"fa fa-map-marker\"><\/i> Avenida \u00c1ngel Guimer\u00e1 Jorge, s\/n. Escuela Polit\u00e9cnica Superior de Ingenier\u00eda. Apartado 456. C\u00f3digo postal 38001. Santa Cruz de Tenerife. S\/C de Tenerife<\/li>\n<li><i class=\"fa fa-phone\"><\/i> (+34) 922 31 81 95<\/li>\n<li><i class=\"fa fa-envelope\"><\/i> <a href=\"mailto:epsi@ull.es\" target=\"_blank\" rel=\"noopener\">epsi@ull.es<\/a><\/li>\n<\/ul>\n<p>&nbsp;<\/p>\n<p><span style=\"text-decoration: underline;\"><strong>Equipo de direcci\u00f3n<\/strong><\/span><\/p>\n<p><strong>Secci\u00f3n de Arquitectura T\u00e9cnica<\/strong><\/p>\n<dl>\n<dt><\/dt>\n<dd><a href=\"https:\/\/www.ull.es\/directorio\/search\/?busqueda=subdirector-arquitectura-tecnica-escuela-politecnica\" target=\"_blank\" rel=\"noopener\" target=\"_blank\" rel=\"noopener\">Ana Mar\u00eda Lorenzo P\u00e9rez <\/a>(Subdirecci\u00f3n y Coordinaci\u00f3n Docente)<\/dd>\n<dd><a href=\"https:\/\/www.ull.es\/directorio\/search\/?busqueda=direcepsi%20director\" target=\"_blank\" rel=\"noopener\" target=\"_blank\" rel=\"noopener\">Ruth Pino Su\u00e1rez <\/a>(Coordinaci\u00f3n de Movilidad)<\/dd>\n<dd><a href=\"https:\/\/www.ull.es\/directorio\/search\/?busqueda=luis+darias+martin\" target=\"_blank\" rel=\"noopener\" target=\"_blank\" rel=\"noopener\">Luis Darias Mart\u00edn<\/a> (Coordinaci\u00f3n de Trabajo de Fin de Grado)<\/dd>\n<dd><a href=\"https:\/\/www.ull.es\/directorio\/search\/?busqueda=subdirector-arquitectura-tecnica-escuela-politecnica\" target=\"_blank\" rel=\"noopener\" target=\"_blank\" rel=\"noopener\">Ana Mar\u00eda Lorenzo P\u00e9rez<\/a> (Coordinaci\u00f3n de Calidad\u00a0e Innovaci\u00f3n Docente)<\/dd>\n<dd><a href=\"https:\/\/www.ull.es\/directorio\/search\/?busqueda=Leopoldo+Luis+Mart%C3%ADn+Rodr%C3%ADguez\" target=\"_blank\" rel=\"noopener\" target=\"_blank\" rel=\"noopener\">Leopoldo Luis Mart\u00edn Rodr\u00edguez<\/a> (Coordinaci\u00f3n de POAT)<\/dd>\n<dd><a href=\"https:\/\/www.ull.es\/directorio\/search\/?busqueda=Basilio%20G%C3%B3mez%20Pescoso\" target=\"_blank\" rel=\"noopener\" target=\"_blank\" rel=\"noopener\">Basilio G\u00f3mez Pescoso<\/a> (Coordinaci\u00f3n de Pr\u00e1cticas Externas)<\/dd>\n<dd><\/dd>\n<\/dl>\n<p>[\/vc_column_text][\/vc_tta_section][vc_tta_section title=\u00bbSecci\u00f3n de N\u00e1utica, M\u00e1quinas y Radioelectr\u00f3nica Naval\u00bb tab_id=\u00bbseccion-de-nautica-maquinas-y-radioelectronica-naval\u00bb][vc_column_text]<strong>Informaci\u00f3n de contacto<\/strong><\/p>\n<ul>\n<li><i class=\"fa fa-map-marker\"><\/i> V\u00eda Auxiliar Paso Alto, 2. Escuela Polit\u00e9cnica Superior de Ingenier\u00eda. C\u00f3digo postal 38001. Santa Cruz de Tenerife. S\/C de Tenerife<\/li>\n<li><i class=\"fa fa-phone\"><\/i> (+34) 922 31 97 93<\/li>\n<li><i class=\"fa fa-envelope\"><\/i> <a href=\"mailto:nautica@ull.es\" target=\"_blank\" rel=\"noopener\">nautica@ull.es<\/a><\/li>\n<\/ul>\n<p>&nbsp;<\/p>\n<p><span style=\"text-decoration: underline;\"><strong>Equipo de direcci\u00f3n<\/strong><\/span><\/p>\n<p><strong>Secci\u00f3n de N\u00e1utica, M\u00e1quinas y Radioelectr\u00f3nica Naval<\/strong><\/p>\n<dl>\n<dd><a href=\"https:\/\/www.ull.es\/directorio\/search\/?busqueda=Mar%C3%ADa%20del%20Cristo%20Adri%C3%A1n%20de%20Ganzo\" target=\"_blank\" rel=\"noopener\" target=\"_blank\" rel=\"noopener\">Mar\u00eda del Cristo Adri\u00e1n de Ganzo<\/a><\/dd>\n<dd><a href=\"https:\/\/www.ull.es\/directorio\/search\/?busqueda=subdirector-poat-escuela-politecnica\" target=\"_blank\" rel=\"noopener\" target=\"_blank\" rel=\"noopener\">Antonio Ceferino Bermejo D\u00edaz<\/a><\/dd>\n<dd><a href=\"https:\/\/www.ull.es\/directorio\/search\/?busqueda=amanda+pe%C3%B1a\" target=\"_blank\" rel=\"noopener\" target=\"_blank\" rel=\"noopener\">Amanda Pe\u00f1a Navarro<\/a><\/dd>\n<dd><a href=\"https:\/\/www.ull.es\/directorio\/search\/?busqueda=alejandro+g%C3%B3mez\" target=\"_blank\" rel=\"noopener\" target=\"_blank\" rel=\"noopener\">Alejandro G\u00f3mez Correa<\/a><\/dd>\n<dd><a href=\"https:\/\/www.ull.es\/directorio\/search\/?busqueda=direcepsi%20director\" target=\"_blank\" rel=\"noopener\" target=\"_blank\" rel=\"noopener\">Antonio Manuel Gonz\u00e1lez Marrero<\/a><\/dd>\n<dd><a href=\"https:\/\/www.ull.es\/directorio\/search\/?busqueda=Jos%C3%A9+Agust%C3%ADn+Gonz%C3%A1lez\" target=\"_blank\" rel=\"noopener\" target=\"_blank\" rel=\"noopener\">Jos\u00e9 Agust\u00edn Gonz\u00e1lez Almeida<\/a><\/dd>\n<dd><a href=\"https:\/\/www.ull.es\/directorio\/search\/?busqueda=santiago+jos%C3%A9\" target=\"_blank\" rel=\"noopener\" target=\"_blank\" rel=\"noopener\">Santiago Jos\u00e9 Rodr\u00edguez S\u00e1nchez<\/a><\/dd>\n<dd>Hugo de Le\u00f3n Hern\u00e1ndez<\/dd>\n<\/dl>\n<p>[\/vc_column_text][\/vc_tta_section][vc_tta_section title=\u00bbSecci\u00f3n de Ingenier\u00eda Agraria\u00bb tab_id=\u00bbseccion-de-ingenieria-agraria\u00bb][vc_column_text]<strong>Informaci\u00f3n de contacto<\/strong><\/p>\n<ul>\n<li><i class=\"fa fa-map-marker\"><\/i> Carretera general de Geneto 2. Escuela Polit\u00e9cnica Superior de Ingenier\u00eda. Apartado 456. C\u00f3digo postal 38200. San Crist\u00f3bal de La Laguna. S\/C de Tenerife<\/li>\n<li><i class=\"fa fa-phone\"><\/i> (+34) 922 31 85 24<\/li>\n<li><i class=\"fa fa-envelope\"><\/i> <a href=\"mailto:epsi@ull.es\" target=\"_blank\" rel=\"noopener\">epsi@ull.es<\/a><\/li>\n<\/ul>\n<p>&nbsp;<\/p>\n<p><span style=\"text-decoration: underline;\"><strong>Equipo de direcci\u00f3n<\/strong><\/span><\/p>\n<p><strong>Secci\u00f3n de Ingenier\u00eda Agraria<\/strong><\/p>\n<dl>\n<dd><\/dd>\n<dd><a href=\"https:\/\/www.ull.es\/directorio\/search\/?busqueda=Axel%20Ritter%20Rodr%C3%ADguez\" target=\"_blank\" rel=\"noopener\" target=\"_blank\" rel=\"noopener\">Axel Ritter Rodr\u00edguez<\/a> (Subdirecci\u00f3n y Coordinaci\u00f3n Docente)<\/dd>\n<dd><a href=\"https:\/\/www.ull.es\/directorio\/search\/?busqueda=Juan%20Luis%20Ramos%20Su%C3%A1rez\" target=\"_blank\" rel=\"noopener\" target=\"_blank\" rel=\"noopener\">Juan Luis Ramos Su\u00e1rez<\/a> (Subdirecci\u00f3n de Innovaci\u00f3n y Coordinaci\u00f3n de Movilidad)<\/dd>\n<dd><a href=\"https:\/\/www.ull.es\/directorio\/search\/?busqueda=Jalel+Mahouachi\" target=\"_blank\" rel=\"noopener\" target=\"_blank\" rel=\"noopener\">Jalel Mahouachi Mahouachi<\/a> (Coordinaci\u00f3n de\u00a0Trabajo de\u00a0Fin de Grado)<br \/>\n<a href=\"https:\/\/www.ull.es\/directorio\/search\/?busqueda=Jonay+Neris+Tom%C3%A9\" target=\"_blank\" rel=\"noopener\" target=\"_blank\" rel=\"noopener\">Jonay Neris Tom\u00e9<\/a> (Coordinaci\u00f3n de Calidad\u00a0e Innovaci\u00f3n Docente)<br \/>\n<a href=\"https:\/\/www.ull.es\/directorio\/search\/?busqueda=Juan Carlos Santamarta Cerezal\" target=\"_blank\" rel=\"noopener\" target=\"_blank\" rel=\"noopener\">Juan Carlos Santamarta Cerezal<\/a> (Coordinaci\u00f3n de POAT)<br \/>\n<a href=\"https:\/\/www.ull.es\/directorio\/search\/?busqueda=Candelaria%20Vera%20Batista\" target=\"_blank\" rel=\"noopener\" target=\"_blank\" rel=\"noopener\">Mar\u00eda Candelaria Vera Batista<\/a> (Coordinaci\u00f3n de Pr\u00e1cticas Externas)<\/dd>\n<dd><\/dd>\n<\/dl>\n<p>[\/vc_column_text][\/vc_tta_section][vc_tta_section title=\u00bbSecci\u00f3n de Ingenier\u00eda Civil\u00bb tab_id=\u00bbseccion-de-ingenieria-civil\u00bb][vc_column_text]<strong>Informaci\u00f3n de contacto<\/strong><\/p>\n<ul>\n<li><i class=\"fa fa-map-marker\"><\/i> Avenida \u00c1ngel Guimer\u00e1 Jorge, s\/n. Escuela Polit\u00e9cnica Superior de Ingenier\u00eda. Apartado 456. C\u00f3digo postal 38001. Santa Cruz de Tenerife. S\/C de Tenerife<\/li>\n<li><i class=\"fa fa-phone\"><\/i> (+34) 922 31 81 95<\/li>\n<li><i class=\"fa fa-envelope\"><\/i> <a href=\"mailto:epsi@ull.es\" target=\"_blank\" rel=\"noopener\">epsi@ull.es<\/a><\/li>\n<\/ul>\n<p>&nbsp;<\/p>\n<p><span style=\"text-decoration: underline;\"><strong>Equipo de direcci\u00f3n<\/strong><\/span><\/p>\n<p><strong>Secci\u00f3n de Ingenier\u00eda Civil<\/strong><\/p>\n<dl>\n<dd><a href=\"https:\/\/www.ull.es\/directorio\/search\/?busqueda=subdirector-ingenieria-civil-escuela-politecnica\" target=\"_blank\" rel=\"noopener\" target=\"_blank\" rel=\"noopener\">Manuel Dami\u00e1n Garc\u00eda Rom\u00e1n<\/a><\/dd>\n<dd><a href=\"https:\/\/www.ull.es\/directorio\/search\/?busqueda=subdirector-poat-escuela-politecnica\" target=\"_blank\" rel=\"noopener\" target=\"_blank\" rel=\"noopener\">Emilio Ram\u00f3n Negr\u00edn Rodr\u00edguez<\/a><\/dd>\n<dd><a href=\"https:\/\/www.ull.es\/directorio\/search\/?busqueda=Ana%20Mar%C3%ADa%20Rodr%C3%ADguez%20Alloza\" target=\"_blank\" rel=\"noopener\" target=\"_blank\" rel=\"noopener\">Ana Mar\u00eda Rodr\u00edguez Alloza<\/a><\/dd>\n<dd><a href=\"https:\/\/www.ull.es\/directorio\/search\/?busqueda=Eduardo%20De%20Miguel%20Garc%C3%ADa\" target=\"_blank\" rel=\"noopener\" target=\"_blank\" rel=\"noopener\">Eduardo De Miguel Garc\u00eda<\/a><\/dd>\n<\/dl>\n<p>[\/vc_column_text][\/vc_tta_section][\/vc_tta_accordion][\/vc_column][vc_column width=\u00bb1\/3&#8243;][vc_column_text]<a class=\"btn-destacado\" href=\"https:\/\/riull.ull.es\/xmlui\/handle\/915\/6982\" target=\"_blank\" rel=\"noopener noreferrer\" target=\"_blank\" rel=\"noopener\">Consultar normativa de la facultad<i class=\"fa fa-arrow-right\"><\/i><\/a>[\/vc_column_text][vc_column_text]<a class=\"btn-destacado\" href=\"http:\/\/www.ull.es\/centros\/escuela-politecnica-superior-de-ingenieria\/informacion-general\/junta-de-escuela-y-comisiones\/\" rel=\"noopener\" target=\"_blank\" rel=\"noopener\">Consultar junta de escuela y comisiones <i class=\"fa fa-arrow-right\"><\/i><\/a>[\/vc_column_text][vc_column_text el_class=\u00bbcontacto\u00bb]\n<ul class=\"widget-box\">\n<li class='contacto-header'>Informaci\u00f3n de contacto<\/li><li><i class=\"fa fa-map-marker\"><\/i> Avenida \u00c1ngel Guimer\u00e1 Jorge, s\/n. Escuela Polit\u00e9cnica Superior de Ingenier\u00eda. Apartado 456. C\u00f3digo postal 38200. S\/C de Tenerife.<\/li><li><i class=\"fa fa-phone\"><\/i> (+34) 922 31 81 95<\/li><li><i class=\"fa fa-envelope\"><\/i>  <a href=mailto:epsi@ull.edu.es>epsi@ull.edu.es<\/a><\/li><li><i class=\"fa fa-archive\"><\/i><a href=\"https:\/\/sede.ull.es\/ecivilis-site\/catalog\/showProcedure\/484\"> Procedimiento para quejas, sugerencias y felicitaciones<\/a><\/li>\n<\/ul>\n\n[\/vc_column_text][vc_column_text el_id=\u00bbubicacion\u00bb]\n    \n<style>\n    .google-maps {\n        position: relative;\n        padding-bottom: 75%;\n        height: 0;\n        overflow: hidden;\n    }\n    .google-maps iframe {\n        position: absolute;\n        top: 0;\n        left: 0;\n        width: 100% !important;\n        height: 100% !important;\n    }\n<\/style>\n\n\n<div class=\"google-maps\">\n    <iframe src=\"https:\/\/www.openstreetmap.org\/export\/embed.html?bbox=-16.316514929145%2C28.475679339921%2C-16.310371119555%2C28.481491562201&amp;layer=mapnik&amp;marker=28.479862295661487%2C-16.3136887550354\" style=\"border: 1px solid black\"><\/iframe>\n<\/div>\n\n<div class=\"btn-widget\">\n    <a href=\"https:\/\/www.openstreetmap.org\/directions?engine=graphhopper_car&from=&to=28.479862295661487%2C-16.3136887550354#map=17\/28.479862295661487\/-16.3136887550354\">C\u00f3mo llegar<\/a>  \n<\/div>\n\n  <\/body>\n<\/html>\n\n[\/vc_column_text][\/vc_column][\/vc_row]<\/p>\n","protected":false},"excerpt":{"rendered":"<p>[vc_row full_width=\u00bbstretch_row_content_no_spaces\u00bb el_class=\u00bbSliderPortada\u00bb css=\u00bb.vc_custom_1745237111535{margin-top: -100px !important;}\u00bb][vc_column][rev_slider_vc alias=\u00bbportada\u00bb][\/vc_column][\/vc_row][vc_row full_width=\u00bbstretch_row_content_no_spaces\u00bb][vc_column][vc_custom_heading text=\u00bb\u00bb font_container=\u00bbtag:h2|text_align:center\u00bb google_fonts=\u00bbfont_family:Montserrat%3Aregular%2C700|font_style:700%20bold%20regular%3A700%3Anormal\u00bb css=\u00bb.vc_custom_1721221176088{padding-top: 15px !important;padding-bottom: 15px !important;background-color: #360060 !important;}\u00bb][\/vc_column][\/vc_row][vc_row css=\u00bb.vc_custom_1745233821598{margin-top: 50px !important;}\u00bb][vc_column width=\u00bb2\/3&#8243; el_class=\u00bbpadding-50-right\u00bb css=\u00bb.vc_custom_1494506721665{padding-right: 50px !important;}\u00bb][vc_column_text] Presentaci\u00f3n [\/vc_column_text][vc_column_text el_id=\u00bbpresentacion\u00bb][\/vc_column_text][vc_empty_space height=\u00bb40px\u00bb][vc_column_text el_id=\u00bborganigrama\u00bb][\/vc_column_text][vc_separator css=\u00bb.vc_custom_1513002225227{margin-top: 50px !important;margin-bottom: 50px !important;}\u00bb][vc_column_text] Informaci\u00f3n de contacto adicional [\/vc_column_text][vc_tta_accordion shape=\u00bbsquare\u00bb c_icon=\u00bbchevron\u00bb c_position=\u00bbright\u00bb active_section=\u00bb\u00bb no_fill=\u00bbtrue\u00bb collapsible_all=\u00bbtrue\u00bb][vc_tta_section title=\u00bbSecci\u00f3n de Arquitectura T\u00e9cnica\u00bb tab_id=\u00bbseccion-de-arquitectura-tecnica\u00bb][vc_column_text]Informaci\u00f3n de contacto Avenida&#8230;<\/p>\n","protected":false},"author":1,"featured_media":0,"parent":0,"menu_order":0,"comment_status":"closed","ping_status":"closed","template":"templates\/template-frontpage.php","meta":[],"acf":[],"_links":{"self":[{"href":"https:\/\/www.ull.es\/centros\/escuela-politecnica-superior-de-ingenieria\/wp-json\/wp\/v2\/pages\/40"}],"collection":[{"href":"https:\/\/www.ull.es\/centros\/escuela-politecnica-superior-de-ingenieria\/wp-json\/wp\/v2\/pages"}],"about":[{"href":"https:\/\/www.ull.es\/centros\/escuela-politecnica-superior-de-ingenieria\/wp-json\/wp\/v2\/types\/page"}],"author":[{"embeddable":true,"href":"https:\/\/www.ull.es\/centros\/escuela-politecnica-superior-de-ingenieria\/wp-json\/wp\/v2\/users\/1"}],"replies":[{"embeddable":true,"href":"https:\/\/www.ull.es\/centros\/escuela-politecnica-superior-de-ingenieria\/wp-json\/wp\/v2\/comments?post=40"}],"version-history":[{"count":67,"href":"https:\/\/www.ull.es\/centros\/escuela-politecnica-superior-de-ingenieria\/wp-json\/wp\/v2\/pages\/40\/revisions"}],"predecessor-version":[{"id":847,"href":"https:\/\/www.ull.es\/centros\/escuela-politecnica-superior-de-ingenieria\/wp-json\/wp\/v2\/pages\/40\/revisions\/847"}],"wp:attachment":[{"href":"https:\/\/www.ull.es\/centros\/escuela-politecnica-superior-de-ingenieria\/wp-json\/wp\/v2\/media?parent=40"}],"curies":[{"name":"wp","href":"https:\/\/api.w.org\/{rel}","templated":true}]}}