{"id":78,"date":"2017-11-15T12:31:18","date_gmt":"2017-11-15T12:31:18","guid":{"rendered":"http:\/\/www.ull.es\/centros\/escuela-politecnica-superior-de-ingenieria\/?page_id=78"},"modified":"2025-12-02T11:26:18","modified_gmt":"2025-12-02T11:26:18","slug":"junta-de-escuela-y-comisiones","status":"publish","type":"page","link":"https:\/\/www.ull.es\/centros\/escuela-politecnica-superior-de-ingenieria\/informacion-general\/junta-de-escuela-y-comisiones\/","title":{"rendered":"Junta de escuela y comisiones"},"content":{"rendered":"<p>[vc_row full_width=\u00bbstretch_row_content_no_spaces\u00bb el_class=\u00bbSliderPortada\u00bb css=\u00bb.vc_custom_1745237111535{margin-top: -100px !important;}\u00bb][vc_column][rev_slider_vc alias=\u00bbportada\u00bb][\/vc_column][\/vc_row][vc_row full_width=\u00bbstretch_row_content_no_spaces\u00bb][vc_column][vc_custom_heading text=\u00bb\u00bb font_container=\u00bbtag:h2|text_align:center\u00bb google_fonts=\u00bbfont_family:Montserrat%3Aregular%2C700|font_style:700%20bold%20regular%3A700%3Anormal\u00bb css=\u00bb.vc_custom_1721221176088{padding-top: 15px !important;padding-bottom: 15px !important;background-color: #360060 !important;}\u00bb][\/vc_column][\/vc_row][vc_row css=\u00bb.vc_custom_1745233821598{margin-top: 50px !important;}\u00bb][vc_column width=\u00bb2\/3&#8243; el_class=\u00bbpadding-50-right\u00bb css=\u00bb.vc_custom_1494506721665{padding-right: 50px !important;}\u00bb][vc_column_text]<\/p>\n<h1>Junta de escuela y comisiones<\/h1>\n<p>[\/vc_column_text][vc_tta_accordion shape=\u00bbsquare\u00bb c_icon=\u00bbchevron\u00bb c_position=\u00bbright\u00bb active_section=\u00bb\u00bb no_fill=\u00bbtrue\u00bb collapsible_all=\u00bbtrue\u00bb][vc_tta_section title=\u00bbFunciones de la Junta de Escuela\u00bb tab_id=\u00bbfunciones-de-la-junta-de-escuela\u00bb][vc_column_text]De acuerdo con el art. 15.1 del Reglamento de R\u00e9gimen Interior de la Escuela Polit\u00e9cnica Superior de Ingenier\u00eda (RRI), la Junta de Escuela estar\u00e1\u00a0estar\u00e1 integrada por un n\u00famero de miembros que no deber\u00e1 ser superior a doscientos, y que deber\u00e1 respetar la siguiente composici\u00f3n:<\/p>\n<ol type=\"a\">\n<li>La persona titular de la Direcci\u00f3n, que la presidir\u00e1, las que ocupen las Subdirecciones de Secci\u00f3n y la Secretar\u00eda de la Escuela, que asumir\u00e1 la Secretar\u00eda de la Junta y la persona responsable de la Administraci\u00f3n de la Escuela.<\/li>\n<li>Una representaci\u00f3n de los distintos sectores que integran la Escuela, cuya composici\u00f3n se ajustar\u00e1 a los siguientes porcentajes:\n<ol>\n<li>Un cincuenta y uno por ciento constituido por:\n<ol>\n<li>Personal docente e investigador con vinculaci\u00f3n permanente a la Universidad de La Laguna que figuren en la programaci\u00f3n docente de la Escuela y que desarrolle al menos el 25% de su actividad docente en el mismo.<\/li>\n<li>Las personas que ocupen la Direcci\u00f3n de aquellos Departamentos que impartan al menos un 25% de su carga lectiva en la Escuela.<\/li>\n<li>El resto del personal docente e investigador con vinculaci\u00f3n permanente necesario para completar el 51% mediante elecci\u00f3n entre el que preste servicios en la Escuela.<\/li>\n<li>*Los puestos atribuidos a cada subsector contemplado en este apartado ser\u00e1n los siguientes: un 70% del total al descrito en el b.1.1); un 20% al contenido en el b.1.2) y el 10% restante al referido en el b.1.3).<\/li>\n<\/ol>\n<\/li>\n<li>Un nueve por ciento constituido por el resto del personal docente e investigador con v\u00ednculo no permanente, mediante elecci\u00f3n entre los que figuren en la programaci\u00f3n docente de la Escuela, y que desarrollen al menos un 25% de su actividad docente en el mismo.<\/li>\n<li>Un treinta por ciento elegido por el alumnado matriculado en la Escuela.<\/li>\n<li>Un diez por ciento elegido por el personal de administraci\u00f3n y servicios que preste sus servicios en la Escuela y en los departamentos que impartan al menos un 25% de su carga lectiva en la Escuela.<\/li>\n<\/ol>\n<\/li>\n<li>En todo caso deber\u00e1n estar representadas todas las \u00e1reas de conocimiento que impartan docencia en la Escuela. Las Direcciones de los Departamentos que impartan docencia en la Escuela y no formen parte de la Junta tendr\u00e1n derecho a audiencia en las Juntas de Escuela en las que se sometan<\/li>\n<\/ol>\n<p>[\/vc_column_text][\/vc_tta_section][vc_tta_section title=\u00bbComposici\u00f3n\u00bb tab_id=\u00bbcomposicion\u00bb][vc_column_text]<\/p>\n<ul>\n<li><a href=\"https:\/\/docs.google.com\/spreadsheets\/d\/e\/2PACX-1vSzmd-MxraIjbk8jTnGaqDVoJ-jMYh1EL30qN-1W7IunQncmUHKeW4tUzhJ08-oVJhy7Q3u9DdPe8Ly\/pubhtml\" target=\"_blank\" rel=\"noopener noreferrer\" target=\"_blank\" rel=\"noopener\">Composici\u00f3n de la Junta de Escuela<\/a><\/li>\n<\/ul>\n<p>[\/vc_column_text][\/vc_tta_section][vc_tta_section title=\u00bbComisiones\u00bb tab_id=\u00bbcomisiones\u00bb][vc_column_text]<\/p>\n<ul>\n<li><a href=\"https:\/\/docs.google.com\/spreadsheets\/d\/e\/2PACX-1vS1mkjiboO4wzgHSTS2poO15gGBXXipAgp4934RLAtmpodRISnDDGg8QNz0uvDWhSZPiEsZBNUWlZqk\/pubhtml?gid=1875764227&amp;single=true\" target=\"_blank\" rel=\"noopener\">Comisiones de la Escuela Polit\u00e9cnica Superior de Ingenier\u00eda <\/a><\/li>\n<li><a href=\"https:\/\/docs.google.com\/spreadsheets\/d\/e\/2PACX-1vS1mkjiboO4wzgHSTS2poO15gGBXXipAgp4934RLAtmpodRISnDDGg8QNz0uvDWhSZPiEsZBNUWlZqk\/pubhtml?gid=0&amp;single=true\" target=\"_blank\" rel=\"noopener noreferrer\" target=\"_blank\" rel=\"noopener\">Comisiones\u00a0 de Arquitectura T\u00e9cnica<\/a><\/li>\n<li><a href=\"https:\/\/docs.google.com\/spreadsheets\/d\/e\/2PACX-1vS1mkjiboO4wzgHSTS2poO15gGBXXipAgp4934RLAtmpodRISnDDGg8QNz0uvDWhSZPiEsZBNUWlZqk\/pubhtml?gid=679817464&amp;single=true\" target=\"_blank\" rel=\"noopener\">Comisiones\u00a0 de Ingenier\u00eda Agraria<\/a><\/li>\n<li><a href=\"https:\/\/docs.google.com\/spreadsheets\/d\/e\/2PACX-1vS1mkjiboO4wzgHSTS2poO15gGBXXipAgp4934RLAtmpodRISnDDGg8QNz0uvDWhSZPiEsZBNUWlZqk\/pubhtml?gid=1584405752&amp;single=true\" target=\"_blank\" rel=\"noopener\">Comisiones\u00a0 de Ingenier\u00eda Civil<\/a><\/li>\n<li><a href=\"https:\/\/docs.google.com\/spreadsheets\/d\/e\/2PACX-1vS1mkjiboO4wzgHSTS2poO15gGBXXipAgp4934RLAtmpodRISnDDGg8QNz0uvDWhSZPiEsZBNUWlZqk\/pubhtml?gid=15588088&amp;single=true\" target=\"_blank\" rel=\"noopener\">Comisiones de N\u00e1utica, M\u00e1quinas y Radioelectr\u00f3nica Naval<\/a><\/li>\n<\/ul>\n<p>[\/vc_column_text][\/vc_tta_section][vc_tta_section title=\u00bbElecciones a Junta de Escuela del Sector Alumnado curso 2025-26&#8243; tab_id=\u00bbalumnado\u00bb][vc_column_text]<strong>Normativa<\/strong><\/p>\n<div dir=\"ltr\">\n<ul>\n<li><a href=\"https:\/\/drive.google.com\/file\/d\/1UjkLqhITm-jPb8g8EIz_7yGzDFYZg6CK\/view?usp=drive_link\" target=\"_blank\" rel=\"noopener\" data-saferedirecturl=\"https:\/\/www.google.com\/url?q=https:\/\/drive.google.com\/file\/d\/1UjkLqhITm-jPb8g8EIz_7yGzDFYZg6CK\/view?usp%3Ddrive_link&amp;source=gmail&amp;ust=1701777326195000&amp;usg=AOvVaw1W4IMMY238I9v_7U6X3pQy\" target=\"_blank\" rel=\"noopener\">Reglamento Interno de la EPSI<\/a>.<\/li>\n<li><a href=\"https:\/\/drive.google.com\/file\/d\/1JCKwQqUDsoHB6WLJR_i63_hJKexnq8TX\/view\" target=\"_blank\" rel=\"noopener\" data-saferedirecturl=\"https:\/\/www.google.com\/url?q=https:\/\/drive.google.com\/file\/d\/1JCKwQqUDsoHB6WLJR_i63_hJKexnq8TX\/view&amp;source=gmail&amp;ust=1701777326195000&amp;usg=AOvVaw3GQB_u-mas_ljLqtQawKYW\" target=\"_blank\" rel=\"noopener\">Reglamento Electoral General de la ULL<\/a><\/li>\n<li><a href=\"https:\/\/drive.google.com\/file\/d\/1XtbOSQRa19IbAZp0n8rXiHhc5NzpFbI_\/view?usp=drive_link\" target=\"_blank\" rel=\"noopener\" data-saferedirecturl=\"https:\/\/www.google.com\/url?q=https:\/\/drive.google.com\/file\/d\/1XtbOSQRa19IbAZp0n8rXiHhc5NzpFbI_\/view?usp%3Ddrive_link&amp;source=gmail&amp;ust=1701777326195000&amp;usg=AOvVaw068RvM0sAi_dMm91eTI8G5\" target=\"_blank\" rel=\"noopener\">Estatutos de la ULL<\/a><\/li>\n<li><a href=\"https:\/\/riull.ull.es\/xmlui\/handle\/915\/34620\" target=\"_blank\" rel=\"noopener\" data-saferedirecturl=\"https:\/\/www.google.com\/url?q=https:\/\/riull.ull.es\/xmlui\/handle\/915\/34620&amp;source=gmail&amp;ust=1701777326195000&amp;usg=AOvVaw0xPPl9IbQ82LfmD88z7WhV\" target=\"_blank\" rel=\"noopener\">Reglamento de Voto Electr\u00f3nico<\/a><\/li>\n<\/ul>\n<p><strong>Elecciones a Junta de Escuela del Sector Alumnado curso 2025-26<\/strong><\/p>\n<\/div>\n<div dir=\"ltr\">\n<div>\n<div dir=\"ltr\">\n<div dir=\"ltr\">\n<p><a href=\"https:\/\/sede.ull.es\/ecivilis-site\/catalog\/showProcedure\/626\" target=\"_blank\" rel=\"noopener\" data-saferedirecturl=\"https:\/\/www.google.com\/url?q=https:\/\/sede.ull.es\/ecivilis-site\/catalog\/showProcedure\/626&amp;source=gmail&amp;ust=1761656174233000&amp;usg=AOvVaw0lgthukM8HQd_DZoT9HAOq\" target=\"_blank\" rel=\"noopener\">Elecciones para la renovaci\u00f3n del representante a Junta de Centro de la Escuela Polit\u00e9cnica Superior de Ingenier\u00eda\u00a0<\/a><\/p>\n<\/div>\n<div dir=\"ltr\">\n<div>\n<div dir=\"ltr\">\n<ul>\n<li><a href=\"https:\/\/drive.google.com\/file\/d\/1ufW3xZx3JklhXTws_fo4kK8lVumVR05E\/view?usp=sharing\" target=\"_blank\" rel=\"noopener\" data-saferedirecturl=\"https:\/\/www.google.com\/url?q=https:\/\/drive.google.com\/file\/d\/1ufW3xZx3JklhXTws_fo4kK8lVumVR05E\/view?usp%3Dsharing&amp;source=gmail&amp;ust=1761656174233000&amp;usg=AOvVaw1N8ZuJkaPfeSA29qfVnyVQ\" target=\"_blank\" rel=\"noopener\">Convocatoria de Elecciones a Junta de la EPSI<\/a>.<\/li>\n<li><a href=\"https:\/\/drive.google.com\/file\/d\/1q3WTktOBDb213MsHZzRSaKC7S9lP40zF\/view?usp=sharing\" target=\"_blank\" rel=\"noopener\" data-saferedirecturl=\"https:\/\/www.google.com\/url?q=https:\/\/drive.google.com\/file\/d\/1q3WTktOBDb213MsHZzRSaKC7S9lP40zF\/view?usp%3Dsharing&amp;source=gmail&amp;ust=1761656174233000&amp;usg=AOvVaw2gFEN_X1y0Y-tKw9rsTwWd\" target=\"_blank\" rel=\"noopener\">Calendario Electoral<\/a><\/li>\n<li>Censo de alumnado:\n<ul>\n<li><a href=\"https:\/\/drive.google.com\/file\/d\/1X_aLv6gKapjP03oBGf8cvEUSq-Q7DTIx\/view?usp=sharing\" target=\"_blank\" rel=\"noopener\" data-saferedirecturl=\"https:\/\/www.google.com\/url?q=https:\/\/drive.google.com\/file\/d\/1X_aLv6gKapjP03oBGf8cvEUSq-Q7DTIx\/view?usp%3Dsharing&amp;source=gmail&amp;ust=1761656174233000&amp;usg=AOvVaw1xBeJUdpH2JL8AXn1HRctR\" target=\"_blank\" rel=\"noopener\">Secci\u00f3n de Arquitectura T\u00e9cnica<\/a><\/li>\n<li><a href=\"https:\/\/drive.google.com\/file\/d\/1N_JqPcnhRXJPKxwOkA3CaMhlmeRiFiQz\/view?usp=sharing\" target=\"_blank\" rel=\"noopener\" data-saferedirecturl=\"https:\/\/www.google.com\/url?q=https:\/\/drive.google.com\/file\/d\/1N_JqPcnhRXJPKxwOkA3CaMhlmeRiFiQz\/view?usp%3Dsharing&amp;source=gmail&amp;ust=1761656174233000&amp;usg=AOvVaw0p6EdfGS2uvRDgfbdZtpUO\" target=\"_blank\" rel=\"noopener\">Secci\u00f3n de Ingenier\u00eda Agraria<\/a><\/li>\n<li><a href=\"https:\/\/drive.google.com\/file\/d\/1SjW7T8tx8N6Yrj8NQdBW85WQa2_jzyxs\/view?usp=sharing\" target=\"_blank\" rel=\"noopener\" data-saferedirecturl=\"https:\/\/www.google.com\/url?q=https:\/\/drive.google.com\/file\/d\/1SjW7T8tx8N6Yrj8NQdBW85WQa2_jzyxs\/view?usp%3Dsharing&amp;source=gmail&amp;ust=1761656174233000&amp;usg=AOvVaw0CSs638HISpU9KiQB_XOdu\" target=\"_blank\" rel=\"noopener\">Secci\u00f3n de Ingenier\u00eda Civil<\/a><\/li>\n<li><a href=\"https:\/\/drive.google.com\/file\/d\/13SZv8WJs4Een4AhC5gDRqwstFCdjP0lQ\/view?usp=sharing\" target=\"_blank\" rel=\"noopener\" data-saferedirecturl=\"https:\/\/www.google.com\/url?q=https:\/\/drive.google.com\/file\/d\/13SZv8WJs4Een4AhC5gDRqwstFCdjP0lQ\/view?usp%3Dsharing&amp;source=gmail&amp;ust=1761656174233000&amp;usg=AOvVaw1l2eyC6iFiyUDjtwN65xsU\" target=\"_blank\" rel=\"noopener\">Secci\u00f3n de N\u00e1utica, M\u00e1quinas y Radioelectr\u00f3nica<\/a><\/li>\n<\/ul>\n<\/li>\n<\/ul>\n<\/div>\n<\/div>\n<ul>\n<li><a href=\"https:\/\/drive.google.com\/file\/d\/1jqxLCs7hpZaP9Xa8EAS0qrMUNPuikhTe\/view?usp=drive_link\" target=\"_blank\" rel=\"noopener\" data-saferedirecturl=\"https:\/\/www.google.com\/url?q=https:\/\/drive.google.com\/file\/d\/1jqxLCs7hpZaP9Xa8EAS0qrMUNPuikhTe\/view?usp%3Ddrive_link&amp;source=gmail&amp;ust=1761656174233000&amp;usg=AOvVaw0Q4wjRBnxukFs5iPxSenN4\" target=\"_blank\" rel=\"noopener\">Modelo de reclamaci\u00f3n al censo<\/a><br \/>\nSe podr\u00e1 hacer la reclamaci\u00f3n al Censo desde el 27 hasta el d\u00eda 30 de octubre presentando por correo electr\u00f3nico el modelo de reclamaci\u00f3n a: <a href=\"mailto:celepsi@ull.es\" target=\"_blank\" rel=\"noopener\" target=\"_blank\" rel=\"noopener\">celepsi@ull.es<\/a><\/li>\n<li>\n<div><a href=\"https:\/\/drive.google.com\/file\/d\/1nKDkKWFVRHDPW_DiVyYalAGVVyyES0-l\/view?usp=sharing\" target=\"_blank\" rel=\"noopener\" data-saferedirecturl=\"https:\/\/www.google.com\/url?q=https:\/\/drive.google.com\/file\/d\/1nKDkKWFVRHDPW_DiVyYalAGVVyyES0-l\/view?usp%3Dsharing&amp;source=gmail&amp;ust=1762001905742000&amp;usg=AOvVaw1SV8fx27Ln3qe78E8NVtpq\" target=\"_blank\" rel=\"noopener\">Resoluci\u00f3n de la Comisi\u00f3n Electoral por la que se eleva a definitivo el censo y se abre el plazo de presentaci\u00f3n de candidaturas<\/a><\/div>\n<div>\n<div>Las candidaturas se deben presentar por la Sede Electr\u00f3nica desde el 31 de octubre y hasta el d\u00eda 6 de noviembre de 2025<\/div>\n<div><a href=\"https:\/\/sede.ull.es\/ecivilis-site\/catalog\/showProcedure\/626\" target=\"_blank\" rel=\"noopener\" data-saferedirecturl=\"https:\/\/www.google.com\/url?q=https:\/\/sede.ull.es\/ecivilis-site\/catalog\/showProcedure\/626&amp;source=gmail&amp;ust=1762001905742000&amp;usg=AOvVaw04vnuRjxZSUU1fKeBSNgFQ\" target=\"_blank\" rel=\"noopener\">Presentaci\u00f3n de candidatura<\/a><\/div>\n<div><a href=\"https:\/\/drive.google.com\/file\/d\/1DWA9szBN_pv9weMjBiC8h-NQJMrbulW3\/view\" target=\"_blank\" rel=\"noopener\" target=\"_blank\" rel=\"noopener\">Resoluci\u00f3n de la Comisi\u00f3n Electoral por la que se publica el listado provisional de las Candidaturas Admitidas y Excluidas.<\/a><\/div>\n<\/div>\n<\/li>\n<li><a href=\"https:\/\/drive.google.com\/file\/d\/11EiHdU-rGXXfC7X3RxLstYEeHJas-G7F\/view?usp=sharing\" target=\"_blank\" rel=\"noopener\" data-saferedirecturl=\"https:\/\/www.google.com\/url?q=https:\/\/drive.google.com\/file\/d\/11EiHdU-rGXXfC7X3RxLstYEeHJas-G7F\/view?usp%3Dsharing&amp;source=gmail&amp;ust=1762948334666000&amp;usg=AOvVaw2GsMT9_5-ITGHTHnmVOVMH\" target=\"_blank\" rel=\"noopener\">Proclamaci\u00f3n definitiva de candidaturas e inicio de la Campa\u00f1a Electoral en la Secci\u00f3n de N\u00e1utica, M\u00e1quinas y Radioelectr\u00f3nica Naval<\/a>.<\/li>\n<li>\n<div><a href=\"https:\/\/drive.google.com\/file\/d\/1kw2GKxvG6xw7ZKoRSpuYIflAvJC9n2S0\/view?usp=sharing\" target=\"_blank\" rel=\"noopener\" data-saferedirecturl=\"https:\/\/www.google.com\/url?q=https:\/\/drive.google.com\/file\/d\/1kw2GKxvG6xw7ZKoRSpuYIflAvJC9n2S0\/view?usp%3Dsharing&amp;source=gmail&amp;ust=1764251392372000&amp;usg=AOvVaw3tmgZxTamA14wdfyxrZAfO\" target=\"_blank\" rel=\"noopener\">Resultado de las votaciones para los miembros de la Junta de EPSI sector alumnado de la Secci\u00f3n de N\u00e1utica, M\u00e1quinas y Radioelectr\u00f3nica Naval<\/a><\/div>\n<div><\/div>\n<\/li>\n<li>\n<div><a href=\"https:\/\/drive.google.com\/file\/d\/1aGb8cQ0F2fVKl9SY2U-ryTjm8hWuJ4FY\/view?usp=sharing\" target=\"_blank\" rel=\"noopener\" data-saferedirecturl=\"https:\/\/www.google.com\/url?q=https:\/\/drive.google.com\/file\/d\/1aGb8cQ0F2fVKl9SY2U-ryTjm8hWuJ4FY\/view?usp%3Dsharing&amp;source=gmail&amp;ust=1764251392372000&amp;usg=AOvVaw1zqhpE4i-dgNCmJoA_vOWQ\" target=\"_blank\" rel=\"noopener\">Listado de miembros provisional de la Junta de EPSI<\/a><\/div>\n<\/li>\n<li><a href=\"https:\/\/drive.google.com\/file\/d\/12e_yx7KK-9fm9lgexbRV65_FKtpXXXl-\/view?usp=sharing\" target=\"_blank\" rel=\"noopener\" data-saferedirecturl=\"https:\/\/www.google.com\/url?q=https:\/\/drive.google.com\/file\/d\/12e_yx7KK-9fm9lgexbRV65_FKtpXXXl-\/view?usp%3Dsharing&amp;source=gmail&amp;ust=1764759287563000&amp;usg=AOvVaw0a_EsRenn5__zqdlmBkURY\" target=\"_blank\" rel=\"noopener\">Listado Definitivo de miembros de la Junta de la Escuela Polit\u00e9cnica Superior de Ingenier\u00eda por el sector Alumnado<\/a><\/li>\n<\/ul>\n<\/div>\n<\/div>\n<\/div>\n<\/div>\n<p>[\/vc_column_text][\/vc_tta_section][\/vc_tta_accordion][\/vc_column][vc_column width=\u00bb1\/3&#8243;][vc_column_text el_class=\u00bbcontacto\u00bb]\n<ul class=\"widget-box\">\n<li class='contacto-header'>Informaci\u00f3n de contacto<\/li><li><i class=\"fa fa-map-marker\"><\/i> Avenida \u00c1ngel Guimer\u00e1 Jorge, s\/n. Escuela Polit\u00e9cnica Superior de Ingenier\u00eda. Apartado 456. C\u00f3digo postal 38200. S\/C de Tenerife.<\/li><li><i class=\"fa fa-phone\"><\/i> (+34) 922 31 81 95<\/li><li><i class=\"fa fa-envelope\"><\/i>  <a href=mailto:epsi@ull.edu.es>epsi@ull.edu.es<\/a><\/li><li><i class=\"fa fa-archive\"><\/i><a href=\"https:\/\/sede.ull.es\/ecivilis-site\/catalog\/showProcedure\/484\"> Procedimiento para quejas, sugerencias y felicitaciones<\/a><\/li>\n<\/ul>\n\n[\/vc_column_text][\/vc_column][\/vc_row]<\/p>\n","protected":false},"excerpt":{"rendered":"<p>[vc_row full_width=\u00bbstretch_row_content_no_spaces\u00bb el_class=\u00bbSliderPortada\u00bb css=\u00bb.vc_custom_1745237111535{margin-top: -100px !important;}\u00bb][vc_column][rev_slider_vc alias=\u00bbportada\u00bb][\/vc_column][\/vc_row][vc_row full_width=\u00bbstretch_row_content_no_spaces\u00bb][vc_column][vc_custom_heading text=\u00bb\u00bb font_container=\u00bbtag:h2|text_align:center\u00bb google_fonts=\u00bbfont_family:Montserrat%3Aregular%2C700|font_style:700%20bold%20regular%3A700%3Anormal\u00bb css=\u00bb.vc_custom_1721221176088{padding-top: 15px !important;padding-bottom: 15px !important;background-color: #360060 !important;}\u00bb][\/vc_column][\/vc_row][vc_row css=\u00bb.vc_custom_1745233821598{margin-top: 50px !important;}\u00bb][vc_column width=\u00bb2\/3&#8243; el_class=\u00bbpadding-50-right\u00bb css=\u00bb.vc_custom_1494506721665{padding-right: 50px !important;}\u00bb][vc_column_text] Junta de escuela y comisiones [\/vc_column_text][vc_tta_accordion shape=\u00bbsquare\u00bb c_icon=\u00bbchevron\u00bb c_position=\u00bbright\u00bb active_section=\u00bb\u00bb no_fill=\u00bbtrue\u00bb collapsible_all=\u00bbtrue\u00bb][vc_tta_section title=\u00bbFunciones de la Junta de Escuela\u00bb tab_id=\u00bbfunciones-de-la-junta-de-escuela\u00bb][vc_column_text]De acuerdo con el art. 15.1 del Reglamento de R\u00e9gimen Interior&#8230;<\/p>\n","protected":false},"author":1,"featured_media":0,"parent":40,"menu_order":0,"comment_status":"closed","ping_status":"closed","template":"templates\/template-frontpage.php","meta":[],"acf":[],"_links":{"self":[{"href":"https:\/\/www.ull.es\/centros\/escuela-politecnica-superior-de-ingenieria\/wp-json\/wp\/v2\/pages\/78"}],"collection":[{"href":"https:\/\/www.ull.es\/centros\/escuela-politecnica-superior-de-ingenieria\/wp-json\/wp\/v2\/pages"}],"about":[{"href":"https:\/\/www.ull.es\/centros\/escuela-politecnica-superior-de-ingenieria\/wp-json\/wp\/v2\/types\/page"}],"author":[{"embeddable":true,"href":"https:\/\/www.ull.es\/centros\/escuela-politecnica-superior-de-ingenieria\/wp-json\/wp\/v2\/users\/1"}],"replies":[{"embeddable":true,"href":"https:\/\/www.ull.es\/centros\/escuela-politecnica-superior-de-ingenieria\/wp-json\/wp\/v2\/comments?post=78"}],"version-history":[{"count":133,"href":"https:\/\/www.ull.es\/centros\/escuela-politecnica-superior-de-ingenieria\/wp-json\/wp\/v2\/pages\/78\/revisions"}],"predecessor-version":[{"id":856,"href":"https:\/\/www.ull.es\/centros\/escuela-politecnica-superior-de-ingenieria\/wp-json\/wp\/v2\/pages\/78\/revisions\/856"}],"up":[{"embeddable":true,"href":"https:\/\/www.ull.es\/centros\/escuela-politecnica-superior-de-ingenieria\/wp-json\/wp\/v2\/pages\/40"}],"wp:attachment":[{"href":"https:\/\/www.ull.es\/centros\/escuela-politecnica-superior-de-ingenieria\/wp-json\/wp\/v2\/media?parent=78"}],"curies":[{"name":"wp","href":"https:\/\/api.w.org\/{rel}","templated":true}]}}