{"id":101,"date":"2017-11-16T09:02:06","date_gmt":"2017-11-16T09:02:06","guid":{"rendered":"http:\/\/www.ull.es\/centros\/escuela-superior-de-ingenieria-y-tecnologia\/?page_id=101"},"modified":"2026-03-26T15:20:25","modified_gmt":"2026-03-26T15:20:25","slug":"orientacion-y-tutorizacion","status":"publish","type":"page","link":"https:\/\/www.ull.es\/centros\/escuela-superior-de-ingenieria-y-tecnologia\/docencia\/orientacion-y-tutorizacion\/","title":{"rendered":"Orientaci\u00f3n y tutorizaci\u00f3n"},"content":{"rendered":"<p>[vc_row full_width=\u00bbstretch_row_content_no_spaces\u00bb el_class=\u00bbSliderPortada\u00bb css=\u00bb.vc_custom_1745237111535{margin-top: -100px !important;}\u00bb][vc_column][rev_slider_vc alias=\u00bbportada\u00bb][\/vc_column][\/vc_row][vc_row full_width=\u00bbstretch_row_content_no_spaces\u00bb][vc_column][vc_custom_heading text=\u00bb\u00bb font_container=\u00bbtag:h2|text_align:center\u00bb google_fonts=\u00bbfont_family:Montserrat%3Aregular%2C700|font_style:700%20bold%20regular%3A700%3Anormal\u00bb css=\u00bb.vc_custom_1721221176088{padding-top: 15px !important;padding-bottom: 15px !important;background-color: #360060 !important;}\u00bb][\/vc_column][\/vc_row][vc_row css=\u00bb.vc_custom_1745233821598{margin-top: 50px !important;}\u00bb][vc_column width=\u00bb2\/3&#8243; el_class=\u00bbpadding-50-right\u00bb css=\u00bb.vc_custom_1494506721665{padding-right: 50px !important;}\u00bb][vc_column_text]<\/p>\n<h1>Orientaci\u00f3n y tutorizaci\u00f3n<\/h1>\n<p><span style=\"font-weight: 400;\">El Plan de Orientaci\u00f3n y Acci\u00f3n Tutorial (POAT) de la ESIT se basa en la acci\u00f3n tutorial propiamente dicha, y en las actividades formativas y de orientaci\u00f3n. Esto se plantea como la integraci\u00f3n secuenciada a lo largo del curr\u00edculo del alumnado de ambos tipos de actividades. Las actividades se organizan en torno a\u00a0 fases de acogida, seguimiento y culminaci\u00f3n de los estudios e inserci\u00f3n laboral.<\/span><\/p>\n<p><span style=\"font-weight: 400;\">La Escuela, de acuerdo a su Sistema de Calidad, establece cada curso acad\u00e9mico un Plan de Orientaci\u00f3n y Acci\u00f3n Tutorial, en el que se definen sus objetivos, as\u00ed como las actividades de las que se compone. Este plan puede ser consultado <\/span><a href=\"https:\/\/drive.google.com\/open?id=1LTHX_qwfJi1d0ogT4UsYDX9yx23yn9oZ\" target=\"_blank\" rel=\"noopener\"><span style=\"font-weight: 400;\">en el siguiente enlace<\/span><\/a><span style=\"font-weight: 400;\">.<\/span><\/p>\n<p><span style=\"font-weight: 400;\">Para m\u00e1s informaci\u00f3n e inscripciones contactar con:<\/span><\/p>\n<ul>\n<li style=\"font-weight: 400;\"><span style=\"font-weight: 400;\">Para el caso del Grado en Ingenier\u00eda Inform\u00e1tica, el Coordinador del POAT, Pavel Novoa Hern\u00e1ndez en el correo: <\/span><a href=\"mailto:poatinfor@ull.es\" target=\"_blank\" rel=\"noopener\"><span style=\"font-weight: 400;\">poatinfor@ull.es<\/span><\/a><span style=\"font-weight: 400;\">\u00a0<\/span><\/li>\n<li style=\"font-weight: 400;\"><span style=\"font-weight: 400;\">Para el caso de los Grados de Industriales, el Coordinador del POAT, Jos\u00e9 Manuel Gonz\u00e1lez Cava, en el correo: <\/span><a href=\"mailto:poatindus@ull.es\" target=\"_blank\" rel=\"noopener\"><span style=\"font-weight: 400;\">poatindus@ull.es<\/span><\/a><\/li>\n<\/ul>\n<p>[\/vc_column_text][\/vc_column][vc_column width=\u00bb1\/3&#8243;][vc_column_text el_class=\u00bbcontacto\u00bb]\n<ul class=\"widget-box\">\n<li class='contacto-header'>Informaci\u00f3n de contacto<\/li><li><i class=\"fa fa-map-marker\"><\/i> Camino San Francisco de Paula, n\u00ba 19. Escuela Superior de Ingenier\u00eda y Tecnolog\u00eda. Apartado 456. C\u00f3digo postal 38200. San Crist\u00f3bal de La Laguna<\/li><li><i class=\"fa fa-phone\"><\/i> (+34) 922 31 83 09<\/li><li><i class=\"fa fa-envelope\"><\/i>  <a href=mailto:esit@ull.es>esit@ull.es<\/a><\/li><li><i class=\"fa fa-calendar\"><\/i><a href=\"http:\/\/citaprevia.ull.es\/index.php?s=esit\"> Cita previa<\/a><\/li><li><i class=\"fa fa-archive\"><\/i><a href=\"https:\/\/sede.ull.es\/ecivilis-site\/catalog\/showProcedure\/484\"> Procedimiento para quejas, sugerencias y felicitaciones<\/a><\/li>\n<\/ul>\n\n[\/vc_column_text][\/vc_column][\/vc_row]<\/p>\n","protected":false},"excerpt":{"rendered":"<p>[vc_row full_width=\u00bbstretch_row_content_no_spaces\u00bb el_class=\u00bbSliderPortada\u00bb css=\u00bb.vc_custom_1745237111535{margin-top: -100px !important;}\u00bb][vc_column][rev_slider_vc alias=\u00bbportada\u00bb][\/vc_column][\/vc_row][vc_row full_width=\u00bbstretch_row_content_no_spaces\u00bb][vc_column][vc_custom_heading text=\u00bb\u00bb font_container=\u00bbtag:h2|text_align:center\u00bb google_fonts=\u00bbfont_family:Montserrat%3Aregular%2C700|font_style:700%20bold%20regular%3A700%3Anormal\u00bb css=\u00bb.vc_custom_1721221176088{padding-top: 15px !important;padding-bottom: 15px !important;background-color: #360060 !important;}\u00bb][\/vc_column][\/vc_row][vc_row css=\u00bb.vc_custom_1745233821598{margin-top: 50px !important;}\u00bb][vc_column width=\u00bb2\/3&#8243; el_class=\u00bbpadding-50-right\u00bb css=\u00bb.vc_custom_1494506721665{padding-right: 50px !important;}\u00bb][vc_column_text] Orientaci\u00f3n y tutorizaci\u00f3n El Plan de Orientaci\u00f3n y Acci\u00f3n Tutorial (POAT) de la ESIT se basa en la acci\u00f3n tutorial propiamente dicha, y en las actividades formativas y de&#8230;<\/p>\n","protected":false},"author":1,"featured_media":0,"parent":52,"menu_order":0,"comment_status":"closed","ping_status":"closed","template":"templates\/template-frontpage.php","meta":[],"acf":[],"_links":{"self":[{"href":"https:\/\/www.ull.es\/centros\/escuela-superior-de-ingenieria-y-tecnologia\/wp-json\/wp\/v2\/pages\/101"}],"collection":[{"href":"https:\/\/www.ull.es\/centros\/escuela-superior-de-ingenieria-y-tecnologia\/wp-json\/wp\/v2\/pages"}],"about":[{"href":"https:\/\/www.ull.es\/centros\/escuela-superior-de-ingenieria-y-tecnologia\/wp-json\/wp\/v2\/types\/page"}],"author":[{"embeddable":true,"href":"https:\/\/www.ull.es\/centros\/escuela-superior-de-ingenieria-y-tecnologia\/wp-json\/wp\/v2\/users\/1"}],"replies":[{"embeddable":true,"href":"https:\/\/www.ull.es\/centros\/escuela-superior-de-ingenieria-y-tecnologia\/wp-json\/wp\/v2\/comments?post=101"}],"version-history":[{"count":14,"href":"https:\/\/www.ull.es\/centros\/escuela-superior-de-ingenieria-y-tecnologia\/wp-json\/wp\/v2\/pages\/101\/revisions"}],"predecessor-version":[{"id":1270,"href":"https:\/\/www.ull.es\/centros\/escuela-superior-de-ingenieria-y-tecnologia\/wp-json\/wp\/v2\/pages\/101\/revisions\/1270"}],"up":[{"embeddable":true,"href":"https:\/\/www.ull.es\/centros\/escuela-superior-de-ingenieria-y-tecnologia\/wp-json\/wp\/v2\/pages\/52"}],"wp:attachment":[{"href":"https:\/\/www.ull.es\/centros\/escuela-superior-de-ingenieria-y-tecnologia\/wp-json\/wp\/v2\/media?parent=101"}],"curies":[{"name":"wp","href":"https:\/\/api.w.org\/{rel}","templated":true}]}}