{"id":123,"date":"2017-11-16T09:46:53","date_gmt":"2017-11-16T09:46:53","guid":{"rendered":"http:\/\/www.ull.es\/centros\/escuela-superior-de-ingenieria-y-tecnologia\/?page_id=123"},"modified":"2025-04-21T14:22:36","modified_gmt":"2025-04-21T14:22:36","slug":"sistema-de-garantia-de-calidad","status":"publish","type":"page","link":"https:\/\/www.ull.es\/centros\/escuela-superior-de-ingenieria-y-tecnologia\/informacion-general\/sistema-de-garantia-de-calidad\/","title":{"rendered":"Sistema de Garant\u00eda de Calidad"},"content":{"rendered":"<p>[vc_row full_width=\u00bbstretch_row_content_no_spaces\u00bb el_class=\u00bbSliderPortada\u00bb css=\u00bb.vc_custom_1745237111535{margin-top: -100px !important;}\u00bb][vc_column][rev_slider_vc alias=\u00bbportada\u00bb][\/vc_column][\/vc_row][vc_row full_width=\u00bbstretch_row_content_no_spaces\u00bb][vc_column][vc_custom_heading text=\u00bb\u00bb font_container=\u00bbtag:h2|text_align:center\u00bb google_fonts=\u00bbfont_family:Montserrat%3Aregular%2C700|font_style:700%20bold%20regular%3A700%3Anormal\u00bb css=\u00bb.vc_custom_1721221176088{padding-top: 15px !important;padding-bottom: 15px !important;background-color: #360060 !important;}\u00bb][\/vc_column][\/vc_row][vc_row css=\u00bb.vc_custom_1745233821598{margin-top: 50px !important;}\u00bb][vc_column width=\u00bb2\/3&#8243; el_class=\u00bbpadding-50-right\u00bb css=\u00bb.vc_custom_1494506721665{padding-right: 50px !important;}\u00bb][vc_column_text]<\/p>\n<h1>Sistema de Garant\u00eda de Calidad<\/h1>\n<p>Puede consultar los responsables y procedimientos del Sistema de Aseguramiento Interno de Calidad del T\u00edtulo (SAIC) (anteriormente Sistema de Garant\u00eda Interna de Calidad -SGIC-) de los Grados del Centro en los siguientes enlaces:<\/p>\n<ul>\n<li><a href=\"https:\/\/www.ull.es\/grados\/ingenieria-electronica-industrial-automatica\/calidad-y-resultados\/sistema-de-garantia-interna-de-calidad\/\" target=\"_blank\" rel=\"noopener\" data-saferedirecturl=\"https:\/\/www.google.com\/url?q=https:\/\/www.ull.es\/grados\/ingenieria-electronica-industrial-automatica\/calidad-y-resultados\/sistema-de-garantia-interna-de-calidad\/&amp;source=gmail&amp;ust=1644576388877000&amp;usg=AOvVaw2Ag2mEJR3YP4NjNP1tVP61\" target=\"_blank\" rel=\"noopener\">Grado en Ingenier\u00eda Electr\u00f3nica Industrial y Autom\u00e1tica<\/a><\/li>\n<li><a href=\"https:\/\/www.ull.es\/grados\/ingenieria-quimica-industrial\/calidad-y-resultados\/sistema-de-garantia-interna-de-calidad\/\" target=\"_blank\" rel=\"noopener\" data-saferedirecturl=\"https:\/\/www.google.com\/url?q=https:\/\/www.ull.es\/grados\/ingenieria-quimica-industrial\/calidad-y-resultados\/sistema-de-garantia-interna-de-calidad\/&amp;source=gmail&amp;ust=1644576388877000&amp;usg=AOvVaw3dGFcbrzuvRs6s46ZXUMzy\" target=\"_blank\" rel=\"noopener\">Grado en Ingenier\u00eda Qu\u00edmica Industrial<\/a><\/li>\n<li><a href=\"https:\/\/www.ull.es\/grados\/ingenieria-mecanica\/calidad-y-resultados\/sistema-de-garantia-interna-de-calidad\/\" target=\"_blank\" rel=\"noopener\" data-saferedirecturl=\"https:\/\/www.google.com\/url?q=https:\/\/www.ull.es\/grados\/ingenieria-mecanica\/calidad-y-resultados\/sistema-de-garantia-interna-de-calidad\/&amp;source=gmail&amp;ust=1644576388877000&amp;usg=AOvVaw3nJjtyTjaots_k7L3t0Cq2\" target=\"_blank\" rel=\"noopener\">Grado en Ingenier\u00eda Mec\u00e1nica<\/a><\/li>\n<li><a href=\"https:\/\/www.ull.es\/grados\/ingenieria-informatica\/calidad-y-resultados\/sistema-de-garantia-interna-de-calidad\/\" target=\"_blank\" rel=\"noopener\" data-saferedirecturl=\"https:\/\/www.google.com\/url?q=https:\/\/www.ull.es\/grados\/ingenieria-informatica\/calidad-y-resultados\/sistema-de-garantia-interna-de-calidad\/&amp;source=gmail&amp;ust=1644576388877000&amp;usg=AOvVaw2wMIdIl-X-V3RLwGthA_Jc\" target=\"_blank\" rel=\"noopener\">Grado en Ingenier\u00eda Inform\u00e1tica<\/a><\/li>\n<\/ul>\n<p>[\/vc_column_text][\/vc_column][vc_column width=\u00bb1\/3&#8243;][vc_column_text el_class=\u00bbcontacto\u00bb]\n<ul class=\"widget-box\">\n<li class='contacto-header'>Informaci\u00f3n de contacto<\/li><li><i class=\"fa fa-map-marker\"><\/i> Camino San Francisco de Paula, n\u00ba 19. Escuela Superior de Ingenier\u00eda y Tecnolog\u00eda. Apartado 456. C\u00f3digo postal 38200. San Crist\u00f3bal de La Laguna<\/li><li><i class=\"fa fa-phone\"><\/i> (+34) 922 31 83 09<\/li><li><i class=\"fa fa-envelope\"><\/i>  <a href=mailto:esit@ull.es>esit@ull.es<\/a><\/li><li><i class=\"fa fa-calendar\"><\/i><a href=\"http:\/\/citaprevia.ull.es\/index.php?s=esit\"> Cita previa<\/a><\/li><li><i class=\"fa fa-archive\"><\/i><a href=\"https:\/\/sede.ull.es\/ecivilis-site\/catalog\/showProcedure\/484\"> Procedimiento para quejas, sugerencias y felicitaciones<\/a><\/li>\n<\/ul>\n\n[\/vc_column_text][\/vc_column][\/vc_row][vc_row disable_element=\u00bbyes\u00bb][vc_column][vc_column_text]<\/p>\n<h1>Sistema de Garant\u00eda de Calidad<\/h1>\n<p>Las titulaciones oficiales de la Escuela Superior de Ingenier\u00eda y Tecnolog\u00eda disponen del Sistema de Aseguramiento de la Calidad (SAIC) exigido por el RD.1393\/2007 de ordenaci\u00f3n de las ense\u00f1anzas oficiales como herramienta de apoyo que permite el seguimiento y la mejora continua de los programas formativos y garantiza la calidad de las ense\u00f1anzas que reciben los estudiantes.<\/p>\n<p>Pueden consultar los procedimientos del SAIC de t\u00edtulo en la p\u00e1gina Web de cada titulaci\u00f3n:<\/p>\n<ul>\n<li><a href=\"https:\/\/www.ull.es\/centros\/escuela-superior-de-ingenieria-y-tecnologia\/sistema-de-garantia-de-calidad\/sgc-estudios-industriales\/\" target=\"_blank\" rel=\"noopener\">Estudios de Industriales<\/a><\/li>\n<li><a href=\"https:\/\/www.ull.es\/centros\/escuela-superior-de-ingenieria-y-tecnologia\/sistema-de-garantia-de-calidad\/sgc-estudios-informatica\/\" target=\"_blank\" rel=\"noopener\">Estudios de Inform\u00e1tica<\/a><\/li>\n<\/ul>\n<p>[\/vc_column_text][\/vc_column][\/vc_row]<\/p>\n","protected":false},"excerpt":{"rendered":"<p>[vc_row full_width=\u00bbstretch_row_content_no_spaces\u00bb el_class=\u00bbSliderPortada\u00bb css=\u00bb.vc_custom_1745237111535{margin-top: -100px !important;}\u00bb][vc_column][rev_slider_vc alias=\u00bbportada\u00bb][\/vc_column][\/vc_row][vc_row full_width=\u00bbstretch_row_content_no_spaces\u00bb][vc_column][vc_custom_heading text=\u00bb\u00bb font_container=\u00bbtag:h2|text_align:center\u00bb google_fonts=\u00bbfont_family:Montserrat%3Aregular%2C700|font_style:700%20bold%20regular%3A700%3Anormal\u00bb css=\u00bb.vc_custom_1721221176088{padding-top: 15px !important;padding-bottom: 15px !important;background-color: #360060 !important;}\u00bb][\/vc_column][\/vc_row][vc_row css=\u00bb.vc_custom_1745233821598{margin-top: 50px !important;}\u00bb][vc_column width=\u00bb2\/3&#8243; el_class=\u00bbpadding-50-right\u00bb css=\u00bb.vc_custom_1494506721665{padding-right: 50px !important;}\u00bb][vc_column_text] Sistema de Garant\u00eda de Calidad Puede consultar los responsables y procedimientos del Sistema de Aseguramiento Interno de Calidad del T\u00edtulo (SAIC) (anteriormente Sistema de Garant\u00eda Interna de Calidad -SGIC-)&#8230;<\/p>\n","protected":false},"author":1,"featured_media":0,"parent":40,"menu_order":0,"comment_status":"closed","ping_status":"closed","template":"templates\/template-frontpage.php","meta":[],"acf":[],"_links":{"self":[{"href":"https:\/\/www.ull.es\/centros\/escuela-superior-de-ingenieria-y-tecnologia\/wp-json\/wp\/v2\/pages\/123"}],"collection":[{"href":"https:\/\/www.ull.es\/centros\/escuela-superior-de-ingenieria-y-tecnologia\/wp-json\/wp\/v2\/pages"}],"about":[{"href":"https:\/\/www.ull.es\/centros\/escuela-superior-de-ingenieria-y-tecnologia\/wp-json\/wp\/v2\/types\/page"}],"author":[{"embeddable":true,"href":"https:\/\/www.ull.es\/centros\/escuela-superior-de-ingenieria-y-tecnologia\/wp-json\/wp\/v2\/users\/1"}],"replies":[{"embeddable":true,"href":"https:\/\/www.ull.es\/centros\/escuela-superior-de-ingenieria-y-tecnologia\/wp-json\/wp\/v2\/comments?post=123"}],"version-history":[{"count":16,"href":"https:\/\/www.ull.es\/centros\/escuela-superior-de-ingenieria-y-tecnologia\/wp-json\/wp\/v2\/pages\/123\/revisions"}],"predecessor-version":[{"id":1249,"href":"https:\/\/www.ull.es\/centros\/escuela-superior-de-ingenieria-y-tecnologia\/wp-json\/wp\/v2\/pages\/123\/revisions\/1249"}],"up":[{"embeddable":true,"href":"https:\/\/www.ull.es\/centros\/escuela-superior-de-ingenieria-y-tecnologia\/wp-json\/wp\/v2\/pages\/40"}],"wp:attachment":[{"href":"https:\/\/www.ull.es\/centros\/escuela-superior-de-ingenieria-y-tecnologia\/wp-json\/wp\/v2\/media?parent=123"}],"curies":[{"name":"wp","href":"https:\/\/api.w.org\/{rel}","templated":true}]}}