{"id":161,"date":"2017-11-16T11:08:18","date_gmt":"2017-11-16T11:08:18","guid":{"rendered":"http:\/\/www.ull.es\/centros\/escuela-superior-de-ingenieria-y-tecnologia\/?page_id=161"},"modified":"2025-05-13T13:39:40","modified_gmt":"2025-05-13T13:39:40","slug":"programas-de-movilidad","status":"publish","type":"page","link":"https:\/\/www.ull.es\/centros\/escuela-superior-de-ingenieria-y-tecnologia\/docencia\/programas-de-movilidad\/","title":{"rendered":"Programas de movilidad"},"content":{"rendered":"<p>[vc_row full_width=\u00bbstretch_row_content_no_spaces\u00bb el_class=\u00bbSliderPortada\u00bb css=\u00bb.vc_custom_1745237111535{margin-top: -100px !important;}\u00bb][vc_column][rev_slider_vc alias=\u00bbportada\u00bb][\/vc_column][\/vc_row][vc_row full_width=\u00bbstretch_row_content_no_spaces\u00bb][vc_column][vc_custom_heading text=\u00bb\u00bb font_container=\u00bbtag:h2|text_align:center\u00bb google_fonts=\u00bbfont_family:Montserrat%3Aregular%2C700|font_style:700%20bold%20regular%3A700%3Anormal\u00bb css=\u00bb.vc_custom_1721221176088{padding-top: 15px !important;padding-bottom: 15px !important;background-color: #360060 !important;}\u00bb][\/vc_column][\/vc_row][vc_row css=\u00bb.vc_custom_1745233821598{margin-top: 50px !important;}\u00bb][vc_column width=\u00bb2\/3&#8243; el_class=\u00bbpadding-50-right\u00bb css=\u00bb.vc_custom_1494506721665{padding-right: 50px !important;}\u00bb][vc_column_text]<\/p>\n<h1>Programas de movilidad<\/h1>\n<p><span style=\"font-weight: 400;\">La realizaci\u00f3n de los alumnos de un periodo de estudios fuera de la Universidad de La Laguna les enriquece personal y profesionalmente. En su formaci\u00f3n, complementan su visi\u00f3n de los estudios de ingenier\u00eda y se benefician de nuevos enfoques curriculares que contribuyen a alcanzar los objetivos y a avanzar en la consecuci\u00f3n de las competencias propuestas en los estudios. Adem\u00e1s, la participaci\u00f3n de los estudiantes en las acciones de la movilidad junto a la contribuci\u00f3n en su formaci\u00f3n individual permite mejorar su curr\u00edculum de cara a su incorporaci\u00f3n laboral.<\/span><\/p>\n<p><span style=\"font-weight: 400;\">Entre los objetivos del programa de movilidad destaca el que los estudiantes se beneficien de la experiencia social y cultural que implica la vida en otros pa\u00edses, mejorar su formaci\u00f3n curricular enfocada a la incorporaci\u00f3n laboral, fortalecer su capacidad de comunicaci\u00f3n, cooperaci\u00f3n, adaptaci\u00f3n y comprensi\u00f3n de otras culturas.<\/span><\/p>\n<p><span style=\"font-weight: 400;\">Hay dos programas que permiten, respectivamente, realizar movilidad nacional, en el caso de los intercambios SICUE, o internacional, en el caso del Programa ERASMUS.<\/span>[\/vc_column_text][\/vc_column][vc_column width=\u00bb1\/3&#8243;][vc_column_text el_class=\u00bbcontacto\u00bb]\n<ul class=\"widget-box\">\n<li class='contacto-header'>Informaci\u00f3n de contacto<\/li><li><i class=\"fa fa-map-marker\"><\/i> Camino San Francisco de Paula, n\u00ba 19. Escuela Superior de Ingenier\u00eda y Tecnolog\u00eda. Apartado 456. C\u00f3digo postal 38200. San Crist\u00f3bal de La Laguna<\/li><li><i class=\"fa fa-phone\"><\/i> (+34) 922 31 83 09<\/li><li><i class=\"fa fa-envelope\"><\/i>  <a href=mailto:esit@ull.es>esit@ull.es<\/a><\/li><li><i class=\"fa fa-calendar\"><\/i><a href=\"http:\/\/citaprevia.ull.es\/index.php?s=esit\"> Cita previa<\/a><\/li><li><i class=\"fa fa-archive\"><\/i><a href=\"https:\/\/sede.ull.es\/ecivilis-site\/catalog\/showProcedure\/484\"> Procedimiento para quejas, sugerencias y felicitaciones<\/a><\/li>\n<\/ul>\n\n[\/vc_column_text][\/vc_column][\/vc_row][vc_row][vc_column][vc_tta_accordion style=\u00bbflat\u00bb shape=\u00bbsquare\u00bb c_icon=\u00bbchevron\u00bb c_position=\u00bbright\u00bb active_section=\u00bb1&#8243; no_fill=\u00bbtrue\u00bb collapsible_all=\u00bbtrue\u00bb][vc_tta_section title=\u00bbMovilidad nacional\u00bb tab_id=\u00bbmovilidad-nacional\u00bb][vc_column_text]<span style=\"font-weight: 400;\">Por medio de este sistema el estudiantado de las universidades espa\u00f1olas puede realizar una parte de sus estudios en otra universidad distinta a la suya, con garant\u00edas de reconocimiento acad\u00e9mico y de aprovechamiento, as\u00ed como de adecuaci\u00f3n a su perfil curricular.<\/span><\/p>\n<h3><b>Informaci\u00f3n<\/b><\/h3>\n<p><span style=\"font-weight: 400;\">Toda la informaci\u00f3n (procedimientos, coordinadores de movilidad de los centros, oferta SICUE, impresos de solicitud, acuerdos acad\u00e9micos, etc.) se puede encontrar en este <a href=\"https:\/\/www.ull.es\/portal\/convocatorias\/categorias\/sicue\/\" target=\"_blank\" rel=\"noopener\">enlace.<\/a><\/span><\/p>\n<p><span style=\"font-weight: 400;\">Los estudiantes que finalmente quieran solicitar el intercambio SICUE tendr\u00e1n que ponerse en contacto con el coordinador de movilidad de sus estudios para ver la compatibilidad de estudios con la universidad de destino y estudiar el posible acuerdo acad\u00e9mico.<\/span>[\/vc_column_text][\/vc_tta_section][vc_tta_section title=\u00bbMovilidad Internacional\u00bb tab_id=\u00bbmovilidad-internacional\u00bb][vc_column_text]<\/p>\n<h3><b>ERASMUS<\/b><\/h3>\n<p><span style=\"font-weight: 400;\">En el marco del <\/span><b>Programa de Aprendizaje Permanente (PAP)<\/b><span style=\"font-weight: 400;\">, <\/span><a href=\"http:\/\/www.erasmusplus.gob.es\/\" target=\"_blank\" rel=\"noopener\"><span style=\"font-weight: 400;\">ERASMUS<\/span><\/a><span style=\"font-weight: 400;\"> dirige sus esfuerzos hacia la educaci\u00f3n superior, a las universidades y a la formaci\u00f3n profesional superior. El Programa pretende estimular el intercambio, la cooperaci\u00f3n y la movilidad entre los sistemas de educaci\u00f3n y formaci\u00f3n dentro de la Comunidad, de modo que se conviertan en una referencia de calidad mundial.<\/span><\/p>\n<p><span style=\"font-weight: 400;\">Las acciones de m\u00e1s \u00e9xito son las referidas a la movilidad, no s\u00f3lo de estudiantes sino de profesores y personal de administraci\u00f3n y servicios de las universidades.\u00a0<\/span><\/p>\n<p><b>Las becas Erasmus son ayudas de m\u00ednima cuant\u00eda<\/b><span style=\"font-weight: 400;\">, destinadas a cubrir gastos adicionales (viajes, preparaci\u00f3n ling\u00fc\u00edstica, diferencia en nivel de vida) que conlleva el cursar una parte de los estudios\/docencia\/formaci\u00f3n en el extranjero. La concesi\u00f3n de una plaza Erasmus, es decir, la posibilidad de cursar estudios\/docencia\/formaci\u00f3n en otra universidad, no implica necesariamente la concesi\u00f3n de ayuda econ\u00f3mica.<\/span><\/p>\n<p><span style=\"font-weight: 400;\">Toda la informaci\u00f3n para <\/span><b>estudiantes salientes<\/b><span style=\"font-weight: 400;\"> (solicitud, cat\u00e1logos de plazas, coordinadores de movilidad de los centros, instrucciones, impresos, etc.) se puede encontrar en este <a href=\"https:\/\/www.ull.es\/portal\/erasmus\/erasmus-estudios-salientes\/\" target=\"_blank\" rel=\"noopener\">enlace.<\/a><\/span><\/p>\n<p><span style=\"font-weight: 400;\">Si est\u00e1 interesado particularmente en los convenios para la movilidad ERASMUS y ERASMUS+ de la ULL, puede encontrarlos en este <a href=\"https:\/\/www.ull.es\/internacional\/convenios\/\" target=\"_blank\" rel=\"noopener\">enlace.<\/a><\/span><\/p>\n<h3>Erasmus+ 2025-2026<\/h3>\n<p><a href=\"https:\/\/drive.google.com\/file\/d\/179zfVtVztiqSZz14HIEv9FvR0Qa5CVbL\/view?usp=sharing\" target=\"_blank\" rel=\"noopener\" target=\"_blank\" rel=\"noopener\">Convocatoria Erasmus+ Estudios 2025-2026<\/a><\/p>\n<p><a href=\"https:\/\/drive.google.com\/file\/d\/12ut94M8ul6bSHxl-0FoY2ASPWJtogJEl\/view?usp=drive_link\" target=\"_blank\" rel=\"noopener\" target=\"_blank\" rel=\"noopener\">Listado provisional de personas admitidas y excluidas al procedimiento Erasmus+ Estudios<\/a><\/p>\n<p><a href=\"https:\/\/drive.google.com\/file\/d\/1S1B5yIpSYplIishb_1hp2Geg_JezhM_A\/view?usp=drive_link\" target=\"_blank\" rel=\"noopener\" target=\"_blank\" rel=\"noopener\">Listado definitivo de personas admitidas y excluidas al procedimiento Erasmus+ Estudios<\/a><\/p>\n<p><a href=\"https:\/\/drive.google.com\/file\/d\/1TDUjJUKGyoJ8w2_TPzpLIfbfcrooHsRS\/view?usp=drive_link\" target=\"_blank\" rel=\"noopener\" target=\"_blank\" rel=\"noopener\">Listado provisional de asignaci\u00f3n de plazas Erasmus + Estudios<\/a><\/p>\n<div><a href=\"https:\/\/drive.google.com\/file\/d\/1bBDO2oMwGzePeFH_VUSuLuf3YWLESHFs\/view?usp=drive_link\" target=\"_blank\" rel=\"noopener\" target=\"_blank\" rel=\"noopener\">Listado definitiva de asignaci\u00f3n de plazas Erasmus+ Estudios<\/a><\/div>\n<p>[\/vc_column_text][\/vc_tta_section][vc_tta_section title=\u00bbCoordinador\/a de Movilidad\u00bb tab_id=\u00bbcoordinador-movilidad\u00bb][vc_column_text]<\/p>\n<h3>Movilidad nacional<\/h3>\n<dl>\n<dt><strong>Coordinadora de Movilidad de los Estudios de Industriales (Grado en Ingenier\u00eda Electr\u00f3nica Industrial y Autom\u00e1tica, Grado en Ingenier\u00eda Mec\u00e1nica y Grado en Ingenier\u00eda Qu\u00edmica Industrial)<\/strong><\/dt>\n<dd><a href=\"https:\/\/www.ull.es\/directorio\/search\/?busqueda=movindmec\" target=\"_blank\" rel=\"noopener\" data-saferedirecturl=\"https:\/\/www.google.com\/url?q=https:\/\/www.ull.es\/directorio\/search\/?busqueda%3Dmovindmec&amp;source=gmail&amp;ust=1747225967527000&amp;usg=AOvVaw2vv2JQz_E5_zqB13sEh4kw\" target=\"_blank\" rel=\"noopener\">Mar\u00eda Hern\u00e1ndez Molina<\/a><\/dd>\n<dt><strong>Coordinador de Movilidad de los Estudios de Inform\u00e1tica<\/strong><\/dt>\n<dd><a href=\"https:\/\/www.ull.es\/directorio\/search\/?busqueda=coordinador-movilidad-informatica-escuela-tecnologia\" target=\"_blank\" rel=\"noopener\" target=\"_blank\" rel=\"noopener\">Jonay Tom\u00e1s Toledo Carrillo<\/a><\/dd>\n<\/dl>\n<p>[\/vc_column_text][vc_column_text]<\/p>\n<h3>Movilidad internacional<\/h3>\n<dl>\n<dt><strong>Coordinador de Movilidad de los Estudios de Industriales (Grado en Ingenier\u00eda Electr\u00f3nica Industrial y Autom\u00e1tica)<\/strong><\/dt>\n<dd><a href=\"https:\/\/www.ull.es\/directorio\/search\/?busqueda=movindelec\" target=\"_blank\" rel=\"noopener\" target=\"_blank\" rel=\"noopener\">Oswaldo Bernab\u00e9 Gonz\u00e1lez Hern\u00e1ndez<\/a><\/dd>\n<dt><strong>Coordinador de Movilidad de los Estudios de Industriales (Grado en Ingenier\u00eda Mec\u00e1nica)<\/strong><\/dt>\n<dd><a href=\"https:\/\/www.ull.es\/directorio\/search\/?busqueda=movindmec\" target=\"_blank\" rel=\"noopener\" target=\"_blank\" rel=\"noopener\">Mar\u00eda Hern\u00e1ndez Molina<\/a><\/dd>\n<dt><strong>Coordinador de Movilidad de los Estudios de Industriales (Grado en Ingenier\u00eda Qu\u00edmica Industrial)<\/strong><\/dt>\n<dd><a href=\"https:\/\/www.ull.es\/directorio\/search\/?busqueda=movindquim\" target=\"_blank\" rel=\"noopener\" target=\"_blank\" rel=\"noopener\">Luis Enrique Rodr\u00edguez G\u00f3mez<\/a><\/dd>\n<dt><strong>Coordinador de Movilidad de los Estudios de Inform\u00e1tica<\/strong><\/dt>\n<dd><a href=\"https:\/\/www.ull.es\/directorio\/search\/?busqueda=coordinador-movilidad-informatica-escuela-tecnologia\" target=\"_blank\" rel=\"noopener\" target=\"_blank\" rel=\"noopener\">Jonay Tom\u00e1s Toledo Carrillo<\/a><\/dd>\n<\/dl>\n<p>[\/vc_column_text][\/vc_tta_section][\/vc_tta_accordion][\/vc_column][\/vc_row]<\/p>\n","protected":false},"excerpt":{"rendered":"<p>[vc_row full_width=\u00bbstretch_row_content_no_spaces\u00bb el_class=\u00bbSliderPortada\u00bb css=\u00bb.vc_custom_1745237111535{margin-top: -100px !important;}\u00bb][vc_column][rev_slider_vc alias=\u00bbportada\u00bb][\/vc_column][\/vc_row][vc_row full_width=\u00bbstretch_row_content_no_spaces\u00bb][vc_column][vc_custom_heading text=\u00bb\u00bb font_container=\u00bbtag:h2|text_align:center\u00bb google_fonts=\u00bbfont_family:Montserrat%3Aregular%2C700|font_style:700%20bold%20regular%3A700%3Anormal\u00bb css=\u00bb.vc_custom_1721221176088{padding-top: 15px !important;padding-bottom: 15px !important;background-color: #360060 !important;}\u00bb][\/vc_column][\/vc_row][vc_row css=\u00bb.vc_custom_1745233821598{margin-top: 50px !important;}\u00bb][vc_column width=\u00bb2\/3&#8243; el_class=\u00bbpadding-50-right\u00bb css=\u00bb.vc_custom_1494506721665{padding-right: 50px !important;}\u00bb][vc_column_text] Programas de movilidad La realizaci\u00f3n de los alumnos de un periodo de estudios fuera de la Universidad de La Laguna les enriquece personal y profesionalmente. En su formaci\u00f3n, complementan&#8230;<\/p>\n","protected":false},"author":1,"featured_media":0,"parent":52,"menu_order":0,"comment_status":"closed","ping_status":"closed","template":"templates\/template-frontpage.php","meta":[],"acf":[],"_links":{"self":[{"href":"https:\/\/www.ull.es\/centros\/escuela-superior-de-ingenieria-y-tecnologia\/wp-json\/wp\/v2\/pages\/161"}],"collection":[{"href":"https:\/\/www.ull.es\/centros\/escuela-superior-de-ingenieria-y-tecnologia\/wp-json\/wp\/v2\/pages"}],"about":[{"href":"https:\/\/www.ull.es\/centros\/escuela-superior-de-ingenieria-y-tecnologia\/wp-json\/wp\/v2\/types\/page"}],"author":[{"embeddable":true,"href":"https:\/\/www.ull.es\/centros\/escuela-superior-de-ingenieria-y-tecnologia\/wp-json\/wp\/v2\/users\/1"}],"replies":[{"embeddable":true,"href":"https:\/\/www.ull.es\/centros\/escuela-superior-de-ingenieria-y-tecnologia\/wp-json\/wp\/v2\/comments?post=161"}],"version-history":[{"count":60,"href":"https:\/\/www.ull.es\/centros\/escuela-superior-de-ingenieria-y-tecnologia\/wp-json\/wp\/v2\/pages\/161\/revisions"}],"predecessor-version":[{"id":1264,"href":"https:\/\/www.ull.es\/centros\/escuela-superior-de-ingenieria-y-tecnologia\/wp-json\/wp\/v2\/pages\/161\/revisions\/1264"}],"up":[{"embeddable":true,"href":"https:\/\/www.ull.es\/centros\/escuela-superior-de-ingenieria-y-tecnologia\/wp-json\/wp\/v2\/pages\/52"}],"wp:attachment":[{"href":"https:\/\/www.ull.es\/centros\/escuela-superior-de-ingenieria-y-tecnologia\/wp-json\/wp\/v2\/media?parent=161"}],"curies":[{"name":"wp","href":"https:\/\/api.w.org\/{rel}","templated":true}]}}