{"id":675,"date":"2018-11-14T13:57:29","date_gmt":"2018-11-14T13:57:29","guid":{"rendered":"http:\/\/www.ull.es\/centros\/escuela-superior-de-ingenieria-y-tecnologia\/?page_id=675"},"modified":"2024-02-07T10:47:31","modified_gmt":"2024-02-07T10:47:31","slug":"centro-de-calculo","status":"publish","type":"page","link":"https:\/\/www.ull.es\/centros\/escuela-superior-de-ingenieria-y-tecnologia\/centro-de-calculo\/","title":{"rendered":"Centro de C\u00e1lculo"},"content":{"rendered":"<p>[vc_row el_class=\u00bbvc-bloque-destacado bloque-destacado\u00bb css=\u00bb.vc_custom_1543573125975{background-color: #ffffff !important;}\u00bb][vc_column parallax=\u00bbcontent-moving\u00bb][vc_row_inner][vc_column_inner][vc_column_text]<em>El Centro de C\u00e1lculo de la ESIT cubre las necesidades TIC espec\u00edficas del alumnado de los estudios de inform\u00e1tica, ofreciendo acceso a puestos de ordenadores, servidores y software espec\u00edfico de la Ingenier\u00eda Inform\u00e1tica.<\/em>[\/vc_column_text][\/vc_column_inner][\/vc_row_inner][vc_images_carousel images=\u00bb821,820,819,818&#8243; img_size=\u00bbfull\u00bb autoplay=\u00bbyes\u00bb wrap=\u00bbyes\u00bb css_animation=\u00bbfadeIn\u00bb][\/vc_column][\/vc_row][vc_row el_class=\u00bbvc-bloque-destacado bloque-destacado\u00bb css=\u00bb.vc_custom_1542291643611{background-color: #f4f4f4 !important;}\u00bb][vc_column][vc_row_inner equal_height=\u00bbyes\u00bb gap=\u00bb35&#8243;][vc_column_inner width=\u00bb1\/5&#8243;][vc_icon icon_fontawesome=\u00bbfab fa-youtube\u00bb size=\u00bblg\u00bb align=\u00bbcenter\u00bb link=\u00bburl:https%3A%2F%2Fwww.ull.es%2Fcentros%2Fescuela-superior-de-ingenieria-y-tecnologia%2Fcentro-de-calculo%2Fvideo%2F|title:Video\u00bb][vc_column_text]<\/p>\n<p style=\"text-align: center\"><strong>Conoce el Centro de C\u00e1lculo<\/strong><br \/>\n<strong> (Video)<\/strong><\/p>\n<p>[\/vc_column_text][\/vc_column_inner][vc_column_inner el_class=\u00bbfeature-btn\u00bb width=\u00bb1\/5&#8243;][vc_icon icon_fontawesome=\u00bbfa fa-bug\u00bb size=\u00bblg\u00bb align=\u00bbcenter\u00bb css=\u00bb.vc_custom_1550066747757{border-bottom-width: 0px !important;padding-bottom: 0px !important;}\u00bb link=\u00bburl:https%3A%2F%2Fwww.ull.es%2Fcentros%2Fescuela-superior-de-ingenieria-y-tecnologia%2Finformacion-general%2Finfraestructuras-y-servicios%2Finfraestructuras-y-servicios-estudios-informatica%2Fsala-1-1%2Fincidencias%2F|||\u00bb][vc_column_text css=\u00bb.vc_custom_1542292531149{margin-top: 0px !important;border-top-width: 0px !important;padding-top: 0px !important;}\u00bb]<strong>Incidencias<\/strong>[\/vc_column_text][\/vc_column_inner][vc_column_inner el_class=\u00bbfeature-btn\u00bb width=\u00bb1\/5&#8243;][vc_icon icon_fontawesome=\u00bbfa fa-calendar\u00bb size=\u00bblg\u00bb align=\u00bbcenter\u00bb css=\u00bb.vc_custom_1550066755109{border-bottom-width: 0px !important;padding-bottom: 0px !important;}\u00bb link=\u00bburl:https%3A%2F%2Fwww.ull.es%2Fcentros%2Fescuela-superior-de-ingenieria-y-tecnologia%2Freservas%2F|||\u00bb][vc_column_text css=\u00bb.vc_custom_1631541261093{margin-top: 0px !important;border-top-width: 0px !important;padding-top: 0px !important;}\u00bb]<\/p>\n<p style=\"text-align: center\"><strong>Reserva de Carrels<br \/>\n<\/strong><\/p>\n<p>[\/vc_column_text][\/vc_column_inner][vc_column_inner el_class=\u00bbfeature-btn\u00bb width=\u00bb1\/5&#8243;][vc_icon icon_fontawesome=\u00bbfa fa-folder-open\u00bb background_style=\u00bbboxed\u00bb background_color=\u00bbcustom\u00bb size=\u00bblg\u00bb align=\u00bbcenter\u00bb link=\u00bburl:https%3A%2F%2Fwww.ull.es%2Fcentros%2Fescuela-superior-de-ingenieria-y-tecnologia%2Fcentro-de-calculo%2Fimagine%2F||target:%20_blank|\u00bb][vc_column_text]<\/p>\n<p style=\"text-align: center\"><strong>Azure Dev Tools for Teaching<\/strong><\/p>\n<p>[\/vc_column_text][\/vc_column_inner][vc_column_inner el_class=\u00bbfeature-btn\u00bb width=\u00bb1\/5&#8243;][vc_icon icon_fontawesome=\u00bbfa fa-desktop\u00bb size=\u00bblg\u00bb align=\u00bbcenter\u00bb css=\u00bb.vc_custom_1550066772477{border-bottom-width: 0px !important;padding-bottom: 0px !important;}\u00bb link=\u00bburl:https%3A%2F%2Fwww.ull.es%2Fcentros%2Fescuela-superior-de-ingenieria-y-tecnologia%2Fcentro-de-calculo%2Fequipamiento%2F|||\u00bb][vc_column_text css=\u00bb.vc_custom_1631541285875{margin-top: 0px !important;border-top-width: 0px !important;padding-top: 0px !important;}\u00bb]<\/p>\n<p style=\"text-align: center\"><strong>Horarios y carater\u00edsticas t\u00e9cnicas<br \/>\n<\/strong><\/p>\n<p>[\/vc_column_text][\/vc_column_inner][\/vc_row_inner][\/vc_column][\/vc_row][vc_row][vc_column width=\u00bb2\/3&#8243;][vc_tta_accordion active_section=\u00bb\u00bb collapsible_all=\u00bbtrue\u00bb][vc_tta_section title=\u00bbAcceso a SSH\u00bb tab_id=\u00bb1542218554583-2096dbbb-e2bb\u00bb][vc_column_text]Para acceder mediante ssh debe estar en la red interna de la ULL o conectarse a la <a href=\"https:\/\/www.ull.es\/servicios\/stic\/2016\/05\/10\/servicio-de-vpn-de-la-ull\/\" target=\"_blank\" rel=\"noopener\">VPN<\/a> de la Universidad.<\/p>\n<p>&nbsp;<\/p>\n<p>$ ssh aluXXXXX@exthost.etsii.ull.es[\/vc_column_text][\/vc_tta_section][vc_tta_section title=\u00bbFTP\u00bb tab_id=\u00bb1542218576612-a8bb350a-585b\u00bb][vc_column_text]<a href=\"http:\/\/cc.etsii.ull.es\/ftp\" target=\"_blank\" rel=\"noopener\" target=\"_blank\" rel=\"noopener\">En este enlace<\/a> puede descargar ficheros\u00a0 de nuestro ftp[\/vc_column_text][\/vc_tta_section][vc_tta_section title=\u00bbODN\u00bb tab_id=\u00bb1707214836986-d016845b-230f\u00bb][vc_column_text]Acceda a la herramienta ODN en la URL<br \/>\n<a href=\"http:\/\/cc.etsii.ull.es\/odn\/\" target=\"_blank\" rel=\"noopener\">http:\/\/cc.etsii.ull.es\/odn\/<\/a> o desde la red universitaria en la direcci\u00f3n <a href=\"http:\/\/10.6.7.11:8099\/odn\/\" target=\"_blank\" rel=\"noopener\">http:\/\/10.6.7.11:8099\/odn\/<\/a>[\/vc_column_text][\/vc_tta_section][\/vc_tta_accordion][vc_row_inner][vc_column_inner width=\u00bb1\/2&#8243;][vc_column_text]<style>\n    .news-group .bg-size {\n        background-position: center;\n        background-size: cover;\n        width: 100%;\n        height: 48px;\n    }\n    .news-group .list-group-item-text {\n        font-size: 13px;\n    }\n    .news-group .col-md-3 {\n        padding-right: 0;\n    }\n    .news-group .list-group-item-date {\n        font-size: 11px;\n        color: #A4A4A4;\n        margin-bottom: 2px;\n        text-transform: uppercase;\n    }\n\n    .mensaje.alert-warning{\n        font-size: 12px;\n        margin: 14px !important;\n        padding: 4px 8px;\n        color: #cca60b;\n    }\n<\/style>\n\n<div class=\"panel panel-default\">\n    <div class=\"panel-heading\">\n        <h3 class=\"panel-title\">Noticias<\/h3>\n    <\/div>\n\n    <div class=\"list-group news-group\">\n                    <a href=\"https:\/\/www.ull.es\/portal\/noticias\/2026\/de-la-idea-a-la-accion\/\" class=\"list-group-item\">\n                <div class=\"row\">\n                    <div class=\"col-md-3\">\n                        <div class=\"bg-size\" style=\"background-image: url('https:\/\/www.ull.es\/portal\/noticias\/wp-content\/uploads\/sites\/13\/2026\/05\/Dia-Mundial-Creativ-e-Innov-01-2-300x200.jpg');\"><\/div>\n                    <\/div>\n                    <div class=\"col-md-9\">\n                        <p class=\"list-group-item-date\">\n                            08 May 2026 - 10:36 UTC                        <\/p>\n                        <p class=\"list-group-item-text\">De la idea a la acci\u00f3n<\/p>\n                    <\/div>\n                <\/div>\n            <\/a>\n                    <a href=\"https:\/\/www.ull.es\/portal\/noticias\/2026\/la-ull-acoge-el-evento-de-referencia-en-canarias-sobre-transicion-energetica-y-electrificacion-en-el-transporte-maritimo\/\" class=\"list-group-item\">\n                <div class=\"row\">\n                    <div class=\"col-md-3\">\n                        <div class=\"bg-size\" style=\"background-image: url('https:\/\/www.ull.es\/portal\/noticias\/wp-content\/uploads\/sites\/13\/2026\/05\/II-Jornadas-de-Tecnologias-de-Propulsion-Electrica-Marina-y-Electrificacion-Portuaria-300x148.png');\"><\/div>\n                    <\/div>\n                    <div class=\"col-md-9\">\n                        <p class=\"list-group-item-date\">\n                            07 May 2026 - 14:26 UTC                        <\/p>\n                        <p class=\"list-group-item-text\">La ULL acoge el evento de referencia en Canarias sobre transici\u00f3n energ\u00e9tica y electrificaci\u00f3n en el transporte mar\u00edtimo<\/p>\n                    <\/div>\n                <\/div>\n            <\/a>\n                    <a href=\"https:\/\/www.ull.es\/portal\/noticias\/2026\/la-escuela-superior-de-ingenieria-y-tecnologia-recibe-la-donacion-de-la-biblioteca-de-jesus-sanchez-navarro\/\" class=\"list-group-item\">\n                <div class=\"row\">\n                    <div class=\"col-md-3\">\n                        <div class=\"bg-size\" style=\"background-image: url('https:\/\/www.ull.es\/portal\/noticias\/wp-content\/uploads\/sites\/13\/2026\/05\/Donac-libros-Jesus-Sanchez-Navarro-04-300x197.jpg');\"><\/div>\n                    <\/div>\n                    <div class=\"col-md-9\">\n                        <p class=\"list-group-item-date\">\n                            06 May 2026 - 10:30 UTC                        <\/p>\n                        <p class=\"list-group-item-text\">La Escuela Superior de Ingenier\u00eda y Tecnolog\u00eda recibe la donaci\u00f3n de la biblioteca de Jes\u00fas S\u00e1nchez Navarro<\/p>\n                    <\/div>\n                <\/div>\n            <\/a>\n                    <a href=\"https:\/\/www.ull.es\/portal\/noticias\/2026\/talento-joven-que-transforma-la-industria\/\" class=\"list-group-item\">\n                <div class=\"row\">\n                    <div class=\"col-md-3\">\n                        <div class=\"bg-size\" style=\"background-image: url('https:\/\/www.ull.es\/portal\/noticias\/wp-content\/uploads\/sites\/13\/2026\/04\/Doctorados-industriales-04-300x200.jpg');\"><\/div>\n                    <\/div>\n                    <div class=\"col-md-9\">\n                        <p class=\"list-group-item-date\">\n                            27 Apr 2026 - 10:09 UTC                        <\/p>\n                        <p class=\"list-group-item-text\">Talento joven que transforma la industria<\/p>\n                    <\/div>\n                <\/div>\n            <\/a>\n                    <a href=\"https:\/\/www.ull.es\/portal\/noticias\/2026\/ull-metrotenerife-ia-aumentar-seguridad-tranvia\/\" class=\"list-group-item\">\n                <div class=\"row\">\n                    <div class=\"col-md-3\">\n                        <div class=\"bg-size\" style=\"background-image: url('https:\/\/www.ull.es\/portal\/noticias\/wp-content\/uploads\/sites\/13\/2026\/04\/herramienta-ia-tranvia-300x169.jpg');\"><\/div>\n                    <\/div>\n                    <div class=\"col-md-9\">\n                        <p class=\"list-group-item-date\">\n                            21 Apr 2026 - 09:59 UTC                        <\/p>\n                        <p class=\"list-group-item-text\">La ULL y Metrotenerife desarrollan un sistema de IA para aumentar la seguridad del tranv\u00eda de Tenerife<\/p>\n                    <\/div>\n                <\/div>\n            <\/a>\n            <\/div>\n    <div class=\"panel-footer\">\n        <a href=\"https:\/\/www.ull.es\/portal\/noticias\/?cat=3701\">M\u00c1S NOTICIAS <i class=\"fa fa-chevron-right\"><\/i><\/a>\n    <\/div>\n\n\n<\/div>[\/vc_column_text][\/vc_column_inner][vc_column_inner width=\u00bb1\/2&#8243;][vc_column_text]\n<style>\n    .events-group .bg-size {\n        background-position: center;\n        background-size: cover;\n        width: 100%;\n        height: 48px;\n    }\n    .events-group .list-group-item-text {\n        font-size: 13px;\n    }\n    .events-group .col-md-3 {\n        padding-right: 0;\n    }\n    .events-group .list-group-item-date {\n        font-size: 11px;\n        color: #A4A4A4;\n        margin-bottom: 2px;\n        text-transform: uppercase;\n    }\n\n    .mensaje.alert-warning{\n        font-size: 12px;\n        margin: 14px !important;\n        padding: 4px 8px;\n        color: #cca60b;\n    }\n\n<\/style>\n\n<div class=\"panel panel-default\">\n    <div class=\"panel-heading\">\n        <h3 class=\"panel-title\">Eventos<\/h3>\n    <\/div>\n\n    <div class=\"list-group events-group\">\n                    <a href=\"https:\/\/www.ull.es\/portal\/agenda\/evento\/curso-introductorio-a-las-matematicas-universitarias\/\" class=\"list-group-item\">\n                <div class=\"row\">\n                    <div class=\"col-md-3\">\n                        <div class=\"bg-size\" style=\"background-image: url('https:\/\/www.ull.es\/portal\/agenda\/wp-content\/uploads\/sites\/12\/2025\/07\/Curso-introductorio-a-las-matematicas-universitarias_Banner-eventos.png');\"><\/div>\n                    <\/div>\n                    <div class=\"col-md-9\">\n                        <p class=\"list-group-item-date\">\n                            25\/07\/25 - 30\/06\/26                        <\/p>\n                        <p class=\"list-group-item-text\">Curso introductorio a las matem\u00e1ticas universitarias<\/p>\n                    <\/div>\n\n                <\/div>\n            <\/a>\n                    <a href=\"https:\/\/www.ull.es\/portal\/agenda\/evento\/mesa-de-debate-retos-de-los-ingenieros-informaticos-con-la-ia\/\" class=\"list-group-item\">\n                <div class=\"row\">\n                    <div class=\"col-md-3\">\n                        <div class=\"bg-size\" style=\"background-image: url('https:\/\/www.ull.es\/portal\/agenda\/wp-content\/uploads\/sites\/12\/2026\/05\/banner-eventos-79.jpg');\"><\/div>\n                    <\/div>\n                    <div class=\"col-md-9\">\n                        <p class=\"list-group-item-date\">\n                            14\/05\/26 - 14\/05\/26                        <\/p>\n                        <p class=\"list-group-item-text\">Mesa de debate: Retos de los ingenieros inform\u00e1ticos con la IA<\/p>\n                    <\/div>\n\n                <\/div>\n            <\/a>\n                    <a href=\"https:\/\/www.ull.es\/portal\/agenda\/evento\/iv-congreso-internacional-de-jovenes-por-la-investigacion\/\" class=\"list-group-item\">\n                <div class=\"row\">\n                    <div class=\"col-md-3\">\n                        <div class=\"bg-size\" style=\"background-image: url('https:\/\/www.ull.es\/portal\/agenda\/wp-content\/uploads\/sites\/12\/2026\/05\/banner-eventos-77.jpg');\"><\/div>\n                    <\/div>\n                    <div class=\"col-md-9\">\n                        <p class=\"list-group-item-date\">\n                            01\/10\/26 - 03\/10\/26                        <\/p>\n                        <p class=\"list-group-item-text\">IV Congreso Internacional de J\u00f3venes por la Investigaci\u00f3n<\/p>\n                    <\/div>\n\n                <\/div>\n            <\/a>\n        \n    <\/div>\n    <div class=\"panel-footer\">\n        <a href=\"https:\/\/www.ull.es\/portal\/agenda\/eventos\/categoria\/escuela-superior-de-ingenieria-y-tecnologia\">M\u00c1S EVENTOS <i class=\"fa fa-chevron-right\"><\/i><\/a>\n    <\/div>\n\n\n<\/div>\n[\/vc_column_text][\/vc_column_inner][\/vc_row_inner][\/vc_column][vc_column width=\u00bb1\/3&#8243;][vc_empty_space][vc_column_text]<\/p>\n<ul class=\"widget-box\">\n<li class=\"contacto-header\">Informaci\u00f3n de contacto<\/li>\n<li><i class=\"fa fa-map-marker\"><\/i> Camino San Francisco de Paula, s\/n. Escuela Superior de Ingenier\u00eda y Tecnolog\u00eda. Apartado 456. C\u00f3digo postal 38200. San Crist\u00f3bal de La Laguna. S\/C de Tenerife<\/li>\n<li>(+34) 922 845032<\/li>\n<li><a href=\"mailto:ccetsii@ull.edu.es\" target=\"_blank\" rel=\"noopener\">ccetsii@ull.edu.es<\/a><\/li>\n<li><i class=\"fa fa-archive\"><\/i><a href=\"https:\/\/sede.ull.es\/ecivilis-site\/catalog\/showProcedure\/484\" target=\"_blank\" rel=\"noopener\"> Procedimiento para quejas, sugerencias y felicitaciones<\/a><\/li>\n<\/ul>\n<p>[\/vc_column_text][\/vc_column][\/vc_row][vc_row][vc_column][\/vc_column][\/vc_row]<\/p>\n","protected":false},"excerpt":{"rendered":"<p>[vc_row el_class=\u00bbvc-bloque-destacado bloque-destacado\u00bb css=\u00bb.vc_custom_1543573125975{background-color: #ffffff !important;}\u00bb][vc_column parallax=\u00bbcontent-moving\u00bb][vc_row_inner][vc_column_inner][vc_column_text]El Centro de C\u00e1lculo de la ESIT cubre las necesidades TIC espec\u00edficas del alumnado de los estudios de inform\u00e1tica, ofreciendo acceso a puestos de ordenadores, servidores y software espec\u00edfico de la Ingenier\u00eda Inform\u00e1tica.[\/vc_column_text][\/vc_column_inner][\/vc_row_inner][vc_images_carousel images=\u00bb821,820,819,818&#8243; img_size=\u00bbfull\u00bb autoplay=\u00bbyes\u00bb wrap=\u00bbyes\u00bb css_animation=\u00bbfadeIn\u00bb][\/vc_column][\/vc_row][vc_row el_class=\u00bbvc-bloque-destacado bloque-destacado\u00bb css=\u00bb.vc_custom_1542291643611{background-color: #f4f4f4 !important;}\u00bb][vc_column][vc_row_inner equal_height=\u00bbyes\u00bb gap=\u00bb35&#8243;][vc_column_inner width=\u00bb1\/5&#8243;][vc_icon icon_fontawesome=\u00bbfab fa-youtube\u00bb size=\u00bblg\u00bb&#8230;<\/p>\n","protected":false},"author":10,"featured_media":0,"parent":0,"menu_order":0,"comment_status":"closed","ping_status":"closed","template":"","meta":[],"acf":[],"_links":{"self":[{"href":"https:\/\/www.ull.es\/centros\/escuela-superior-de-ingenieria-y-tecnologia\/wp-json\/wp\/v2\/pages\/675"}],"collection":[{"href":"https:\/\/www.ull.es\/centros\/escuela-superior-de-ingenieria-y-tecnologia\/wp-json\/wp\/v2\/pages"}],"about":[{"href":"https:\/\/www.ull.es\/centros\/escuela-superior-de-ingenieria-y-tecnologia\/wp-json\/wp\/v2\/types\/page"}],"author":[{"embeddable":true,"href":"https:\/\/www.ull.es\/centros\/escuela-superior-de-ingenieria-y-tecnologia\/wp-json\/wp\/v2\/users\/10"}],"replies":[{"embeddable":true,"href":"https:\/\/www.ull.es\/centros\/escuela-superior-de-ingenieria-y-tecnologia\/wp-json\/wp\/v2\/comments?post=675"}],"version-history":[{"count":120,"href":"https:\/\/www.ull.es\/centros\/escuela-superior-de-ingenieria-y-tecnologia\/wp-json\/wp\/v2\/pages\/675\/revisions"}],"predecessor-version":[{"id":1116,"href":"https:\/\/www.ull.es\/centros\/escuela-superior-de-ingenieria-y-tecnologia\/wp-json\/wp\/v2\/pages\/675\/revisions\/1116"}],"wp:attachment":[{"href":"https:\/\/www.ull.es\/centros\/escuela-superior-de-ingenieria-y-tecnologia\/wp-json\/wp\/v2\/media?parent=675"}],"curies":[{"name":"wp","href":"https:\/\/api.w.org\/{rel}","templated":true}]}}