{"id":777,"date":"2018-11-29T09:32:33","date_gmt":"2018-11-29T09:32:33","guid":{"rendered":"http:\/\/www.ull.es\/centros\/escuela-superior-de-ingenieria-y-tecnologia\/?page_id=777"},"modified":"2020-09-30T16:30:59","modified_gmt":"2020-09-30T16:30:59","slug":"reservas","status":"publish","type":"page","link":"https:\/\/www.ull.es\/centros\/escuela-superior-de-ingenieria-y-tecnologia\/centro-de-calculo\/reservas\/","title":{"rendered":"Reservas"},"content":{"rendered":"<p>[vc_row][vc_column][vc_column_text]<\/p>\n<h2>Reservas de carrels<\/h2>\n<p>Aviso:<\/p>\n<ol>\n<li>Las reservas de carrels que posteriormente no se ocupen son sancionables.<\/li>\n<li>Si en 10 minutos no ocupa el carrel otro usuario podr\u00e1 usarlo.<\/li>\n<li>Debe usar su usuario y password de la ULL (alu0100&#8230;).<\/li>\n<li>Se podr\u00e1 reservar un m\u00e1ximo de tres horas diarias y veinte al mes por persona.<\/li>\n<\/ol>\n<p>[\/vc_column_text][\/vc_column][\/vc_row][vc_row][vc_column][vc_btn title=\u00bbAplicaci\u00f3n de reservas\u00bb color=\u00bbdanger\u00bb align=\u00bbcenter\u00bb link=\u00bburl:http%3A%2F%2Fcc.etsii.ull.es%2Freservas|title:http%3A%2F%2Fcc.etsii.ull.es%2Freservas|target:_blank\u00bb][\/vc_column][\/vc_row]<\/p>\n","protected":false},"excerpt":{"rendered":"<p>[vc_row][vc_column][vc_column_text] Reservas de carrels Aviso: Las reservas de carrels que posteriormente no se ocupen son sancionables. Si en 10 minutos no ocupa el carrel otro usuario podr\u00e1 usarlo. Debe usar su usuario y password de la ULL (alu0100&#8230;). Se podr\u00e1 reservar un m\u00e1ximo de tres horas diarias y veinte al mes por persona. [\/vc_column_text][\/vc_column][\/vc_row][vc_row][vc_column][vc_btn title=\u00bbAplicaci\u00f3n&#8230;<\/p>\n","protected":false},"author":40,"featured_media":0,"parent":675,"menu_order":0,"comment_status":"closed","ping_status":"closed","template":"","meta":[],"acf":[],"_links":{"self":[{"href":"https:\/\/www.ull.es\/centros\/escuela-superior-de-ingenieria-y-tecnologia\/wp-json\/wp\/v2\/pages\/777"}],"collection":[{"href":"https:\/\/www.ull.es\/centros\/escuela-superior-de-ingenieria-y-tecnologia\/wp-json\/wp\/v2\/pages"}],"about":[{"href":"https:\/\/www.ull.es\/centros\/escuela-superior-de-ingenieria-y-tecnologia\/wp-json\/wp\/v2\/types\/page"}],"author":[{"embeddable":true,"href":"https:\/\/www.ull.es\/centros\/escuela-superior-de-ingenieria-y-tecnologia\/wp-json\/wp\/v2\/users\/40"}],"replies":[{"embeddable":true,"href":"https:\/\/www.ull.es\/centros\/escuela-superior-de-ingenieria-y-tecnologia\/wp-json\/wp\/v2\/comments?post=777"}],"version-history":[{"count":10,"href":"https:\/\/www.ull.es\/centros\/escuela-superior-de-ingenieria-y-tecnologia\/wp-json\/wp\/v2\/pages\/777\/revisions"}],"predecessor-version":[{"id":998,"href":"https:\/\/www.ull.es\/centros\/escuela-superior-de-ingenieria-y-tecnologia\/wp-json\/wp\/v2\/pages\/777\/revisions\/998"}],"up":[{"embeddable":true,"href":"https:\/\/www.ull.es\/centros\/escuela-superior-de-ingenieria-y-tecnologia\/wp-json\/wp\/v2\/pages\/675"}],"wp:attachment":[{"href":"https:\/\/www.ull.es\/centros\/escuela-superior-de-ingenieria-y-tecnologia\/wp-json\/wp\/v2\/media?parent=777"}],"curies":[{"name":"wp","href":"https:\/\/api.w.org\/{rel}","templated":true}]}}