{"id":78,"date":"2017-11-15T12:31:18","date_gmt":"2017-11-15T12:31:18","guid":{"rendered":"http:\/\/www.ull.es\/centros\/escuela-superior-de-ingenieria-y-tecnologia\/?page_id=78"},"modified":"2025-10-08T10:33:53","modified_gmt":"2025-10-08T10:33:53","slug":"junta-de-escuela-y-comisiones","status":"publish","type":"page","link":"https:\/\/www.ull.es\/centros\/escuela-superior-de-ingenieria-y-tecnologia\/informacion-general\/junta-de-escuela-y-comisiones\/","title":{"rendered":"Junta de escuela y comisiones"},"content":{"rendered":"<p>[vc_row full_width=\u00bbstretch_row_content_no_spaces\u00bb el_class=\u00bbSliderPortada\u00bb css=\u00bb.vc_custom_1745237111535{margin-top: -100px !important;}\u00bb][vc_column][rev_slider_vc alias=\u00bbportada\u00bb][\/vc_column][\/vc_row][vc_row full_width=\u00bbstretch_row_content_no_spaces\u00bb][vc_column][vc_custom_heading text=\u00bb\u00bb font_container=\u00bbtag:h2|text_align:center\u00bb google_fonts=\u00bbfont_family:Montserrat%3Aregular%2C700|font_style:700%20bold%20regular%3A700%3Anormal\u00bb css=\u00bb.vc_custom_1721221176088{padding-top: 15px !important;padding-bottom: 15px !important;background-color: #360060 !important;}\u00bb][\/vc_column][\/vc_row][vc_row css=\u00bb.vc_custom_1745233821598{margin-top: 50px !important;}\u00bb][vc_column width=\u00bb2\/3&#8243; el_class=\u00bbpadding-50-right\u00bb css=\u00bb.vc_custom_1494506721665{padding-right: 50px !important;}\u00bb][vc_column_text]<\/p>\n<h1>Junta de escuela y comisiones<\/h1>\n<p>[\/vc_column_text][vc_tta_accordion shape=\u00bbsquare\u00bb c_icon=\u00bbchevron\u00bb c_position=\u00bbright\u00bb active_section=\u00bb\u00bb no_fill=\u00bbtrue\u00bb collapsible_all=\u00bbtrue\u00bb][vc_tta_section title=\u00bbFunciones de la Junta de Escuela\u00bb tab_id=\u00bbfunciones-de-la-junta-de-escuela\u00bb][vc_column_text]De conformidad con los Estatutos de la Universidad de La Laguna, corresponde a la Junta de la Escuela Superior de Ingenier\u00eda y Tecnolog\u00eda las siguientes funciones (<strong>art. 16 del Reglamento de R\u00e9gimen Interno de la ESIT<\/strong>):<\/p>\n<ol>\n<li>Corresponde a la Junta de la Escuela el ejercicio de las siguientes funciones:\n<ol type=\"a\">\n<li>Definir y aprobar la pol\u00edtica de actuaci\u00f3n de la Escuela, tanto en lo que concierne a la docencia como en lo relativo a su r\u00e9gimen administrativo y econ\u00f3mico.<\/li>\n<li>Aprobar los planes de ordenaci\u00f3n docente de la Escuela y proponer e informar la modificaci\u00f3n de sus planes de estudio.<\/li>\n<li>Aprobar la distribuci\u00f3n de los fondos asignados a la Escuela con cargo a los Presupuestos de la Universidad de La Laguna.<\/li>\n<li>Supervisar y conocer la actuaci\u00f3n de los \u00f3rganos colegiados y unipersonales de gobierno de la Escuela y de sus servicios, de conformidad con lo previsto en el apartado segundo del presente art\u00edculo.<\/li>\n<li>Ejercer cualesquiera otras funciones que le asignen los \u00f3rganos superiores de gobierno universitario o le reconozca la normativa vigente.<\/li>\n<\/ol>\n<\/li>\n<li>La funci\u00f3n de supervisi\u00f3n de la Junta de Escuela, establecida en la letra d) del apartado anterior, se ejercer\u00e1 de la siguiente manera:\n<ol type=\"a\">\n<li>El Director o la Directora deber\u00e1 informar sobre su gesti\u00f3n y la de su equipo, al menos una vez cada trimestre o a instancia del<\/li>\n<li>25% de los miembros de la Junta de Escuela.<\/li>\n<li>Las personas que ocupen la presidencia de las Comisiones que regula el presente Reglamento deber\u00e1n dar cuenta de su gesti\u00f3n cuando as\u00ed lo solicitase la Junta de Escuela por mayor\u00eda simple.<\/li>\n<li>Para el planteamiento de una cuesti\u00f3n de confianza o la presentaci\u00f3n de una moci\u00f3n de censura se estar\u00e1 a lo previsto en los art\u00edculos 181 y 182 de los Estatutos de la Universidad de La Laguna.<\/li>\n<\/ol>\n<\/li>\n<\/ol>\n<p>Si desea m\u00e1s informaci\u00f3n sobre la Junta de Escuela de la ESIT, puede consultar los art\u00edculos 14 al 18 del Cap\u00edtulo 1 del T\u00edtulo Segundo del <a href=\"https:\/\/riull.ull.es\/xmlui\/handle\/915\/6361\" target=\"_blank\" rel=\"noopener\">Reglamento de R\u00e9gimen Interior de la ESIT<\/a>.[\/vc_column_text][\/vc_tta_section][vc_tta_section title=\u00bbComposici\u00f3n\u00bb tab_id=\u00bbcomposicion\u00bb][vc_column_text]<\/p>\n<ul>\n<li><a href=\"https:\/\/docs.google.com\/spreadsheets\/d\/e\/2PACX-1vQ-AvnGRitZiGxNiYuDPfzy-MDAzEHA1hYiN7SBbe2u7adIr8L6CtAhNwp9Ul-CgXidxW8SlzcCx52I\/pubhtml?gid=1893034274&amp;single=true\" target=\"_blank\" rel=\"noopener noreferrer\" target=\"_blank\" rel=\"noopener\">Composici\u00f3n de la Junta de Escuela<\/a><\/li>\n<\/ul>\n<p>[\/vc_column_text][\/vc_tta_section][vc_tta_section title=\u00bbComisiones\u00bb tab_id=\u00bbcomisiones\u00bb][vc_column_text el_class=\u00bbbtn-widget\u00bb]<a href=\"https:\/\/docs.google.com\/spreadsheets\/d\/1Xqp9XAP_IUCUXqPJdeccD9HKty2QJjWU\/edit?usp=sharing&amp;ouid=117431771520648191477&amp;rtpof=true&amp;sd=true\" target=\"_blank\" rel=\"noopener\" target=\"_blank\" rel=\"noopener\">Comisiones generales y espec\u00edficas<\/a>[\/vc_column_text][\/vc_tta_section][vc_tta_section title=\u00bbActas\u00bb tab_id=\u00bbactas\u00bb][vc_column_text]<\/p>\n<ul>\n<li><a href=\"https:\/\/drive.google.com\/open?id=1zztTVByB8oEinImHNt4fVpxCE3Po7-Lk\" target=\"_blank\" rel=\"noopener noreferrer\" target=\"_blank\" rel=\"noopener\">Actas<\/a><\/li>\n<\/ul>\n<p>[\/vc_column_text][\/vc_tta_section][vc_tta_section title=\u00bbElecciones Junta de Escuela 2025-26&#8243; tab_id=\u00bbJunta-Escuela-2025-26&#8243;][vc_column_text]<a href=\"https:\/\/drive.google.com\/drive\/folders\/16rq6adICE0tN_qgl4SHj-PSPBo50oiZg?usp=sharing\" target=\"_blank\" rel=\"noopener\" target=\"_blank\" rel=\"noopener\">Documentaci\u00f3n<\/a>[\/vc_column_text][\/vc_tta_section][\/vc_tta_accordion][\/vc_column][vc_column width=\u00bb1\/3&#8243;][vc_column_text el_class=\u00bbcontacto\u00bb]\n<ul class=\"widget-box\">\n<li class='contacto-header'>Informaci\u00f3n de contacto<\/li><li><i class=\"fa fa-map-marker\"><\/i> Camino San Francisco de Paula, n\u00ba 19. Escuela Superior de Ingenier\u00eda y Tecnolog\u00eda. Apartado 456. C\u00f3digo postal 38200. San Crist\u00f3bal de La Laguna<\/li><li><i class=\"fa fa-phone\"><\/i> (+34) 922 31 83 09<\/li><li><i class=\"fa fa-envelope\"><\/i>  <a href=mailto:esit@ull.es>esit@ull.es<\/a><\/li><li><i class=\"fa fa-calendar\"><\/i><a href=\"http:\/\/citaprevia.ull.es\/index.php?s=esit\"> Cita previa<\/a><\/li><li><i class=\"fa fa-archive\"><\/i><a href=\"https:\/\/sede.ull.es\/ecivilis-site\/catalog\/showProcedure\/484\"> Procedimiento para quejas, sugerencias y felicitaciones<\/a><\/li>\n<\/ul>\n\n[\/vc_column_text][\/vc_column][\/vc_row][vc_row][vc_column][\/vc_column][\/vc_row]<\/p>\n","protected":false},"excerpt":{"rendered":"<p>[vc_row full_width=\u00bbstretch_row_content_no_spaces\u00bb el_class=\u00bbSliderPortada\u00bb css=\u00bb.vc_custom_1745237111535{margin-top: -100px !important;}\u00bb][vc_column][rev_slider_vc alias=\u00bbportada\u00bb][\/vc_column][\/vc_row][vc_row full_width=\u00bbstretch_row_content_no_spaces\u00bb][vc_column][vc_custom_heading text=\u00bb\u00bb font_container=\u00bbtag:h2|text_align:center\u00bb google_fonts=\u00bbfont_family:Montserrat%3Aregular%2C700|font_style:700%20bold%20regular%3A700%3Anormal\u00bb css=\u00bb.vc_custom_1721221176088{padding-top: 15px !important;padding-bottom: 15px !important;background-color: #360060 !important;}\u00bb][\/vc_column][\/vc_row][vc_row css=\u00bb.vc_custom_1745233821598{margin-top: 50px !important;}\u00bb][vc_column width=\u00bb2\/3&#8243; el_class=\u00bbpadding-50-right\u00bb css=\u00bb.vc_custom_1494506721665{padding-right: 50px !important;}\u00bb][vc_column_text] Junta de escuela y comisiones [\/vc_column_text][vc_tta_accordion shape=\u00bbsquare\u00bb c_icon=\u00bbchevron\u00bb c_position=\u00bbright\u00bb active_section=\u00bb\u00bb no_fill=\u00bbtrue\u00bb collapsible_all=\u00bbtrue\u00bb][vc_tta_section title=\u00bbFunciones de la Junta de Escuela\u00bb tab_id=\u00bbfunciones-de-la-junta-de-escuela\u00bb][vc_column_text]De conformidad con los Estatutos de la Universidad de La Laguna,&#8230;<\/p>\n","protected":false},"author":1,"featured_media":0,"parent":40,"menu_order":0,"comment_status":"closed","ping_status":"closed","template":"templates\/template-frontpage.php","meta":[],"acf":[],"_links":{"self":[{"href":"https:\/\/www.ull.es\/centros\/escuela-superior-de-ingenieria-y-tecnologia\/wp-json\/wp\/v2\/pages\/78"}],"collection":[{"href":"https:\/\/www.ull.es\/centros\/escuela-superior-de-ingenieria-y-tecnologia\/wp-json\/wp\/v2\/pages"}],"about":[{"href":"https:\/\/www.ull.es\/centros\/escuela-superior-de-ingenieria-y-tecnologia\/wp-json\/wp\/v2\/types\/page"}],"author":[{"embeddable":true,"href":"https:\/\/www.ull.es\/centros\/escuela-superior-de-ingenieria-y-tecnologia\/wp-json\/wp\/v2\/users\/1"}],"replies":[{"embeddable":true,"href":"https:\/\/www.ull.es\/centros\/escuela-superior-de-ingenieria-y-tecnologia\/wp-json\/wp\/v2\/comments?post=78"}],"version-history":[{"count":68,"href":"https:\/\/www.ull.es\/centros\/escuela-superior-de-ingenieria-y-tecnologia\/wp-json\/wp\/v2\/pages\/78\/revisions"}],"predecessor-version":[{"id":1267,"href":"https:\/\/www.ull.es\/centros\/escuela-superior-de-ingenieria-y-tecnologia\/wp-json\/wp\/v2\/pages\/78\/revisions\/1267"}],"up":[{"embeddable":true,"href":"https:\/\/www.ull.es\/centros\/escuela-superior-de-ingenieria-y-tecnologia\/wp-json\/wp\/v2\/pages\/40"}],"wp:attachment":[{"href":"https:\/\/www.ull.es\/centros\/escuela-superior-de-ingenieria-y-tecnologia\/wp-json\/wp\/v2\/media?parent=78"}],"curies":[{"name":"wp","href":"https:\/\/api.w.org\/{rel}","templated":true}]}}