{"id":101,"date":"2017-11-16T09:02:06","date_gmt":"2017-11-16T09:02:06","guid":{"rendered":"http:\/\/www.ull.es\/centros\/escuela-superior-de-ingenieria-y-tecnologia\/?page_id=101"},"modified":"2025-07-16T11:54:01","modified_gmt":"2025-07-16T11:54:01","slug":"orientacion-y-tutorizacion","status":"publish","type":"page","link":"https:\/\/www.ull.es\/centros\/euensc\/docencia\/orientacion-y-tutorizacion\/","title":{"rendered":"Orientaci\u00f3n y tutorizaci\u00f3n"},"content":{"rendered":"<p>[vc_row full_width=\u00bbstretch_row_content_no_spaces\u00bb el_class=\u00bbSliderPortada\u00bb css=\u00bb.vc_custom_1745237111535{margin-top: -100px !important;}\u00bb][vc_column][rev_slider_vc alias=\u00bbportada\u00bb][\/vc_column][\/vc_row][vc_row full_width=\u00bbstretch_row_content_no_spaces\u00bb][vc_column][vc_custom_heading text=\u00bb\u00bb font_container=\u00bbtag:h2|text_align:center\u00bb google_fonts=\u00bbfont_family:Montserrat%3Aregular%2C700|font_style:700%20bold%20regular%3A700%3Anormal\u00bb css=\u00bb.vc_custom_1721221176088{padding-top: 15px !important;padding-bottom: 15px !important;background-color: #360060 !important;}\u00bb][\/vc_column][\/vc_row][vc_row][vc_column][vc_column_text]<\/p>\n<p>[\/vc_column_text][\/vc_column][\/vc_row][vc_row css=\u00bb.vc_custom_1752666716348{margin-top: 50px !important;}\u00bb][vc_column width=\u00bb2\/3&#8243;][vc_column_text]<\/p>\n<h1>Orientaci\u00f3n y tutorizaci\u00f3n<\/h1>\n<p>[\/vc_column_text][vc_column_text]La Convergencia Europea en materia educativa y la legislaci\u00f3n espa\u00f1ola que se va desarrollando al respecto, van generando cambios en la ense\u00f1anza universitaria que suponen pasar:<\/p>\n<ul>\n<li>de un sistema educativo centrado en la ense\u00f1anza a una educaci\u00f3n centrada en el aprendizaje.<\/li>\n<li>del aprendizaje terminal al aprendizaje a lo largo de la vida.<\/li>\n<li>del aprendizaje por contenidos al aprendizaje por competencias.<\/li>\n<li>del rol del profesor como transmisor de conocimientos al de mediador de competencias.<\/li>\n<\/ul>\n<p>El R.D. 1393\/2007, de Ordenaci\u00f3n de las Ense\u00f1anzas Universitarias incorpora el criterio de \u201corientaci\u00f3n\u201d cuya finalidad es ayudar al estudiante a lo largo de su paso por la carrera para la gesti\u00f3n de su proyecto personal y profesional que suponen integraci\u00f3n y adaptaci\u00f3n al entorno universitario, el proceso de aprendizaje, el acceso a la informaci\u00f3n, el trabajo aut\u00f3nomo, etc.<\/p>\n<p>La necesidad de apoyar y acompa\u00f1ar al estudiante en su proyecto profesional adquiere una relevancia fundamental ya que el alumno precisa de una atenci\u00f3n y orientaci\u00f3n m\u00e1s personalizada en los procesos de aprendizaje y de integraci\u00f3n de los diferentes contenidos curriculares.<\/p>\n<p>La EUENSC procurar\u00e1 cubrir las necesidades de orientaci\u00f3n de sus alumnos en materia de:<\/p>\n<ul>\n<li>Adaptaci\u00f3n a la din\u00e1mica de funcionamiento del centro<\/li>\n<li>Orientaci\u00f3n para poder acceder a la informaci\u00f3n acad\u00e9mica<\/li>\n<li>Asesoramiento para un adecuado aprovechamiento del proceso formativo de cada materia<\/li>\n<li>Apoyo para las necesidades de formaci\u00f3n complementaria<\/li>\n<li>Informaci\u00f3n relacionada con la movilidad y los intercambios acad\u00e9micos y laborales.<\/li>\n<li>Las nuevas exigencias socio-laborales.<\/li>\n<li>Participaci\u00f3n en la vida universitaria.<\/li>\n<li>Normativas, tr\u00e1mites administrativos, etc.<\/li>\n<\/ul>\n<p>Estas intervenciones en apoyo de la cobertura de necesidades de los alumnos del centro constituyen las bases sobre las que se va a construir el modelo de acci\u00f3n tutorial de la EUENSC. La acci\u00f3n tutorial debe cubrir las demandas de los alumnos referentes a:<\/p>\n<ul>\n<li>INFORMACI\u00d3N (de tipo bidireccional, EUENSC-estudiantes)<\/li>\n<li>SEGUIMIENTO ACAD\u00c9MICO (mejora del rendimiento)<\/li>\n<li>INTERVENCI\u00d3N FORMATIVA (Complementariedad curricular)<\/li>\n<li>ORIENTACION (apoyo al proyecto personal)<\/li>\n<\/ul>\n<p>Estas l\u00edneas de orientaci\u00f3n y tutor\u00eda suponen espacios de complementariedad en el desarrollo de las competencias transversales del curr\u00edculo enfermero. Estas \u00e1reas se complementan entre s\u00ed y desde cada una de ellas se gestionan distintos programas y actividades que confluyen en la Orientaci\u00f3n y Tutor\u00eda del alumnado durante el tiempo que permanece en la EUENSC.<\/p>\n<p><a href=\"https:\/\/drive.google.com\/file\/d\/1XxsCrquC9d1C-ieEFs2-f7eE62f4GQcP\/view?usp=drive_link\" target=\"_blank\" rel=\"noopener\" target=\"_blank\" rel=\"noopener\">Descargar Programaci\u00f3n Plan de Orientaci\u00f3n y Acci\u00f3n Tutorial\u00a0<\/a><\/p>\n<p><strong>TUTORES DE CARRERA<\/strong><\/p>\n<p>Son tutores de carrera todos los profesores a dedicaci\u00f3n plena de la instituci\u00f3n. \u00c9stos son:<\/p>\n<ul>\n<li>Chaxiraxi Bacallado Rodr\u00edguez<\/li>\n<li>Francisco Javier Castro Molina<\/li>\n<li>Eva L. D\u00edaz Hern\u00e1ndez<\/li>\n<li>Jes\u00fas M. Garc\u00eda Acosta<\/li>\n<li>Concepci\u00f3n Garc\u00eda Andr\u00e9s<\/li>\n<li>Noelia Garc\u00eda Hern\u00e1ndez<\/li>\n<li>Carlos Enrique Martinez Albertos<\/li>\n<li>Ana M\u00aa Perdomo Hern\u00e1ndez<\/li>\n<li>Silvia Razzetto Ramos<\/li>\n<li>Vicente Llinares Arvelo<\/li>\n<\/ul>\n<h2>Actividades de la ULL (reconocibles)<\/h2>\n<ul>\n<li><a href=\"https:\/\/drive.google.com\/open?id=1l7WiCZj0cNuRzkkG995D0o1a9DGKDyZo\" target=\"_blank\" rel=\"noopener\">Procedimiento de solicitud de reconocimiento de cr\u00e9ditos por participaci\u00f3n en actividades universitarias en ense\u00f1anzas oficiales de grado (Escuela de Enfermer\u00eda N. S. de Candelaria)<\/a><\/li>\n<\/ul>\n<p>[\/vc_column_text][\/vc_column][vc_column width=\u00bb1\/3&#8243;][vc_column_text el_class=\u00bbcontacto\u00bb]\n<ul class=\"widget-box\">\n<li class='contacto-header'>Informaci\u00f3n de contacto<\/li><li><i class=\"fa fa-map-marker\"><\/i> Ctra. del Rosario, 145, 38010 Santa Cruz de Tenerife, Espa\u00f1a<\/li><li><i class=\"fa fa-phone\"><\/i> (+34) 922 60 06 06<\/li><li><i class=\"fa fa-envelope\"><\/i>  <a href=mailto:euehunsc.scs@gobiernodecanarias.org>euehunsc.scs@gobiernodecanarias.org<\/a><\/li><li><i class=\"fa fa-envelope\"><\/i>  <a href=mailto:seceuensc@ull.es>seceuensc@ull.es<\/a><\/li>\n<\/ul>\n\n[\/vc_column_text][\/vc_column][\/vc_row]<\/p>\n","protected":false},"excerpt":{"rendered":"<p>[vc_row full_width=\u00bbstretch_row_content_no_spaces\u00bb el_class=\u00bbSliderPortada\u00bb css=\u00bb.vc_custom_1745237111535{margin-top: -100px !important;}\u00bb][vc_column][rev_slider_vc alias=\u00bbportada\u00bb][\/vc_column][\/vc_row][vc_row full_width=\u00bbstretch_row_content_no_spaces\u00bb][vc_column][vc_custom_heading text=\u00bb\u00bb font_container=\u00bbtag:h2|text_align:center\u00bb google_fonts=\u00bbfont_family:Montserrat%3Aregular%2C700|font_style:700%20bold%20regular%3A700%3Anormal\u00bb css=\u00bb.vc_custom_1721221176088{padding-top: 15px !important;padding-bottom: 15px !important;background-color: #360060 !important;}\u00bb][\/vc_column][\/vc_row][vc_row][vc_column][vc_column_text] [\/vc_column_text][\/vc_column][\/vc_row][vc_row css=\u00bb.vc_custom_1752666716348{margin-top: 50px !important;}\u00bb][vc_column width=\u00bb2\/3&#8243;][vc_column_text] Orientaci\u00f3n y tutorizaci\u00f3n [\/vc_column_text][vc_column_text]La Convergencia Europea en materia educativa y la legislaci\u00f3n espa\u00f1ola que se va desarrollando al respecto, van generando cambios en la ense\u00f1anza universitaria que suponen pasar: de un sistema&#8230;<\/p>\n","protected":false},"author":1,"featured_media":0,"parent":52,"menu_order":0,"comment_status":"closed","ping_status":"closed","template":"templates\/template-frontpage.php","meta":[],"acf":[],"_links":{"self":[{"href":"https:\/\/www.ull.es\/centros\/euensc\/wp-json\/wp\/v2\/pages\/101"}],"collection":[{"href":"https:\/\/www.ull.es\/centros\/euensc\/wp-json\/wp\/v2\/pages"}],"about":[{"href":"https:\/\/www.ull.es\/centros\/euensc\/wp-json\/wp\/v2\/types\/page"}],"author":[{"embeddable":true,"href":"https:\/\/www.ull.es\/centros\/euensc\/wp-json\/wp\/v2\/users\/1"}],"replies":[{"embeddable":true,"href":"https:\/\/www.ull.es\/centros\/euensc\/wp-json\/wp\/v2\/comments?post=101"}],"version-history":[{"count":18,"href":"https:\/\/www.ull.es\/centros\/euensc\/wp-json\/wp\/v2\/pages\/101\/revisions"}],"predecessor-version":[{"id":732,"href":"https:\/\/www.ull.es\/centros\/euensc\/wp-json\/wp\/v2\/pages\/101\/revisions\/732"}],"up":[{"embeddable":true,"href":"https:\/\/www.ull.es\/centros\/euensc\/wp-json\/wp\/v2\/pages\/52"}],"wp:attachment":[{"href":"https:\/\/www.ull.es\/centros\/euensc\/wp-json\/wp\/v2\/media?parent=101"}],"curies":[{"name":"wp","href":"https:\/\/api.w.org\/{rel}","templated":true}]}}