{"id":197,"date":"2017-11-21T12:21:13","date_gmt":"2017-11-21T12:21:13","guid":{"rendered":"http:\/\/www.ull.es\/centros\/escuela-superior-de-ingenieria-y-tecnologia\/?page_id=197"},"modified":"2025-07-16T11:53:36","modified_gmt":"2025-07-16T11:53:36","slug":"infraestructuras-y-servicios","status":"publish","type":"page","link":"https:\/\/www.ull.es\/centros\/euensc\/informacion-general\/infraestructuras-y-servicios\/","title":{"rendered":"Infraestructuras y servicios"},"content":{"rendered":"<p>[vc_row full_width=\u00bbstretch_row_content_no_spaces\u00bb el_class=\u00bbSliderPortada\u00bb css=\u00bb.vc_custom_1745237111535{margin-top: -100px !important;}\u00bb][vc_column][rev_slider_vc alias=\u00bbportada\u00bb][\/vc_column][\/vc_row][vc_row full_width=\u00bbstretch_row_content_no_spaces\u00bb][vc_column][vc_custom_heading text=\u00bb\u00bb font_container=\u00bbtag:h2|text_align:center\u00bb google_fonts=\u00bbfont_family:Montserrat%3Aregular%2C700|font_style:700%20bold%20regular%3A700%3Anormal\u00bb css=\u00bb.vc_custom_1721221176088{padding-top: 15px !important;padding-bottom: 15px !important;background-color: #360060 !important;}\u00bb][\/vc_column][\/vc_row][vc_row][vc_column][vc_column_text]<\/p>\n<p>[\/vc_column_text][\/vc_column][\/vc_row][vc_row css=\u00bb.vc_custom_1752666656633{margin-top: 50px !important;}\u00bb][vc_column width=\u00bb2\/3&#8243;][vc_column_text]<\/p>\n<h1>Infraestructuras y servicios<\/h1>\n<p>[\/vc_column_text][vc_column_text]<\/p>\n<h3>\u00c1rea 1: zona departamental<\/h3>\n<p><strong>Secretar\u00eda del Centro.<\/strong> Superficie: 70 m2. Destinado a alojar dos puestos para auxiliares administrativos y uno destinado al bedel del Centro.<\/p>\n<p><strong>Archivo 1 y reprograf\u00eda<\/strong> (destinado a la actividad administrativa y docente del profesorado).<\/p>\n<p><strong>Despacho de direcci\u00f3n.<\/strong><\/p>\n<p><strong>Despacho de jefatura de estudios.<\/strong><\/p>\n<p><strong>Despachos 1-2-3-4-5-6-7-8-9<\/strong> (uso del profesorado del Centro).<\/p>\n<p><strong>Sala de juntas.<\/strong> Superficie: 40 m2. Espacio destinado a reuniones del profesorado y\/o tutor\u00edas propias de la actividad docente del Centro.<\/p>\n<p><strong>Almac\u00e9n 1.<\/strong> Superficie: 8 m2. Destinado a alojar material de oficina.<\/p>\n<p><strong>Aula 4:<\/strong> Capacidad para 60 alumnos. Superficie: 85 m2. Equipamiento: Espacio de custodia de material audiovisual. Armario perchero. Pizarra. Ordenador. Ca\u00f1\u00f3n de proyecci\u00f3n. Pantalla. Zona WIFI. Sistema de audio. Micr\u00f3fono inal\u00e1mbrico.<\/p>\n<p>&nbsp;<\/p>\n<h3>\u00c1rea 2: Aulario 1<\/h3>\n<p><strong>Aula 1.<\/strong> Capacidad para 60 alumnos. Superficie: 83 m2. Equipamiento: Espacio de custodia de material audiovisual. Armario perchero. Pizarra. Ordenador. Ca\u00f1\u00f3n de proyecci\u00f3n. Pantalla. Zona WIFI. Sistema de audio. Micr\u00f3fono inal\u00e1mbrico.<\/p>\n<p><strong>Aula 2.<\/strong> Capacidad para 60 alumnos. Superficie: 83 m2. Equipamiento: Espacio de custodia de material audiovisual. Armario perchero. Pizarra. Ordenador. Ca\u00f1\u00f3n de proyecci\u00f3n. Pantalla. Zona WIFI. Sistema de audio. Micr\u00f3fono inal\u00e1mbrico.<\/p>\n<p><strong>Aula 3.<\/strong> Capacidad para 60 alumnos. Superficie: 76 m2. Equipamiento: Espacio de custodia de material audiovisual. Armario perchero. Pizarra. Ordenador. Ca\u00f1\u00f3n de proyecci\u00f3n. Pantalla. Zona WIFI. Sistema de audio. Micr\u00f3fono inal\u00e1mbrico.<\/p>\n<p><strong>Delegaci\u00f3n de alumnado.<\/strong> Capacidad para 10 alumnos. Superficie: 25 m2. Espacio destinado a la actividad propia de los delegados del grado en Enfermer\u00eda.<\/p>\n<p><strong>Sala de Demostraci\u00f3n 1.<\/strong> Capacidad para 20 alumnos. Superficie: 30 m2. Est\u00e1 dotada con material de simulaci\u00f3n de acuerdo con las \u00faltimas tendencias en materia de evaluaci\u00f3n de competencias.<\/p>\n<p><strong>Sala de Demostraci\u00f3n 2.<\/strong> Capacidad para 20 alumnos. Superficie: 30 m2. Est\u00e1 dotada con material de simulaci\u00f3n de acuerdo con las \u00faltimas tendencias en materia de evaluaci\u00f3n de competencias.<\/p>\n<p><strong>Sala de Demostraci\u00f3n 3.<\/strong> Capacidad para 20 alumnos. Superficie: 30 m2. Est\u00e1 dotada con material de simulaci\u00f3n de acuerdo con las \u00faltimas tendencias en materia de evaluaci\u00f3n de competencias.<\/p>\n<p><strong>Almac\u00e9n 2.<\/strong> Superficie: 15 m2. Destinado a alojar material para salas de simulaci\u00f3n.<\/p>\n<p>&nbsp;<\/p>\n<h3>\u00c1rea 3: Sal\u00f3n de actos y biblioteca<\/h3>\n<p><strong>Sal\u00f3n de actos:<\/strong> Capacidad para 100 alumnos. Superficie: 126 m2 De car\u00e1cter vers\u00e1til para eventos de protocolo y aula magna. Equipamiento: Espacio de custodia de material audiovisual. Armario perchero. Pizarra. Ordenador. Ca\u00f1\u00f3n de proyecci\u00f3n. Pantalla. Zona WIFI. Sistema de audio. Micr\u00f3fono inal\u00e1mbrico. Ba\u00f1o. Megafon\u00eda.<\/p>\n<p><strong>Biblioteca y salas de estudio.<\/strong> La EUENSC cuenta con biblioteca propia, situada en la planta baja. Cuenta con m\u00e1s de 3.000 vol\u00famenes y la suscripci\u00f3n a 5 revistas enfermeras. Dispone de conexi\u00f3n a internet mediante Zona WIFI. La sala de estudio cuenta con 20 puestos Horario de apertura: De 8 a 19 horas.<\/p>\n<p><strong>Salas de inform\u00e1tica.<\/strong> Tambi\u00e9n cuenta con dos salas de inform\u00e1tica.<\/p>\n<ul>\n<li><strong>Sala de Inform\u00e1tica 1.<\/strong> Superficie: 14 m2, dotada con 10 ordenadores personales, anexa a la Biblioteca, y cuenta con conexi\u00f3n a internet.<\/li>\n<li><strong>Sala de Inform\u00e1tica 2.<\/strong> Superficie: 30 m2, compartida con el Hospital Nuestra Se\u00f1ora de Candelaria. Est\u00e1 dotada con 15 ordenadores personales con conexi\u00f3n a internet.<\/li>\n<\/ul>\n<p><strong>Sala de Demostraci\u00f3n 4.<\/strong> Capacidad para 20 alumnos. Superficie: 30 m2. Est\u00e1 dotada con material de simulaci\u00f3n de acuerdo con las \u00faltimas tendencias en materia de evaluaci\u00f3n de competencias.<\/p>\n<p><strong>Archivo 2 (Grado).<\/strong> Superficie: 10 m2. Destinado a alojar documentaci\u00f3n relacionada con el grado en Enfermer\u00eda.<\/p>\n<p><strong>Archivo 3 (ATS\/DUE).<\/strong> Superficie: 18 m2. Destinado a alojar documentaci\u00f3n hist\u00f3rica del centro docente.<\/p>\n<p>&nbsp;<\/p>\n<h3>\u00c1rea 4: Aulario 2<\/h3>\n<p><strong>Aula 5.<\/strong> Capacidad para 30 alumnos. Superficie: 48 m2 (apoyo en din\u00e1mica grupal). Equipamiento: Espacio de custodia de material audiovisual. Armario perchero. Pizarra. Ordenador. Ca\u00f1\u00f3n de proyecci\u00f3n. Pantalla. Zona WIFI. Sistema de audio.<\/p>\n<p><strong>Aula 6.<\/strong> Capacidad para 30 alumnos. Superficie: 40 m2 (apoyo en din\u00e1mica grupal).<br \/>\nEquipamiento: Espacio de custodia de material audiovisual. Armario perchero. Pizarra. Ordenador. Ca\u00f1\u00f3n de proyecci\u00f3n. Pantalla. Zona WIFI. Sistema de audio. Micr\u00f3fono inal\u00e1mbrico.<\/p>\n<p><strong>Aula 7.<\/strong> Capacidad para 30 alumnos. Superficie: 50 m2 (apoyo en din\u00e1mica grupal).<br \/>\nEquipamiento: Espacio de custodia de material audiovisual. Armario perchero. Pizarra. Ordenador. Ca\u00f1\u00f3n de proyecci\u00f3n. Pantalla. Zona WIFI. Sistema de audio. Micr\u00f3fono inal\u00e1mbrico.<\/p>\n<p><strong>Almac\u00e9n 3.<\/strong> Superficie: 10 m2. Destinado a alojar material docente.<\/p>\n<p><strong>Sala de estar del alumnado:<\/strong> Con capacidad para 20 alumnos, con mesa para reuniones. Est\u00e1 dotada con electrodom\u00e9sticos.<\/p>\n<p><strong>Vestuarios<\/strong><\/p>\n<ul>\n<li>Vestuario 1 (femenino). Dispone de 75 taquillas, contando con duchas y aseo, adem\u00e1s de espacio para muda de ropa.<\/li>\n<li>Vestuario 2 (femenino). Dispone de 75 taquillas, contando con duchas y aseo, adem\u00e1s de espacio para muda de ropa.<\/li>\n<li>Vestuario 3 (masculino). Dispone de 75 taquillas, contando con duchas y aseo, adem\u00e1s de espacio para muda de ropa.<\/li>\n<\/ul>\n<h3>Otras instalaciones<\/h3>\n<p><strong>Sal\u00f3n de actos<\/strong> (edificio de Traumatolog\u00eda y Rehabilitaci\u00f3n-Hospital Nuestra Se\u00f1ora de Candelaria). Espacio de uso compartido con el Hospital, presenta una para 120 personas.<\/p>\n<h3>Otros servicios de apoyo<\/h3>\n<p><strong>Servicio de limpieza y Seguridad.<\/strong> La EUENSC cuenta con servicio de limpieza y seguridad, todos ellos servicios contratados por el Hospital de Nuestra Se\u00f1ora de Candelaria.[\/vc_column_text][\/vc_column][vc_column width=\u00bb1\/3&#8243;][vc_column_text el_class=\u00bbcontacto\u00bb]\n<ul class=\"widget-box\">\n<li class='contacto-header'>Informaci\u00f3n de contacto<\/li><li><i class=\"fa fa-map-marker\"><\/i> Ctra. del Rosario, 145, 38010 Santa Cruz de Tenerife, Espa\u00f1a<\/li><li><i class=\"fa fa-phone\"><\/i> (+34) 922 60 06 06<\/li><li><i class=\"fa fa-envelope\"><\/i>  <a href=mailto:euehunsc.scs@gobiernodecanarias.org>euehunsc.scs@gobiernodecanarias.org<\/a><\/li><li><i class=\"fa fa-envelope\"><\/i>  <a href=mailto:seceuensc@ull.es>seceuensc@ull.es<\/a><\/li>\n<\/ul>\n\n[\/vc_column_text][\/vc_column][\/vc_row]<\/p>\n","protected":false},"excerpt":{"rendered":"<p>[vc_row full_width=\u00bbstretch_row_content_no_spaces\u00bb el_class=\u00bbSliderPortada\u00bb css=\u00bb.vc_custom_1745237111535{margin-top: -100px !important;}\u00bb][vc_column][rev_slider_vc alias=\u00bbportada\u00bb][\/vc_column][\/vc_row][vc_row full_width=\u00bbstretch_row_content_no_spaces\u00bb][vc_column][vc_custom_heading text=\u00bb\u00bb font_container=\u00bbtag:h2|text_align:center\u00bb google_fonts=\u00bbfont_family:Montserrat%3Aregular%2C700|font_style:700%20bold%20regular%3A700%3Anormal\u00bb css=\u00bb.vc_custom_1721221176088{padding-top: 15px !important;padding-bottom: 15px !important;background-color: #360060 !important;}\u00bb][\/vc_column][\/vc_row][vc_row][vc_column][vc_column_text] [\/vc_column_text][\/vc_column][\/vc_row][vc_row css=\u00bb.vc_custom_1752666656633{margin-top: 50px !important;}\u00bb][vc_column width=\u00bb2\/3&#8243;][vc_column_text] Infraestructuras y servicios [\/vc_column_text][vc_column_text] \u00c1rea 1: zona departamental Secretar\u00eda del Centro. Superficie: 70 m2. Destinado a alojar dos puestos para auxiliares administrativos y uno destinado al bedel del Centro. Archivo 1 y&#8230;<\/p>\n","protected":false},"author":1,"featured_media":0,"parent":40,"menu_order":0,"comment_status":"closed","ping_status":"closed","template":"templates\/template-frontpage.php","meta":[],"acf":[],"_links":{"self":[{"href":"https:\/\/www.ull.es\/centros\/euensc\/wp-json\/wp\/v2\/pages\/197"}],"collection":[{"href":"https:\/\/www.ull.es\/centros\/euensc\/wp-json\/wp\/v2\/pages"}],"about":[{"href":"https:\/\/www.ull.es\/centros\/euensc\/wp-json\/wp\/v2\/types\/page"}],"author":[{"embeddable":true,"href":"https:\/\/www.ull.es\/centros\/euensc\/wp-json\/wp\/v2\/users\/1"}],"replies":[{"embeddable":true,"href":"https:\/\/www.ull.es\/centros\/euensc\/wp-json\/wp\/v2\/comments?post=197"}],"version-history":[{"count":16,"href":"https:\/\/www.ull.es\/centros\/euensc\/wp-json\/wp\/v2\/pages\/197\/revisions"}],"predecessor-version":[{"id":729,"href":"https:\/\/www.ull.es\/centros\/euensc\/wp-json\/wp\/v2\/pages\/197\/revisions\/729"}],"up":[{"embeddable":true,"href":"https:\/\/www.ull.es\/centros\/euensc\/wp-json\/wp\/v2\/pages\/40"}],"wp:attachment":[{"href":"https:\/\/www.ull.es\/centros\/euensc\/wp-json\/wp\/v2\/media?parent=197"}],"curies":[{"name":"wp","href":"https:\/\/api.w.org\/{rel}","templated":true}]}}