{"id":40,"date":"2017-11-14T14:10:37","date_gmt":"2017-11-14T14:10:37","guid":{"rendered":"http:\/\/www.ull.es\/centros\/escuela-superior-de-ingenieria-y-tecnologia\/?page_id=40"},"modified":"2025-07-16T12:01:55","modified_gmt":"2025-07-16T12:01:55","slug":"informacion-general","status":"publish","type":"page","link":"https:\/\/www.ull.es\/centros\/euensc\/informacion-general\/","title":{"rendered":"Informaci\u00f3n general"},"content":{"rendered":"<p>[vc_row full_width=\u00bbstretch_row_content_no_spaces\u00bb el_class=\u00bbSliderPortada\u00bb css=\u00bb.vc_custom_1745237111535{margin-top: -100px !important;}\u00bb][vc_column][rev_slider_vc alias=\u00bbportada\u00bb][\/vc_column][\/vc_row][vc_row full_width=\u00bbstretch_row_content_no_spaces\u00bb][vc_column][vc_custom_heading text=\u00bb\u00bb font_container=\u00bbtag:h2|text_align:center\u00bb google_fonts=\u00bbfont_family:Montserrat%3Aregular%2C700|font_style:700%20bold%20regular%3A700%3Anormal\u00bb css=\u00bb.vc_custom_1721221176088{padding-top: 15px !important;padding-bottom: 15px !important;background-color: #360060 !important;}\u00bb][\/vc_column][\/vc_row][vc_row css=\u00bb.vc_custom_1752666571325{margin-top: 50px !important;}\u00bb][vc_column width=\u00bb2\/3&#8243; el_class=\u00bbpadding-50-right\u00bb css=\u00bb.vc_custom_1494506721665{padding-right: 50px !important;}\u00bb][vc_column_text]<\/p>\n<h1>Presentaci\u00f3n<\/h1>\n<p>[\/vc_column_text][vc_column_text]La Escuela de Enfermer\u00eda Nuestra Se\u00f1ora de Candelaria es un centro adscrito a la Universidad de La Laguna y dependiente del Servicio Canario de Salud y el Hospital Universitario Nuestra Se\u00f1ora de Candelaria. El alumnado realiza sus pr\u00e1cticas pr\u00e1cticas hospitalarias a partir del segundo a\u00f1o, donde son guiados por tutores acad\u00e9micos y los profesionales de enfermer\u00eda de La Candelaria para adquirir los conocimientos necesarios en \u00e1reas de hospitalizaci\u00f3n as\u00ed como en especialidades m\u00e9dicas y quir\u00fargicas.[\/vc_column_text][vc_column_text el_id=\u00bborganigrama\u00bb]<\/p>\n<h1>Organigrama<\/h1>\n<p>[\/vc_column_text][vc_column_text]\n<style>\n    .shortcode-equipo h2 {\n        margin-bottom: 10px !important;\n    }\n<\/style>\n\n<div class=\"shortcode-equipo\">\n    <h2>Equipo de direcci\u00f3n<\/h2><dl><dt><strong>Director<\/strong><\/dt><dd> <a href='https:\/\/www.ull.es\/directorio\/search\/?busqueda=Francisco Javier Castro Molina' target='_blank'>Francisco Javier Castro Molina<\/a><\/dd><dt><strong>Secretar\u00eda<\/strong><\/dt><dd> <a href='https:\/\/www.ull.es\/directorio\/search\/?busqueda=Jes\u00fas Manuel Garc\u00eda Acosta' target='_blank'>Jes\u00fas Manuel Garc\u00eda Acosta<\/a><\/dd><dt><strong>Administrador<\/strong><\/dt><dd> <a href='https:\/\/www.ull.es\/directorio\/search\/?busqueda=Juan Miguel Segovia Bonnet' target='_blank'>Juan Miguel Segovia Bonnet<\/a><\/dd><\/dl><h2>Personal de administraci\u00f3n<\/h2><dl><dt><strong>Secretar\u00eda Administrativa<\/strong><\/dt><dd> <a href='https:\/\/www.ull.es\/directorio\/search\/?busqueda=Mar\u00eda del Carmen L\u00f3pez Rivero' target='_blank'>Mar\u00eda del Carmen L\u00f3pez Rivero<\/a><\/dd><dd> <a href='https:\/\/www.ull.es\/directorio\/search\/?busqueda=Isabel Vera Bacallado' target='_blank'>Isabel Vera Bacallado<\/a><\/dd><dt><strong>Personal de Apoyo<\/strong><\/dt><dd> <a href='https:\/\/www.ull.es\/directorio\/search\/?busqueda=Antonio \u00c1ngel Castro Marrero' target='_blank'>Antonio \u00c1ngel Castro Marrero<\/a><\/dd><\/dl>\n<\/div>\n[\/vc_column_text][\/vc_column][vc_column width=\u00bb1\/3&#8243;][vc_column_text]<a class=\"btn-destacado\" href=\"https:\/\/drive.google.com\/open?id=1xomLSkuTftqXE3i_wB5Xhs6mUXRPRYlQ\" target=\"_blank\" rel=\"noopener\" target=\"_blank\" rel=\"noopener\">Consultar normativa de la facultad<i class=\"fa fa-arrow-right\"><\/i><\/a>[\/vc_column_text][vc_column_text]<a class=\"btn-destacado\" href=\"http:\/\/www.ull.es\/centros\/euensc\/informacion-general\/junta-de-facultad-y-comisiones\/\" rel=\"noopener\" target=\"_blank\" rel=\"noopener\">Consultar junta de facultad y comisiones <i class=\"fa fa-arrow-right\"><\/i><\/a>[\/vc_column_text][vc_column_text el_class=\u00bbcontacto\u00bb]\n<ul class=\"widget-box\">\n<li class='contacto-header'>Informaci\u00f3n de contacto<\/li><li><i class=\"fa fa-map-marker\"><\/i> Ctra. del Rosario, 145, 38010 Santa Cruz de Tenerife, Espa\u00f1a<\/li><li><i class=\"fa fa-phone\"><\/i> (+34) 922 60 06 06<\/li><li><i class=\"fa fa-envelope\"><\/i>  <a href=mailto:euehunsc.scs@gobiernodecanarias.org>euehunsc.scs@gobiernodecanarias.org<\/a><\/li><li><i class=\"fa fa-envelope\"><\/i>  <a href=mailto:seceuensc@ull.es>seceuensc@ull.es<\/a><\/li>\n<\/ul>\n\n[\/vc_column_text][vc_column_text el_id=\u00bbubicacion\u00bb]\n    \n<style>\n    .google-maps {\n        position: relative;\n        padding-bottom: 75%;\n        height: 0;\n        overflow: hidden;\n    }\n    .google-maps iframe {\n        position: absolute;\n        top: 0;\n        left: 0;\n        width: 100% !important;\n        height: 100% !important;\n    }\n<\/style>\n\n\n<div class=\"google-maps\">\n    <iframe src=\"https:\/\/www.openstreetmap.org\/export\/embed.html?bbox=-16.286484917015%2C28.44407777983%2C-16.280341107425%2C28.44989000211&amp;layer=mapnik&amp;marker=28.4482607355702%2C-16.2836587429046\" style=\"border: 1px solid black\"><\/iframe>\n<\/div>\n\n<div class=\"btn-widget\">\n    <a href=\"https:\/\/www.openstreetmap.org\/directions?engine=graphhopper_car&from=&to=28.4482607355702%2C-16.2836587429046#map=17\/28.4482607355702\/-16.2836587429046\">C\u00f3mo llegar<\/a>  \n<\/div>\n\n  <\/body>\n<\/html>\n\n[\/vc_column_text][\/vc_column][\/vc_row][vc_row][vc_column][\/vc_column][\/vc_row][vc_row][vc_column][\/vc_column][\/vc_row]<\/p>\n","protected":false},"excerpt":{"rendered":"<p>[vc_row full_width=\u00bbstretch_row_content_no_spaces\u00bb el_class=\u00bbSliderPortada\u00bb css=\u00bb.vc_custom_1745237111535{margin-top: -100px !important;}\u00bb][vc_column][rev_slider_vc alias=\u00bbportada\u00bb][\/vc_column][\/vc_row][vc_row full_width=\u00bbstretch_row_content_no_spaces\u00bb][vc_column][vc_custom_heading text=\u00bb\u00bb font_container=\u00bbtag:h2|text_align:center\u00bb google_fonts=\u00bbfont_family:Montserrat%3Aregular%2C700|font_style:700%20bold%20regular%3A700%3Anormal\u00bb css=\u00bb.vc_custom_1721221176088{padding-top: 15px !important;padding-bottom: 15px !important;background-color: #360060 !important;}\u00bb][\/vc_column][\/vc_row][vc_row css=\u00bb.vc_custom_1752666571325{margin-top: 50px !important;}\u00bb][vc_column width=\u00bb2\/3&#8243; el_class=\u00bbpadding-50-right\u00bb css=\u00bb.vc_custom_1494506721665{padding-right: 50px !important;}\u00bb][vc_column_text] Presentaci\u00f3n [\/vc_column_text][vc_column_text]La Escuela de Enfermer\u00eda Nuestra Se\u00f1ora de Candelaria es un centro adscrito a la Universidad de La Laguna y dependiente del Servicio Canario de Salud y el Hospital&#8230;<\/p>\n","protected":false},"author":1,"featured_media":0,"parent":0,"menu_order":0,"comment_status":"closed","ping_status":"closed","template":"templates\/template-frontpage.php","meta":[],"acf":[],"_links":{"self":[{"href":"https:\/\/www.ull.es\/centros\/euensc\/wp-json\/wp\/v2\/pages\/40"}],"collection":[{"href":"https:\/\/www.ull.es\/centros\/euensc\/wp-json\/wp\/v2\/pages"}],"about":[{"href":"https:\/\/www.ull.es\/centros\/euensc\/wp-json\/wp\/v2\/types\/page"}],"author":[{"embeddable":true,"href":"https:\/\/www.ull.es\/centros\/euensc\/wp-json\/wp\/v2\/users\/1"}],"replies":[{"embeddable":true,"href":"https:\/\/www.ull.es\/centros\/euensc\/wp-json\/wp\/v2\/comments?post=40"}],"version-history":[{"count":25,"href":"https:\/\/www.ull.es\/centros\/euensc\/wp-json\/wp\/v2\/pages\/40\/revisions"}],"predecessor-version":[{"id":737,"href":"https:\/\/www.ull.es\/centros\/euensc\/wp-json\/wp\/v2\/pages\/40\/revisions\/737"}],"wp:attachment":[{"href":"https:\/\/www.ull.es\/centros\/euensc\/wp-json\/wp\/v2\/media?parent=40"}],"curies":[{"name":"wp","href":"https:\/\/api.w.org\/{rel}","templated":true}]}}