{"id":50,"date":"2017-11-14T14:23:38","date_gmt":"2017-11-14T14:23:38","guid":{"rendered":"http:\/\/www.ull.es\/centros\/escuela-superior-de-ingenieria-y-tecnologia\/?page_id=50"},"modified":"2025-07-16T12:04:53","modified_gmt":"2025-07-16T12:04:53","slug":"departamentos","status":"publish","type":"page","link":"https:\/\/www.ull.es\/centros\/euensc\/informacion-general\/departamentos\/","title":{"rendered":"Departamentos"},"content":{"rendered":"<p>[vc_row full_width=\u00bbstretch_row_content_no_spaces\u00bb el_class=\u00bbSliderPortada\u00bb css=\u00bb.vc_custom_1745237111535{margin-top: -100px !important;}\u00bb][vc_column][rev_slider_vc alias=\u00bbportada\u00bb][\/vc_column][\/vc_row][vc_row full_width=\u00bbstretch_row_content_no_spaces\u00bb][vc_column][vc_custom_heading text=\u00bb\u00bb font_container=\u00bbtag:h2|text_align:center\u00bb google_fonts=\u00bbfont_family:Montserrat%3Aregular%2C700|font_style:700%20bold%20regular%3A700%3Anormal\u00bb css=\u00bb.vc_custom_1721221176088{padding-top: 15px !important;padding-bottom: 15px !important;background-color: #360060 !important;}\u00bb][\/vc_column][\/vc_row][vc_row][vc_column][vc_column_text]<\/p>\n<p>[\/vc_column_text][\/vc_column][\/vc_row][vc_row css=\u00bb.vc_custom_1752666625713{margin-top: 50px !important;}\u00bb][vc_column width=\u00bb2\/3&#8243; css=\u00bb.vc_custom_1497269146939{padding-right: 50px !important;}\u00bb][vc_column_text]<\/p>\n<h1>Coordinaciones de \u00e1rea<\/h1>\n<p>[\/vc_column_text][vc_empty_space][vc_column_text]<\/p>\n<h1><\/h1>\n<table>\n<tbody>\n<tr>\n<td><span style=\"font-weight: 400;\">\u00c1rea del conocimiento<\/span><\/td>\n<td><span style=\"font-weight: 400;\">Estudios de Grado<\/span><\/td>\n<td><\/td>\n<\/tr>\n<tr>\n<td><b>Ciencias B\u00e1sicas de la Salud I<\/b><\/td>\n<td><span style=\"font-weight: 400;\">Asignaturas<\/span><\/td>\n<td><span style=\"font-weight: 400;\">Tel\u00e9fonos<\/span><\/td>\n<\/tr>\n<tr>\n<td><b>Profesor\/a coordinador\/a<\/b><span style=\"font-weight: 400;\">:<\/span><span style=\"font-weight: 400;\"><br \/>\n<\/span>Eva L. D\u00edaz Hern\u00e1ndez<\/td>\n<td><span style=\"font-weight: 400;\">\u2013 Fisiolog\u00eda y Fisiopatolog\u00eda.<\/span><span style=\"font-weight: 400;\"><br \/>\n<\/span><span style=\"font-weight: 400;\">\u2013 Anatom\u00eda Humana e Histolog\u00eda.<\/span><span style=\"font-weight: 400;\"><br \/>\n<\/span><span style=\"font-weight: 400;\">\u2013 Bioqu\u00edmica y Nutrici\u00f3n.<\/span><span style=\"font-weight: 400;\"><br \/>\n<\/span><span style=\"font-weight: 400;\">\u2013 F\u00edsica Aplicada a las Ciencias de la Enfermer\u00eda.<\/span><\/td>\n<td><span style=\"font-weight: 400;\">922600606<\/span><\/td>\n<\/tr>\n<tr>\n<td><b>Ciencias B\u00e1sicas de la Salud II<\/b><\/td>\n<td><span style=\"font-weight: 400;\">Asignaturas<\/span><\/td>\n<td><span style=\"font-weight: 400;\">Tel\u00e9fonos<\/span><\/td>\n<\/tr>\n<tr>\n<td><b>Profesor\/a coordinador\/a<\/b><span style=\"font-weight: 400;\">:<\/span><span style=\"font-weight: 400;\"><br \/>\n<\/span><span style=\"font-weight: 400;\">M\u00aa Concepci\u00f3n Garc\u00eda Andr\u00e9s<\/span><\/td>\n<td><span style=\"font-weight: 400;\">\u2013 Investigaci\u00f3n y Enfermer\u00eda Basada en la Evidencia.<\/span><span style=\"font-weight: 400;\"><br \/>\n<\/span><span style=\"font-weight: 400;\">\u2013 Ingl\u00e9s para Ciencias de la Salud: Enfermer\u00eda.<\/span><span style=\"font-weight: 400;\"><br \/>\n<\/span><span style=\"font-weight: 400;\">\u2013 Farmacolog\u00eda y Diet\u00e9tica.<\/span><span style=\"font-weight: 400;\"><br \/>\n<\/span><span style=\"font-weight: 400;\">\u2013 Ingl\u00e9s Aplicado a la Comunicaci\u00f3n en las Ciencias de la Salud: Enfermer\u00eda (Optativa).<\/span><\/td>\n<td><span style=\"font-weight: 400;\">922 602384<\/span><\/td>\n<\/tr>\n<tr>\n<td><b>Bases Te\u00f3ricas y Metodol\u00f3gicas<\/b><\/td>\n<td><span style=\"font-weight: 400;\">Asignaturas<\/span><\/td>\n<td><span style=\"font-weight: 400;\">Tel\u00e9fonos<\/span><\/td>\n<\/tr>\n<tr>\n<td><b>Profesor\/a coordinador\/a<\/b><span style=\"font-weight: 400;\">:<\/span><\/p>\n<p><span style=\"font-weight: 400;\">Chaxiraxi Bacallado Rodr\u00edguez<\/span><\/td>\n<td><span style=\"font-weight: 400;\">\u2013 Antropolog\u00eda de los Cuidados y Bases Te\u00f3ricas y Metodol\u00f3gicas de la Enfermer\u00eda I.<\/span><span style=\"font-weight: 400;\"><br \/>\n<\/span><span style=\"font-weight: 400;\">\u2013 Bases Te\u00f3ricas y Metodol\u00f3gicas de la Enfermer\u00eda II.<\/span><span style=\"font-weight: 400;\"><br \/>\n<\/span><span style=\"font-weight: 400;\">\u2013 Gesti\u00f3n de los Servicios de Enfermer\u00eda, \u00c9ticay Legislaci\u00f3n Sanitaria.<\/span><\/td>\n<td><span style=\"font-weight: 400;\">922 602288<\/span><\/td>\n<\/tr>\n<tr>\n<td><b>Enfermer\u00eda Comunitaria y Enfermer\u00eda en Etapas del Ciclo Vital<\/b><\/td>\n<td><span style=\"font-weight: 400;\">Asignaturas<\/span><\/td>\n<td><span style=\"font-weight: 400;\">Tel\u00e9fonos<\/span><\/td>\n<\/tr>\n<tr>\n<td><b>Profesor\/a coordinador\/a<\/b><span style=\"font-weight: 400;\">:<\/span><span style=\"font-weight: 400;\"><br \/>\n<\/span><span style=\"font-weight: 400;\">M. Noelia Garc\u00eda Hern\u00e1ndez<\/span><\/td>\n<td><span style=\"font-weight: 400;\">\u2013 Educaci\u00f3n para la Salud y Enfermer\u00eda Comunitaria y Salud P\u00fablica I.<\/span><span style=\"font-weight: 400;\"><br \/>\n<\/span><span style=\"font-weight: 400;\">\u2013 Enfermer\u00eda Comunitaria y Salud P\u00fablicaII.<\/span><span style=\"font-weight: 400;\"><br \/>\n<\/span><span style=\"font-weight: 400;\">\u2013 Enfermer\u00eda Cl\u00ednica I \u2013 Enfermer\u00eda Gerontogeri\u00e1trica.<\/span><span style=\"font-weight: 400;\"><br \/>\n<\/span><span style=\"font-weight: 400;\">\u2013 Enfermer\u00eda de la mujer-Enfermer\u00eda de la Infancia y Adolescencia.<\/span><\/td>\n<td><span style=\"font-weight: 400;\">922 600771<\/span><\/td>\n<\/tr>\n<tr>\n<td><b>Enfermer\u00eda Cl\u00ednica<\/b><\/td>\n<td><span style=\"font-weight: 400;\">Asignaturas<\/span><\/td>\n<td><span style=\"font-weight: 400;\">Tel\u00e9fonos<\/span><\/td>\n<\/tr>\n<tr>\n<td><b>Profesora coordinadora<\/b><span style=\"font-weight: 400;\">:<\/span><span style=\"font-weight: 400;\"><br \/>\n<\/span><span style=\"font-weight: 400;\">Ana M\u00aa Perdomo Hern\u00e1ndez<\/span><\/td>\n<td><span style=\"font-weight: 400;\">\u2013 Enfermer\u00eda Cl\u00ednica II.<\/span><span style=\"font-weight: 400;\"><br \/>\n<\/span><span style=\"font-weight: 400;\">\u2013 Enfermer\u00eda Cl\u00ednica Avanzada I. Atenci\u00f3n de Enfermer\u00eda en Cuidados Cr\u00edticos.<\/span><span style=\"font-weight: 400;\"><br \/>\n<\/span><span style=\"font-weight: 400;\">\u2013 Enfermer\u00eda Cl\u00ednica Avanzada II. Atenci\u00f3n de Enfermer\u00eda en Urgencias\/Emergencias y en Cat\u00e1strofes.<\/span><span style=\"font-weight: 400;\"><br \/>\n<\/span><span style=\"font-weight: 400;\">\u2013 Enfermer\u00eda en Quir\u00f3fano (optativa).<\/span><\/td>\n<td><span style=\"font-weight: 400;\">922 602286<\/span><\/td>\n<\/tr>\n<tr>\n<td><b>Ciencias Psicosociales<\/b><\/td>\n<td><span style=\"font-weight: 400;\">Asignaturas<\/span><\/td>\n<td><span style=\"font-weight: 400;\">Tel\u00e9fonos<\/span><\/td>\n<\/tr>\n<tr>\n<td><b>Profesor\/a coordinador\/a<\/b><span style=\"font-weight: 400;\">:<\/span><span style=\"font-weight: 400;\"><br \/>\n<\/span><span style=\"font-weight: 400;\">Francisco Javier Castro Molina<\/span><\/td>\n<td><span style=\"font-weight: 400;\">\u2013 Ciencias Psicosociales Aplicadas y Enfermer\u00eda de Salud Mental y Psiqui\u00e1trica.<\/span><span style=\"font-weight: 400;\"><br \/>\n<\/span><span style=\"font-weight: 400;\">\u2013 Habilidades Interpersonales para la competencia social (optativa).<\/span><span style=\"font-weight: 400;\"><br \/>\n<\/span><span style=\"font-weight: 400;\">\u2013 Procesos Psicosociales Aplicados a Enfermer\u00eda (optativa).<\/span><\/td>\n<td><span style=\"font-weight: 400;\">922 602092<\/span><\/td>\n<\/tr>\n<tr>\n<td><b>Pr\u00e1cticas Cl\u00ednicas<\/b><\/td>\n<td><span style=\"font-weight: 400;\">Asignaturas<\/span><\/td>\n<td><span style=\"font-weight: 400;\">Tel\u00e9fonos<\/span><\/td>\n<\/tr>\n<tr>\n<td><b>Profesor\/a coordinador\/a<\/b><span style=\"font-weight: 400;\">:<\/span><span style=\"font-weight: 400;\"><br \/>\n<\/span><span style=\"font-weight: 400;\">Ana M\u00aa Perdomo Hern\u00e1ndez<\/span><\/td>\n<td><span style=\"font-weight: 400;\">\u2013 Pr\u00e1cticas Cl\u00ednicas I.<\/span><span style=\"font-weight: 400;\"><br \/>\n<\/span><span style=\"font-weight: 400;\">\u2013 Pr\u00e1cticas Cl\u00ednicas II.<\/span><span style=\"font-weight: 400;\"><br \/>\n<\/span><span style=\"font-weight: 400;\">\u2013 Pr\u00e1cticas Cl\u00ednicas III.<\/span><span style=\"font-weight: 400;\"><br \/>\n<\/span><span style=\"font-weight: 400;\">\u2013 Pr\u00e1cticas Cl\u00ednicas IV.<\/span><span style=\"font-weight: 400;\"><br \/>\n<\/span><span style=\"font-weight: 400;\">\u2013 Practicum.<\/span><\/td>\n<td><span style=\"font-weight: 400;\">922 602286<\/span><\/td>\n<\/tr>\n<tr>\n<td><b>Salas de Simulaci\u00f3n<\/b><\/td>\n<td><b>Profesor\/a coordinador\/a<\/b><span style=\"font-weight: 400;\">:<\/span><\/p>\n<p><span style=\"font-weight: 400;\">Chaxiraxi Bacallado Rodr\u00edguez<\/span><\/td>\n<td><span style=\"font-weight: 400;\">922 602288<\/span><\/td>\n<\/tr>\n<tr>\n<td><b>Trabajo de Fin de Grado<\/b><\/td>\n<td><b>Profesor\/a coordinador\/a<\/b><span style=\"font-weight: 400;\">:<\/span><\/p>\n<p><span style=\"font-weight: 400;\">Carlos E. Mart\u00ednez Albertos<\/span><\/td>\n<td><span style=\"font-weight: 400;\">922 600781<\/span><\/td>\n<\/tr>\n<tr>\n<td><b>Plan de Orientaci\u00f3n y Acci\u00f3n Tutorial (POAT)<\/b><\/td>\n<td><b>Profesor\/a coordinador\/a<\/b><span style=\"font-weight: 400;\">:<\/span><\/p>\n<p><span style=\"font-weight: 400;\">Francisco Javier Castro Molina<\/span><\/td>\n<td><span style=\"font-weight: 400;\">922 602092<\/span><\/td>\n<\/tr>\n<tr>\n<td><b>Movilidad Estudiantil<\/b><\/td>\n<td><b>Profesor\/a coordinador\/a:<\/b><\/p>\n<p><span style=\"font-weight: 400;\">Vicente Llinares Arvelo<\/span><\/td>\n<td><span style=\"font-weight: 400;\">922 600558<\/span><\/td>\n<\/tr>\n<tr>\n<td><b>Sistema Interno de Garant\u00eda de Calidad (SIGC)<\/b><\/td>\n<td><b>Profesor\/a coordinador\/a<\/b><span style=\"font-weight: 400;\">:<\/span><\/p>\n<p><span style=\"font-weight: 400;\">Francisco Javier Castro Molina<\/span><\/td>\n<td><span style=\"font-weight: 400;\">922 602092<\/span><\/td>\n<\/tr>\n<\/tbody>\n<\/table>\n<p>[\/vc_column_text][\/vc_column][vc_column width=\u00bb1\/3&#8243;][vc_column_text el_class=\u00bbcontacto\u00bb]\n<ul class=\"widget-box\">\n<li class='contacto-header'>Informaci\u00f3n de contacto<\/li><li><i class=\"fa fa-map-marker\"><\/i> Ctra. del Rosario, 145, 38010 Santa Cruz de Tenerife, Espa\u00f1a<\/li><li><i class=\"fa fa-phone\"><\/i> (+34) 922 60 06 06<\/li><li><i class=\"fa fa-envelope\"><\/i>  <a href=mailto:euehunsc.scs@gobiernodecanarias.org>euehunsc.scs@gobiernodecanarias.org<\/a><\/li><li><i class=\"fa fa-envelope\"><\/i>  <a href=mailto:seceuensc@ull.es>seceuensc@ull.es<\/a><\/li>\n<\/ul>\n\n[\/vc_column_text][\/vc_column][\/vc_row][vc_row][vc_column][\/vc_column][\/vc_row]<\/p>\n","protected":false},"excerpt":{"rendered":"<p>[vc_row full_width=\u00bbstretch_row_content_no_spaces\u00bb el_class=\u00bbSliderPortada\u00bb css=\u00bb.vc_custom_1745237111535{margin-top: -100px !important;}\u00bb][vc_column][rev_slider_vc alias=\u00bbportada\u00bb][\/vc_column][\/vc_row][vc_row full_width=\u00bbstretch_row_content_no_spaces\u00bb][vc_column][vc_custom_heading text=\u00bb\u00bb font_container=\u00bbtag:h2|text_align:center\u00bb google_fonts=\u00bbfont_family:Montserrat%3Aregular%2C700|font_style:700%20bold%20regular%3A700%3Anormal\u00bb css=\u00bb.vc_custom_1721221176088{padding-top: 15px !important;padding-bottom: 15px !important;background-color: #360060 !important;}\u00bb][\/vc_column][\/vc_row][vc_row][vc_column][vc_column_text] [\/vc_column_text][\/vc_column][\/vc_row][vc_row css=\u00bb.vc_custom_1752666625713{margin-top: 50px !important;}\u00bb][vc_column width=\u00bb2\/3&#8243; css=\u00bb.vc_custom_1497269146939{padding-right: 50px !important;}\u00bb][vc_column_text] Coordinaciones de \u00e1rea [\/vc_column_text][vc_empty_space][vc_column_text] \u00c1rea del conocimiento Estudios de Grado Ciencias B\u00e1sicas de la Salud I Asignaturas Tel\u00e9fonos Profesor\/a coordinador\/a: Eva L. D\u00edaz Hern\u00e1ndez \u2013 Fisiolog\u00eda y Fisiopatolog\u00eda. \u2013&#8230;<\/p>\n","protected":false},"author":1,"featured_media":0,"parent":40,"menu_order":0,"comment_status":"closed","ping_status":"closed","template":"templates\/template-frontpage.php","meta":[],"acf":[],"_links":{"self":[{"href":"https:\/\/www.ull.es\/centros\/euensc\/wp-json\/wp\/v2\/pages\/50"}],"collection":[{"href":"https:\/\/www.ull.es\/centros\/euensc\/wp-json\/wp\/v2\/pages"}],"about":[{"href":"https:\/\/www.ull.es\/centros\/euensc\/wp-json\/wp\/v2\/types\/page"}],"author":[{"embeddable":true,"href":"https:\/\/www.ull.es\/centros\/euensc\/wp-json\/wp\/v2\/users\/1"}],"replies":[{"embeddable":true,"href":"https:\/\/www.ull.es\/centros\/euensc\/wp-json\/wp\/v2\/comments?post=50"}],"version-history":[{"count":13,"href":"https:\/\/www.ull.es\/centros\/euensc\/wp-json\/wp\/v2\/pages\/50\/revisions"}],"predecessor-version":[{"id":739,"href":"https:\/\/www.ull.es\/centros\/euensc\/wp-json\/wp\/v2\/pages\/50\/revisions\/739"}],"up":[{"embeddable":true,"href":"https:\/\/www.ull.es\/centros\/euensc\/wp-json\/wp\/v2\/pages\/40"}],"wp:attachment":[{"href":"https:\/\/www.ull.es\/centros\/euensc\/wp-json\/wp\/v2\/media?parent=50"}],"curies":[{"name":"wp","href":"https:\/\/api.w.org\/{rel}","templated":true}]}}