{"id":78,"date":"2017-11-15T12:31:18","date_gmt":"2017-11-15T12:31:18","guid":{"rendered":"http:\/\/www.ull.es\/centros\/escuela-superior-de-ingenieria-y-tecnologia\/?page_id=78"},"modified":"2025-07-16T11:53:14","modified_gmt":"2025-07-16T11:53:14","slug":"junta-de-facultad-y-comisiones","status":"publish","type":"page","link":"https:\/\/www.ull.es\/centros\/euensc\/informacion-general\/junta-de-facultad-y-comisiones\/","title":{"rendered":"Junta de facultad y comisiones"},"content":{"rendered":"<p>[vc_row full_width=\u00bbstretch_row_content_no_spaces\u00bb el_class=\u00bbSliderPortada\u00bb css=\u00bb.vc_custom_1745237111535{margin-top: -100px !important;}\u00bb][vc_column][rev_slider_vc alias=\u00bbportada\u00bb][\/vc_column][\/vc_row][vc_row full_width=\u00bbstretch_row_content_no_spaces\u00bb][vc_column][vc_custom_heading text=\u00bb\u00bb font_container=\u00bbtag:h2|text_align:center\u00bb google_fonts=\u00bbfont_family:Montserrat%3Aregular%2C700|font_style:700%20bold%20regular%3A700%3Anormal\u00bb css=\u00bb.vc_custom_1721221176088{padding-top: 15px !important;padding-bottom: 15px !important;background-color: #360060 !important;}\u00bb][\/vc_column][\/vc_row][vc_row css=\u00bb.vc_custom_1752666589261{margin-top: 50px !important;}\u00bb][vc_column width=\u00bb2\/3&#8243;][vc_column_text]<\/p>\n<h1>Junta de facultad y comisiones<\/h1>\n<p>[\/vc_column_text][vc_tta_accordion shape=\u00bbsquare\u00bb c_icon=\u00bbchevron\u00bb c_position=\u00bbright\u00bb active_section=\u00bb\u00bb no_fill=\u00bbtrue\u00bb collapsible_all=\u00bbtrue\u00bb][vc_tta_section title=\u00bbFunciones de la Junta de Facultad\u00bb tab_id=\u00bbfunciones-de-la-junta-de-facultad\u00bb][vc_column_text]Seg\u00fan el Reglamento de R\u00e9gimen General de la EUENSC, las funciones de la Junta de Escuela son:<\/p>\n<ol>\n<li>Debatir y hacer el seguimiento de las l\u00edneas generales de actuaci\u00f3n de la EUENSC.<\/li>\n<li>Elaborar y reformar el Reglamento de la EUENSC.<\/li>\n<li>Elaborar las gu\u00edas docentes de las asignaturas.<\/li>\n<li>Controlar el cumplimiento de la docencia y de las tutor\u00edas programadas que les correspondan.<\/li>\n<li>Hacer propuestas de car\u00e1cter general sobre la gesti\u00f3n acad\u00e9mica, que ser\u00e1n elevadas al \u00f3rgano competente para su consideraci\u00f3n.<\/li>\n<li>Realizar actividades culturales y de formaci\u00f3n complementaria, relacionadas con sus respectivos campos profesionales.<\/li>\n<li>Articular la figura del profesor-tutor que orientar\u00e1 al alumno en la elaboraci\u00f3n de su curr\u00edculum acad\u00e9mico.<\/li>\n<li>Recibir y debatir la Memoria General de Actividades del curso acad\u00e9mico, la memoria de la actividad docente e investigadora desarrollada durante el curso, la programaci\u00f3n plurianual y la Memoria Econ\u00f3mica.<\/li>\n<li>Adoptar resoluciones destinadas a manifestar el parecer de la comunidad acad\u00e9mica sobre la situaci\u00f3n de la EUENSC o sobre cuestiones de relevancia social.<\/li>\n<li>Interpelar al Director\/a y a los miembros de su equipo.<\/li>\n<li>Recabar cuanta informaci\u00f3n estime necesaria acerca del funcionamiento de la EUENSC.<\/li>\n<li>Asistir en el ejercicio de sus funciones al Consejo de Gobierno.<\/li>\n<li>Elegir a sus representantes en el Consejo de Gobierno.<\/li>\n<\/ol>\n<p>[\/vc_column_text][\/vc_tta_section][vc_tta_section title=\u00bbComposici\u00f3n\u00bb tab_id=\u00bbcomposicion\u00bb][vc_column_text]Seg\u00fan el Reglamento de R\u00e9gimen General de la EUENSC, la composici\u00f3n se basa en:<\/p>\n<ol>\n<li>Tienen car\u00e1cter de miembros natos de la Junta de Escuela, el Director\/a que la presidir\u00e1, el Secretario\/a de estudios que realizar\u00e1 las funciones de secretario de la Junta de escuela.<\/li>\n<li>Estar\u00e1 compuesta, adem\u00e1s, por sesenta miembros elegidos entre el profesorado, estudiantes y personal administrativo y de apoyo, en los porcentajes que establecen para cada sector los estatutos de la Universidad de La Laguna.<\/li>\n<\/ol>\n<p>[\/vc_column_text][\/vc_tta_section][vc_tta_section title=\u00bbComisiones\u00bb tab_id=\u00bbcomisiones\u00bb][vc_column_text]Seg\u00fan el Reglamento de R\u00e9gimen General de la EUENSC, se podr\u00e1 crear cuantas comisiones se consideren oportunas, con el fin de asistir en el ejercicio de sus funciones al Consejo de Gobierno y a la Direcci\u00f3n. Las normas de funcionamiento de las Comisiones que se creen en la Escuela, ser\u00e1n elaboradas por las propias Comisiones y tendr\u00e1n que ser validadas por el Consejo de Gobierno de la EUENSC.<\/p>\n<p>Por indicaci\u00f3n expresa del Convenio de Adscripci\u00f3n con la Universidad de La Laguna del 29 de Julio de 2009 (Base Duod\u00e9cima) y con el fin de ordenar y supervisar la actividad docente en el Centro, se crean la Comisi\u00f3n Acad\u00e9mica y la Comisi\u00f3n de Seguimiento cuyas funciones y composici\u00f3n recoge dicho convenio.<\/p>\n<p>COMISIONES DEPENDIENTES DEL SGIC<\/p>\n<p>En la actualidad funcionan Comisiones: Comisi\u00f3n de Calidad, Comisi\u00f3n de Pr\u00e1cticas cl\u00ednicas y Comisi\u00f3n de TFG, Comisi\u00f3n de movilidad estudiantil.<\/p>\n<ul>\n<li><a href=\"https:\/\/docs.google.com\/spreadsheets\/d\/e\/2PACX-1vQJT5CURUGun1yjOjlrMkRbrgySwFj9gAPC5ESY5cvXceJoUGrhlvL9aDd2qvrEeEm_xny6F4DGiWbW\/pubhtml\" target=\"_blank\" rel=\"noopener\">Acceso a las comisiones de la Escuela de Enfermer\u00eda Nuestra Se\u00f1ora de Candelaria<\/a><\/li>\n<\/ul>\n<p>COMISIONES DEPENDIENTES DE LA ADSCRIPCI\u00d3N SCS-ULL<\/p>\n<p>Para velar por el correcto cumplimiento de los acuerdos recogidos en el<a href=\"https:\/\/drive.google.com\/file\/d\/1f568YR0GIphlFOAdez-tHoG30M5o2seM\/view?usp=sharing\" target=\"_blank\" rel=\"noopener\"> convenio de adscripci\u00f3n entre el Servicio Canario de Salud y la ULL<\/a>; se mantienen activas dos comisiones:<\/p>\n<ul>\n<li>Comisi\u00f3n Acad\u00e9mica<\/li>\n<li>Comisi\u00f3n de Seguimiento<\/li>\n<\/ul>\n<p>[\/vc_column_text][\/vc_tta_section][\/vc_tta_accordion][\/vc_column][vc_column width=\u00bb1\/3&#8243;][vc_column_text el_class=\u00bbcontacto\u00bb]\n<ul class=\"widget-box\">\n<li class='contacto-header'>Informaci\u00f3n de contacto<\/li><li><i class=\"fa fa-map-marker\"><\/i> Ctra. del Rosario, 145, 38010 Santa Cruz de Tenerife, Espa\u00f1a<\/li><li><i class=\"fa fa-phone\"><\/i> (+34) 922 60 06 06<\/li><li><i class=\"fa fa-envelope\"><\/i>  <a href=mailto:euehunsc.scs@gobiernodecanarias.org>euehunsc.scs@gobiernodecanarias.org<\/a><\/li><li><i class=\"fa fa-envelope\"><\/i>  <a href=mailto:seceuensc@ull.es>seceuensc@ull.es<\/a><\/li>\n<\/ul>\n\n[\/vc_column_text][\/vc_column][\/vc_row]<\/p>\n","protected":false},"excerpt":{"rendered":"<p>[vc_row full_width=\u00bbstretch_row_content_no_spaces\u00bb el_class=\u00bbSliderPortada\u00bb css=\u00bb.vc_custom_1745237111535{margin-top: -100px !important;}\u00bb][vc_column][rev_slider_vc alias=\u00bbportada\u00bb][\/vc_column][\/vc_row][vc_row full_width=\u00bbstretch_row_content_no_spaces\u00bb][vc_column][vc_custom_heading text=\u00bb\u00bb font_container=\u00bbtag:h2|text_align:center\u00bb google_fonts=\u00bbfont_family:Montserrat%3Aregular%2C700|font_style:700%20bold%20regular%3A700%3Anormal\u00bb css=\u00bb.vc_custom_1721221176088{padding-top: 15px !important;padding-bottom: 15px !important;background-color: #360060 !important;}\u00bb][\/vc_column][\/vc_row][vc_row css=\u00bb.vc_custom_1752666589261{margin-top: 50px !important;}\u00bb][vc_column width=\u00bb2\/3&#8243;][vc_column_text] Junta de facultad y comisiones [\/vc_column_text][vc_tta_accordion shape=\u00bbsquare\u00bb c_icon=\u00bbchevron\u00bb c_position=\u00bbright\u00bb active_section=\u00bb\u00bb no_fill=\u00bbtrue\u00bb collapsible_all=\u00bbtrue\u00bb][vc_tta_section title=\u00bbFunciones de la Junta de Facultad\u00bb tab_id=\u00bbfunciones-de-la-junta-de-facultad\u00bb][vc_column_text]Seg\u00fan el Reglamento de R\u00e9gimen General de la EUENSC, las funciones de la Junta de&#8230;<\/p>\n","protected":false},"author":1,"featured_media":0,"parent":40,"menu_order":0,"comment_status":"closed","ping_status":"closed","template":"templates\/template-frontpage.php","meta":[],"acf":[],"_links":{"self":[{"href":"https:\/\/www.ull.es\/centros\/euensc\/wp-json\/wp\/v2\/pages\/78"}],"collection":[{"href":"https:\/\/www.ull.es\/centros\/euensc\/wp-json\/wp\/v2\/pages"}],"about":[{"href":"https:\/\/www.ull.es\/centros\/euensc\/wp-json\/wp\/v2\/types\/page"}],"author":[{"embeddable":true,"href":"https:\/\/www.ull.es\/centros\/euensc\/wp-json\/wp\/v2\/users\/1"}],"replies":[{"embeddable":true,"href":"https:\/\/www.ull.es\/centros\/euensc\/wp-json\/wp\/v2\/comments?post=78"}],"version-history":[{"count":27,"href":"https:\/\/www.ull.es\/centros\/euensc\/wp-json\/wp\/v2\/pages\/78\/revisions"}],"predecessor-version":[{"id":727,"href":"https:\/\/www.ull.es\/centros\/euensc\/wp-json\/wp\/v2\/pages\/78\/revisions\/727"}],"up":[{"embeddable":true,"href":"https:\/\/www.ull.es\/centros\/euensc\/wp-json\/wp\/v2\/pages\/40"}],"wp:attachment":[{"href":"https:\/\/www.ull.es\/centros\/euensc\/wp-json\/wp\/v2\/media?parent=78"}],"curies":[{"name":"wp","href":"https:\/\/api.w.org\/{rel}","templated":true}]}}