{"id":20,"date":"2018-10-30T11:35:20","date_gmt":"2018-10-30T11:35:20","guid":{"rendered":"http:\/\/www.ull.es\/centros\/facultad-bellas-artes\/?page_id=20"},"modified":"2025-04-21T14:53:09","modified_gmt":"2025-04-21T14:53:09","slug":"departamentos","status":"publish","type":"page","link":"https:\/\/www.ull.es\/centros\/facultad-bellas-artes\/departamentos\/","title":{"rendered":"Departamentos"},"content":{"rendered":"<p>[vc_row full_width=\u00bbstretch_row_content_no_spaces\u00bb el_class=\u00bbSliderPortada\u00bb css=\u00bb.vc_custom_1745237111535{margin-top: -100px !important;}\u00bb][vc_column][rev_slider_vc alias=\u00bbportada\u00bb][\/vc_column][\/vc_row][vc_row full_width=\u00bbstretch_row_content_no_spaces\u00bb][vc_column][vc_custom_heading text=\u00bb\u00bb font_container=\u00bbtag:h2|text_align:center\u00bb google_fonts=\u00bbfont_family:Montserrat%3Aregular%2C700|font_style:700%20bold%20regular%3A700%3Anormal\u00bb css=\u00bb.vc_custom_1721221176088{padding-top: 15px !important;padding-bottom: 15px !important;background-color: #360060 !important;}\u00bb][\/vc_column][\/vc_row][vc_row css=\u00bb.vc_custom_1745233821598{margin-top: 50px !important;}\u00bb][vc_column width=\u00bb2\/3&#8243; el_class=\u00bbpadding-50-right\u00bb css=\u00bb.vc_custom_1494506721665{padding-right: 50px !important;}\u00bb][vc_column_text]<\/p>\n<h1 style=\"text-align: left;\">Departamentos<\/h1>\n<ul>\n<li style=\"text-align: left;\"><a href=\"https:\/\/www.ull.es\/departamentos\/bellas-artes\" target=\"_blank\" rel=\"noopener\">Bellas Artes<\/a><\/li>\n<li style=\"text-align: left;\"><a href=\"https:\/\/www.ull.es\/departamentos\/direccion-de-empresas-e-historia-economica\" target=\"_blank\" rel=\"noopener\">Direcci\u00f3n de Empresas e Historia Econ\u00f3mica<\/a><\/li>\n<li style=\"text-align: left;\"><a href=\"https:\/\/www.ull.es\/departamentos\/disciplinas-juridicas-basicas\" target=\"_blank\" rel=\"noopener\">Disciplinas Jur\u00eddicas B\u00e1sicas<\/a><\/li>\n<li style=\"text-align: left;\"><a href=\"https:\/\/www.ull.es\/departamentos\/filologia-inglesa-y-alemana\" target=\"_blank\" rel=\"noopener\">Filolog\u00eda Inglesa y Alemana<\/a><\/li>\n<li style=\"text-align: left;\"><a href=\"https:\/\/www.ull.es\/departamentos\/historia-del-arte-filosofia\" target=\"_blank\" rel=\"noopener\">Historia del Arte y Filosof\u00eda<\/a><\/li>\n<li style=\"text-align: left;\"><a href=\"https:\/\/www.ull.es\/departamentos\/historia-y-filosofia-de-la-ciencia-la-educacion-y-el-lenguaje\" target=\"_blank\" rel=\"noopener\">Historia y Filosof\u00eda de la Ciencia, la Educaci\u00f3n y el Lenguaje<\/a><\/li>\n<li style=\"text-align: left;\"><a href=\"https:\/\/www.ull.es\/departamentos\/sociologia-y-antropologia\" target=\"_blank\" rel=\"noopener\">Sociolog\u00eda y Antropolog\u00eda<\/a><\/li>\n<li style=\"text-align: left;\"><a href=\"https:\/\/www.ull.es\/departamentos\/tecnicas-y-proyectos-en-ingenieria-y-arquitectura\" target=\"_blank\" rel=\"noopener\">T\u00e9cnicas y Proyectos en Ingenier\u00eda y Arquitectura<\/a><\/li>\n<\/ul>\n<p>[\/vc_column_text][\/vc_column][vc_column width=\u00bb1\/3&#8243;][vc_column_text el_class=\u00bbcontacto\u00bb]\n<ul class=\"widget-box\">\n<li class='contacto-header'>Informaci\u00f3n de contacto<\/li><li><i class=\"fa fa-map-marker\"><\/i> Calle Radio Aficionados s\/n. Campus de Guajara.  Apartado 456. C\u00f3digo postal 38200. San Crist\u00f3bal de La Laguna. S\/C Tenerife<\/li><li><i class=\"fa fa-phone\"><\/i> (+34) 922 31 97 30<\/li><li><i class=\"fa fa-envelope\"><\/i>  <a href=mailto:secbbaa@ull.es>secbbaa@ull.es<\/a><\/li><li><i class=\"fa fa-calendar\"><\/i><a href=\"http:\/\/citaprevia.ull.es\/serv_list.php?p=index\"> Cita previa<\/a><\/li><li><i class=\"fa fa-archive\"><\/i><a href=\"https:\/\/sede.ull.es\/ecivilis-site\/catalog\/showProcedure\/484\"> Procedimiento para quejas, sugerencias y felicitaciones<\/a><\/li>\n<\/ul>\n\n[\/vc_column_text][\/vc_column][\/vc_row]<\/p>\n","protected":false},"excerpt":{"rendered":"<p>[vc_row full_width=\u00bbstretch_row_content_no_spaces\u00bb el_class=\u00bbSliderPortada\u00bb css=\u00bb.vc_custom_1745237111535{margin-top: -100px !important;}\u00bb][vc_column][rev_slider_vc alias=\u00bbportada\u00bb][\/vc_column][\/vc_row][vc_row full_width=\u00bbstretch_row_content_no_spaces\u00bb][vc_column][vc_custom_heading text=\u00bb\u00bb font_container=\u00bbtag:h2|text_align:center\u00bb google_fonts=\u00bbfont_family:Montserrat%3Aregular%2C700|font_style:700%20bold%20regular%3A700%3Anormal\u00bb css=\u00bb.vc_custom_1721221176088{padding-top: 15px !important;padding-bottom: 15px !important;background-color: #360060 !important;}\u00bb][\/vc_column][\/vc_row][vc_row css=\u00bb.vc_custom_1745233821598{margin-top: 50px !important;}\u00bb][vc_column width=\u00bb2\/3&#8243; el_class=\u00bbpadding-50-right\u00bb css=\u00bb.vc_custom_1494506721665{padding-right: 50px !important;}\u00bb][vc_column_text] Departamentos Bellas Artes Direcci\u00f3n de Empresas e Historia Econ\u00f3mica Disciplinas Jur\u00eddicas B\u00e1sicas Filolog\u00eda Inglesa y Alemana Historia del Arte y Filosof\u00eda Historia y Filosof\u00eda de la Ciencia, la Educaci\u00f3n&#8230;<\/p>\n","protected":false},"author":37,"featured_media":0,"parent":0,"menu_order":0,"comment_status":"closed","ping_status":"closed","template":"templates\/template-frontpage.php","meta":[],"acf":[],"_links":{"self":[{"href":"https:\/\/www.ull.es\/centros\/facultad-bellas-artes\/wp-json\/wp\/v2\/pages\/20"}],"collection":[{"href":"https:\/\/www.ull.es\/centros\/facultad-bellas-artes\/wp-json\/wp\/v2\/pages"}],"about":[{"href":"https:\/\/www.ull.es\/centros\/facultad-bellas-artes\/wp-json\/wp\/v2\/types\/page"}],"author":[{"embeddable":true,"href":"https:\/\/www.ull.es\/centros\/facultad-bellas-artes\/wp-json\/wp\/v2\/users\/37"}],"replies":[{"embeddable":true,"href":"https:\/\/www.ull.es\/centros\/facultad-bellas-artes\/wp-json\/wp\/v2\/comments?post=20"}],"version-history":[{"count":7,"href":"https:\/\/www.ull.es\/centros\/facultad-bellas-artes\/wp-json\/wp\/v2\/pages\/20\/revisions"}],"predecessor-version":[{"id":515,"href":"https:\/\/www.ull.es\/centros\/facultad-bellas-artes\/wp-json\/wp\/v2\/pages\/20\/revisions\/515"}],"wp:attachment":[{"href":"https:\/\/www.ull.es\/centros\/facultad-bellas-artes\/wp-json\/wp\/v2\/media?parent=20"}],"curies":[{"name":"wp","href":"https:\/\/api.w.org\/{rel}","templated":true}]}}